{"id":616,"date":"2023-05-15T10:27:30","date_gmt":"2023-05-15T10:27:30","guid":{"rendered":"http:\/\/websimar01\/simar\/?page_id=616"},"modified":"2025-01-03T15:40:42","modified_gmt":"2025-01-03T15:40:42","slug":"comunicados-de-imprensa","status":"publish","type":"page","link":"https:\/\/www.simar-louresodivelas.pt\/index.php\/comunicados-de-imprensa","title":{"rendered":"Comunicados de Imprensa"},"content":{"rendered":"\t\t<div data-elementor-type=\"wp-page\" data-elementor-id=\"616\" class=\"elementor elementor-616\">\n\t\t\t\t\t\t<section class=\"elementor-section elementor-top-section elementor-element elementor-element-f3577c3 elementor-section-full_width elementor-section-stretched elementor-section-height-default elementor-section-height-default\" data-id=\"f3577c3\" data-element_type=\"section\" data-settings=\"{&quot;stretch_section&quot;:&quot;section-stretched&quot;,&quot;background_background&quot;:&quot;classic&quot;}\">\n\t\t\t\t\t\t<div class=\"elementor-container elementor-column-gap-default\">\n\t\t\t\t\t<div class=\"aux-parallax-section elementor-column elementor-col-100 elementor-top-column elementor-element elementor-element-609a6a3\" data-id=\"609a6a3\" data-element_type=\"column\">\n\t\t\t<div class=\"elementor-widget-wrap elementor-element-populated\">\n\t\t\t\t\t\t<div class=\"elementor-element elementor-element-432e71a elementor-widget elementor-widget-image\" data-id=\"432e71a\" data-element_type=\"widget\" data-widget_type=\"image.default\">\n\t\t\t\t<div class=\"elementor-widget-container\">\n\t\t\t\t\t\t\t\t\t\t\t\t\t\t\t<img decoding=\"async\" src=\"https:\/\/www.simar-louresodivelas.pt\/wp-content\/uploads\/2023\/09\/IDENTIDADE-GRAFICA.jpg\" title=\"IDENTIDADE GR\u00c1FICA\" alt=\"IDENTIDADE GR\u00c1FICA\" loading=\"lazy\" \/>\t\t\t\t\t\t\t\t\t\t\t\t\t\t\t<\/div>\n\t\t\t\t<\/div>\n\t\t\t\t\t<\/div>\n\t\t<\/div>\n\t\t\t\t\t<\/div>\n\t\t<\/section>\n\t\t\t\t<section class=\"elementor-section elementor-top-section elementor-element elementor-element-b983498 elementor-section-boxed elementor-section-height-default elementor-section-height-default\" data-id=\"b983498\" data-element_type=\"section\">\n\t\t\t\t\t\t<div class=\"elementor-container elementor-column-gap-default\">\n\t\t\t\t\t<div class=\"aux-parallax-section elementor-column elementor-col-100 elementor-top-column elementor-element elementor-element-533fce1\" data-id=\"533fce1\" data-element_type=\"column\">\n\t\t\t<div class=\"elementor-widget-wrap elementor-element-populated\">\n\t\t\t\t\t\t<div class=\"elementor-element elementor-element-4198295 elementor-widget elementor-widget-image\" data-id=\"4198295\" data-element_type=\"widget\" data-widget_type=\"image.default\">\n\t\t\t\t<div class=\"elementor-widget-container\">\n\t\t\t\t\t\t\t\t\t\t\t\t\t\t\t<img fetchpriority=\"high\" decoding=\"async\" width=\"2841\" height=\"268\" src=\"https:\/\/www.simar-louresodivelas.pt\/wp-content\/uploads\/2023\/10\/simar.png\" class=\"attachment-full size-full wp-image-8989\" alt=\"\" srcset=\"https:\/\/www.simar-louresodivelas.pt\/wp-content\/uploads\/2023\/10\/simar.png 2841w, https:\/\/www.simar-louresodivelas.pt\/wp-content\/uploads\/2023\/10\/simar-1536x145.png 1536w, https:\/\/www.simar-louresodivelas.pt\/wp-content\/uploads\/2023\/10\/simar-2048x193.png 2048w\" sizes=\"(max-width: 2841px) 100vw, 2841px\" \/>\t\t\t\t\t\t\t\t\t\t\t\t\t\t\t<\/div>\n\t\t\t\t<\/div>\n\t\t\t\t\t<\/div>\n\t\t<\/div>\n\t\t\t\t\t<\/div>\n\t\t<\/section>\n\t\t\t\t<section class=\"elementor-section elementor-top-section elementor-element elementor-element-66a57f3 elementor-section-boxed elementor-section-height-default elementor-section-height-default\" data-id=\"66a57f3\" data-element_type=\"section\">\n\t\t\t\t\t\t<div class=\"elementor-container elementor-column-gap-default\">\n\t\t\t\t\t<div class=\"aux-parallax-section elementor-column elementor-col-100 elementor-top-column elementor-element elementor-element-631fbd0\" data-id=\"631fbd0\" data-element_type=\"column\" data-settings=\"{&quot;background_background&quot;:&quot;classic&quot;}\">\n\t\t\t<div class=\"elementor-widget-wrap elementor-element-populated\">\n\t\t\t\t\t\t<div class=\"elementor-element elementor-element-b8a2b37 elementor-widget elementor-widget-text-editor\" data-id=\"b8a2b37\" data-element_type=\"widget\" data-widget_type=\"text-editor.default\">\n\t\t\t\t<div class=\"elementor-widget-container\">\n\t\t\t\t\t\t\t\t\t<p>A presen\u00e7a de uma marca forte e imediatamente identific\u00e1vel \u00e9 fundamental para a imposi\u00e7\u00e3o do esp\u00edrito positivo dos SIMAR de Loures e Odivelas e dos dois concelhos. Antes de fazer <em>download<\/em> do logotipo, consulte sempre o <span style=\"color: #326da8;\"><strong><span style=\"color: #000000;\"><img decoding=\"async\" class=\"emoji\" role=\"img\" draggable=\"false\" src=\"https:\/\/s.w.org\/images\/core\/emoji\/14.0.0\/svg\/1f517.svg\" alt=\"\ud83d\udd17\" \/><\/span><\/strong><\/span><span style=\"color: #316cb5;\"><a style=\"color: #316cb5; text-decoration: underline;\" href=\"\/index.php\/arquivo\/3d-flip-book\/6367\/\" target=\"_blank\" rel=\"noopener\" data-wplink-url-error=\"true\">Manual de Normas Gr\u00e1ficas<\/a><\/span>, imprescind\u00edvel a todos os que trabalham na comunica\u00e7\u00e3o, cujas regras definidas dever\u00e3o ser respeitadas, sem exce\u00e7\u00e3o, independentemente da pe\u00e7a de comunica\u00e7\u00e3o a ser produzida.<\/p><p>Para esclarecimentos adicionais ou qualquer d\u00favida na aplica\u00e7\u00e3o do logotipo, dever\u00e1 ser contactado o <span style=\"color: #316cb5;\"><strong>Gabinete de Imagem e Comunica\u00e7\u00e3o<\/strong><\/span> atrav\u00e9s do email\u00a0<span style=\"text-decoration: underline;\"><span style=\"color: #326da8;\"><a style=\"color: #326da8; text-decoration: underline;\" href=\"mailto:geral@simar-louresodivelas.pt\">geral@simar-louresodivelas.pt<\/a><\/span><\/span><\/p>\t\t\t\t\t\t\t\t<\/div>\n\t\t\t\t<\/div>\n\t\t\t\t\t<\/div>\n\t\t<\/div>\n\t\t\t\t\t<\/div>\n\t\t<\/section>\n\t\t\t\t<section class=\"elementor-section elementor-top-section elementor-element elementor-element-aef25cf elementor-section-boxed elementor-section-height-default elementor-section-height-default\" data-id=\"aef25cf\" data-element_type=\"section\">\n\t\t\t\t\t\t<div class=\"elementor-container elementor-column-gap-default\">\n\t\t\t\t\t<div class=\"aux-parallax-section elementor-column elementor-col-100 elementor-top-column elementor-element elementor-element-f7e237d\" data-id=\"f7e237d\" data-element_type=\"column\">\n\t\t\t<div class=\"elementor-widget-wrap elementor-element-populated\">\n\t\t\t\t\t\t<div class=\"elementor-element elementor-element-dae52fc elementor-widget elementor-widget-text-editor\" data-id=\"dae52fc\" data-element_type=\"widget\" data-widget_type=\"text-editor.default\">\n\t\t\t\t<div class=\"elementor-widget-container\">\n\t\t\t\t\t\t\t\t\t<p><strong>LOG\u00d3TIPOS PARA DOWNLOAD<\/strong><\/p>\t\t\t\t\t\t\t\t<\/div>\n\t\t\t\t<\/div>\n\t\t\t\t\t<\/div>\n\t\t<\/div>\n\t\t\t\t\t<\/div>\n\t\t<\/section>\n\t\t\t\t<section class=\"elementor-section elementor-top-section elementor-element elementor-element-4dbd9b3 elementor-section-boxed elementor-section-height-default elementor-section-height-default\" data-id=\"4dbd9b3\" data-element_type=\"section\">\n\t\t\t\t\t\t<div class=\"elementor-container elementor-column-gap-default\">\n\t\t\t\t\t<div class=\"aux-parallax-section elementor-column elementor-col-100 elementor-top-column elementor-element elementor-element-6d7ceda\" data-id=\"6d7ceda\" data-element_type=\"column\">\n\t\t\t<div class=\"elementor-widget-wrap elementor-element-populated\">\n\t\t\t\t\t\t<div class=\"elementor-element elementor-element-650d588 elementor-widget elementor-widget-accordion\" data-id=\"650d588\" data-element_type=\"widget\" data-widget_type=\"accordion.default\">\n\t\t\t\t<div class=\"elementor-widget-container\">\n\t\t\t\t\t\t\t<div class=\"elementor-accordion\">\n\t\t\t\t\t\t\t<div class=\"elementor-accordion-item\">\n\t\t\t\t\t<div id=\"elementor-tab-title-1051\" class=\"elementor-tab-title\" data-tab=\"1\" role=\"button\" aria-controls=\"elementor-tab-content-1051\" aria-expanded=\"false\">\n\t\t\t\t\t\t\t\t\t\t\t\t\t<span class=\"elementor-accordion-icon elementor-accordion-icon-right\" aria-hidden=\"true\">\n\t\t\t\t\t\t\t\t\t\t\t\t\t\t\t<span class=\"elementor-accordion-icon-closed\"><i class=\"fas fa-angle-down\"><\/i><\/span>\n\t\t\t\t\t\t\t\t<span class=\"elementor-accordion-icon-opened\"><i class=\"fas fa-angle-up\"><\/i><\/span>\n\t\t\t\t\t\t\t\t\t\t\t\t\t\t<\/span>\n\t\t\t\t\t\t\t\t\t\t\t\t<a class=\"elementor-accordion-title\" tabindex=\"0\">VERS\u00c3O PRINCIPAL VERTICAL - VERS\u00c3O A<\/a>\n\t\t\t\t\t<\/div>\n\t\t\t\t\t<div id=\"elementor-tab-content-1051\" class=\"elementor-tab-content elementor-clearfix\" data-tab=\"1\" role=\"region\" aria-labelledby=\"elementor-tab-title-1051\"><p style=\"text-align: center;\"><img decoding=\"async\" class=\"alignnone wp-image-6964 size-full\" src=\"\/wp-content\/uploads\/2023\/09\/logo.jpg\" alt=\"\" width=\"1248\" height=\"402\" \/><strong><span style=\"color: #326da8;\"><a href=\"\/wp-content\/uploads\/2023\/09\/VERSAO-A-CORES.pdf\" target=\"_blank\" rel=\"noopener\"><span style=\"color: #316cb5;\">Vers\u00e3o a cores<\/span><\/a><span style=\"color: #316cb5;\">\u00a0<\/span> \u00a0 \u00a0 \u00a0 \u00a0 \u00a0 \u00a0 \u00a0 \u00a0 \u00a0 \u00a0 \u00a0 \u00a0 \u00a0 \u00a0 \u00a0 \u00a0 \u00a0 <a href=\"\/wp-content\/uploads\/2023\/09\/VERSAO-A-PRETO_.pdf\" target=\"_blank\" rel=\"noopener\"><span style=\"color: #316cb5;\">Vers\u00e3o a preto<\/span><\/a><\/span><\/strong> \u00a0 \u00a0 \u00a0 \u00a0 \u00a0 \u00a0 \u00a0 \u00a0 \u00a0 \u00a0 \u00a0 \u00a0 \u00a0 \u00a0 \u00a0 \u00a0 \u00a0 <a href=\"\/wp-content\/uploads\/2023\/09\/VERSAO-A-BRANCO.pdf\" target=\"_blank\" rel=\"noopener\"><strong><span style=\"color: #326da8;\"><span style=\"color: #316cb5;\">Vers\u00e3o a branco<\/span><\/span><\/strong><\/a><\/p><\/div>\n\t\t\t\t<\/div>\n\t\t\t\t\t\t\t<div class=\"elementor-accordion-item\">\n\t\t\t\t\t<div id=\"elementor-tab-title-1052\" class=\"elementor-tab-title\" data-tab=\"2\" role=\"button\" aria-controls=\"elementor-tab-content-1052\" aria-expanded=\"false\">\n\t\t\t\t\t\t\t\t\t\t\t\t\t<span class=\"elementor-accordion-icon elementor-accordion-icon-right\" aria-hidden=\"true\">\n\t\t\t\t\t\t\t\t\t\t\t\t\t\t\t<span class=\"elementor-accordion-icon-closed\"><i class=\"fas fa-angle-down\"><\/i><\/span>\n\t\t\t\t\t\t\t\t<span class=\"elementor-accordion-icon-opened\"><i class=\"fas fa-angle-up\"><\/i><\/span>\n\t\t\t\t\t\t\t\t\t\t\t\t\t\t<\/span>\n\t\t\t\t\t\t\t\t\t\t\t\t<a class=\"elementor-accordion-title\" tabindex=\"0\">VERS\u00c3O PRINCIPAL VERTICAL - VERS\u00c3O B<\/a>\n\t\t\t\t\t<\/div>\n\t\t\t\t\t<div id=\"elementor-tab-content-1052\" class=\"elementor-tab-content elementor-clearfix\" data-tab=\"2\" role=\"region\" aria-labelledby=\"elementor-tab-title-1052\"><p><img decoding=\"async\" class=\"aligncenter wp-image-6982 size-full\" src=\"\/wp-content\/uploads\/2023\/09\/logotipo-b.jpg\" alt=\"\" width=\"1248\" height=\"320\" \/><\/p><p><strong><span style=\"color: #326da8;\">\u00a0 \u00a0 \u00a0 \u00a0 \u00a0 \u00a0 \u00a0 \u00a0 \u00a0 \u00a0 \u00a0 \u00a0 \u00a0<span style=\"color: #316cb5;\"><a style=\"color: #316cb5;\" href=\"\/wp-content\/uploads\/2023\/09\/VERSAO-B-CORES.pdf\" target=\"_blank\" rel=\"noopener\">Vers\u00e3o a cores<\/a>\u00a0 \u00a0 \u00a0 \u00a0 \u00a0 \u00a0 \u00a0 \u00a0 \u00a0 \u00a0 \u00a0 \u00a0 \u00a0 \u00a0 \u00a0 \u00a0 <a style=\"color: #316cb5;\" href=\"\/wp-content\/uploads\/2023\/09\/VERSAO-B-preto.pdf\" target=\"_blank\" rel=\"noopener\">Vers\u00e3o a preto<\/a><\/span><\/span><\/strong><span style=\"color: #316cb5;\"> \u00a0 \u00a0 \u00a0 \u00a0 \u00a0 \u00a0 \u00a0 \u00a0 \u00a0 \u00a0 \u00a0 \u00a0 \u00a0 \u00a0 \u00a0 \u00a0 \u00a0 <strong>\u00a0 \u00a0 \u00a0 \u00a0<a style=\"color: #316cb5;\" href=\"\/wp-content\/uploads\/2023\/09\/VERSAO-B-BRANCO.pdf\" target=\"_blank\" rel=\"noopener\">Vers\u00e3o a branco<\/a><\/strong><\/span><\/p><\/div>\n\t\t\t\t<\/div>\n\t\t\t\t\t\t\t<div class=\"elementor-accordion-item\">\n\t\t\t\t\t<div id=\"elementor-tab-title-1053\" class=\"elementor-tab-title\" data-tab=\"3\" role=\"button\" aria-controls=\"elementor-tab-content-1053\" aria-expanded=\"false\">\n\t\t\t\t\t\t\t\t\t\t\t\t\t<span class=\"elementor-accordion-icon elementor-accordion-icon-right\" aria-hidden=\"true\">\n\t\t\t\t\t\t\t\t\t\t\t\t\t\t\t<span class=\"elementor-accordion-icon-closed\"><i class=\"fas fa-angle-down\"><\/i><\/span>\n\t\t\t\t\t\t\t\t<span class=\"elementor-accordion-icon-opened\"><i class=\"fas fa-angle-up\"><\/i><\/span>\n\t\t\t\t\t\t\t\t\t\t\t\t\t\t<\/span>\n\t\t\t\t\t\t\t\t\t\t\t\t<a class=\"elementor-accordion-title\" tabindex=\"0\">VERS\u00c3O HORIZONTAL - VERS\u00c3O C<\/a>\n\t\t\t\t\t<\/div>\n\t\t\t\t\t<div id=\"elementor-tab-content-1053\" class=\"elementor-tab-content elementor-clearfix\" data-tab=\"3\" role=\"region\" aria-labelledby=\"elementor-tab-title-1053\"><p><img loading=\"lazy\" decoding=\"async\" class=\"aligncenter wp-image-7000 size-full\" src=\"\/wp-content\/uploads\/2023\/09\/logotipo-C.jpg\" alt=\"\" width=\"1248\" height=\"256\" \/><\/p><p><strong><span style=\"color: #326da8;\">\u00a0 \u00a0 \u00a0 \u00a0 \u00a0 \u00a0 \u00a0 \u00a0 \u00a0<span style=\"color: #316cb5;\"> \u00a0 \u00a0 \u00a0 <a style=\"color: #316cb5;\" href=\"\/wp-content\/uploads\/2023\/09\/VERSAO-C-CORES.pdf\" target=\"_blank\" rel=\"noopener\">Vers\u00e3o a cores\u00a0<\/a> \u00a0 \u00a0 \u00a0 \u00a0 \u00a0 \u00a0 \u00a0 \u00a0 \u00a0 \u00a0 \u00a0 \u00a0 \u00a0 \u00a0 \u00a0 \u00a0 \u00a0 \u00a0<a style=\"color: #316cb5;\" href=\"\/wp-content\/uploads\/2023\/09\/VERSAO-C-PRETO.pdf\" target=\"_blank\" rel=\"noopener\">Vers\u00e3o a preto<\/a><\/span><\/span><\/strong><span style=\"color: #316cb5;\"> \u00a0 \u00a0 \u00a0 \u00a0 \u00a0 \u00a0 \u00a0 \u00a0 \u00a0 \u00a0 \u00a0 \u00a0 \u00a0 \u00a0 \u00a0 \u00a0 \u00a0 <strong>\u00a0 \u00a0<a style=\"color: #316cb5;\" href=\"\/wp-content\/uploads\/2023\/09\/VERSAO-C-BRANCO.pdf\" target=\"_blank\" rel=\"noopener\">Vers\u00e3o a branco<\/a><\/strong><\/span><\/p><\/div>\n\t\t\t\t<\/div>\n\t\t\t\t\t\t\t\t<\/div>\n\t\t\t\t\t\t<\/div>\n\t\t\t\t<\/div>\n\t\t\t\t\t<\/div>\n\t\t<\/div>\n\t\t\t\t\t<\/div>\n\t\t<\/section>\n\t\t\t\t<section class=\"elementor-section elementor-top-section elementor-element elementor-element-12f6025 elementor-section-boxed elementor-section-height-default elementor-section-height-default\" data-id=\"12f6025\" data-element_type=\"section\">\n\t\t\t\t\t\t<div class=\"elementor-container elementor-column-gap-default\">\n\t\t\t\t\t<div class=\"aux-parallax-section elementor-column elementor-col-100 elementor-top-column elementor-element elementor-element-46c7758\" data-id=\"46c7758\" data-element_type=\"column\">\n\t\t\t<div class=\"elementor-widget-wrap elementor-element-populated\">\n\t\t\t\t\t\t<div class=\"elementor-element elementor-element-d4b64cb elementor-widget elementor-widget-html\" data-id=\"d4b64cb\" data-element_type=\"widget\" data-widget_type=\"html.default\">\n\t\t\t\t<div class=\"elementor-widget-container\">\n\t\t\t\t\t<script src=\"data:text\/javascript;base64,alF1ZXJ5KGRvY3VtZW50KS5yZWFkeShmdW5jdGlvbigkKXt2YXIgZGVsYXk9MTAwO3NldFRpbWVvdXQoZnVuY3Rpb24oKXskKCcuZWxlbWVudG9yLXRhYi10aXRsZScpLnJlbW92ZUNsYXNzKCdlbGVtZW50b3ItYWN0aXZlJyk7JCgnLmVsZW1lbnRvci10YWItY29udGVudCcpLmNzcygnZGlzcGxheScsJ25vbmUnKX0sZGVsYXkpfSk=\" defer><\/script>\n\t\t\t\t<\/div>\n\t\t\t\t<\/div>\n\t\t\t\t\t<\/div>\n\t\t<\/div>\n\t\t\t\t\t<\/div>\n\t\t<\/section>\n\t\t\t\t<\/div>\n\t\t","protected":false},"excerpt":{"rendered":"<p>A presen\u00e7a de uma marca forte e imediatamente identific\u00e1vel \u00e9 fundamental para a imposi\u00e7\u00e3o do esp\u00edrito positivo dos SIMAR de Loures e Odivelas e dos dois concelhos. Antes de fazer download do logotipo, consulte sempre o Manual de Normas Gr\u00e1ficas, imprescind\u00edvel a todos os que trabalham na comunica\u00e7\u00e3o, cujas regras definidas dever\u00e3o ser respeitadas, sem [&hellip;]<\/p>\n","protected":false},"author":1,"featured_media":0,"parent":0,"menu_order":0,"comment_status":"closed","ping_status":"closed","template":"","meta":{"_monsterinsights_skip_tracking":false,"_monsterinsights_sitenote_active":false,"_monsterinsights_sitenote_note":"","_monsterinsights_sitenote_category":0,"_uf_show_specific_survey":0,"_uf_disable_surveys":false,"footnotes":""},"class_list":["post-616","page","type-page","status-publish","hentry"],"aioseo_notices":[],"_links":{"self":[{"href":"https:\/\/www.simar-louresodivelas.pt\/index.php\/wp-json\/wp\/v2\/pages\/616","targetHints":{"allow":["GET"]}}],"collection":[{"href":"https:\/\/www.simar-louresodivelas.pt\/index.php\/wp-json\/wp\/v2\/pages"}],"about":[{"href":"https:\/\/www.simar-louresodivelas.pt\/index.php\/wp-json\/wp\/v2\/types\/page"}],"author":[{"embeddable":true,"href":"https:\/\/www.simar-louresodivelas.pt\/index.php\/wp-json\/wp\/v2\/users\/1"}],"replies":[{"embeddable":true,"href":"https:\/\/www.simar-louresodivelas.pt\/index.php\/wp-json\/wp\/v2\/comments?post=616"}],"version-history":[{"count":122,"href":"https:\/\/www.simar-louresodivelas.pt\/index.php\/wp-json\/wp\/v2\/pages\/616\/revisions"}],"predecessor-version":[{"id":40630,"href":"https:\/\/www.simar-louresodivelas.pt\/index.php\/wp-json\/wp\/v2\/pages\/616\/revisions\/40630"}],"wp:attachment":[{"href":"https:\/\/www.simar-louresodivelas.pt\/index.php\/wp-json\/wp\/v2\/media?parent=616"}],"curies":[{"name":"wp","href":"https:\/\/api.w.org\/{rel}","templated":true}]}}