{"id":6116,"date":"2023-09-20T13:36:42","date_gmt":"2023-09-20T13:36:42","guid":{"rendered":"http:\/\/websimar01\/simar\/?page_id=6116"},"modified":"2025-01-27T15:24:41","modified_gmt":"2025-01-27T15:24:41","slug":"residuos-de-construcao-e-demolicao-2","status":"publish","type":"page","link":"https:\/\/www.simar-louresodivelas.pt\/index.php\/residuos-de-construcao-e-demolicao-2","title":{"rendered":"Res\u00edduos de Constru\u00e7\u00e3o e Demoli\u00e7\u00e3o"},"content":{"rendered":"\t\t<div data-elementor-type=\"wp-page\" data-elementor-id=\"6116\" class=\"elementor elementor-6116\">\n\t\t\t\t\t\t<section class=\"elementor-section elementor-top-section elementor-element elementor-element-9817945 elementor-section-full_width elementor-section-stretched elementor-section-height-default elementor-section-height-default\" data-id=\"9817945\" data-element_type=\"section\" data-settings=\"{&quot;stretch_section&quot;:&quot;section-stretched&quot;,&quot;background_background&quot;:&quot;classic&quot;}\">\n\t\t\t\t\t\t<div class=\"elementor-container elementor-column-gap-default\">\n\t\t\t\t\t<div class=\"aux-parallax-section elementor-column elementor-col-100 elementor-top-column elementor-element elementor-element-ba9a17b\" data-id=\"ba9a17b\" data-element_type=\"column\">\n\t\t\t<div class=\"elementor-widget-wrap elementor-element-populated\">\n\t\t\t\t\t\t<div class=\"elementor-element elementor-element-319c942 elementor-widget elementor-widget-image\" data-id=\"319c942\" data-element_type=\"widget\" data-widget_type=\"image.default\">\n\t\t\t\t<div class=\"elementor-widget-container\">\n\t\t\t\t\t\t\t\t\t\t\t\t\t\t\t<img decoding=\"async\" src=\"https:\/\/www.simar-louresodivelas.pt\/wp-content\/uploads\/2023\/09\/residuos-construcao.jpg\" title=\"res\u00edduos constru\u00e7\u00e3o\" alt=\"res\u00edduos constru\u00e7\u00e3o\" loading=\"lazy\" \/>\t\t\t\t\t\t\t\t\t\t\t\t\t\t\t<\/div>\n\t\t\t\t<\/div>\n\t\t\t\t\t<\/div>\n\t\t<\/div>\n\t\t\t\t\t<\/div>\n\t\t<\/section>\n\t\t\t\t<section class=\"elementor-section elementor-top-section elementor-element elementor-element-fb7da50 elementor-section-boxed elementor-section-height-default elementor-section-height-default\" data-id=\"fb7da50\" data-element_type=\"section\">\n\t\t\t\t\t\t<div class=\"elementor-container elementor-column-gap-default\">\n\t\t\t\t\t<div class=\"aux-parallax-section elementor-column elementor-col-100 elementor-top-column elementor-element elementor-element-ad937f8\" data-id=\"ad937f8\" data-element_type=\"column\">\n\t\t\t<div class=\"elementor-widget-wrap elementor-element-populated\">\n\t\t\t\t\t\t<div class=\"elementor-element elementor-element-92d40f8 elementor-widget-divider--view-line_icon elementor-view-default elementor-widget-divider--element-align-center elementor-widget elementor-widget-divider\" data-id=\"92d40f8\" data-element_type=\"widget\" data-widget_type=\"divider.default\">\n\t\t\t\t<div class=\"elementor-widget-container\">\n\t\t\t\t\t\t\t<div class=\"elementor-divider\">\n\t\t\t<span class=\"elementor-divider-separator\">\n\t\t\t\t\t\t\t<div class=\"elementor-icon elementor-divider__element\">\n\t\t\t\t\t<i aria-hidden=\"true\" class=\"fas fa-trash\"><\/i><\/div>\n\t\t\t\t\t\t<\/span>\n\t\t<\/div>\n\t\t\t\t\t\t<\/div>\n\t\t\t\t<\/div>\n\t\t\t\t\t<\/div>\n\t\t<\/div>\n\t\t\t\t\t<\/div>\n\t\t<\/section>\n\t\t\t\t<section class=\"elementor-section elementor-top-section elementor-element elementor-element-de116ea elementor-section-boxed elementor-section-height-default elementor-section-height-default\" data-id=\"de116ea\" data-element_type=\"section\" data-settings=\"{&quot;background_background&quot;:&quot;gradient&quot;}\">\n\t\t\t\t\t\t<div class=\"elementor-container elementor-column-gap-default\">\n\t\t\t\t\t<div class=\"aux-parallax-section elementor-column elementor-col-100 elementor-top-column elementor-element elementor-element-a5a3836\" data-id=\"a5a3836\" data-element_type=\"column\" data-settings=\"{&quot;background_background&quot;:&quot;classic&quot;}\">\n\t\t\t<div class=\"elementor-widget-wrap elementor-element-populated\">\n\t\t\t\t\t\t<div class=\"elementor-element elementor-element-5f17b64 elementor-widget elementor-widget-text-editor\" data-id=\"5f17b64\" data-element_type=\"widget\" data-widget_type=\"text-editor.default\">\n\t\t\t\t<div class=\"elementor-widget-container\">\n\t\t\t\t\t\t\t\t\t<p>S\u00e3o da responsabilidade dos SIMAR, a recolha de res\u00edduos de constru\u00e7\u00e3o e demoli\u00e7\u00e3o resultantes de pequenas repara\u00e7\u00f5es e obras de bricolage em habita\u00e7\u00f5es efetuadas pelo pr\u00f3prio propriet\u00e1rio ou arrendat\u00e1rio.<\/p><p>Este servi\u00e7o \u00e9 gratuito, at\u00e9 ao limite de 1m\u00b3, por cliente e por obra.<br \/>Preencha o <span style=\"color: #326da8;\"><strong data-wp-editing=\"1\"><span style=\"color: #ffffff;\"><span style=\"color: #000000;\"><img decoding=\"async\" class=\"emoji\" role=\"img\" draggable=\"false\" src=\"https:\/\/s.w.org\/images\/core\/emoji\/14.0.0\/svg\/1f517.svg\" alt=\"\ud83d\udd17\" \/><\/span><\/span><\/strong><\/span><span style=\"text-decoration: underline; color: #316cb5;\"><a style=\"color: #316cb5;\" href=\"https:\/\/www.simar-louresodivelas.pt\/wp-content\/uploads\/2024\/11\/form_materiais_construcao_2024.pdf\" target=\"_blank\" rel=\"noopener\">Formul\u00e1rio de Pedido de Recolha de Res\u00edduos<\/a>,<\/span> contacte-nos pelo 219 848 500, ou envie-nos e-mail para: <span style=\"text-decoration: underline; color: #316cb5;\"><a style=\"color: #316cb5; text-decoration: underline;\" href=\"mailto:geral@simar-louresodivelas.pt\">geral@simar-louresodivelas.pt<\/a><\/span><\/p><p>Ap\u00f3s o agendamento, ser-lhe-\u00e1 entregue um <em><strong>Big Bag<\/strong><\/em> onde dever\u00e3o ser depositados os res\u00edduos permitidos, segundo as <span style=\"text-decoration: underline;\"><a href=\"\/index.php\/residuos-urbanos-sensibilizacao\/\" target=\"_blank\" rel=\"noopener\"><span style=\"color: #326da8; text-decoration: underline;\">Regras de Deposi\u00e7\u00e3o\/Separa\u00e7\u00e3o<\/span><\/a><\/span><span style=\"color: #000000;\">.<\/span><\/p><p>A recolha do <em>Big Bag<\/em> ocorrer\u00e1 uma semana ap\u00f3s a sua rece\u00e7\u00e3o.<\/p><p>Estes res\u00edduos s\u00e3o encaminhados para infraestrutura sob responsabilidade de um operador licenciado, para destino final adequado.<\/p><p><span style=\"color: #000000;\"><strong>ATEN\u00c7\u00c3O!<\/strong> <\/span>Os empreiteiros ou promotores de obras que produzam Res\u00edduos de Constru\u00e7\u00e3o e Demoli\u00e7\u00e3o (RCD) s\u00e3o respons\u00e1veis pela sua gest\u00e3o, a qual s\u00f3 pode ser efetuada por operadores devidamente autorizados.<\/p>\t\t\t\t\t\t\t\t<\/div>\n\t\t\t\t<\/div>\n\t\t\t\t\t<\/div>\n\t\t<\/div>\n\t\t\t\t\t<\/div>\n\t\t<\/section>\n\t\t\t\t<\/div>\n\t\t","protected":false},"excerpt":{"rendered":"<p>S\u00e3o da responsabilidade dos SIMAR, a recolha de res\u00edduos de constru\u00e7\u00e3o e demoli\u00e7\u00e3o resultantes de pequenas repara\u00e7\u00f5es e obras de bricolage em habita\u00e7\u00f5es efetuadas pelo pr\u00f3prio propriet\u00e1rio ou arrendat\u00e1rio. Este servi\u00e7o \u00e9 gratuito, at\u00e9 ao limite de 1m\u00b3, por cliente e por obra.Preencha o Formul\u00e1rio de Pedido de Recolha de Res\u00edduos, contacte-nos pelo 219 848 [&hellip;]<\/p>\n","protected":false},"author":1,"featured_media":0,"parent":0,"menu_order":0,"comment_status":"closed","ping_status":"closed","template":"","meta":{"_monsterinsights_skip_tracking":false,"_monsterinsights_sitenote_active":false,"_monsterinsights_sitenote_note":"","_monsterinsights_sitenote_category":0,"_uf_show_specific_survey":0,"_uf_disable_surveys":false,"footnotes":""},"class_list":["post-6116","page","type-page","status-publish","hentry"],"aioseo_notices":[],"_links":{"self":[{"href":"https:\/\/www.simar-louresodivelas.pt\/index.php\/wp-json\/wp\/v2\/pages\/6116","targetHints":{"allow":["GET"]}}],"collection":[{"href":"https:\/\/www.simar-louresodivelas.pt\/index.php\/wp-json\/wp\/v2\/pages"}],"about":[{"href":"https:\/\/www.simar-louresodivelas.pt\/index.php\/wp-json\/wp\/v2\/types\/page"}],"author":[{"embeddable":true,"href":"https:\/\/www.simar-louresodivelas.pt\/index.php\/wp-json\/wp\/v2\/users\/1"}],"replies":[{"embeddable":true,"href":"https:\/\/www.simar-louresodivelas.pt\/index.php\/wp-json\/wp\/v2\/comments?post=6116"}],"version-history":[{"count":52,"href":"https:\/\/www.simar-louresodivelas.pt\/index.php\/wp-json\/wp\/v2\/pages\/6116\/revisions"}],"predecessor-version":[{"id":26701,"href":"https:\/\/www.simar-louresodivelas.pt\/index.php\/wp-json\/wp\/v2\/pages\/6116\/revisions\/26701"}],"wp:attachment":[{"href":"https:\/\/www.simar-louresodivelas.pt\/index.php\/wp-json\/wp\/v2\/media?parent=6116"}],"curies":[{"name":"wp","href":"https:\/\/api.w.org\/{rel}","templated":true}]}}