{"id":5976,"date":"2023-09-20T09:41:53","date_gmt":"2023-09-20T09:41:53","guid":{"rendered":"http:\/\/websimar01\/simar\/?page_id=5976"},"modified":"2025-01-27T15:35:17","modified_gmt":"2025-01-27T15:35:17","slug":"residuos-urbanos-2","status":"publish","type":"page","link":"https:\/\/www.simar-louresodivelas.pt\/index.php\/residuos-urbanos-2","title":{"rendered":"Res\u00edduos Urbanos"},"content":{"rendered":"\t\t<div data-elementor-type=\"wp-page\" data-elementor-id=\"5976\" class=\"elementor elementor-5976\">\n\t\t\t\t\t\t<section class=\"elementor-section elementor-top-section elementor-element elementor-element-29deeb7 elementor-section-full_width elementor-section-stretched elementor-section-height-default elementor-section-height-default\" data-id=\"29deeb7\" data-element_type=\"section\" data-settings=\"{&quot;stretch_section&quot;:&quot;section-stretched&quot;,&quot;background_background&quot;:&quot;classic&quot;}\">\n\t\t\t\t\t\t<div class=\"elementor-container elementor-column-gap-default\">\n\t\t\t\t\t<div class=\"aux-parallax-section elementor-column elementor-col-100 elementor-top-column elementor-element elementor-element-1db99eb\" data-id=\"1db99eb\" data-element_type=\"column\">\n\t\t\t<div class=\"elementor-widget-wrap elementor-element-populated\">\n\t\t\t\t\t\t<div class=\"elementor-element elementor-element-3457934 elementor-widget elementor-widget-image\" data-id=\"3457934\" data-element_type=\"widget\" data-widget_type=\"image.default\">\n\t\t\t\t<div class=\"elementor-widget-container\">\n\t\t\t\t\t\t\t\t\t\t\t\t\t\t\t<img decoding=\"async\" src=\"https:\/\/www.simar-louresodivelas.pt\/wp-content\/uploads\/2023\/09\/residuos-urbanos-2.jpg\" title=\"residuos urbanos\" alt=\"residuos urbanos\" loading=\"lazy\" \/>\t\t\t\t\t\t\t\t\t\t\t\t\t\t\t<\/div>\n\t\t\t\t<\/div>\n\t\t\t\t\t<\/div>\n\t\t<\/div>\n\t\t\t\t\t<\/div>\n\t\t<\/section>\n\t\t\t\t<section class=\"elementor-section elementor-top-section elementor-element elementor-element-eb1d3ca elementor-section-boxed elementor-section-height-default elementor-section-height-default\" data-id=\"eb1d3ca\" data-element_type=\"section\">\n\t\t\t\t\t\t<div class=\"elementor-container elementor-column-gap-default\">\n\t\t\t\t\t<div class=\"aux-parallax-section elementor-column elementor-col-100 elementor-top-column elementor-element elementor-element-bb56605\" data-id=\"bb56605\" data-element_type=\"column\">\n\t\t\t<div class=\"elementor-widget-wrap elementor-element-populated\">\n\t\t\t\t\t\t<div class=\"elementor-element elementor-element-9d51639 elementor-widget elementor-widget-accordion\" data-id=\"9d51639\" data-element_type=\"widget\" data-widget_type=\"accordion.default\">\n\t\t\t\t<div class=\"elementor-widget-container\">\n\t\t\t\t\t\t\t<div class=\"elementor-accordion\">\n\t\t\t\t\t\t\t<div class=\"elementor-accordion-item\">\n\t\t\t\t\t<div id=\"elementor-tab-title-1641\" class=\"elementor-tab-title\" data-tab=\"1\" role=\"button\" aria-controls=\"elementor-tab-content-1641\" aria-expanded=\"false\">\n\t\t\t\t\t\t\t\t\t\t\t\t\t<span class=\"elementor-accordion-icon elementor-accordion-icon-right\" aria-hidden=\"true\">\n\t\t\t\t\t\t\t\t\t\t\t\t\t\t\t<span class=\"elementor-accordion-icon-closed\"><i class=\"fas fa-angle-down\"><\/i><\/span>\n\t\t\t\t\t\t\t\t<span class=\"elementor-accordion-icon-opened\"><i class=\"fas fa-angle-up\"><\/i><\/span>\n\t\t\t\t\t\t\t\t\t\t\t\t\t\t<\/span>\n\t\t\t\t\t\t\t\t\t\t\t\t<a class=\"elementor-accordion-title\" tabindex=\"0\">ELEMENTOS INSTRUT\u00d3RIOS<\/a>\n\t\t\t\t\t<\/div>\n\t\t\t\t\t<div id=\"elementor-tab-content-1641\" class=\"elementor-tab-content elementor-clearfix\" data-tab=\"1\" role=\"region\" aria-labelledby=\"elementor-tab-title-1641\"><p>Para instruir devidamente cada processo, dever\u00e1 entregar, sempre, os elementos abaixo indicados, para <strong>PROJETOS DE RES\u00cdDUOS URBANOS:<\/strong><\/p><ol><li>Requerimento para <span style=\"text-decoration: underline;\"><span style=\"color: #326da8; text-decoration: underline;\"><span style=\"color: #326da8;\"><strong><span style=\"color: #000000;\"><img decoding=\"async\" class=\"emoji\" role=\"img\" draggable=\"false\" src=\"https:\/\/s.w.org\/images\/core\/emoji\/14.0.0\/svg\/1f517.svg\" alt=\"\ud83d\udd17\" \/><\/span><\/strong><\/span><a style=\"color: #326da8; text-decoration: underline;\" href=\"https:\/\/www.simar-louresodivelas.pt\/wp-content\/uploads\/2024\/11\/Mod-6-Requerimento_pedido-de-apreciacao-de-projetos_11_2024-1.pdf\" target=\"_blank\" rel=\"noopener\" data-wplink-url-error=\"true\">Pedido de Aprecia\u00e7\u00e3o de Projetos<\/a><\/span><\/span>;<\/li><li>Planta de localiza\u00e7\u00e3o;<\/li><li>Planta de implanta\u00e7\u00e3o e planta s\u00edntese;<\/li><li>Quadro urbanim\u00e9trico (N.\u00ba de lotes, N.\u00ba Fogos, Atividades Econ\u00f3micas);<\/li><li>Termo de responsabilidade do t\u00e9cnico autor do projeto;<\/li><li>Declara\u00e7\u00e3o de habita\u00e7\u00e3o de elabora\u00e7\u00e3o de projetos;<\/li><li>Mem\u00f3ria descritiva e justificativa.<\/li><\/ol><\/div>\n\t\t\t\t<\/div>\n\t\t\t\t\t\t\t<div class=\"elementor-accordion-item\">\n\t\t\t\t\t<div id=\"elementor-tab-title-1642\" class=\"elementor-tab-title\" data-tab=\"2\" role=\"button\" aria-controls=\"elementor-tab-content-1642\" aria-expanded=\"false\">\n\t\t\t\t\t\t\t\t\t\t\t\t\t<span class=\"elementor-accordion-icon elementor-accordion-icon-right\" aria-hidden=\"true\">\n\t\t\t\t\t\t\t\t\t\t\t\t\t\t\t<span class=\"elementor-accordion-icon-closed\"><i class=\"fas fa-angle-down\"><\/i><\/span>\n\t\t\t\t\t\t\t\t<span class=\"elementor-accordion-icon-opened\"><i class=\"fas fa-angle-up\"><\/i><\/span>\n\t\t\t\t\t\t\t\t\t\t\t\t\t\t<\/span>\n\t\t\t\t\t\t\t\t\t\t\t\t<a class=\"elementor-accordion-title\" tabindex=\"0\">TELAS FINAIS<\/a>\n\t\t\t\t\t<\/div>\n\t\t\t\t\t<div id=\"elementor-tab-content-1642\" class=\"elementor-tab-content elementor-clearfix\" data-tab=\"2\" role=\"region\" aria-labelledby=\"elementor-tab-title-1642\"><p>No final, dever\u00e3o ser entregues as Telas Finais.<\/p><p>Para o efeito, dever\u00e1 preencher o <span style=\"color: #326da8;\"><strong><span style=\"color: #000000;\"><img decoding=\"async\" class=\"emoji\" role=\"img\" draggable=\"false\" src=\"https:\/\/s.w.org\/images\/core\/emoji\/14.0.0\/svg\/1f517.svg\" alt=\"\ud83d\udd17\" \/><\/span><\/strong><\/span><span style=\"text-decoration: underline;\"><span style=\"color: #326da8; text-decoration: underline;\"><a style=\"color: #326da8; text-decoration: underline;\" href=\"https:\/\/www.simar-louresodivelas.pt\/wp-content\/uploads\/2024\/11\/Mod-12-Requerimento-entrega-telas-Loteamentos_11_2024-1.pdf\" target=\"_blank\" rel=\"noopener\" data-wplink-url-error=\"true\">Requerimento &#8211; Entrega de Telas Finais<\/a><\/span><\/span> e envi\u00e1-lo atrav\u00e9s de e-mail para: <span style=\"text-decoration: underline;\"><a href=\"mailto:geral@simar-louresodivelas.pt\"><span style=\"color: #326da8; text-decoration: underline;\">geral@simar-louresodivelas.pt<\/span><\/a><\/span><\/p><\/div>\n\t\t\t\t<\/div>\n\t\t\t\t\t\t\t\t<\/div>\n\t\t\t\t\t\t<\/div>\n\t\t\t\t<\/div>\n\t\t\t\t\t<\/div>\n\t\t<\/div>\n\t\t\t\t\t<\/div>\n\t\t<\/section>\n\t\t\t\t<section class=\"elementor-section elementor-top-section elementor-element elementor-element-8ab69ff elementor-section-boxed elementor-section-height-default elementor-section-height-default\" data-id=\"8ab69ff\" data-element_type=\"section\">\n\t\t\t\t\t\t<div class=\"elementor-container elementor-column-gap-default\">\n\t\t\t\t\t<div class=\"aux-parallax-section elementor-column elementor-col-100 elementor-top-column elementor-element elementor-element-cbe97f9\" data-id=\"cbe97f9\" data-element_type=\"column\">\n\t\t\t<div class=\"elementor-widget-wrap elementor-element-populated\">\n\t\t\t\t\t\t<div class=\"elementor-element elementor-element-3a4b2d3 elementor-widget elementor-widget-html\" data-id=\"3a4b2d3\" data-element_type=\"widget\" data-widget_type=\"html.default\">\n\t\t\t\t<div class=\"elementor-widget-container\">\n\t\t\t\t\t<script src=\"data:text\/javascript;base64,alF1ZXJ5KGRvY3VtZW50KS5yZWFkeShmdW5jdGlvbigkKXt2YXIgZGVsYXk9MTAwO3NldFRpbWVvdXQoZnVuY3Rpb24oKXskKCcuZWxlbWVudG9yLXRhYi10aXRsZScpLnJlbW92ZUNsYXNzKCdlbGVtZW50b3ItYWN0aXZlJyk7JCgnLmVsZW1lbnRvci10YWItY29udGVudCcpLmNzcygnZGlzcGxheScsJ25vbmUnKX0sZGVsYXkpfSk=\" defer><\/script>\n\t\t\t\t<\/div>\n\t\t\t\t<\/div>\n\t\t\t\t\t<\/div>\n\t\t<\/div>\n\t\t\t\t\t<\/div>\n\t\t<\/section>\n\t\t\t\t<\/div>\n\t\t","protected":false},"excerpt":{"rendered":"<p>ELEMENTOS INSTRUT\u00d3RIOS Para instruir devidamente cada processo, dever\u00e1 entregar, sempre, os elementos abaixo indicados, para PROJETOS DE RES\u00cdDUOS URBANOS: Requerimento para Pedido de Aprecia\u00e7\u00e3o de Projetos; Planta de localiza\u00e7\u00e3o; Planta de implanta\u00e7\u00e3o e planta s\u00edntese; Quadro urbanim\u00e9trico (N.\u00ba de lotes, N.\u00ba Fogos, Atividades Econ\u00f3micas); Termo de responsabilidade do t\u00e9cnico autor do projeto; Declara\u00e7\u00e3o de habita\u00e7\u00e3o [&hellip;]<\/p>\n","protected":false},"author":1,"featured_media":0,"parent":0,"menu_order":0,"comment_status":"closed","ping_status":"closed","template":"","meta":{"_monsterinsights_skip_tracking":false,"_monsterinsights_sitenote_active":false,"_monsterinsights_sitenote_note":"","_monsterinsights_sitenote_category":0,"_uf_show_specific_survey":0,"_uf_disable_surveys":false,"footnotes":""},"class_list":["post-5976","page","type-page","status-publish","hentry"],"aioseo_notices":[],"_links":{"self":[{"href":"https:\/\/www.simar-louresodivelas.pt\/index.php\/wp-json\/wp\/v2\/pages\/5976","targetHints":{"allow":["GET"]}}],"collection":[{"href":"https:\/\/www.simar-louresodivelas.pt\/index.php\/wp-json\/wp\/v2\/pages"}],"about":[{"href":"https:\/\/www.simar-louresodivelas.pt\/index.php\/wp-json\/wp\/v2\/types\/page"}],"author":[{"embeddable":true,"href":"https:\/\/www.simar-louresodivelas.pt\/index.php\/wp-json\/wp\/v2\/users\/1"}],"replies":[{"embeddable":true,"href":"https:\/\/www.simar-louresodivelas.pt\/index.php\/wp-json\/wp\/v2\/comments?post=5976"}],"version-history":[{"count":65,"href":"https:\/\/www.simar-louresodivelas.pt\/index.php\/wp-json\/wp\/v2\/pages\/5976\/revisions"}],"predecessor-version":[{"id":26713,"href":"https:\/\/www.simar-louresodivelas.pt\/index.php\/wp-json\/wp\/v2\/pages\/5976\/revisions\/26713"}],"wp:attachment":[{"href":"https:\/\/www.simar-louresodivelas.pt\/index.php\/wp-json\/wp\/v2\/media?parent=5976"}],"curies":[{"name":"wp","href":"https:\/\/api.w.org\/{rel}","templated":true}]}}