{"id":5973,"date":"2023-09-20T09:41:29","date_gmt":"2023-09-20T09:41:29","guid":{"rendered":"http:\/\/websimar01\/simar\/?page_id=5973"},"modified":"2025-01-27T15:30:21","modified_gmt":"2025-01-27T15:30:21","slug":"infraestruturas-de-loteamentos","status":"publish","type":"page","link":"https:\/\/www.simar-louresodivelas.pt\/index.php\/infraestruturas-de-loteamentos","title":{"rendered":"Infraestruturas de Loteamento"},"content":{"rendered":"\t\t<div data-elementor-type=\"wp-page\" data-elementor-id=\"5973\" class=\"elementor elementor-5973\">\n\t\t\t\t\t\t<section class=\"elementor-section elementor-top-section elementor-element elementor-element-cede755 elementor-section-full_width elementor-section-stretched elementor-section-height-default elementor-section-height-default\" data-id=\"cede755\" data-element_type=\"section\" data-settings=\"{&quot;stretch_section&quot;:&quot;section-stretched&quot;,&quot;background_background&quot;:&quot;classic&quot;}\">\n\t\t\t\t\t\t<div class=\"elementor-container elementor-column-gap-default\">\n\t\t\t\t\t<div class=\"aux-parallax-section elementor-column elementor-col-100 elementor-top-column elementor-element elementor-element-89ad656\" data-id=\"89ad656\" data-element_type=\"column\">\n\t\t\t<div class=\"elementor-widget-wrap elementor-element-populated\">\n\t\t\t\t\t\t<div class=\"elementor-element elementor-element-6bb2745 elementor-widget elementor-widget-image\" data-id=\"6bb2745\" data-element_type=\"widget\" data-widget_type=\"image.default\">\n\t\t\t\t<div class=\"elementor-widget-container\">\n\t\t\t\t\t\t\t\t\t\t\t\t\t\t\t<img decoding=\"async\" src=\"https:\/\/www.simar-louresodivelas.pt\/wp-content\/uploads\/2023\/09\/infraestruturas-loteamento.jpg\" title=\"infraestruturas loteamento\" alt=\"infraestruturas loteamento\" loading=\"lazy\" \/>\t\t\t\t\t\t\t\t\t\t\t\t\t\t\t<\/div>\n\t\t\t\t<\/div>\n\t\t\t\t\t<\/div>\n\t\t<\/div>\n\t\t\t\t\t<\/div>\n\t\t<\/section>\n\t\t\t\t<section class=\"elementor-section elementor-top-section elementor-element elementor-element-b2d5238 elementor-section-boxed elementor-section-height-default elementor-section-height-default\" data-id=\"b2d5238\" data-element_type=\"section\">\n\t\t\t\t\t\t<div class=\"elementor-container elementor-column-gap-default\">\n\t\t\t\t\t<div class=\"aux-parallax-section elementor-column elementor-col-100 elementor-top-column elementor-element elementor-element-8a23abb\" data-id=\"8a23abb\" data-element_type=\"column\">\n\t\t\t<div class=\"elementor-widget-wrap elementor-element-populated\">\n\t\t\t\t\t\t<div class=\"elementor-element elementor-element-581926c elementor-widget elementor-widget-accordion\" data-id=\"581926c\" data-element_type=\"widget\" data-widget_type=\"accordion.default\">\n\t\t\t\t<div class=\"elementor-widget-container\">\n\t\t\t\t\t\t\t<div class=\"elementor-accordion\">\n\t\t\t\t\t\t\t<div class=\"elementor-accordion-item\">\n\t\t\t\t\t<div id=\"elementor-tab-title-9231\" class=\"elementor-tab-title\" data-tab=\"1\" role=\"button\" aria-controls=\"elementor-tab-content-9231\" aria-expanded=\"false\">\n\t\t\t\t\t\t\t\t\t\t\t\t\t<span class=\"elementor-accordion-icon elementor-accordion-icon-right\" aria-hidden=\"true\">\n\t\t\t\t\t\t\t\t\t\t\t\t\t\t\t<span class=\"elementor-accordion-icon-closed\"><i class=\"fas fa-angle-down\"><\/i><\/span>\n\t\t\t\t\t\t\t\t<span class=\"elementor-accordion-icon-opened\"><i class=\"fas fa-angle-up\"><\/i><\/span>\n\t\t\t\t\t\t\t\t\t\t\t\t\t\t<\/span>\n\t\t\t\t\t\t\t\t\t\t\t\t<a class=\"elementor-accordion-title\" tabindex=\"0\">ELEMENTOS INSTRUT\u00d3RIOS<\/a>\n\t\t\t\t\t<\/div>\n\t\t\t\t\t<div id=\"elementor-tab-content-9231\" class=\"elementor-tab-content elementor-clearfix\" data-tab=\"1\" role=\"region\" aria-labelledby=\"elementor-tab-title-9231\"><p>Para instruir devidamente cada processo, dever\u00e1 entregar, sempre, os elementos abaixo indicados, para <strong>PROJETOS DE INFRAESTRUTURAS DE LOTEAMENTO DE REDES DE ABASTECIMENTO DE \u00c1GUA E DE DRENAGEM DE \u00c1GUAS RESIDUAIS, DOM\u00c9STICAS E PLUVIAIS:<\/strong><\/p><ol><li>Requerimento para <strong><span style=\"color: #326da8;\"><span style=\"color: #000000;\"><img decoding=\"async\" class=\"emoji\" role=\"img\" draggable=\"false\" src=\"https:\/\/s.w.org\/images\/core\/emoji\/14.0.0\/svg\/1f517.svg\" alt=\"\ud83d\udd17\" \/><\/span><\/span><\/strong><span style=\"text-decoration: underline;\"><span style=\"color: #326da8; text-decoration: underline;\"><a style=\"color: #326da8; text-decoration: underline;\" href=\"https:\/\/www.simar-louresodivelas.pt\/wp-content\/uploads\/2024\/11\/Mod-6-Requerimento_pedido-de-apreciacao-de-projetos_11_2024.pdf\" target=\"_blank\" rel=\"noopener\" data-wplink-url-error=\"true\">Pedido de Aprecia\u00e7\u00e3o de Projetos<\/a><\/span><\/span>;<\/li><li>Termo de responsabilidade do t\u00e9cnico autor do projeto;<\/li><li>Declara\u00e7\u00e3o atualizada da ordem profissional e respetivo seguro;<\/li><li>Planta de localiza\u00e7\u00e3o com cadastro das redes municipais a solicitar previamente aos SIMAR atrav\u00e9s do formul\u00e1rio <em>on-line<\/em>, dispon\u00edvel em <span style=\"color: #326da8;\"><strong><span style=\"color: #000000;\"><img decoding=\"async\" class=\"emoji\" role=\"img\" draggable=\"false\" src=\"https:\/\/s.w.org\/images\/core\/emoji\/14.0.0\/svg\/1f517.svg\" alt=\"\ud83d\udd17\" \/><\/span><\/strong><\/span><span style=\"text-decoration: underline;\"><a href=\"\/index.php\/plantas-de-cadastro\" target=\"_blank\" rel=\"noopener\"><span style=\"color: #326da8; text-decoration: underline;\"><span style=\"color: #316cb5; text-decoration: underline;\">Plantas de Cadastro<\/span><\/span><\/a><\/span>;<\/li><li>Mem\u00f3ria descritiva e justificativa na qual constem a descri\u00e7\u00e3o da conce\u00e7\u00e3o do sistema, materiais e demais exig\u00eancias regulamentares;<\/li><li>C\u00e1lculo Hidr\u00e1ulico, dos quais constem os crit\u00e9rios de dimensionamento do sistema, materiais e demais exig\u00eancias regulamentares;<\/li><li>Planta de implanta\u00e7\u00e3o com indica\u00e7\u00e3o de escala (dispens\u00e1vel se a planta do piso t\u00e9rreo incluir limites do lote com representa\u00e7\u00e3o dos muros e de todos os arranjos exteriores, tais como, escadas, rampas de acesso, floreiras, espa\u00e7os verdes, etc.)<\/li><li>Plantas de todos os pisos com representa\u00e7\u00e3o da rede, incluindo cobertura (escala 1:100);<\/li><li>Corte esquem\u00e1tico que inclua limite do lote e muros (quando aplic\u00e1vel) ou em alternativa perspetiva isom\u00e9trica (escala 1:100);<\/li><li>Pormenores t\u00e9cnicos que se entendam como necess\u00e1rios para uma boa interpreta\u00e7\u00e3o do projeto.<\/li><\/ol><\/div>\n\t\t\t\t<\/div>\n\t\t\t\t\t\t\t<div class=\"elementor-accordion-item\">\n\t\t\t\t\t<div id=\"elementor-tab-title-9232\" class=\"elementor-tab-title\" data-tab=\"2\" role=\"button\" aria-controls=\"elementor-tab-content-9232\" aria-expanded=\"false\">\n\t\t\t\t\t\t\t\t\t\t\t\t\t<span class=\"elementor-accordion-icon elementor-accordion-icon-right\" aria-hidden=\"true\">\n\t\t\t\t\t\t\t\t\t\t\t\t\t\t\t<span class=\"elementor-accordion-icon-closed\"><i class=\"fas fa-angle-down\"><\/i><\/span>\n\t\t\t\t\t\t\t\t<span class=\"elementor-accordion-icon-opened\"><i class=\"fas fa-angle-up\"><\/i><\/span>\n\t\t\t\t\t\t\t\t\t\t\t\t\t\t<\/span>\n\t\t\t\t\t\t\t\t\t\t\t\t<a class=\"elementor-accordion-title\" tabindex=\"0\">CORRE\u00c7\u00d5ES AO PROJETO - SOLICITADAS PELOS SIMAR<\/a>\n\t\t\t\t\t<\/div>\n\t\t\t\t\t<div id=\"elementor-tab-content-9232\" class=\"elementor-tab-content elementor-clearfix\" data-tab=\"2\" role=\"region\" aria-labelledby=\"elementor-tab-title-9232\"><p>Em caso dos SIMAR solicitarem corre\u00e7\u00f5es ao projeto, dever\u00e1 ser utilizado requerimento pr\u00f3prio para o efeito, <span style=\"color: #326da8;\"><strong><span style=\"color: #000000;\"><img decoding=\"async\" class=\"emoji\" role=\"img\" draggable=\"false\" src=\"https:\/\/s.w.org\/images\/core\/emoji\/14.0.0\/svg\/1f517.svg\" alt=\"\ud83d\udd17\" \/><\/span><\/strong><\/span><span style=\"text-decoration: underline;\"><span style=\"color: #326da8; text-decoration: underline;\"><a style=\"color: #326da8; text-decoration: underline;\" href=\"https:\/\/www.simar-louresodivelas.pt\/wp-content\/uploads\/2024\/11\/Mod-6A-Requerimento-pedido-de-apreciacao-de-correcoes-ao-Projeto_09_2023_selo_agua_2024-2.pdf\" target=\"_blank\" rel=\"noopener\" data-wplink-url-error=\"true\">Pedido de Aprecia\u00e7\u00e3o de Corre\u00e7\u00f5es de Projetos<\/a><\/span><\/span> e os novos ficheiros devem ser\u00a0 anexados, devidamente identificados, e com indica\u00e7\u00e3o que substituem a vers\u00e3o anterior.<\/p><\/div>\n\t\t\t\t<\/div>\n\t\t\t\t\t\t\t<div class=\"elementor-accordion-item\">\n\t\t\t\t\t<div id=\"elementor-tab-title-9233\" class=\"elementor-tab-title\" data-tab=\"3\" role=\"button\" aria-controls=\"elementor-tab-content-9233\" aria-expanded=\"false\">\n\t\t\t\t\t\t\t\t\t\t\t\t\t<span class=\"elementor-accordion-icon elementor-accordion-icon-right\" aria-hidden=\"true\">\n\t\t\t\t\t\t\t\t\t\t\t\t\t\t\t<span class=\"elementor-accordion-icon-closed\"><i class=\"fas fa-angle-down\"><\/i><\/span>\n\t\t\t\t\t\t\t\t<span class=\"elementor-accordion-icon-opened\"><i class=\"fas fa-angle-up\"><\/i><\/span>\n\t\t\t\t\t\t\t\t\t\t\t\t\t\t<\/span>\n\t\t\t\t\t\t\t\t\t\t\t\t<a class=\"elementor-accordion-title\" tabindex=\"0\">TELAS FINAIS<\/a>\n\t\t\t\t\t<\/div>\n\t\t\t\t\t<div id=\"elementor-tab-content-9233\" class=\"elementor-tab-content elementor-clearfix\" data-tab=\"3\" role=\"region\" aria-labelledby=\"elementor-tab-title-9233\"><p>No final, dever\u00e3o ser entregues as Telas Finais de acordo com as <span style=\"color: #326da8;\"><strong><span style=\"color: #000000;\"><img decoding=\"async\" class=\"emoji\" role=\"img\" draggable=\"false\" src=\"https:\/\/s.w.org\/images\/core\/emoji\/14.0.0\/svg\/1f517.svg\" alt=\"\ud83d\udd17\" \/><\/span><\/strong><\/span><span style=\"text-decoration: underline; color: #316cb5;\"><strong><a style=\"color: #316cb5; text-decoration: underline;\" href=\"https:\/\/www.simar-louresodivelas.pt\/wp-content\/uploads\/2024\/11\/ET_Telas_Finais.pdf\" target=\"_blank\" rel=\"noopener\">especifica\u00e7\u00f5es aqui descritas<\/a><\/strong><\/span>.<\/p><\/div>\n\t\t\t\t<\/div>\n\t\t\t\t\t\t\t\t<\/div>\n\t\t\t\t\t\t<\/div>\n\t\t\t\t<\/div>\n\t\t\t\t\t<\/div>\n\t\t<\/div>\n\t\t\t\t\t<\/div>\n\t\t<\/section>\n\t\t\t\t<section class=\"elementor-section elementor-top-section elementor-element elementor-element-e888321 elementor-section-boxed elementor-section-height-default elementor-section-height-default\" data-id=\"e888321\" data-element_type=\"section\">\n\t\t\t\t\t\t<div class=\"elementor-container elementor-column-gap-default\">\n\t\t\t\t\t<div class=\"aux-parallax-section elementor-column elementor-col-100 elementor-top-column elementor-element elementor-element-2619147\" data-id=\"2619147\" data-element_type=\"column\">\n\t\t\t<div class=\"elementor-widget-wrap elementor-element-populated\">\n\t\t\t\t\t\t<div class=\"elementor-element elementor-element-4d127d7 elementor-widget elementor-widget-html\" data-id=\"4d127d7\" data-element_type=\"widget\" data-widget_type=\"html.default\">\n\t\t\t\t<div class=\"elementor-widget-container\">\n\t\t\t\t\t<script src=\"data:text\/javascript;base64,alF1ZXJ5KGRvY3VtZW50KS5yZWFkeShmdW5jdGlvbigkKXt2YXIgZGVsYXk9MTAwO3NldFRpbWVvdXQoZnVuY3Rpb24oKXskKCcuZWxlbWVudG9yLXRhYi10aXRsZScpLnJlbW92ZUNsYXNzKCdlbGVtZW50b3ItYWN0aXZlJyk7JCgnLmVsZW1lbnRvci10YWItY29udGVudCcpLmNzcygnZGlzcGxheScsJ25vbmUnKX0sZGVsYXkpfSk=\" defer><\/script>\n\t\t\t\t<\/div>\n\t\t\t\t<\/div>\n\t\t\t\t\t<\/div>\n\t\t<\/div>\n\t\t\t\t\t<\/div>\n\t\t<\/section>\n\t\t\t\t<\/div>\n\t\t","protected":false},"excerpt":{"rendered":"<p>ELEMENTOS INSTRUT\u00d3RIOS Para instruir devidamente cada processo, dever\u00e1 entregar, sempre, os elementos abaixo indicados, para PROJETOS DE INFRAESTRUTURAS DE LOTEAMENTO DE REDES DE ABASTECIMENTO DE \u00c1GUA E DE DRENAGEM DE \u00c1GUAS RESIDUAIS, DOM\u00c9STICAS E PLUVIAIS: Requerimento para Pedido de Aprecia\u00e7\u00e3o de Projetos; Termo de responsabilidade do t\u00e9cnico autor do projeto; Declara\u00e7\u00e3o atualizada da ordem profissional [&hellip;]<\/p>\n","protected":false},"author":1,"featured_media":0,"parent":0,"menu_order":0,"comment_status":"closed","ping_status":"closed","template":"","meta":{"_monsterinsights_skip_tracking":false,"_monsterinsights_sitenote_active":false,"_monsterinsights_sitenote_note":"","_monsterinsights_sitenote_category":0,"_uf_show_specific_survey":0,"_uf_disable_surveys":false,"footnotes":""},"class_list":["post-5973","page","type-page","status-publish","hentry"],"aioseo_notices":[],"_links":{"self":[{"href":"https:\/\/www.simar-louresodivelas.pt\/index.php\/wp-json\/wp\/v2\/pages\/5973","targetHints":{"allow":["GET"]}}],"collection":[{"href":"https:\/\/www.simar-louresodivelas.pt\/index.php\/wp-json\/wp\/v2\/pages"}],"about":[{"href":"https:\/\/www.simar-louresodivelas.pt\/index.php\/wp-json\/wp\/v2\/types\/page"}],"author":[{"embeddable":true,"href":"https:\/\/www.simar-louresodivelas.pt\/index.php\/wp-json\/wp\/v2\/users\/1"}],"replies":[{"embeddable":true,"href":"https:\/\/www.simar-louresodivelas.pt\/index.php\/wp-json\/wp\/v2\/comments?post=5973"}],"version-history":[{"count":89,"href":"https:\/\/www.simar-louresodivelas.pt\/index.php\/wp-json\/wp\/v2\/pages\/5973\/revisions"}],"predecessor-version":[{"id":26707,"href":"https:\/\/www.simar-louresodivelas.pt\/index.php\/wp-json\/wp\/v2\/pages\/5973\/revisions\/26707"}],"wp:attachment":[{"href":"https:\/\/www.simar-louresodivelas.pt\/index.php\/wp-json\/wp\/v2\/media?parent=5973"}],"curies":[{"name":"wp","href":"https:\/\/api.w.org\/{rel}","templated":true}]}}