{"id":5966,"date":"2023-09-20T09:40:29","date_gmt":"2023-09-20T09:40:29","guid":{"rendered":"http:\/\/websimar01\/simar\/?page_id=5966"},"modified":"2025-11-13T11:51:13","modified_gmt":"2025-11-13T11:51:13","slug":"rede-interna-de-aguas","status":"publish","type":"page","link":"https:\/\/www.simar-louresodivelas.pt\/index.php\/rede-interna-de-aguas","title":{"rendered":"Rede interna de \u00e1guas"},"content":{"rendered":"\t\t<div data-elementor-type=\"wp-page\" data-elementor-id=\"5966\" class=\"elementor elementor-5966\">\n\t\t\t\t\t\t<section class=\"elementor-section elementor-top-section elementor-element elementor-element-b2233b8 elementor-section-full_width elementor-section-stretched elementor-section-height-default elementor-section-height-default\" data-id=\"b2233b8\" data-element_type=\"section\" data-settings=\"{&quot;stretch_section&quot;:&quot;section-stretched&quot;,&quot;background_background&quot;:&quot;classic&quot;}\">\n\t\t\t\t\t\t<div class=\"elementor-container elementor-column-gap-default\">\n\t\t\t\t\t<div class=\"aux-parallax-section elementor-column elementor-col-100 elementor-top-column elementor-element elementor-element-72d04bf\" data-id=\"72d04bf\" data-element_type=\"column\">\n\t\t\t<div class=\"elementor-widget-wrap elementor-element-populated\">\n\t\t\t\t\t\t<div class=\"elementor-element elementor-element-21e39dc elementor-widget elementor-widget-image\" data-id=\"21e39dc\" data-element_type=\"widget\" data-widget_type=\"image.default\">\n\t\t\t\t<div class=\"elementor-widget-container\">\n\t\t\t\t\t\t\t\t\t\t\t\t\t\t\t<img decoding=\"async\" src=\"https:\/\/www.simar-louresodivelas.pt\/wp-content\/uploads\/2023\/11\/redes-predial-de-aguas.jpg\" title=\"redes predial de \u00e1guas\" alt=\"redes predial de \u00e1guas\" loading=\"lazy\" \/>\t\t\t\t\t\t\t\t\t\t\t\t\t\t\t<\/div>\n\t\t\t\t<\/div>\n\t\t\t\t\t<\/div>\n\t\t<\/div>\n\t\t\t\t\t<\/div>\n\t\t<\/section>\n\t\t\t\t<section class=\"elementor-section elementor-top-section elementor-element elementor-element-cf88498 elementor-section-boxed elementor-section-height-default elementor-section-height-default\" data-id=\"cf88498\" data-element_type=\"section\">\n\t\t\t\t\t\t<div class=\"elementor-container elementor-column-gap-default\">\n\t\t\t\t\t<div class=\"aux-parallax-section elementor-column elementor-col-100 elementor-top-column elementor-element elementor-element-eb316b4\" data-id=\"eb316b4\" data-element_type=\"column\" data-settings=\"{&quot;background_background&quot;:&quot;classic&quot;}\">\n\t\t\t<div class=\"elementor-widget-wrap elementor-element-populated\">\n\t\t\t\t\t\t<div class=\"elementor-element elementor-element-36d9d82 elementor-widget__width-initial elementor-widget elementor-widget-text-editor\" data-id=\"36d9d82\" data-element_type=\"widget\" data-widget_type=\"text-editor.default\">\n\t\t\t\t<div class=\"elementor-widget-container\">\n\t\t\t\t\t\t\t\t\t<p>No cumprimento do disposto no Decreto-Lei n\u00ba555\/99 de 16\/12 na reda\u00e7\u00e3o do Decreto-Lei n\u00ba10\/2024 de 08.01 do Regime Jur\u00eddico da Urbaniza\u00e7\u00e3o e Edifica\u00e7\u00e3o, a aprecia\u00e7\u00e3o de projetos pelos SIMAR de Loures e Odivelas incidir\u00e1 na an\u00e1lise e verifica\u00e7\u00e3o da conformidade das condi\u00e7\u00f5es de liga\u00e7\u00e3o \u00e0s redes p\u00fablicas, bem como, o cumprimento da legisla\u00e7\u00e3o vigente no que respeita \u00e0s redes p\u00fablicas que estejam previstas executar e que ser\u00e3o posteriormente integradas nas redes p\u00fablicas dos munic\u00edpios de Loures e Odivelas.<\/p>\n<p>O cumprimento das disposi\u00e7\u00f5es legais no que concerne \u00e0s redes prediais, ficar\u00e1 assegurado pelo termo de responsabilidade e demais documentos de habilita\u00e7\u00e3o apresentados pelo t\u00e9cnico autor do projeto, n\u00e3o se responsabilizando os SIMAR por eventuais incumprimentos ou falsas declara\u00e7\u00f5es nos termos de responsabilidade.<\/p>\n<p>Estes requisitos aplicam-se \u00e0 aprecia\u00e7\u00e3o de todos os projetos de abastecimento de \u00e1gua ou drenagem de \u00e1guas residuais, quer sejam entregues diretamente nas C\u00e2maras Municipais ou nos pr\u00f3prios SIMAR de Loures e Odivelas.<\/p>\t\t\t\t\t\t\t\t<\/div>\n\t\t\t\t<\/div>\n\t\t\t\t\t<\/div>\n\t\t<\/div>\n\t\t\t\t\t<\/div>\n\t\t<\/section>\n\t\t\t\t<section class=\"elementor-section elementor-top-section elementor-element elementor-element-93cb286 elementor-section-boxed elementor-section-height-default elementor-section-height-default\" data-id=\"93cb286\" data-element_type=\"section\">\n\t\t\t\t\t\t<div class=\"elementor-container elementor-column-gap-default\">\n\t\t\t\t\t<div class=\"aux-parallax-section elementor-column elementor-col-100 elementor-top-column elementor-element elementor-element-e39dccb\" data-id=\"e39dccb\" data-element_type=\"column\">\n\t\t\t<div class=\"elementor-widget-wrap elementor-element-populated\">\n\t\t\t\t\t\t<div class=\"elementor-element elementor-element-c00f936 elementor-widget elementor-widget-accordion\" data-id=\"c00f936\" data-element_type=\"widget\" data-widget_type=\"accordion.default\">\n\t\t\t\t<div class=\"elementor-widget-container\">\n\t\t\t\t\t\t\t<div class=\"elementor-accordion\">\n\t\t\t\t\t\t\t<div class=\"elementor-accordion-item\">\n\t\t\t\t\t<div id=\"elementor-tab-title-2011\" class=\"elementor-tab-title\" data-tab=\"1\" role=\"button\" aria-controls=\"elementor-tab-content-2011\" aria-expanded=\"false\">\n\t\t\t\t\t\t\t\t\t\t\t\t\t<span class=\"elementor-accordion-icon elementor-accordion-icon-right\" aria-hidden=\"true\">\n\t\t\t\t\t\t\t\t\t\t\t\t\t\t\t<span class=\"elementor-accordion-icon-closed\"><i class=\"fas fa-angle-down\"><\/i><\/span>\n\t\t\t\t\t\t\t\t<span class=\"elementor-accordion-icon-opened\"><i class=\"fas fa-angle-up\"><\/i><\/span>\n\t\t\t\t\t\t\t\t\t\t\t\t\t\t<\/span>\n\t\t\t\t\t\t\t\t\t\t\t\t<a class=\"elementor-accordion-title\" tabindex=\"0\">ELEMENTOS INSTRUT\u00d3RIOS<\/a>\n\t\t\t\t\t<\/div>\n\t\t\t\t\t<div id=\"elementor-tab-content-2011\" class=\"elementor-tab-content elementor-clearfix\" data-tab=\"1\" role=\"region\" aria-labelledby=\"elementor-tab-title-2011\"><p>Para instruir devidamente cada processo, dever\u00e1 entregar, sempre, nos termos da Portaria n\u00ba71-A\/2024 de 27.02, os elementos abaixo indicados, para <strong>PROJETOS DE REDE PREDIAL DE \u00c1GUAS:<\/strong><\/p><ol><li>Requerimento para <span style=\"text-decoration: underline; color: #316cb5;\"><a style=\"color: #316cb5; text-decoration: underline;\" href=\"https:\/\/www.simar-louresodivelas.pt\/wp-content\/uploads\/docs\/Mod6_Requerimento_pedido_apreciacao_projetos_agua.pdf\" target=\"_blank\" rel=\"noopener\" data-wplink-url-error=\"true\">Pedido de Aprecia\u00e7\u00e3o de Projetos<\/a>;<\/span><\/li><li><span style=\"text-decoration: underline;\"><span style=\"color: #326da8;\"><strong><span style=\"color: #000000;\"><img decoding=\"async\" class=\"emoji\" role=\"img\" draggable=\"false\" src=\"https:\/\/s.w.org\/images\/core\/emoji\/14.0.0\/svg\/1f517.svg\" alt=\"\ud83d\udd17\" \/><\/span><\/strong><\/span><a title=\"Ficha T\u00e9cnica para Projeto da Rede Predial de \u00c1guas (contadores com caudal de c\u00e1lculo \u2264 12000 litros por hora)\" href=\"https:\/\/www.simar-louresodivelas.pt\/wp-content\/uploads\/2024\/11\/Ficha_Tecnica_AG_01_Nov_2024.pdf\" target=\"_blank\" rel=\"noopener\"><strong><span style=\"color: #326da8; text-decoration: underline;\">Ficha T\u00e9cnica para Projeto da Rede Predial de \u00c1guas (contadores com caudal de c\u00e1lculo \u2264 12000 litros por hora)<\/span><\/strong><\/a><\/span> ou <span style=\"text-decoration: underline;\"><span style=\"color: #326da8;\"><strong><span style=\"color: #000000;\"><img decoding=\"async\" class=\"emoji\" role=\"img\" draggable=\"false\" src=\"https:\/\/s.w.org\/images\/core\/emoji\/14.0.0\/svg\/1f517.svg\" alt=\"\ud83d\udd17\" \/><\/span><\/strong><\/span><a title=\"Ficha T\u00e9cnica para Projeto da Rede Predial de \u00c1guas (contadores com caudal de c\u00e1lculo &gt; 1200 litros por hora)\" href=\"https:\/\/www.simar-louresodivelas.pt\/wp-content\/uploads\/2024\/11\/Capa-Aguas-Contadores-DN-maior-50-mm-2024.pdf\" target=\"_blank\" rel=\"noopener\" data-wplink-url-error=\"true\"><strong><span style=\"color: #326da8; text-decoration: underline;\">Ficha T\u00e9cnica para Projeto da Rede Predial de \u00c1guas (contadores com caudal &gt;12000 litros por hora)<\/span><\/strong><\/a><\/span> (dever\u00e1 ter particular aten\u00e7\u00e3o \u00e0 press\u00e3o necess\u00e1ria no ponto de liga\u00e7\u00e3o e caudal de c\u00e1lculo em litros por hora para dimensionamento do contador)<em>;<\/em><\/li><li>Termo de responsabilidade do t\u00e9cnico autor do projeto com o c\u00f3digo de verifica\u00e7\u00e3o das compet\u00eancias profissionais emitido por associa\u00e7\u00e3o p\u00fablica de natureza profissional;<\/li><li>Comprovativo de contrata\u00e7\u00e3o de seguro de responsabilidade civil do t\u00e9cnico autor do projeto;<\/li><li>Planta de localiza\u00e7\u00e3o com cadastro das redes municipais a solicitar previamente aos SIMAR atrav\u00e9s do formul\u00e1rio on-line, dispon\u00edvel em <span style=\"color: #326da8;\"><strong><span style=\"color: #000000;\"><img decoding=\"async\" class=\"emoji\" role=\"img\" draggable=\"false\" src=\"https:\/\/s.w.org\/images\/core\/emoji\/14.0.0\/svg\/1f517.svg\" alt=\"\ud83d\udd17\" \/><\/span><\/strong><\/span><span style=\"text-decoration: underline;\"><span style=\"color: #326da8;\"><strong><a style=\"color: #326da8; text-decoration: underline;\" href=\"\/index.php\/plantas-de-cadastro\" target=\"_blank\" rel=\"noopener\">Plantas de Cadastro<\/a><\/strong><\/span><\/span>;<\/li><li>Mem\u00f3ria descritiva e justificativa na qual constem a descri\u00e7\u00e3o da conce\u00e7\u00e3o do sistema, materiais e demais exig\u00eancias regulamentares;<\/li><li>C\u00e1lculo Hidr\u00e1ulico, dos quais constem os crit\u00e9rios de dimensionamento do sistema, materiais e demais exig\u00eancias regulamentares;<\/li><li>Planta de implanta\u00e7\u00e3o com indica\u00e7\u00e3o de escala (dispens\u00e1vel se a planta do piso t\u00e9rreo incluir limites do lote com representa\u00e7\u00e3o dos muros e de todos os arranjos exteriores, tais como, escadas, rampas de acesso, floreiras, espa\u00e7os verdes, etc.)<\/li><li>Plantas de todos os pisos com representa\u00e7\u00e3o da rede, incluindo cobertura (escala 1:100);<\/li><li>Corte esquem\u00e1tico que inclua limite do lote e muros (quando aplic\u00e1vel) ou em alternativa perspetiva isom\u00e9trica (escala 1:100);<\/li><li>Pormenores t\u00e9cnicos que se entendam como necess\u00e1rios para uma boa interpreta\u00e7\u00e3o do projeto.<\/li><\/ol><\/div>\n\t\t\t\t<\/div>\n\t\t\t\t\t\t\t<div class=\"elementor-accordion-item\">\n\t\t\t\t\t<div id=\"elementor-tab-title-2012\" class=\"elementor-tab-title\" data-tab=\"2\" role=\"button\" aria-controls=\"elementor-tab-content-2012\" aria-expanded=\"false\">\n\t\t\t\t\t\t\t\t\t\t\t\t\t<span class=\"elementor-accordion-icon elementor-accordion-icon-right\" aria-hidden=\"true\">\n\t\t\t\t\t\t\t\t\t\t\t\t\t\t\t<span class=\"elementor-accordion-icon-closed\"><i class=\"fas fa-angle-down\"><\/i><\/span>\n\t\t\t\t\t\t\t\t<span class=\"elementor-accordion-icon-opened\"><i class=\"fas fa-angle-up\"><\/i><\/span>\n\t\t\t\t\t\t\t\t\t\t\t\t\t\t<\/span>\n\t\t\t\t\t\t\t\t\t\t\t\t<a class=\"elementor-accordion-title\" tabindex=\"0\">CORRE\u00c7\u00d5ES AO PROJETO - SOLICITADAS PELOS SIMAR<\/a>\n\t\t\t\t\t<\/div>\n\t\t\t\t\t<div id=\"elementor-tab-content-2012\" class=\"elementor-tab-content elementor-clearfix\" data-tab=\"2\" role=\"region\" aria-labelledby=\"elementor-tab-title-2012\"><p>Em caso dos SIMAR solicitarem corre\u00e7\u00f5es ao projeto, dever\u00e1 ser utilizado requerimento pr\u00f3prio para o efeito, <span style=\"color: #326da8;\"><strong><span style=\"color: #000000;\"><img decoding=\"async\" class=\"emoji\" role=\"img\" draggable=\"false\" src=\"https:\/\/s.w.org\/images\/core\/emoji\/14.0.0\/svg\/1f517.svg\" alt=\"\ud83d\udd17\" \/><\/span><\/strong><\/span><span style=\"text-decoration: underline; color: #316cb5;\"><a style=\"color: #316cb5; text-decoration: underline;\" href=\"https:\/\/www.simar-louresodivelas.pt\/wp-content\/uploads\/docs\/Mod6A_Requerimento_pedido_apreciacao_correcoes_projeto_agua.pdf\" target=\"_blank\" rel=\"noopener\">Pedido de Aprecia\u00e7\u00e3o de Corre\u00e7\u00f5es de Projetos<\/a><\/span> e os novos ficheiros devem ser anexados, devidamente identificados, e com indica\u00e7\u00e3o que substituem a vers\u00e3o anterior.<\/p><\/div>\n\t\t\t\t<\/div>\n\t\t\t\t\t\t\t<div class=\"elementor-accordion-item\">\n\t\t\t\t\t<div id=\"elementor-tab-title-2013\" class=\"elementor-tab-title\" data-tab=\"3\" role=\"button\" aria-controls=\"elementor-tab-content-2013\" aria-expanded=\"false\">\n\t\t\t\t\t\t\t\t\t\t\t\t\t<span class=\"elementor-accordion-icon elementor-accordion-icon-right\" aria-hidden=\"true\">\n\t\t\t\t\t\t\t\t\t\t\t\t\t\t\t<span class=\"elementor-accordion-icon-closed\"><i class=\"fas fa-angle-down\"><\/i><\/span>\n\t\t\t\t\t\t\t\t<span class=\"elementor-accordion-icon-opened\"><i class=\"fas fa-angle-up\"><\/i><\/span>\n\t\t\t\t\t\t\t\t\t\t\t\t\t\t<\/span>\n\t\t\t\t\t\t\t\t\t\t\t\t<a class=\"elementor-accordion-title\" tabindex=\"0\">REGRAS A TER EM CONSIDERA\u00c7\u00c3O<\/a>\n\t\t\t\t\t<\/div>\n\t\t\t\t\t<div id=\"elementor-tab-content-2013\" class=\"elementor-tab-content elementor-clearfix\" data-tab=\"3\" role=\"region\" aria-labelledby=\"elementor-tab-title-2013\"><p>O di\u00e2metro m\u00ednimo do ramal de liga\u00e7\u00e3o \u00e9 de DN 50.<\/p><p>Quando seja necess\u00e1rio instalar v\u00e1lvula redutora de press\u00e3o, a mesma dever\u00e1 estar posicionada a jusante da v\u00e1lvula de seccionamento.<\/p><\/div>\n\t\t\t\t<\/div>\n\t\t\t\t\t\t\t\t<\/div>\n\t\t\t\t\t\t<\/div>\n\t\t\t\t<\/div>\n\t\t\t\t\t<\/div>\n\t\t<\/div>\n\t\t\t\t\t<\/div>\n\t\t<\/section>\n\t\t\t\t<section class=\"elementor-section elementor-top-section elementor-element elementor-element-4c5a062 elementor-section-boxed elementor-section-height-default elementor-section-height-default\" data-id=\"4c5a062\" data-element_type=\"section\">\n\t\t\t\t\t\t<div class=\"elementor-container elementor-column-gap-default\">\n\t\t\t\t\t<div class=\"aux-parallax-section elementor-column elementor-col-100 elementor-top-column elementor-element elementor-element-993de97\" data-id=\"993de97\" data-element_type=\"column\">\n\t\t\t<div class=\"elementor-widget-wrap elementor-element-populated\">\n\t\t\t\t\t\t<div class=\"elementor-element elementor-element-677642a elementor-widget elementor-widget-html\" data-id=\"677642a\" data-element_type=\"widget\" data-widget_type=\"html.default\">\n\t\t\t\t<div class=\"elementor-widget-container\">\n\t\t\t\t\t<script src=\"data:text\/javascript;base64,alF1ZXJ5KGRvY3VtZW50KS5yZWFkeShmdW5jdGlvbigkKXt2YXIgZGVsYXk9MTAwO3NldFRpbWVvdXQoZnVuY3Rpb24oKXskKCcuZWxlbWVudG9yLXRhYi10aXRsZScpLnJlbW92ZUNsYXNzKCdlbGVtZW50b3ItYWN0aXZlJyk7JCgnLmVsZW1lbnRvci10YWItY29udGVudCcpLmNzcygnZGlzcGxheScsJ25vbmUnKX0sZGVsYXkpfSk=\" defer><\/script>\n\t\t\t\t<\/div>\n\t\t\t\t<\/div>\n\t\t\t\t\t<\/div>\n\t\t<\/div>\n\t\t\t\t\t<\/div>\n\t\t<\/section>\n\t\t\t\t<\/div>\n\t\t","protected":false},"excerpt":{"rendered":"<p>No cumprimento do disposto no Decreto-Lei n\u00ba555\/99 de 16\/12 na reda\u00e7\u00e3o do Decreto-Lei n\u00ba10\/2024 de 08.01 do Regime Jur\u00eddico da Urbaniza\u00e7\u00e3o e Edifica\u00e7\u00e3o, a aprecia\u00e7\u00e3o de projetos pelos SIMAR de Loures e Odivelas incidir\u00e1 na an\u00e1lise e verifica\u00e7\u00e3o da conformidade das condi\u00e7\u00f5es de liga\u00e7\u00e3o \u00e0s redes p\u00fablicas, bem como, o cumprimento da legisla\u00e7\u00e3o vigente no [&hellip;]<\/p>\n","protected":false},"author":1,"featured_media":0,"parent":0,"menu_order":0,"comment_status":"closed","ping_status":"closed","template":"","meta":{"_monsterinsights_skip_tracking":false,"_monsterinsights_sitenote_active":false,"_monsterinsights_sitenote_note":"","_monsterinsights_sitenote_category":0,"_uf_show_specific_survey":0,"_uf_disable_surveys":false,"footnotes":""},"class_list":["post-5966","page","type-page","status-publish","hentry"],"aioseo_notices":[],"_links":{"self":[{"href":"https:\/\/www.simar-louresodivelas.pt\/index.php\/wp-json\/wp\/v2\/pages\/5966","targetHints":{"allow":["GET"]}}],"collection":[{"href":"https:\/\/www.simar-louresodivelas.pt\/index.php\/wp-json\/wp\/v2\/pages"}],"about":[{"href":"https:\/\/www.simar-louresodivelas.pt\/index.php\/wp-json\/wp\/v2\/types\/page"}],"author":[{"embeddable":true,"href":"https:\/\/www.simar-louresodivelas.pt\/index.php\/wp-json\/wp\/v2\/users\/1"}],"replies":[{"embeddable":true,"href":"https:\/\/www.simar-louresodivelas.pt\/index.php\/wp-json\/wp\/v2\/comments?post=5966"}],"version-history":[{"count":161,"href":"https:\/\/www.simar-louresodivelas.pt\/index.php\/wp-json\/wp\/v2\/pages\/5966\/revisions"}],"predecessor-version":[{"id":36780,"href":"https:\/\/www.simar-louresodivelas.pt\/index.php\/wp-json\/wp\/v2\/pages\/5966\/revisions\/36780"}],"wp:attachment":[{"href":"https:\/\/www.simar-louresodivelas.pt\/index.php\/wp-json\/wp\/v2\/media?parent=5966"}],"curies":[{"name":"wp","href":"https:\/\/api.w.org\/{rel}","templated":true}]}}