{"id":5957,"date":"2023-09-20T09:39:08","date_gmt":"2023-09-20T09:39:08","guid":{"rendered":"http:\/\/websimar01\/simar\/?page_id=5957"},"modified":"2025-11-13T11:49:19","modified_gmt":"2025-11-13T11:49:19","slug":"regulamentos-e-normas","status":"publish","type":"page","link":"https:\/\/www.simar-louresodivelas.pt\/index.php\/regulamentos-e-normas","title":{"rendered":"Regulamentos e Normas"},"content":{"rendered":"\t\t<div data-elementor-type=\"wp-page\" data-elementor-id=\"5957\" class=\"elementor elementor-5957\">\n\t\t\t\t\t\t<section class=\"elementor-section elementor-top-section elementor-element elementor-element-120ffb8 elementor-section-full_width elementor-section-stretched elementor-section-height-default elementor-section-height-default\" data-id=\"120ffb8\" data-element_type=\"section\" data-settings=\"{&quot;stretch_section&quot;:&quot;section-stretched&quot;,&quot;background_background&quot;:&quot;classic&quot;}\">\n\t\t\t\t\t\t<div class=\"elementor-container elementor-column-gap-default\">\n\t\t\t\t\t<div class=\"aux-parallax-section elementor-column elementor-col-100 elementor-top-column elementor-element elementor-element-613d80d\" data-id=\"613d80d\" data-element_type=\"column\">\n\t\t\t<div class=\"elementor-widget-wrap elementor-element-populated\">\n\t\t\t\t\t\t<div class=\"elementor-element elementor-element-1fc8b0d elementor-widget elementor-widget-image\" data-id=\"1fc8b0d\" data-element_type=\"widget\" data-widget_type=\"image.default\">\n\t\t\t\t<div class=\"elementor-widget-container\">\n\t\t\t\t\t\t\t\t\t\t\t\t\t\t\t<img decoding=\"async\" src=\"https:\/\/www.simar-louresodivelas.pt\/wp-content\/uploads\/2023\/09\/regulam-normas.jpg\" title=\"regulam normas\" alt=\"regulam normas\" loading=\"lazy\" \/>\t\t\t\t\t\t\t\t\t\t\t\t\t\t\t<\/div>\n\t\t\t\t<\/div>\n\t\t\t\t\t<\/div>\n\t\t<\/div>\n\t\t\t\t\t<\/div>\n\t\t<\/section>\n\t\t\t\t<section class=\"elementor-section elementor-top-section elementor-element elementor-element-42c2bab elementor-section-boxed elementor-section-height-default elementor-section-height-default\" data-id=\"42c2bab\" data-element_type=\"section\">\n\t\t\t\t\t\t<div class=\"elementor-container elementor-column-gap-default\">\n\t\t\t\t\t<div class=\"aux-parallax-section elementor-column elementor-col-100 elementor-top-column elementor-element elementor-element-5cf6473\" data-id=\"5cf6473\" data-element_type=\"column\">\n\t\t\t<div class=\"elementor-widget-wrap elementor-element-populated\">\n\t\t\t\t\t\t<div class=\"elementor-element elementor-element-e8f227e elementor-widget-divider--view-line_icon elementor-view-default elementor-widget-divider--element-align-center elementor-widget elementor-widget-divider\" data-id=\"e8f227e\" data-element_type=\"widget\" data-widget_type=\"divider.default\">\n\t\t\t\t<div class=\"elementor-widget-container\">\n\t\t\t\t\t\t\t<div class=\"elementor-divider\">\n\t\t\t<span class=\"elementor-divider-separator\">\n\t\t\t\t\t\t\t<div class=\"elementor-icon elementor-divider__element\">\n\t\t\t\t\t<i aria-hidden=\"true\" class=\"fas fa-book-open\"><\/i><\/div>\n\t\t\t\t\t\t<\/span>\n\t\t<\/div>\n\t\t\t\t\t\t<\/div>\n\t\t\t\t<\/div>\n\t\t\t\t\t<\/div>\n\t\t<\/div>\n\t\t\t\t\t<\/div>\n\t\t<\/section>\n\t\t\t\t<section class=\"elementor-section elementor-top-section elementor-element elementor-element-0a62255 elementor-section-boxed elementor-section-height-default elementor-section-height-default\" data-id=\"0a62255\" data-element_type=\"section\">\n\t\t\t\t\t\t<div class=\"elementor-container elementor-column-gap-default\">\n\t\t\t\t\t<div class=\"aux-parallax-section elementor-column elementor-col-100 elementor-top-column elementor-element elementor-element-e00119e\" data-id=\"e00119e\" data-element_type=\"column\" data-settings=\"{&quot;background_background&quot;:&quot;classic&quot;}\">\n\t\t\t<div class=\"elementor-widget-wrap elementor-element-populated\">\n\t\t\t\t\t\t<div class=\"elementor-element elementor-element-2db5c78 elementor-widget elementor-widget-text-editor\" data-id=\"2db5c78\" data-element_type=\"widget\" data-widget_type=\"text-editor.default\">\n\t\t\t\t<div class=\"elementor-widget-container\">\n\t\t\t\t\t\t\t\t\t<p><span style=\"color: #000000;\">No \u00e2mbito da desmaterializa\u00e7\u00e3o de processos e transforma\u00e7\u00e3o digital, os SIMAR de Loures e Odivelas disponibilizam instrumentos que permitem o envio de novos projetos de forma digital, simples e c\u00e9lere.<\/span><\/p><p><span style=\"color: #000000;\">Nesta p\u00e1gina, encontra todo o procedimento, normas e documentos necess\u00e1rios para efetuar o seu pedido.<\/span><\/p><p><span style=\"color: #000000;\">Consulte as normas e elementos instrut\u00f3rios necess\u00e1rios para a correta instru\u00e7\u00e3o dos pedidos em formato digital, no \u00e2mbito da aprecia\u00e7\u00e3o de projetos de rede interna de \u00e1guas e de rede interna de \u00e1guas residuais (dom\u00e9sticas e pluviais) e de res\u00edduos urbanos.<\/span><\/p><p><span style=\"color: #000000;\">Todos os elementos instrut\u00f3rios de um pedido devem ser entregues em formato digital e autenticados atrav\u00e9s de uma assinatura digital qualificada. Por exemplo, o cart\u00e3o do cidad\u00e3o. <\/span><span style=\"color: #000000;\">A falta da mesma implica a rejei\u00e7\u00e3o do processo para aprecia\u00e7\u00e3o.<\/span><\/p><p><span style=\"color: #000000;\">Os elementos que integram os pedidos de aprecia\u00e7\u00e3o de projetos em redes prediais de abastecimento de \u00e1gua ou drenagem de redes residuais encontram-se definidos no:<\/span><\/p><p><span style=\"color: #326da8;\"><strong><span style=\"color: #000000;\"><img decoding=\"async\" class=\"emoji\" role=\"img\" draggable=\"false\" src=\"https:\/\/s.w.org\/images\/core\/emoji\/14.0.0\/svg\/1f517.svg\" alt=\"\ud83d\udd17\" \/> <\/span><\/strong><\/span><a href=\"\/wp-content\/uploads\/2025\/06\/Consolidacao-Decreto-Regulamentar-n.o-23_95-Diario-da-Republica-n.o-194_1995-Serie-I-B-de-1995-08-23.pdf\" target=\"_blank\" rel=\"noopener\"><span style=\"text-decoration: underline;\"><span style=\"color: #326da8; text-decoration: underline;\">Regulamento Geral dos Sistemas P\u00fablicos e Prediais de Distribui\u00e7\u00e3o <br \/>de \u00c1gua e de Drenagem de \u00c1guas Residuais (Decreto Regulamentar n.\u00ba 23\/95 de 23 de agosto)<\/span><\/span><span style=\"color: #000000;\">;<\/span><\/a><\/p><p><span style=\"color: #326da8;\"><strong><span style=\"color: #000000;\"><img decoding=\"async\" class=\"emoji\" role=\"img\" draggable=\"false\" src=\"https:\/\/s.w.org\/images\/core\/emoji\/14.0.0\/svg\/1f517.svg\" alt=\"\ud83d\udd17\" \/><\/span><\/strong> <\/span><span style=\"text-decoration: underline;\"><a title=\"Regulamento de Abastecimento de \u00c1guas dos SIMAR de Loures e Odivelas\" href=\"https:\/\/www.simar-louresodivelas.pt\/wp-content\/uploads\/2024\/11\/Regulamento_AG_SIMAR.pdf\"><span style=\"color: #326da8; text-decoration: underline;\">Regulamento de Abastecimento de \u00c1guas dos SIMAR de Loures e Odivelas<\/span><\/a><\/span><span style=\"color: #000000;\">;<\/span><\/p><p><span style=\"color: #326da8;\"><strong><span style=\"color: #000000;\"><img decoding=\"async\" class=\"emoji\" role=\"img\" draggable=\"false\" src=\"https:\/\/s.w.org\/images\/core\/emoji\/14.0.0\/svg\/1f517.svg\" alt=\"\ud83d\udd17\" \/><\/span><\/strong> <\/span><span style=\"text-decoration: underline;\"><span style=\"color: #326da8; text-decoration: underline;\"><a style=\"color: #326da8; text-decoration: underline;\" href=\"\/wp-content\/uploads\/2023\/05\/3_regulamento_do_servi_c3_a7o_de_drenagem_de__c3_81guas_residuais_2005_1_.pdf\" target=\"_blank\" rel=\"noopener\">Regulamento de Drenagem de \u00c1guas Residuais dos SIMAR de Loures e Odivelas<\/a><\/span><\/span><span style=\"color: #000000;\"><a style=\"color: #000000;\" href=\"http:\/\/websimar01\/simar\/wp-content\/uploads\/2023\/05\/3_regulamento_do_servi_c3_a7o_de_drenagem_de__c3_81guas_residuais_2005_1_.pdf\" target=\"_blank\" rel=\"noopener\">;<\/a><\/span><\/p><p><span style=\"color: #326da8;\"><strong><span style=\"color: #000000;\"><img decoding=\"async\" class=\"emoji\" role=\"img\" draggable=\"false\" src=\"https:\/\/s.w.org\/images\/core\/emoji\/14.0.0\/svg\/1f517.svg\" alt=\"\ud83d\udd17\" \/><\/span><\/strong> <\/span><span style=\"text-decoration: underline;\"><span style=\"color: #326da8; text-decoration: underline;\"><a style=\"color: #326da8; text-decoration: underline;\" href=\"\/wp-content\/uploads\/2023\/05\/regulamento_de_descarga_de__guas_residuais_industriais_2005.pdf\" target=\"_blank\" rel=\"noopener\">Regulamento de Descargas de \u00c1guas Residuais e Industriais dos SIMAR de Loures e Odivelas<\/a><\/span><\/span><span style=\"color: #326da8;\"><a style=\"color: #326da8;\" href=\"http:\/\/websimar01\/simar\/wp-content\/uploads\/2023\/05\/regulamento_de_descarga_de__guas_residuais_industriais_2005.pdf\" target=\"_blank\" rel=\"noopener\">;<\/a><\/span><\/p><p><a href=\"\/wp-content\/uploads\/2025\/10\/Consolidacao-Decreto-Lei-n.o-220_2008-Diario-da-Republica-n.o-220_2008-Serie-I-de-2008-11-12.pdf\" target=\"_blank\" rel=\"noopener\"><span style=\"color: #326da8;\"><strong><span style=\"color: #000000;\"><img decoding=\"async\" class=\"emoji\" role=\"img\" draggable=\"false\" src=\"https:\/\/s.w.org\/images\/core\/emoji\/14.0.0\/svg\/1f517.svg\" alt=\"\ud83d\udd17\" \/> <\/span><\/strong><\/span><span style=\"color: #000000;\"><span style=\"text-decoration: underline;\"><span style=\"color: #326da8; text-decoration: underline;\">Regulamento de Seguran\u00e7a Contra Inc\u00eandios (Decreto-Lei 220\/2008 de 12 de novembro, na sua reda\u00e7\u00e3o em vigor, DL\u00a0 n.\u00ba 9\/2021 de 29\/01)<\/span><\/span>;<\/span><\/a><\/p><p><a href=\"\/wp-content\/uploads\/2025\/10\/Consolidacao-Portaria-n.o-1532_2008-Diario-da-Republica-n.o-250_2008-Serie-I-de-2008-12-29.pdf\" target=\"_blank\" rel=\"noopener\"><span style=\"color: #326da8;\"><strong><span style=\"color: #000000;\"><img decoding=\"async\" class=\"emoji\" role=\"img\" draggable=\"false\" src=\"https:\/\/s.w.org\/images\/core\/emoji\/14.0.0\/svg\/1f517.svg\" alt=\"\ud83d\udd17\" \/> <\/span><\/strong><\/span><span style=\"color: #000000;\"><span style=\"text-decoration: underline; color: #316cb5;\">Portaria 1532\/2008 de 29 de dezembro, alterada pela Portaria n.\u00ba 135\/2020 de 02 de junho<\/span>;<\/span><\/a><\/p><p><strong>Ver normas regulamentares (abaixo).<\/strong><\/p>\t\t\t\t\t\t\t\t<\/div>\n\t\t\t\t<\/div>\n\t\t\t\t\t<\/div>\n\t\t<\/div>\n\t\t\t\t\t<\/div>\n\t\t<\/section>\n\t\t\t\t<section class=\"elementor-section elementor-top-section elementor-element elementor-element-1dce1f7 elementor-section-boxed elementor-section-height-default elementor-section-height-default\" data-id=\"1dce1f7\" data-element_type=\"section\">\n\t\t\t\t\t\t<div class=\"elementor-container elementor-column-gap-default\">\n\t\t\t\t\t<div class=\"aux-parallax-section elementor-column elementor-col-100 elementor-top-column elementor-element elementor-element-5ab567b\" data-id=\"5ab567b\" data-element_type=\"column\" data-settings=\"{&quot;background_background&quot;:&quot;classic&quot;}\">\n\t\t\t<div class=\"elementor-widget-wrap elementor-element-populated\">\n\t\t\t\t\t\t<div class=\"elementor-element elementor-element-5ce3e9d elementor-widget__width-initial elementor-widget elementor-widget-text-editor\" data-id=\"5ce3e9d\" data-element_type=\"widget\" data-widget_type=\"text-editor.default\">\n\t\t\t\t<div class=\"elementor-widget-container\">\n\t\t\t\t\t\t\t\t\t<p style=\"padding-left: 40px;\">No cumprimento do disposto no Decreto-Lei n\u00ba555\/99 de 16\/12 na reda\u00e7\u00e3o do Decreto-Lei n\u00ba10\/2024 de 08.01 do Regime Jur\u00eddico da Urbaniza\u00e7\u00e3o e Edifica\u00e7\u00e3o, a aprecia\u00e7\u00e3o de projetos pelos SIMAR de Loures e Odivelas incidir\u00e1 na an\u00e1lise e verifica\u00e7\u00e3o da conformidade das condi\u00e7\u00f5es de liga\u00e7\u00e3o \u00e0s redes p\u00fablicas, bem como, o cumprimento da legisla\u00e7\u00e3o vigente no que respeita \u00e0s redes p\u00fablicas que estejam previstas executar e que ser\u00e3o posteriormente integradas nas redes p\u00fablicas dos munic\u00edpios de Loures e Odivelas.<\/p><p style=\"padding-left: 40px;\">O cumprimento das disposi\u00e7\u00f5es legais no que concerne \u00e0s redes prediais, ficar\u00e1 assegurado pelo termo de responsabilidade e demais documentos de habilita\u00e7\u00e3o apresentados pelo t\u00e9cnico autor do projeto, n\u00e3o se responsabilizando os SIMAR por eventuais incumprimentos ou falsas declara\u00e7\u00f5es nos termos de responsabilidade.<\/p><p style=\"padding-left: 40px;\">Estes requisitos aplicam-se \u00e0 aprecia\u00e7\u00e3o de todos os projetos de abastecimento de \u00e1gua ou drenagem de \u00e1guas residuais, quer sejam entregues diretamente nas C\u00e2maras Municipais ou nos pr\u00f3prios SIMAR de Loures e Odivelas.<\/p>\t\t\t\t\t\t\t\t<\/div>\n\t\t\t\t<\/div>\n\t\t\t\t\t<\/div>\n\t\t<\/div>\n\t\t\t\t\t<\/div>\n\t\t<\/section>\n\t\t\t\t<section class=\"elementor-section elementor-top-section elementor-element elementor-element-3e17c13 elementor-section-boxed elementor-section-height-default elementor-section-height-default\" data-id=\"3e17c13\" data-element_type=\"section\">\n\t\t\t\t\t\t<div class=\"elementor-container elementor-column-gap-default\">\n\t\t\t\t\t<div class=\"aux-parallax-section elementor-column elementor-col-100 elementor-top-column elementor-element elementor-element-f41d5fd\" data-id=\"f41d5fd\" data-element_type=\"column\">\n\t\t\t<div class=\"elementor-widget-wrap elementor-element-populated\">\n\t\t\t\t\t\t<div class=\"elementor-element elementor-element-e58cf65 elementor-widget elementor-widget-accordion\" data-id=\"e58cf65\" data-element_type=\"widget\" data-widget_type=\"accordion.default\">\n\t\t\t\t<div class=\"elementor-widget-container\">\n\t\t\t\t\t\t\t<div class=\"elementor-accordion\">\n\t\t\t\t\t\t\t<div class=\"elementor-accordion-item\">\n\t\t\t\t\t<div id=\"elementor-tab-title-2401\" class=\"elementor-tab-title\" data-tab=\"1\" role=\"button\" aria-controls=\"elementor-tab-content-2401\" aria-expanded=\"false\">\n\t\t\t\t\t\t\t\t\t\t\t\t\t<span class=\"elementor-accordion-icon elementor-accordion-icon-right\" aria-hidden=\"true\">\n\t\t\t\t\t\t\t\t\t\t\t\t\t\t\t<span class=\"elementor-accordion-icon-closed\"><i class=\"fas fa-angle-down\"><\/i><\/span>\n\t\t\t\t\t\t\t\t<span class=\"elementor-accordion-icon-opened\"><i class=\"fas fa-angle-up\"><\/i><\/span>\n\t\t\t\t\t\t\t\t\t\t\t\t\t\t<\/span>\n\t\t\t\t\t\t\t\t\t\t\t\t<a class=\"elementor-accordion-title\" tabindex=\"0\">DEVEM SER CUMPRIDAS AS SEGUINTES NORMAS<\/a>\n\t\t\t\t\t<\/div>\n\t\t\t\t\t<div id=\"elementor-tab-content-2401\" class=\"elementor-tab-content elementor-clearfix\" data-tab=\"1\" role=\"region\" aria-labelledby=\"elementor-tab-title-2401\"><p><span style=\"color: #000000;\">No \u00e2mbito da aprecia\u00e7\u00e3o de projetos de \u00c1gua, \u00c1guas Residuais (Dom\u00e9sticas e Pluviais) e Res\u00edduos S\u00f3lidos Urbanos, nos concelhos de Loures e Odivelas e considerando os requisitos t\u00e9cnicos necess\u00e1rios para a correta rece\u00e7\u00e3o dos pedidos, em formato digital, bem como, o cumprimento da legisla\u00e7\u00e3o em vigor, devem ser cumpridas as seguintes normas:<\/span><\/p><ol><li><span style=\"color: #000000;\">Para a instru\u00e7\u00e3o de processos em formato digital, todos os pedidos devem ser realizados atrav\u00e9s de requerimento, assinado digitalmente.<\/span><\/li><li><span style=\"color: #000000;\">A assinatura dos requerimentos deve ser realizada pelos t\u00e9cnicos respons\u00e1veis pelo projeto ou pelo Diretor de Obra.<\/span><\/li><li><span style=\"color: #000000;\">Os requerimentos em PDF edit\u00e1vel encontram-se dispon\u00edveis, a partir de hiperliga\u00e7\u00f5es, na lista de elementos instrut\u00f3rios.<\/span><\/li><li><span style=\"color: #000000;\">Estes requerimentos em PDF edit\u00e1vel devem, obrigatoriamente, ser gravados no formato original, no computador, sendo que n\u00e3o ser\u00e3o aceites prints ou documentos digitalizados.<\/span><\/li><li><span style=\"color: #000000;\">Para assinatura do requerimento, com o certificado digital qualificado, dever\u00e1 clicar no campo destinado \u00e0 assinatura.<\/span><\/li><li><span style=\"color: #000000;\">Os ficheiros devem ser entregues, exclusivamente, em suporte digital gravados numa \u00fanica pasta eletr\u00f3nica e enviados para o endere\u00e7o de email: <span style=\"color: #3366ff;\"><a style=\"color: #3366ff;\" href=\"geral@simar-louresodivelas.pt\"><span style=\"text-decoration: underline; color: #316cb5;\">geral@simar-louresodivelas.pt<\/span><\/a><\/span><\/span><\/li><li><span style=\"color: #000000;\">Cada e-mail n\u00e3o deve ter dimens\u00e3o superior a 15MB.<\/span><\/li><li><span style=\"color: #000000;\">O nome dos ficheiros n\u00e3o \u00e9 pr\u00e9-determinado, mas deve permitir identificar, inequivocamente, o seu conte\u00fado.<\/span><\/li><li><span style=\"color: #000000;\">A assinatura digital dos documentos, quando exigida, deve ser qualificada sendo uma das admiss\u00edveis a do cart\u00e3o do cidad\u00e3o.<\/span><\/li><li><span style=\"color: #000000;\">As pe\u00e7as escritas devem ser entregues em formato PDF\/A sempre que necess\u00e1rio a assinatura do requerente ou do t\u00e9cnico e formato PDF para os restantes documentos;<\/span><\/li><li><span style=\"color: #000000;\">As pe\u00e7as desenhadas devem ser entregues em formato DWFx, que suporta assinatura digital qualificada.<\/span><\/li><\/ol><p style=\"padding-left: 80px;\"><span style=\"color: #000000;\">a. Todos os ficheiros DWFx devem ser criados em formato\/escala igual ao da impress\u00e3o.<\/span><\/p><p style=\"padding-left: 80px;\"><span style=\"color: #000000;\">b. A unidade utilizada deve ser o metro, com precis\u00e3o de duas casas decimais.<\/span><\/p><p style=\"padding-left: 80px;\"><span style=\"color: #000000;\">c. Todos os desenhos devem ser realizados em tamanho real segundo a mesma unidade m\u00e9trica (1unidade = 1metro).<\/span><\/p><p style=\"padding-left: 80px;\"><span style=\"color: #000000;\">d. Quando um ficheiro DWFx se refere a uma especialidade, dever\u00e1 conter todas as folhas relativas \u00e0s pe\u00e7as desenhadas dessa especialidade.<\/span><\/p><p style=\"padding-left: 80px;\"><span style=\"color: #000000;\">e. Todos os ficheiros criados a partir do CAD devem permitir a identifica\u00e7\u00e3o e controle da visibilidade dos <em>layers<\/em>.<\/span><\/p><p><span style=\"color: #000000;\">12. Os SIMAR de Loures e Odivelas est\u00e3o, totalmente, impedidos, de executar qualquer altera\u00e7\u00e3o aos ficheiros entregues, garantindo, assim, a autenticidade dos mesmos.<\/span><\/p><\/div>\n\t\t\t\t<\/div>\n\t\t\t\t\t\t\t\t<\/div>\n\t\t\t\t\t\t<\/div>\n\t\t\t\t<\/div>\n\t\t\t\t<div class=\"elementor-element elementor-element-65e26ac elementor-widget elementor-widget-html\" data-id=\"65e26ac\" data-element_type=\"widget\" data-widget_type=\"html.default\">\n\t\t\t\t<div class=\"elementor-widget-container\">\n\t\t\t\t\t<script src=\"data:text\/javascript;base64,alF1ZXJ5KGRvY3VtZW50KS5yZWFkeShmdW5jdGlvbigkKXt2YXIgZGVsYXk9MTAwO3NldFRpbWVvdXQoZnVuY3Rpb24oKXskKCcuZWxlbWVudG9yLXRhYi10aXRsZScpLnJlbW92ZUNsYXNzKCdlbGVtZW50b3ItYWN0aXZlJyk7JCgnLmVsZW1lbnRvci10YWItY29udGVudCcpLmNzcygnZGlzcGxheScsJ25vbmUnKX0sZGVsYXkpfSk=\" defer><\/script>\n\t\t\t\t<\/div>\n\t\t\t\t<\/div>\n\t\t\t\t\t<\/div>\n\t\t<\/div>\n\t\t\t\t\t<\/div>\n\t\t<\/section>\n\t\t\t\t<\/div>\n\t\t","protected":false},"excerpt":{"rendered":"<p>No \u00e2mbito da desmaterializa\u00e7\u00e3o de processos e transforma\u00e7\u00e3o digital, os SIMAR de Loures e Odivelas disponibilizam instrumentos que permitem o envio de novos projetos de forma digital, simples e c\u00e9lere. Nesta p\u00e1gina, encontra todo o procedimento, normas e documentos necess\u00e1rios para efetuar o seu pedido. Consulte as normas e elementos instrut\u00f3rios necess\u00e1rios para a correta [&hellip;]<\/p>\n","protected":false},"author":1,"featured_media":0,"parent":0,"menu_order":0,"comment_status":"closed","ping_status":"closed","template":"","meta":{"_monsterinsights_skip_tracking":false,"_monsterinsights_sitenote_active":false,"_monsterinsights_sitenote_note":"","_monsterinsights_sitenote_category":0,"_uf_show_specific_survey":0,"_uf_disable_surveys":false,"footnotes":""},"class_list":["post-5957","page","type-page","status-publish","hentry"],"aioseo_notices":[],"_links":{"self":[{"href":"https:\/\/www.simar-louresodivelas.pt\/index.php\/wp-json\/wp\/v2\/pages\/5957","targetHints":{"allow":["GET"]}}],"collection":[{"href":"https:\/\/www.simar-louresodivelas.pt\/index.php\/wp-json\/wp\/v2\/pages"}],"about":[{"href":"https:\/\/www.simar-louresodivelas.pt\/index.php\/wp-json\/wp\/v2\/types\/page"}],"author":[{"embeddable":true,"href":"https:\/\/www.simar-louresodivelas.pt\/index.php\/wp-json\/wp\/v2\/users\/1"}],"replies":[{"embeddable":true,"href":"https:\/\/www.simar-louresodivelas.pt\/index.php\/wp-json\/wp\/v2\/comments?post=5957"}],"version-history":[{"count":176,"href":"https:\/\/www.simar-louresodivelas.pt\/index.php\/wp-json\/wp\/v2\/pages\/5957\/revisions"}],"predecessor-version":[{"id":36777,"href":"https:\/\/www.simar-louresodivelas.pt\/index.php\/wp-json\/wp\/v2\/pages\/5957\/revisions\/36777"}],"wp:attachment":[{"href":"https:\/\/www.simar-louresodivelas.pt\/index.php\/wp-json\/wp\/v2\/media?parent=5957"}],"curies":[{"name":"wp","href":"https:\/\/api.w.org\/{rel}","templated":true}]}}