{"id":584,"date":"2023-05-15T10:20:27","date_gmt":"2023-05-15T10:20:27","guid":{"rendered":"http:\/\/websimar01\/simar\/?page_id=584"},"modified":"2026-03-16T16:11:23","modified_gmt":"2026-03-16T16:11:23","slug":"aguas-residuais","status":"publish","type":"page","link":"https:\/\/www.simar-louresodivelas.pt\/index.php\/aguas-residuais","title":{"rendered":"\u00c1guas Residuais"},"content":{"rendered":"\t\t<div data-elementor-type=\"wp-page\" data-elementor-id=\"584\" class=\"elementor elementor-584\">\n\t\t\t\t\t\t<section class=\"elementor-section elementor-top-section elementor-element elementor-element-84d7b10 elementor-section-full_width elementor-section-stretched elementor-section-height-default elementor-section-height-default\" data-id=\"84d7b10\" data-element_type=\"section\" data-settings=\"{&quot;stretch_section&quot;:&quot;section-stretched&quot;,&quot;background_background&quot;:&quot;classic&quot;}\">\n\t\t\t\t\t\t<div class=\"elementor-container elementor-column-gap-default\">\n\t\t\t\t\t<div class=\"aux-parallax-section elementor-column elementor-col-100 elementor-top-column elementor-element elementor-element-9141dfa\" data-id=\"9141dfa\" data-element_type=\"column\">\n\t\t\t<div class=\"elementor-widget-wrap elementor-element-populated\">\n\t\t\t\t\t\t<div class=\"elementor-element elementor-element-8068892 elementor-widget elementor-widget-image\" data-id=\"8068892\" data-element_type=\"widget\" data-widget_type=\"image.default\">\n\t\t\t\t<div class=\"elementor-widget-container\">\n\t\t\t\t\t\t\t\t\t\t\t\t\t\t\t<img decoding=\"async\" src=\"https:\/\/www.simar-louresodivelas.pt\/wp-content\/uploads\/2023\/09\/aguas-residuais.jpg\" title=\"aguas residuais\" alt=\"aguas residuais\" loading=\"lazy\" \/>\t\t\t\t\t\t\t\t\t\t\t\t\t\t\t<\/div>\n\t\t\t\t<\/div>\n\t\t\t\t\t<\/div>\n\t\t<\/div>\n\t\t\t\t\t<\/div>\n\t\t<\/section>\n\t\t\t\t<section class=\"elementor-section elementor-top-section elementor-element elementor-element-85ee2ea elementor-section-boxed elementor-section-height-default elementor-section-height-default\" data-id=\"85ee2ea\" data-element_type=\"section\">\n\t\t\t\t\t\t<div class=\"elementor-container elementor-column-gap-default\">\n\t\t\t\t\t<div class=\"aux-parallax-section elementor-column elementor-col-100 elementor-top-column elementor-element elementor-element-84f392e\" data-id=\"84f392e\" data-element_type=\"column\" data-settings=\"{&quot;background_background&quot;:&quot;classic&quot;}\">\n\t\t\t<div class=\"elementor-widget-wrap elementor-element-populated\">\n\t\t\t\t\t\t<div class=\"elementor-element elementor-element-c6b5dd8 elementor-widget elementor-widget-text-editor\" data-id=\"c6b5dd8\" data-element_type=\"widget\" data-widget_type=\"text-editor.default\">\n\t\t\t\t<div class=\"elementor-widget-container\">\n\t\t\t\t\t\t\t\t\t<p>\u00c0s \u00e1guas que, ap\u00f3s utiliza\u00e7\u00e3o humana, apresentam as suas caracter\u00edsticas naturais alteradas, damos o nome de <strong>\u00e1guas residuais<\/strong>.<\/p><p>No passado, a n\u00e3o exist\u00eancia de infraestruturas de drenagem de \u00e1guas residuais levava a que os cursos naturais de \u00e1gua estivessem em risco de desaparecer, devido \u00e0 polui\u00e7\u00e3o. Os SIMAR de Loures e Odivelas, ao longo da sua hist\u00f3ria, t\u00eam vindo a desenvolver e melhorar o servi\u00e7o de drenagem de \u00e1guas residuais, para que as popula\u00e7\u00f5es dos dois concelhos possam desfrutar de um ambiente mais saud\u00e1vel.<\/p><p>Os SIMAR de Loures e Odivelas s\u00e3o respons\u00e1veis pela constru\u00e7\u00e3o, manuten\u00e7\u00e3o, conserva\u00e7\u00e3o, controlo e gest\u00e3o dos sistemas de drenagem de \u00e1guas residuais dom\u00e9sticas.<\/p><p>A drenagem de \u00e1guas residuais nos concelhos de Loures e Odivelas \u00e9 efetuada atrav\u00e9s de uma rede de esgotos, devidamente monitorizada e pensada, de forma a garantir a presta\u00e7\u00e3o de um servi\u00e7o com qualidade e sem falhas.<\/p>\t\t\t\t\t\t\t\t<\/div>\n\t\t\t\t<\/div>\n\t\t\t\t\t<\/div>\n\t\t<\/div>\n\t\t\t\t\t<\/div>\n\t\t<\/section>\n\t\t\t\t<section class=\"elementor-section elementor-top-section elementor-element elementor-element-602a9a5 elementor-section-boxed elementor-section-height-default elementor-section-height-default\" data-id=\"602a9a5\" data-element_type=\"section\">\n\t\t\t\t\t\t<div class=\"elementor-container elementor-column-gap-default\">\n\t\t\t\t\t<div class=\"aux-parallax-section elementor-column elementor-col-100 elementor-top-column elementor-element elementor-element-2b49bf8\" data-id=\"2b49bf8\" data-element_type=\"column\">\n\t\t\t<div class=\"elementor-widget-wrap elementor-element-populated\">\n\t\t\t\t\t\t<div class=\"elementor-element elementor-element-2785563 elementor-widget elementor-widget-text-editor\" data-id=\"2785563\" data-element_type=\"widget\" data-widget_type=\"text-editor.default\">\n\t\t\t\t<div class=\"elementor-widget-container\">\n\t\t\t\t\t\t\t\t\t<p>A rede de drenagem de \u00e1guas residuais apresenta atualmente os seguintes valores:<\/p>\t\t\t\t\t\t\t\t<\/div>\n\t\t\t\t<\/div>\n\t\t\t\t\t<\/div>\n\t\t<\/div>\n\t\t\t\t\t<\/div>\n\t\t<\/section>\n\t\t\t\t<section class=\"elementor-section elementor-top-section elementor-element elementor-element-5e9df06 elementor-section-boxed elementor-section-height-default elementor-section-height-default\" data-id=\"5e9df06\" data-element_type=\"section\">\n\t\t\t\t\t\t<div class=\"elementor-container elementor-column-gap-default\">\n\t\t\t\t\t<div class=\"aux-parallax-section elementor-column elementor-col-100 elementor-top-column elementor-element elementor-element-0a1c2e5\" data-id=\"0a1c2e5\" data-element_type=\"column\">\n\t\t\t<div class=\"elementor-widget-wrap elementor-element-populated\">\n\t\t\t\t\t\t<div class=\"elementor-element elementor-element-8a2b6ef elementor-widget elementor-widget-image\" data-id=\"8a2b6ef\" data-element_type=\"widget\" data-widget_type=\"image.default\">\n\t\t\t\t<div class=\"elementor-widget-container\">\n\t\t\t\t\t\t\t\t\t\t\t\t\t\t\t<img decoding=\"async\" width=\"782\" height=\"50\" src=\"https:\/\/www.simar-louresodivelas.pt\/wp-content\/uploads\/2023\/11\/quadro-aguas-residuais_.jpg\" class=\"attachment-full size-full wp-image-11932\" alt=\"\" srcset=\"https:\/\/www.simar-louresodivelas.pt\/wp-content\/uploads\/2023\/11\/quadro-aguas-residuais_.jpg 782w, https:\/\/www.simar-louresodivelas.pt\/wp-content\/uploads\/2023\/11\/quadro-aguas-residuais_-768x50.jpg 768w\" sizes=\"(max-width: 782px) 100vw, 782px\" \/>\t\t\t\t\t\t\t\t\t\t\t\t\t\t\t<\/div>\n\t\t\t\t<\/div>\n\t\t\t\t\t<\/div>\n\t\t<\/div>\n\t\t\t\t\t<\/div>\n\t\t<\/section>\n\t\t\t\t<section class=\"elementor-section elementor-top-section elementor-element elementor-element-9d857d6 elementor-section-boxed elementor-section-height-default elementor-section-height-default\" data-id=\"9d857d6\" data-element_type=\"section\">\n\t\t\t\t\t\t<div class=\"elementor-container elementor-column-gap-default\">\n\t\t\t\t\t<div class=\"aux-parallax-section elementor-column elementor-col-100 elementor-top-column elementor-element elementor-element-4ec2a39\" data-id=\"4ec2a39\" data-element_type=\"column\" data-settings=\"{&quot;background_background&quot;:&quot;classic&quot;}\">\n\t\t\t<div class=\"elementor-widget-wrap elementor-element-populated\">\n\t\t\t\t\t\t<div class=\"elementor-element elementor-element-ec65147 elementor-widget elementor-widget-text-editor\" data-id=\"ec65147\" data-element_type=\"widget\" data-widget_type=\"text-editor.default\">\n\t\t\t\t<div class=\"elementor-widget-container\">\n\t\t\t\t\t\t\t\t\t<p>A rede de drenagem denominada em &#8220;alta&#8221;, constitu\u00edda por intercetores, emiss\u00e1rios e ETAR, \u00e9 gerida pela empresa <span style=\"text-decoration: underline; color: #316cb5;\"><a style=\"color: #316cb5; text-decoration: underline;\" href=\"https:\/\/www.aguasdotejoatlantico.adp.pt\/\" target=\"_blank\" rel=\"noopener\">\u00c1guas do Tejo Atl\u00e2ntico<\/a><\/span>.<\/p><p>A drenagem \u00e9 efetuada na sua generalidade atrav\u00e9s da rede de coletores. No entanto, nos casos em que n\u00e3o \u00e9 poss\u00edvel a constru\u00e7\u00e3o de rede, poder\u00e3o existir fossas s\u00e9pticas, cabendo aos SIMAR a recolha das \u00e1guas residuais com aux\u00edlio de viaturas pr\u00f3prias para o efeito.<\/p>\t\t\t\t\t\t\t\t<\/div>\n\t\t\t\t<\/div>\n\t\t\t\t\t<\/div>\n\t\t<\/div>\n\t\t\t\t\t<\/div>\n\t\t<\/section>\n\t\t\t\t<section class=\"elementor-section elementor-top-section elementor-element elementor-element-2ed7762 elementor-section-boxed elementor-section-height-default elementor-section-height-default\" data-id=\"2ed7762\" data-element_type=\"section\">\n\t\t\t\t\t\t<div class=\"elementor-container elementor-column-gap-default\">\n\t\t\t\t\t<div class=\"aux-parallax-section elementor-column elementor-col-100 elementor-top-column elementor-element elementor-element-8750c2c\" data-id=\"8750c2c\" data-element_type=\"column\">\n\t\t\t<div class=\"elementor-widget-wrap elementor-element-populated\">\n\t\t\t\t\t\t<div class=\"elementor-element elementor-element-ef72be8 elementor-widget elementor-widget-accordion\" data-id=\"ef72be8\" data-element_type=\"widget\" data-widget_type=\"accordion.default\">\n\t\t\t\t<div class=\"elementor-widget-container\">\n\t\t\t\t\t\t\t<div class=\"elementor-accordion\">\n\t\t\t\t\t\t\t<div class=\"elementor-accordion-item\">\n\t\t\t\t\t<div id=\"elementor-tab-title-2511\" class=\"elementor-tab-title\" data-tab=\"1\" role=\"button\" aria-controls=\"elementor-tab-content-2511\" aria-expanded=\"false\">\n\t\t\t\t\t\t\t\t\t\t\t\t\t<span class=\"elementor-accordion-icon elementor-accordion-icon-right\" aria-hidden=\"true\">\n\t\t\t\t\t\t\t\t\t\t\t\t\t\t\t<span class=\"elementor-accordion-icon-closed\"><i class=\"fas fa-angle-down\"><\/i><\/span>\n\t\t\t\t\t\t\t\t<span class=\"elementor-accordion-icon-opened\"><i class=\"fas fa-angle-up\"><\/i><\/span>\n\t\t\t\t\t\t\t\t\t\t\t\t\t\t<\/span>\n\t\t\t\t\t\t\t\t\t\t\t\t<a class=\"elementor-accordion-title\" tabindex=\"0\">AS PRINCIPAIS ATIVIDADES DESENVOLVIDAS NA \u00c1REA DO SANEAMENTO S\u00c3O:<\/a>\n\t\t\t\t\t<\/div>\n\t\t\t\t\t<div id=\"elementor-tab-content-2511\" class=\"elementor-tab-content elementor-clearfix\" data-tab=\"1\" role=\"region\" aria-labelledby=\"elementor-tab-title-2511\"><ul><li>Manuten\u00e7\u00e3o e conserva\u00e7\u00e3o da rede de drenagem;<\/li><li>Execu\u00e7\u00e3o de ramais e coletores;<\/li><li>Limpeza de coletores e fossas;<\/li><li>Inspe\u00e7\u00e3o v\u00eddeo da rede.<\/li><\/ul><\/div>\n\t\t\t\t<\/div>\n\t\t\t\t\t\t\t<div class=\"elementor-accordion-item\">\n\t\t\t\t\t<div id=\"elementor-tab-title-2512\" class=\"elementor-tab-title\" data-tab=\"2\" role=\"button\" aria-controls=\"elementor-tab-content-2512\" aria-expanded=\"false\">\n\t\t\t\t\t\t\t\t\t\t\t\t\t<span class=\"elementor-accordion-icon elementor-accordion-icon-right\" aria-hidden=\"true\">\n\t\t\t\t\t\t\t\t\t\t\t\t\t\t\t<span class=\"elementor-accordion-icon-closed\"><i class=\"fas fa-angle-down\"><\/i><\/span>\n\t\t\t\t\t\t\t\t<span class=\"elementor-accordion-icon-opened\"><i class=\"fas fa-angle-up\"><\/i><\/span>\n\t\t\t\t\t\t\t\t\t\t\t\t\t\t<\/span>\n\t\t\t\t\t\t\t\t\t\t\t\t<a class=\"elementor-accordion-title\" tabindex=\"0\">NO \u00c2MBITO DO SISTEMA DE DRENAGEM DE \u00c1GUAS RESIDUAIS, EXISTEM AS SEGUINTES ESTA\u00c7\u00d5ES ELEVAT\u00d3RIAS:<\/a>\n\t\t\t\t\t<\/div>\n\t\t\t\t\t<div id=\"elementor-tab-content-2512\" class=\"elementor-tab-content elementor-clearfix\" data-tab=\"2\" role=\"region\" aria-labelledby=\"elementor-tab-title-2512\"><ul><li>Belo Horizonte;<\/li><li>Serro Pic\u00e3o;<\/li><li>Bucelas;<\/li><li>Sacav\u00e9m;<\/li><li>Bairro das Fontes;<\/li><li>Alto de Fam\u00f5es;<\/li><li>Chamboeira;<\/li><li>Infantado;<\/li><li>Portela de Az\u00f3ia;<\/li><li>Tocadelos.<\/li><\/ul><\/div>\n\t\t\t\t<\/div>\n\t\t\t\t\t\t\t<div class=\"elementor-accordion-item\">\n\t\t\t\t\t<div id=\"elementor-tab-title-2513\" class=\"elementor-tab-title\" data-tab=\"3\" role=\"button\" aria-controls=\"elementor-tab-content-2513\" aria-expanded=\"false\">\n\t\t\t\t\t\t\t\t\t\t\t\t\t<span class=\"elementor-accordion-icon elementor-accordion-icon-right\" aria-hidden=\"true\">\n\t\t\t\t\t\t\t\t\t\t\t\t\t\t\t<span class=\"elementor-accordion-icon-closed\"><i class=\"fas fa-angle-down\"><\/i><\/span>\n\t\t\t\t\t\t\t\t<span class=\"elementor-accordion-icon-opened\"><i class=\"fas fa-angle-up\"><\/i><\/span>\n\t\t\t\t\t\t\t\t\t\t\t\t\t\t<\/span>\n\t\t\t\t\t\t\t\t\t\t\t\t<a class=\"elementor-accordion-title\" tabindex=\"0\">REGULAMENTO DE DESCARGA DE \u00c1GUAS RESIDUAIS INDUSTRIAIS (RDARI)<\/a>\n\t\t\t\t\t<\/div>\n\t\t\t\t\t<div id=\"elementor-tab-content-2513\" class=\"elementor-tab-content elementor-clearfix\" data-tab=\"3\" role=\"region\" aria-labelledby=\"elementor-tab-title-2513\"><p>Sendo compet\u00eancia das C\u00e2maras Municipais a autoriza\u00e7\u00e3o das condi\u00e7\u00f5es de descarga de \u00e1guas residuais industriais nos sistemas p\u00fablicos de drenagem, foi criado o documento que regula as descargas de \u00e1guas residuais na \u00e1rea de presta\u00e7\u00e3o deste servi\u00e7o pelos SIMAR, nos concelhos de Loures e Odivelas.<\/p><p>O <strong><span style=\"color: #326da8;\"><span style=\"color: #000000;\">\ud83d\udd17<\/span><\/span><\/strong> <a href=\"\/wp-content\/uploads\/2026\/03\/Regulamento-descargas-aguas-residuais-industriais.pdf\" target=\"_blank\" rel=\"noopener\"><span style=\"text-decoration: underline; color: #316cb5;\">Regulamento de Descarga de \u00c1guas Residuais Industriais<\/span><\/a> dos Servi\u00e7os Intermunicipalizados de Loures e Odivelas foi criado em 1993 e tem vindo a ser revisto e publicado ao longo dos anos em <em>Di\u00e1rio da Rep\u00fablica<\/em>.<\/p><p>A ades\u00e3o ao Programa RDARI \u00e9 feita atrav\u00e9s do requerimento de liga\u00e7\u00e3o \u00e0s redes de coletores municipais.<\/p><p>Para aderir, dever\u00e1 utilizar um dos seguintes documentos:<\/p><p><a href=\"https:\/\/www.simar-louresodivelas.pt\/wp-content\/uploads\/2026\/01\/Modelo-A-RDARI_2026-002.pdf\" target=\"_blank\" rel=\"noopener\"><strong><span style=\"color: #326da8;\"><span style=\"color: #000000;\">\ud83d\udd17<\/span><\/span><\/strong><strong><span style=\"color: #326da8;\"><span style=\"color: #000000;\"><span style=\"text-decoration: underline;\"><span style=\"color: #3366ff; text-decoration: underline;\"><span style=\"color: #316cb5; text-decoration: underline;\">Minuta+Modelo\u00a0 A<\/span> <\/span><\/span><\/span><\/span><\/strong><strong><span style=\"color: #326da8;\"><span style=\"color: #000000;\">&#8211; <\/span><\/span><\/strong><\/a><a href=\"https:\/\/www.simar-louresodivelas.pt\/wp-content\/uploads\/2026\/01\/Decreto-Lei-139_2025-1-002.pdf\" target=\"_blank\" rel=\"noopener\"><span style=\"color: #326da8;\"><span style=\"color: #000000;\">50%SMN conforme art\u00ba 18 do RDARI<\/span><\/span><\/a><\/p><p><a href=\"https:\/\/www.simar-louresodivelas.pt\/wp-content\/uploads\/2026\/01\/Modelo-B-RDARI_2026-002.pdf\" target=\"_blank\" rel=\"noopener\"><strong><span style=\"color: #326da8;\"><span style=\"color: #000000;\">\ud83d\udd17<span style=\"text-decoration: underline;\"><span style=\"color: #3366ff; text-decoration: underline;\"><span style=\"color: #316cb5; text-decoration: underline;\">Minuta+Modelo\u00a0 B<\/span> <\/span><\/span>&#8211; <\/span><\/span><\/strong><\/a><span style=\"color: #326da8;\"><span style=\"color: #000000;\">75%SMN conforme art\u00ba 18 do RDARI<\/span><\/span><\/p><\/div>\n\t\t\t\t<\/div>\n\t\t\t\t\t\t\t\t<\/div>\n\t\t\t\t\t\t<\/div>\n\t\t\t\t<\/div>\n\t\t\t\t\t<\/div>\n\t\t<\/div>\n\t\t\t\t\t<\/div>\n\t\t<\/section>\n\t\t\t\t<section class=\"elementor-section elementor-top-section elementor-element elementor-element-ebff163 elementor-section-boxed elementor-section-height-default elementor-section-height-default\" data-id=\"ebff163\" data-element_type=\"section\">\n\t\t\t\t\t\t<div class=\"elementor-container elementor-column-gap-default\">\n\t\t\t\t\t<div class=\"aux-parallax-section elementor-column elementor-col-100 elementor-top-column elementor-element elementor-element-dbf9ac1\" data-id=\"dbf9ac1\" data-element_type=\"column\">\n\t\t\t<div class=\"elementor-widget-wrap elementor-element-populated\">\n\t\t\t\t\t\t<div class=\"elementor-element elementor-element-c1508de elementor-widget elementor-widget-html\" data-id=\"c1508de\" data-element_type=\"widget\" data-widget_type=\"html.default\">\n\t\t\t\t<div class=\"elementor-widget-container\">\n\t\t\t\t\t<script src=\"data:text\/javascript;base64,alF1ZXJ5KGRvY3VtZW50KS5yZWFkeShmdW5jdGlvbigkKXt2YXIgZGVsYXk9MTAwO3NldFRpbWVvdXQoZnVuY3Rpb24oKXskKCcuZWxlbWVudG9yLXRhYi10aXRsZScpLnJlbW92ZUNsYXNzKCdlbGVtZW50b3ItYWN0aXZlJyk7JCgnLmVsZW1lbnRvci10YWItY29udGVudCcpLmNzcygnZGlzcGxheScsJ25vbmUnKX0sZGVsYXkpfSk=\" defer><\/script>\n\t\t\t\t<\/div>\n\t\t\t\t<\/div>\n\t\t\t\t\t<\/div>\n\t\t<\/div>\n\t\t\t\t\t<\/div>\n\t\t<\/section>\n\t\t\t\t<\/div>\n\t\t","protected":false},"excerpt":{"rendered":"<p>\u00c0s \u00e1guas que, ap\u00f3s utiliza\u00e7\u00e3o humana, apresentam as suas caracter\u00edsticas naturais alteradas, damos o nome de \u00e1guas residuais. No passado, a n\u00e3o exist\u00eancia de infraestruturas de drenagem de \u00e1guas residuais levava a que os cursos naturais de \u00e1gua estivessem em risco de desaparecer, devido \u00e0 polui\u00e7\u00e3o. Os SIMAR de Loures e Odivelas, ao longo da [&hellip;]<\/p>\n","protected":false},"author":1,"featured_media":0,"parent":0,"menu_order":0,"comment_status":"closed","ping_status":"closed","template":"","meta":{"_monsterinsights_skip_tracking":false,"_monsterinsights_sitenote_active":false,"_monsterinsights_sitenote_note":"","_monsterinsights_sitenote_category":0,"_uf_show_specific_survey":0,"_uf_disable_surveys":false,"footnotes":""},"class_list":["post-584","page","type-page","status-publish","hentry"],"aioseo_notices":[],"_links":{"self":[{"href":"https:\/\/www.simar-louresodivelas.pt\/index.php\/wp-json\/wp\/v2\/pages\/584","targetHints":{"allow":["GET"]}}],"collection":[{"href":"https:\/\/www.simar-louresodivelas.pt\/index.php\/wp-json\/wp\/v2\/pages"}],"about":[{"href":"https:\/\/www.simar-louresodivelas.pt\/index.php\/wp-json\/wp\/v2\/types\/page"}],"author":[{"embeddable":true,"href":"https:\/\/www.simar-louresodivelas.pt\/index.php\/wp-json\/wp\/v2\/users\/1"}],"replies":[{"embeddable":true,"href":"https:\/\/www.simar-louresodivelas.pt\/index.php\/wp-json\/wp\/v2\/comments?post=584"}],"version-history":[{"count":192,"href":"https:\/\/www.simar-louresodivelas.pt\/index.php\/wp-json\/wp\/v2\/pages\/584\/revisions"}],"predecessor-version":[{"id":40847,"href":"https:\/\/www.simar-louresodivelas.pt\/index.php\/wp-json\/wp\/v2\/pages\/584\/revisions\/40847"}],"wp:attachment":[{"href":"https:\/\/www.simar-louresodivelas.pt\/index.php\/wp-json\/wp\/v2\/media?parent=584"}],"curies":[{"name":"wp","href":"https:\/\/api.w.org\/{rel}","templated":true}]}}