{"id":556,"date":"2023-05-15T10:12:25","date_gmt":"2023-05-15T10:12:25","guid":{"rendered":"http:\/\/websimar01\/simar\/?page_id=556"},"modified":"2026-04-14T15:27:12","modified_gmt":"2026-04-14T15:27:12","slug":"regulamentos","status":"publish","type":"page","link":"https:\/\/www.simar-louresodivelas.pt\/index.php\/regulamentos","title":{"rendered":"Regulamentos"},"content":{"rendered":"\t\t<div data-elementor-type=\"wp-page\" data-elementor-id=\"556\" class=\"elementor elementor-556\">\n\t\t\t\t\t\t<section class=\"elementor-section elementor-top-section elementor-element elementor-element-d244dfa elementor-section-full_width elementor-section-stretched elementor-section-height-default elementor-section-height-default\" data-id=\"d244dfa\" data-element_type=\"section\" data-settings=\"{&quot;stretch_section&quot;:&quot;section-stretched&quot;,&quot;background_background&quot;:&quot;classic&quot;}\">\n\t\t\t\t\t\t<div class=\"elementor-container elementor-column-gap-default\">\n\t\t\t\t\t<div class=\"aux-parallax-section elementor-column elementor-col-100 elementor-top-column elementor-element elementor-element-8688304\" data-id=\"8688304\" data-element_type=\"column\">\n\t\t\t<div class=\"elementor-widget-wrap elementor-element-populated\">\n\t\t\t\t\t\t<div class=\"elementor-element elementor-element-997c499 elementor-widget elementor-widget-image\" data-id=\"997c499\" data-element_type=\"widget\" data-widget_type=\"image.default\">\n\t\t\t\t<div class=\"elementor-widget-container\">\n\t\t\t\t\t\t\t\t\t\t\t\t\t\t\t<img decoding=\"async\" src=\"https:\/\/www.simar-louresodivelas.pt\/wp-content\/uploads\/2023\/09\/REGULAMENTOS.jpg\" title=\"REGULAMENTOS\" alt=\"REGULAMENTOS\" loading=\"lazy\" \/>\t\t\t\t\t\t\t\t\t\t\t\t\t\t\t<\/div>\n\t\t\t\t<\/div>\n\t\t\t\t\t<\/div>\n\t\t<\/div>\n\t\t\t\t\t<\/div>\n\t\t<\/section>\n\t\t\t\t<section class=\"elementor-section elementor-top-section elementor-element elementor-element-7051f75 elementor-section-boxed elementor-section-height-default elementor-section-height-default\" data-id=\"7051f75\" data-element_type=\"section\">\n\t\t\t\t\t\t<div class=\"elementor-container elementor-column-gap-default\">\n\t\t\t\t\t<div class=\"aux-parallax-section elementor-column elementor-col-100 elementor-top-column elementor-element elementor-element-3457759\" data-id=\"3457759\" data-element_type=\"column\">\n\t\t\t<div class=\"elementor-widget-wrap elementor-element-populated\">\n\t\t\t\t\t\t<div class=\"elementor-element elementor-element-647be04 elementor-widget-divider--view-line_icon elementor-view-default elementor-widget-divider--element-align-center elementor-widget elementor-widget-divider\" data-id=\"647be04\" data-element_type=\"widget\" data-widget_type=\"divider.default\">\n\t\t\t\t<div class=\"elementor-widget-container\">\n\t\t\t\t\t\t\t<div class=\"elementor-divider\">\n\t\t\t<span class=\"elementor-divider-separator\">\n\t\t\t\t\t\t\t<div class=\"elementor-icon elementor-divider__element\">\n\t\t\t\t\t<i aria-hidden=\"true\" class=\"fab fa-readme\"><\/i><\/div>\n\t\t\t\t\t\t<\/span>\n\t\t<\/div>\n\t\t\t\t\t\t<\/div>\n\t\t\t\t<\/div>\n\t\t\t\t\t<\/div>\n\t\t<\/div>\n\t\t\t\t\t<\/div>\n\t\t<\/section>\n\t\t\t\t<section class=\"elementor-section elementor-top-section elementor-element elementor-element-b6107cf elementor-section-boxed elementor-section-height-default elementor-section-height-default\" data-id=\"b6107cf\" data-element_type=\"section\">\n\t\t\t\t\t\t<div class=\"elementor-container elementor-column-gap-default\">\n\t\t\t\t\t<div class=\"aux-parallax-section elementor-column elementor-col-100 elementor-top-column elementor-element elementor-element-78818ed\" data-id=\"78818ed\" data-element_type=\"column\" data-settings=\"{&quot;background_background&quot;:&quot;classic&quot;}\">\n\t\t\t<div class=\"elementor-widget-wrap elementor-element-populated\">\n\t\t\t\t\t\t<div class=\"elementor-element elementor-element-54a2213 elementor-widget elementor-widget-text-editor\" data-id=\"54a2213\" data-element_type=\"widget\" data-widget_type=\"text-editor.default\">\n\t\t\t\t<div class=\"elementor-widget-container\">\n\t\t\t\t\t\t\t\t\t<p><span style=\"color: #326da8;\"><strong><span style=\"color: #000000;\">\ud83d\udd17<\/span><span style=\"text-decoration: underline; color: #316cb5;\"><a style=\"color: #316cb5; text-decoration: underline;\" href=\"https:\/\/www.simar-louresodivelas.pt\/wp-content\/uploads\/2024\/02\/1_SIMAR_Pub-DR-7_10_2014_Regulam-Org.pdf\" target=\"_blank\" rel=\"noopener\">Regulamento de Organiza\u00e7\u00e3o dos SIMAR de Loures e Odivelas<\/a><\/span><\/strong><\/span><\/p><p>O presente regulamento visa definir o modelo da estrutura dos Servi\u00e7os Intermunicipalizados de \u00c1guas e Res\u00edduos dos Munic\u00edpios de Loures e Odivelas, a compet\u00eancia dos seus \u00f3rg\u00e3os e a organiza\u00e7\u00e3o dos respetivos servi\u00e7os.<\/p><p>Altera\u00e7\u00e3o ao <span style=\"color: #326da8;\"><strong><span style=\"color: #000000;\">\ud83d\udd17<\/span><span style=\"text-decoration: underline; color: #316cb5;\">Reg<a style=\"color: #316cb5; text-decoration: underline;\" href=\"https:\/\/www.simar-louresodivelas.pt\/wp-content\/uploads\/2024\/02\/DR_Alt-art-14-e-15-Regulamento-SIMAR_2022.pdf\" target=\"_blank\" rel=\"noopener\">ulamento de Organiza\u00e7\u00e3o dos SIMAR de Loures e Odivelas<\/a><\/span><\/strong><\/span><\/p><p><span style=\"color: #326da8;\"><strong><span style=\"color: #000000;\">\ud83d\udd17<\/span><span style=\"color: #316cb5;\"><a style=\"color: #316cb5; text-decoration: underline;\" href=\"\/wp-content\/uploads\/2023\/05\/regulamento_20agua_202008_20-_20vers_1_.pdf\" target=\"_blank\" rel=\"noopener\">Regulamento do Servi\u00e7o de Abastecimento de \u00c1gua &#8211; 2008<\/a><\/span><\/strong><\/span><\/p><p align=\"justify\">O presente Regulamento estabelece e define as regras e as condi\u00e7\u00f5es a que devem obedecer a distribui\u00e7\u00e3o e fornecimento de \u00e1gua pot\u00e1vel, na \u00e1rea de interven\u00e7\u00e3o da Entidade Gestora, nomeadamente quanto \u00e0s condi\u00e7\u00f5es administrativas e t\u00e9cnicas do fornecimento, execu\u00e7\u00e3o, manuten\u00e7\u00e3o e utiliza\u00e7\u00e3o das redes p\u00fablicas e prediais, estrutura tarif\u00e1ria, penalidades, reclama\u00e7\u00f5es e recursos. Veja no <span style=\"color: #326da8;\"><a style=\"color: #326da8;\" href=\"\/wp-content\/uploads\/2023\/11\/regulamento_20agua_202008_20_dr_20_3947539486_20-_20rsaa_202008_1_.pdf\" target=\"_blank\" rel=\"noopener\"><strong><span style=\"text-decoration: underline; color: #316cb5;\"><em>Di\u00e1rio da Rep\u00fablica<\/em>.<\/span><\/strong><\/a><\/span><\/p><p><span style=\"color: #326da8;\"><strong><span style=\"color: #000000;\">\ud83d\udd17<\/span><span style=\"text-decoration: underline; color: #316cb5;\"><a style=\"color: #316cb5; text-decoration: underline;\" href=\"\/wp-content\/uploads\/2023\/11\/3_regulamento_do_servi_c3_a7o_de_drenagem_de__c3_81guas_residuais_2005_1_.pdf\" target=\"_blank\" rel=\"noopener\">Regulamento do Servi\u00e7o de Drenagem de \u00c1guas Residuais<\/a><\/span><\/strong><\/span><\/p><p align=\"justify\">O presente Regulamento estabelece e define as regras e as condi\u00e7\u00f5es a que devem obedecer os sistemas de drenagem p\u00fablica e predial de \u00e1guas residuais, na \u00e1rea de interven\u00e7\u00e3o da entidade gestora, nomeadamente quanto \u00e0s condi\u00e7\u00f5es administrativas e t\u00e9cnicas de coleta e drenagem dos efluentes e \u00e0 manuten\u00e7\u00e3o e utiliza\u00e7\u00e3o das redes p\u00fablicas e prediais, estrutura tarif\u00e1ria, penalidades, reclama\u00e7\u00f5es e recursos. Veja no <em><span style=\"color: #326da8;\"><strong><span style=\"text-decoration: underline; color: #316cb5;\"><a style=\"color: #316cb5; text-decoration: underline;\" href=\"\/wp-content\/uploads\/2023\/11\/reg_20serv._20dren._20ag._20residuais_20-_202004__20dr_1_.pdf\" target=\"_blank\" rel=\"noopener\">Di\u00e1rio da Rep\u00fablica<\/a><\/span>.<\/strong><\/span><\/em><\/p><p align=\"justify\"><a href=\"\/wp-content\/uploads\/2023\/05\/4_REGU1.pdf\" target=\"_blank\" rel=\"noopener\"><strong><span style=\"color: #326da8;\"><span style=\"color: #000000;\">\ud83d\udd17<span style=\"text-decoration: underline; color: #316cb5;\">R<\/span><\/span><span style=\"text-decoration: underline; color: #316cb5;\">egulamento de Res\u00edduos S\u00f3lidos e Limpeza P\u00fablica do Munic\u00edpio de Loures<\/span><\/span><\/strong><\/a><\/p><p align=\"justify\">O presente Regulamento estabelece e define as regras da limpeza e de recolha, valoriza\u00e7\u00e3o e tratamento dos RSU, na \u00e1rea do munic\u00edpio. <span style=\"color: #326da8;\"><span style=\"color: #000000;\">Veja no<\/span><\/span><strong><span style=\"color: #326da8;\"> <span style=\"color: #316cb5;\"><a style=\"color: #316cb5; text-decoration: underline;\" href=\"\/wp-content\/uploads\/2023\/11\/dr_0003300039_20-_20rsu_20loures_202004_1_.pdf\" target=\"_blank\" rel=\"noopener\"><em>Di\u00e1rio da Rep\u00fablica<\/em><\/a>.<\/span><\/span><\/strong><\/p><p><span style=\"color: #326da8;\"><strong><a href=\"https:\/\/www.simar-louresodivelas.pt\/simar_pag\/anexos\/inform_gestao\/PPRCIC_2019.pdf\" target=\"_blank\" rel=\"noopener\"><span style=\"color: #000000;\">\ud83d\udd17<\/span><\/a><span style=\"text-decoration: underline; color: #316cb5;\"><a style=\"color: #316cb5; text-decoration: underline;\" href=\"\/wp-content\/uploads\/2023\/05\/REGULA1-1.pdf\" target=\"_blank\" rel=\"noopener\">Regulamento de Res\u00edduos e da Higiene e Limpeza de Espa\u00e7os P\u00fablicos do Munic\u00edpio de Odivelas<\/a><\/span><\/strong><\/span><\/p><p><span style=\"color: #326da8;\"><strong> <span style=\"color: #000000;\">\ud83d\udd17<\/span><span style=\"color: #316cb5;\"><a style=\"color: #316cb5;\" href=\"\/wp-content\/uploads\/2023\/05\/REGULA1.pdf\" target=\"_blank\" rel=\"noopener\"><span style=\"text-decoration: underline;\">Regulamento de Descarga de \u00c1guas Residuais Industriais<\/span><\/a><\/span><\/strong><\/span><\/p><p align=\"justify\">O presente Regulamento aplica-se a todos os utentes industriais com instala\u00e7\u00f5es que utilizem ou venham a utilizar os sistemas p\u00fablicos de drenagem para as suas descargas de \u00e1guas residuais e que estejam instalados na \u00e1rea de interven\u00e7\u00e3o da Entidade Gestora. <span style=\"color: #326da8;\"><span style=\"color: #000000;\">Veja no<\/span><\/span><strong><span style=\"color: #326da8;\"><span style=\"text-decoration: underline; color: #316cb5;\"><em> <a style=\"color: #316cb5; text-decoration: underline;\" href=\"\/wp-content\/uploads\/2023\/11\/0008dr_20600095_20_20-_20reg_20desc_20ag_20resid_20industriais_20-_202004-_1_.pdf\" target=\"_blank\" rel=\"noopener\">Di\u00e1rio da Rep\u00fablica<\/a><\/em><\/span>.<\/span><\/strong><\/p>\t\t\t\t\t\t\t\t<\/div>\n\t\t\t\t<\/div>\n\t\t\t\t\t<\/div>\n\t\t<\/div>\n\t\t\t\t\t<\/div>\n\t\t<\/section>\n\t\t\t\t<section class=\"elementor-section elementor-top-section elementor-element elementor-element-c7c4a7a elementor-section-boxed elementor-section-height-default elementor-section-height-default\" data-id=\"c7c4a7a\" data-element_type=\"section\">\n\t\t\t\t\t\t\t<div class=\"elementor-background-overlay\"><\/div>\n\t\t\t\t\t\t\t<div class=\"elementor-container elementor-column-gap-default\">\n\t\t\t\t\t<div class=\"aux-parallax-section elementor-column elementor-col-100 elementor-top-column elementor-element elementor-element-24f3ace\" data-id=\"24f3ace\" data-element_type=\"column\">\n\t\t\t<div class=\"elementor-widget-wrap elementor-element-populated\">\n\t\t\t\t\t\t<div class=\"elementor-element elementor-element-800082b elementor-widget elementor-widget-accordion\" data-id=\"800082b\" data-element_type=\"widget\" data-widget_type=\"accordion.default\">\n\t\t\t\t<div class=\"elementor-widget-container\">\n\t\t\t\t\t\t\t<div class=\"elementor-accordion\">\n\t\t\t\t\t\t\t<div class=\"elementor-accordion-item\">\n\t\t\t\t\t<div id=\"elementor-tab-title-1341\" class=\"elementor-tab-title\" data-tab=\"1\" role=\"button\" aria-controls=\"elementor-tab-content-1341\" aria-expanded=\"false\">\n\t\t\t\t\t\t\t\t\t\t\t\t\t<span class=\"elementor-accordion-icon elementor-accordion-icon-right\" aria-hidden=\"true\">\n\t\t\t\t\t\t\t\t\t\t\t\t\t\t\t<span class=\"elementor-accordion-icon-closed\"><i class=\"fas fa-angle-down\"><\/i><\/span>\n\t\t\t\t\t\t\t\t<span class=\"elementor-accordion-icon-opened\"><i class=\"fas fa-angle-up\"><\/i><\/span>\n\t\t\t\t\t\t\t\t\t\t\t\t\t\t<\/span>\n\t\t\t\t\t\t\t\t\t\t\t\t<a class=\"elementor-accordion-title\" tabindex=\"0\">Regulamento da Qualidade do Servi\u00e7o Prestado ao Utilizador Final (ERSAR)<\/a>\n\t\t\t\t\t<\/div>\n\t\t\t\t\t<div id=\"elementor-tab-content-1341\" class=\"elementor-tab-content elementor-clearfix\" data-tab=\"1\" role=\"region\" aria-labelledby=\"elementor-tab-title-1341\"><p>O <a href=\"https:\/\/diariodarepublica.pt\/dr\/detalhe\/regulamento\/446-2024-862410538\"><span style=\"color: #316cb5;\">Regulamento da Qualidade do Servi\u00e7o Prestado ao Utilizador Final<\/span><\/a>, conforme o artigo n\u00ba 1, tem como por objetivo definir os n\u00edveis m\u00ednimos de qualidade para os aspetos que est\u00e3o diretamente relacionados com os Servi\u00e7os de abastecimento p\u00fablico de \u00e1gua, de saneamento de \u00e1guas residuais urbanas e de gest\u00e3o de res\u00edduos \u00a0urbano, prestados aos utilizadores finais e por eles sentidos diretamente.<\/p><p><a href=\"https:\/\/www.simar-louresodivelas.pt\/wp-content\/uploads\/2026\/04\/relatorio-anual-da-qualidade-de-servico.pdf\" target=\"_blank\" rel=\"noopener\"><span style=\"color: #326da8;\"><strong><span style=\"color: #000000;\">\ud83d\udd17<\/span><\/strong><\/span><strong><span style=\"color: #316cb5;\">Relat\u00f3rio Anual da Qualidade de Servi\u00e7o Prestado \u00a0ao Utilizador Final \u2013 ANO 2025<\/span><\/strong><\/a><\/p><p><a href=\"https:\/\/www.simar-louresodivelas.pt\/wp-content\/uploads\/2025\/05\/Relatorio-Anual-QSA.pdf\" target=\"_blank\" rel=\"noopener\"><span style=\"color: #326da8;\"><strong><span style=\"color: #000000;\">\ud83d\udd17<\/span><\/strong><\/span><strong><span style=\"color: #316cb5;\">Relat\u00f3rio Anual da Qualidade de Servi\u00e7o Prestado \u00a0ao Utilizador Final \u2013 ANO 2024<\/span><\/strong><\/a><\/p><\/div>\n\t\t\t\t<\/div>\n\t\t\t\t\t\t\t\t<\/div>\n\t\t\t\t\t\t<\/div>\n\t\t\t\t<\/div>\n\t\t\t\t\t<\/div>\n\t\t<\/div>\n\t\t\t\t\t<\/div>\n\t\t<\/section>\n\t\t\t\t<section class=\"elementor-section elementor-top-section elementor-element elementor-element-af4bd4c elementor-section-boxed elementor-section-height-default elementor-section-height-default\" data-id=\"af4bd4c\" data-element_type=\"section\">\n\t\t\t\t\t\t\t<div class=\"elementor-background-overlay\"><\/div>\n\t\t\t\t\t\t\t<div class=\"elementor-container elementor-column-gap-default\">\n\t\t\t\t\t<div class=\"aux-parallax-section elementor-column elementor-col-100 elementor-top-column elementor-element elementor-element-6c7f860\" data-id=\"6c7f860\" data-element_type=\"column\">\n\t\t\t<div class=\"elementor-widget-wrap elementor-element-populated\">\n\t\t\t\t\t\t<div class=\"elementor-element elementor-element-94f604a elementor-widget elementor-widget-accordion\" data-id=\"94f604a\" data-element_type=\"widget\" data-widget_type=\"accordion.default\">\n\t\t\t\t<div class=\"elementor-widget-container\">\n\t\t\t\t\t\t\t<div class=\"elementor-accordion\">\n\t\t\t\t\t\t\t<div class=\"elementor-accordion-item\">\n\t\t\t\t\t<div id=\"elementor-tab-title-1561\" class=\"elementor-tab-title\" data-tab=\"1\" role=\"button\" aria-controls=\"elementor-tab-content-1561\" aria-expanded=\"false\">\n\t\t\t\t\t\t\t\t\t\t\t\t\t<span class=\"elementor-accordion-icon elementor-accordion-icon-right\" aria-hidden=\"true\">\n\t\t\t\t\t\t\t\t\t\t\t\t\t\t\t<span class=\"elementor-accordion-icon-closed\"><i class=\"fas fa-angle-down\"><\/i><\/span>\n\t\t\t\t\t\t\t\t<span class=\"elementor-accordion-icon-opened\"><i class=\"fas fa-angle-up\"><\/i><\/span>\n\t\t\t\t\t\t\t\t\t\t\t\t\t\t<\/span>\n\t\t\t\t\t\t\t\t\t\t\t\t<a class=\"elementor-accordion-title\" tabindex=\"0\">Regulamento de Vestu\u00e1rio de Trabalho e Equipamentos de Prote\u00e7\u00e3o Individual <\/a>\n\t\t\t\t\t<\/div>\n\t\t\t\t\t<div id=\"elementor-tab-content-1561\" class=\"elementor-tab-content elementor-clearfix\" data-tab=\"1\" role=\"region\" aria-labelledby=\"elementor-tab-title-1561\"><p class=\"xmsonormal\">A revis\u00e3o do Regulamento de Vestu\u00e1rio de Trabalho e Equipamento de Prote\u00e7\u00e3o Individual (RVTEPI), aprovado por delibera\u00e7\u00e3o do Conselho de Administra\u00e7\u00e3o dos SIMAR Loures e Odivelas, em reuni\u00e3o de 24 de junho de 2025, foi publicado em Di\u00e1rio da Rep\u00fablica, 2.\u00aa s\u00e9rie, no dia 8 de julho de 2025.<\/p><p class=\"xmsonormal\">Esta revis\u00e3o resulta da cont\u00ednua identifica\u00e7\u00e3o e avalia\u00e7\u00e3o de riscos associados \u00e0 seguran\u00e7a e sa\u00fade no trabalho, refor\u00e7ando o compromisso dos SIMAR com a promo\u00e7\u00e3o de condi\u00e7\u00f5es de trabalho seguras, adequadas e alinhadas com as exig\u00eancias legais e funcionais.<\/p><p><a href=\"https:\/\/www.simar-louresodivelas.pt\/wp-content\/uploads\/2025\/07\/regulamento_vestuario_trabalho_epi_revisao-2024_VFinal.pdf\" target=\"_blank\" rel=\"noopener\"><span style=\"color: #316cb5;\"><strong>\ud83d\udd17<\/strong><span style=\"text-decoration: underline;\"><strong>Regulamento de Vestu\u00e1rio de Trabalho e Equipamento de Prote\u00e7\u00e3o Individual<\/strong><\/span><\/span><\/a><\/p><p><span style=\"color: #316cb5;\"><a style=\"color: #316cb5;\" href=\"\/wp-content\/uploads\/2025\/07\/Regulamento-de-Vestuario-Trab.-e-EPI_no-812_2025.pdf\" target=\"_blank\" rel=\"noopener\"><strong>\ud83d\udd17<\/strong><span style=\"text-decoration: underline;\"><strong>DR \u2013 Regulamento de Vestu\u00e1rio de Trabalho e Equipamento de Prote\u00e7\u00e3o Individual dos Servi\u00e7os<br \/>Intermunicipalizados de \u00c1guas e Res\u00edduos dos Munic\u00edpios de Loures e Odivelas (SIMAR)<\/strong><\/span><\/a><\/span><\/p><\/div>\n\t\t\t\t<\/div>\n\t\t\t\t\t\t\t\t<\/div>\n\t\t\t\t\t\t<\/div>\n\t\t\t\t<\/div>\n\t\t\t\t\t<\/div>\n\t\t<\/div>\n\t\t\t\t\t<\/div>\n\t\t<\/section>\n\t\t\t\t<\/div>\n\t\t","protected":false},"excerpt":{"rendered":"<p>\ud83d\udd17Regulamento de Organiza\u00e7\u00e3o dos SIMAR de Loures e Odivelas O presente regulamento visa definir o modelo da estrutura dos Servi\u00e7os Intermunicipalizados de \u00c1guas e Res\u00edduos dos Munic\u00edpios de Loures e Odivelas, a compet\u00eancia dos seus \u00f3rg\u00e3os e a organiza\u00e7\u00e3o dos respetivos servi\u00e7os. Altera\u00e7\u00e3o ao \ud83d\udd17Regulamento de Organiza\u00e7\u00e3o dos SIMAR de Loures e Odivelas \ud83d\udd17Regulamento do [&hellip;]<\/p>\n","protected":false},"author":1,"featured_media":0,"parent":0,"menu_order":0,"comment_status":"closed","ping_status":"closed","template":"","meta":{"_monsterinsights_skip_tracking":false,"_monsterinsights_sitenote_active":false,"_monsterinsights_sitenote_note":"","_monsterinsights_sitenote_category":0,"_uf_show_specific_survey":0,"_uf_disable_surveys":false,"footnotes":""},"class_list":["post-556","page","type-page","status-publish","hentry"],"aioseo_notices":[],"_links":{"self":[{"href":"https:\/\/www.simar-louresodivelas.pt\/index.php\/wp-json\/wp\/v2\/pages\/556","targetHints":{"allow":["GET"]}}],"collection":[{"href":"https:\/\/www.simar-louresodivelas.pt\/index.php\/wp-json\/wp\/v2\/pages"}],"about":[{"href":"https:\/\/www.simar-louresodivelas.pt\/index.php\/wp-json\/wp\/v2\/types\/page"}],"author":[{"embeddable":true,"href":"https:\/\/www.simar-louresodivelas.pt\/index.php\/wp-json\/wp\/v2\/users\/1"}],"replies":[{"embeddable":true,"href":"https:\/\/www.simar-louresodivelas.pt\/index.php\/wp-json\/wp\/v2\/comments?post=556"}],"version-history":[{"count":141,"href":"https:\/\/www.simar-louresodivelas.pt\/index.php\/wp-json\/wp\/v2\/pages\/556\/revisions"}],"predecessor-version":[{"id":41674,"href":"https:\/\/www.simar-louresodivelas.pt\/index.php\/wp-json\/wp\/v2\/pages\/556\/revisions\/41674"}],"wp:attachment":[{"href":"https:\/\/www.simar-louresodivelas.pt\/index.php\/wp-json\/wp\/v2\/media?parent=556"}],"curies":[{"name":"wp","href":"https:\/\/api.w.org\/{rel}","templated":true}]}}