{"id":550,"date":"2023-05-15T10:11:57","date_gmt":"2023-05-15T10:11:57","guid":{"rendered":"http:\/\/websimar01\/simar\/?page_id=550"},"modified":"2026-04-27T15:46:57","modified_gmt":"2026-04-27T15:46:57","slug":"plano-de-prevencao-de-riscos-de-corrupcao-e-infraccoes-conexas-ppr","status":"publish","type":"page","link":"https:\/\/www.simar-louresodivelas.pt\/index.php\/plano-de-prevencao-de-riscos-de-corrupcao-e-infraccoes-conexas-ppr","title":{"rendered":"Plano de Preven\u00e7\u00e3o de Riscos de Corrup\u00e7\u00e3o e Infrac\u00e7\u00f5es Conexas (PPR)"},"content":{"rendered":"\t\t<div data-elementor-type=\"wp-page\" data-elementor-id=\"550\" class=\"elementor elementor-550\">\n\t\t\t\t\t\t<section class=\"elementor-section elementor-top-section elementor-element elementor-element-a5b1efc elementor-section-full_width elementor-section-stretched elementor-section-height-default elementor-section-height-default\" data-id=\"a5b1efc\" data-element_type=\"section\" data-settings=\"{&quot;stretch_section&quot;:&quot;section-stretched&quot;,&quot;background_background&quot;:&quot;classic&quot;}\">\n\t\t\t\t\t\t<div class=\"elementor-container elementor-column-gap-default\">\n\t\t\t\t\t<div class=\"aux-parallax-section elementor-column elementor-col-100 elementor-top-column elementor-element elementor-element-91dba97\" data-id=\"91dba97\" data-element_type=\"column\">\n\t\t\t<div class=\"elementor-widget-wrap elementor-element-populated\">\n\t\t\t\t\t\t<div class=\"elementor-element elementor-element-5e749ed elementor-widget elementor-widget-image\" data-id=\"5e749ed\" data-element_type=\"widget\" data-widget_type=\"image.default\">\n\t\t\t\t<div class=\"elementor-widget-container\">\n\t\t\t\t\t\t\t\t\t\t\t\t\t\t\t<img decoding=\"async\" src=\"https:\/\/www.simar-louresodivelas.pt\/wp-content\/uploads\/2024\/03\/ppr-1.jpg\" title=\"ppr\" alt=\"ppr\" loading=\"lazy\" \/>\t\t\t\t\t\t\t\t\t\t\t\t\t\t\t<\/div>\n\t\t\t\t<\/div>\n\t\t\t\t\t<\/div>\n\t\t<\/div>\n\t\t\t\t\t<\/div>\n\t\t<\/section>\n\t\t\t\t<section class=\"elementor-section elementor-top-section elementor-element elementor-element-99a7af6 elementor-section-boxed elementor-section-height-default elementor-section-height-default\" data-id=\"99a7af6\" data-element_type=\"section\">\n\t\t\t\t\t\t<div class=\"elementor-container elementor-column-gap-default\">\n\t\t\t\t\t<div class=\"aux-parallax-section elementor-column elementor-col-100 elementor-top-column elementor-element elementor-element-830af40\" data-id=\"830af40\" data-element_type=\"column\">\n\t\t\t<div class=\"elementor-widget-wrap elementor-element-populated\">\n\t\t\t\t\t\t<div class=\"elementor-element elementor-element-c2141db elementor-widget-divider--view-line_icon elementor-view-default elementor-widget-divider--element-align-center elementor-widget elementor-widget-divider\" data-id=\"c2141db\" data-element_type=\"widget\" data-widget_type=\"divider.default\">\n\t\t\t\t<div class=\"elementor-widget-container\">\n\t\t\t\t\t\t\t<div class=\"elementor-divider\">\n\t\t\t<span class=\"elementor-divider-separator\">\n\t\t\t\t\t\t\t<div class=\"elementor-icon elementor-divider__element\">\n\t\t\t\t\t<i aria-hidden=\"true\" class=\"fas fa-user-circle\"><\/i><\/div>\n\t\t\t\t\t\t<\/span>\n\t\t<\/div>\n\t\t\t\t\t\t<\/div>\n\t\t\t\t<\/div>\n\t\t\t\t\t<\/div>\n\t\t<\/div>\n\t\t\t\t\t<\/div>\n\t\t<\/section>\n\t\t\t\t<section class=\"elementor-section elementor-top-section elementor-element elementor-element-dd6343c elementor-section-boxed elementor-section-height-default elementor-section-height-default\" data-id=\"dd6343c\" data-element_type=\"section\">\n\t\t\t\t\t\t<div class=\"elementor-container elementor-column-gap-default\">\n\t\t\t\t\t<div class=\"aux-parallax-section elementor-column elementor-col-100 elementor-top-column elementor-element elementor-element-7d1b706\" data-id=\"7d1b706\" data-element_type=\"column\" data-settings=\"{&quot;background_background&quot;:&quot;classic&quot;}\">\n\t\t\t<div class=\"elementor-widget-wrap elementor-element-populated\">\n\t\t\t\t\t\t<div class=\"elementor-element elementor-element-be496e3 elementor-widget__width-initial elementor-widget elementor-widget-text-editor\" data-id=\"be496e3\" data-element_type=\"widget\" data-widget_type=\"text-editor.default\">\n\t\t\t\t<div class=\"elementor-widget-container\">\n\t\t\t\t\t\t\t\t\t<p>Nas \u00faltimas d\u00e9cadas tem se verificado um esfor\u00e7o global para se encontrar metodologias uniformizadas e harmonizadas tanto para a repress\u00e3o como para a preven\u00e7\u00e3o da corrup\u00e7\u00e3o e das infra\u00e7\u00f5es conexas, uma vez que este fen\u00f3meno assume, tanto um car\u00e1ter transnacional, quanto um car\u00e1ter transversal a toda a sociedade e constitui atualmente uma das grandes preocupa\u00e7\u00f5es, n\u00e3o apenas dos diversos Estados, mas tamb\u00e9m, de organiza\u00e7\u00f5es internacionais de \u00e2mbito global, regional e local.<\/p><p>Neste sentido, Portugal em 2008 criou o <strong>Conselho de Preven\u00e7\u00e3o da Corrup\u00e7\u00e3o (CPC)<\/strong>, entidade administrativa independente que tinha como fim desenvolver uma atividade de \u00e2mbito nacional no dom\u00ednio da preven\u00e7\u00e3o da corrup\u00e7\u00e3o e infra\u00e7\u00f5es conexas. O CPC durante a sua vig\u00eancia aprovou v\u00e1rias recomenda\u00e7\u00f5es que explanavam a necessidade de os dirigentes m\u00e1ximos das entidades gestoras de dinheiros, valores ou patrim\u00f3nio p\u00fablicos, adotarem e divulgarem <strong>Planos de Preven\u00e7\u00e3o de Riscos de Corrup\u00e7\u00e3o e Infra\u00e7\u00f5es Conexas<\/strong>, n\u00e3o sendo os Servi\u00e7os Intermunicipalizados de \u00c1guas e Res\u00edduos de Loures e Odivelas (SIMAR) exce\u00e7\u00e3o, adotaram primeiramente um plano conjunto com a C\u00e2mara Municipal de Loures e posteriormente, em 2019, um plano independente<\/p><p>Os SIMAR pretendem desenvolver a sua atividade pautando-se pelos valores democr\u00e1ticos e de interesse p\u00fablico, tamb\u00e9m na tentativa de evitar situa\u00e7\u00f5es como a morosidade e falta de transpar\u00eancia das pr\u00e1ticas administrativas, por se tratar de situa\u00e7\u00f5es que formam contextos favor\u00e1veis \u00e0 ocorr\u00eancia de pr\u00e1ticas de corrup\u00e7\u00e3o e infra\u00e7\u00f5es conexas.<\/p><p><a href=\"\/wp-content\/uploads\/2026\/04\/Plano-de-Prevencao-de-Rsicos-de-corrupcao-e-Infracoes-Conexas-PPR.pdf\" target=\"_blank\" rel=\"noopener\"><strong><span style=\"color: #326da8;\"><span style=\"color: #000000;\">\ud83d\udd17<\/span><span style=\"color: #316cb5;\"><span style=\"text-decoration: underline;\">Relat\u00f3rio de Avalia\u00e7\u00e3o Anual<\/span><\/span><\/span><\/strong><\/a><\/p><p><a href=\"https:\/\/www.simar-louresodivelas.pt\/wp-content\/uploads\/2025\/11\/Plano-de-Prevencao-da-Corrupcao-PPR-REVISTO1-set2025.pdf\" target=\"_blank\" rel=\"noopener\"><strong><span style=\"color: #326da8;\"><span style=\"color: #000000;\">\ud83d\udd17<\/span><span style=\"color: #316cb5;\"><span style=\"text-decoration: underline;\">PPR &#8211; 2025<\/span><\/span><\/span><\/strong><\/a><\/p><p><a href=\"https:\/\/www.simar-louresodivelas.pt\/wp-content\/uploads\/2025\/11\/PPRCIC-Relt-Interc-out2025.pdf\" target=\"_blank\" rel=\"noopener\"><strong><span style=\"color: #326da8;\"><span style=\"color: #000000;\">\ud83d\udd17<\/span><span style=\"color: #316cb5;\"><span style=\"text-decoration: underline;\">Relat\u00f3rio de Avalia\u00e7\u00e3o Intercalar 2025<\/span><\/span><\/span><\/strong><\/a><\/p><p><strong><span style=\"color: #326da8;\"><span style=\"color: #000000;\">\ud83d\udd17<\/span><span style=\"color: #316cb5;\"><a style=\"color: #316cb5;\" href=\"\/wp-content\/uploads\/2025\/05\/Plano-de-Prevencao-Riscos-de-Corrupcao-e-Infracoes-Conexas-PPR_FINAL.pdf\" target=\"_blank\" rel=\"noopener\"><span style=\"text-decoration: underline;\">Relat\u00f3rio de Avalia\u00e7\u00e3o Anual 2024<\/span><\/a><\/span><\/span><\/strong><\/p>\t\t\t\t\t\t\t\t<\/div>\n\t\t\t\t<\/div>\n\t\t\t\t\t<\/div>\n\t\t<\/div>\n\t\t\t\t\t<\/div>\n\t\t<\/section>\n\t\t\t\t<\/div>\n\t\t","protected":false},"excerpt":{"rendered":"<p>Nas \u00faltimas d\u00e9cadas tem se verificado um esfor\u00e7o global para se encontrar metodologias uniformizadas e harmonizadas tanto para a repress\u00e3o como para a preven\u00e7\u00e3o da corrup\u00e7\u00e3o e das infra\u00e7\u00f5es conexas, uma vez que este fen\u00f3meno assume, tanto um car\u00e1ter transnacional, quanto um car\u00e1ter transversal a toda a sociedade e constitui atualmente uma das grandes preocupa\u00e7\u00f5es, [&hellip;]<\/p>\n","protected":false},"author":1,"featured_media":0,"parent":0,"menu_order":0,"comment_status":"closed","ping_status":"closed","template":"","meta":{"_monsterinsights_skip_tracking":false,"_monsterinsights_sitenote_active":false,"_monsterinsights_sitenote_note":"","_monsterinsights_sitenote_category":0,"_uf_show_specific_survey":0,"_uf_disable_surveys":false,"footnotes":""},"class_list":["post-550","page","type-page","status-publish","hentry"],"aioseo_notices":[],"_links":{"self":[{"href":"https:\/\/www.simar-louresodivelas.pt\/index.php\/wp-json\/wp\/v2\/pages\/550","targetHints":{"allow":["GET"]}}],"collection":[{"href":"https:\/\/www.simar-louresodivelas.pt\/index.php\/wp-json\/wp\/v2\/pages"}],"about":[{"href":"https:\/\/www.simar-louresodivelas.pt\/index.php\/wp-json\/wp\/v2\/types\/page"}],"author":[{"embeddable":true,"href":"https:\/\/www.simar-louresodivelas.pt\/index.php\/wp-json\/wp\/v2\/users\/1"}],"replies":[{"embeddable":true,"href":"https:\/\/www.simar-louresodivelas.pt\/index.php\/wp-json\/wp\/v2\/comments?post=550"}],"version-history":[{"count":98,"href":"https:\/\/www.simar-louresodivelas.pt\/index.php\/wp-json\/wp\/v2\/pages\/550\/revisions"}],"predecessor-version":[{"id":42097,"href":"https:\/\/www.simar-louresodivelas.pt\/index.php\/wp-json\/wp\/v2\/pages\/550\/revisions\/42097"}],"wp:attachment":[{"href":"https:\/\/www.simar-louresodivelas.pt\/index.php\/wp-json\/wp\/v2\/media?parent=550"}],"curies":[{"name":"wp","href":"https:\/\/api.w.org\/{rel}","templated":true}]}}