{"id":4048,"date":"2023-07-19T14:01:03","date_gmt":"2023-07-19T14:01:03","guid":{"rendered":"http:\/\/websimar01\/simar\/?page_id=4048"},"modified":"2025-01-03T10:34:54","modified_gmt":"2025-01-03T10:34:54","slug":"tipos-de-equipamentos","status":"publish","type":"page","link":"https:\/\/www.simar-louresodivelas.pt\/index.php\/tipos-de-equipamentos","title":{"rendered":"Tipos de Equipamentos"},"content":{"rendered":"\t\t<div data-elementor-type=\"wp-page\" data-elementor-id=\"4048\" class=\"elementor elementor-4048\">\n\t\t\t\t\t\t<section class=\"elementor-section elementor-top-section elementor-element elementor-element-ad941f3 elementor-section-full_width elementor-section-stretched elementor-section-height-default elementor-section-height-default\" data-id=\"ad941f3\" data-element_type=\"section\" data-settings=\"{&quot;stretch_section&quot;:&quot;section-stretched&quot;,&quot;background_background&quot;:&quot;classic&quot;}\">\n\t\t\t\t\t\t<div class=\"elementor-container elementor-column-gap-default\">\n\t\t\t\t\t<div class=\"aux-parallax-section elementor-column elementor-col-100 elementor-top-column elementor-element elementor-element-4756723\" data-id=\"4756723\" data-element_type=\"column\">\n\t\t\t<div class=\"elementor-widget-wrap elementor-element-populated\">\n\t\t\t\t\t\t<div class=\"elementor-element elementor-element-8bd438c elementor-widget elementor-widget-image\" data-id=\"8bd438c\" data-element_type=\"widget\" data-widget_type=\"image.default\">\n\t\t\t\t<div class=\"elementor-widget-container\">\n\t\t\t\t\t\t\t\t\t\t\t\t\t\t\t<img decoding=\"async\" src=\"https:\/\/www.simar-louresodivelas.pt\/wp-content\/uploads\/2023\/09\/tipos-de-equipamentos.jpg\" title=\"tipos de equipamentos\" alt=\"tipos de equipamentos\" loading=\"lazy\" \/>\t\t\t\t\t\t\t\t\t\t\t\t\t\t\t<\/div>\n\t\t\t\t<\/div>\n\t\t\t\t\t<\/div>\n\t\t<\/div>\n\t\t\t\t\t<\/div>\n\t\t<\/section>\n\t\t\t\t<section class=\"elementor-section elementor-top-section elementor-element elementor-element-6f0210c elementor-section-boxed elementor-section-height-default elementor-section-height-default\" data-id=\"6f0210c\" data-element_type=\"section\">\n\t\t\t\t\t\t<div class=\"elementor-container elementor-column-gap-default\">\n\t\t\t\t\t<div class=\"aux-parallax-section elementor-column elementor-col-100 elementor-top-column elementor-element elementor-element-55eec35\" data-id=\"55eec35\" data-element_type=\"column\">\n\t\t\t<div class=\"elementor-widget-wrap elementor-element-populated\">\n\t\t\t\t\t\t<div class=\"elementor-element elementor-element-9cca7f4 elementor-widget-divider--view-line_icon elementor-view-default elementor-widget-divider--element-align-center elementor-widget elementor-widget-divider\" data-id=\"9cca7f4\" data-element_type=\"widget\" data-widget_type=\"divider.default\">\n\t\t\t\t<div class=\"elementor-widget-container\">\n\t\t\t\t\t\t\t<div class=\"elementor-divider\">\n\t\t\t<span class=\"elementor-divider-separator\">\n\t\t\t\t\t\t\t<div class=\"elementor-icon elementor-divider__element\">\n\t\t\t\t\t<i aria-hidden=\"true\" class=\"fas fa-trash\"><\/i><\/div>\n\t\t\t\t\t\t<\/span>\n\t\t<\/div>\n\t\t\t\t\t\t<\/div>\n\t\t\t\t<\/div>\n\t\t\t\t\t<\/div>\n\t\t<\/div>\n\t\t\t\t\t<\/div>\n\t\t<\/section>\n\t\t\t\t<section class=\"elementor-section elementor-top-section elementor-element elementor-element-0d86779 elementor-section-boxed elementor-section-height-default elementor-section-height-default\" data-id=\"0d86779\" data-element_type=\"section\">\n\t\t\t\t\t\t<div class=\"elementor-container elementor-column-gap-default\">\n\t\t\t\t\t<div class=\"aux-parallax-section elementor-column elementor-col-100 elementor-top-column elementor-element elementor-element-89acd3d\" data-id=\"89acd3d\" data-element_type=\"column\">\n\t\t\t<div class=\"elementor-widget-wrap elementor-element-populated\">\n\t\t\t\t\t\t<div class=\"elementor-element elementor-element-7f3f579 elementor-widget elementor-widget-text-editor\" data-id=\"7f3f579\" data-element_type=\"widget\" data-widget_type=\"text-editor.default\">\n\t\t\t\t<div class=\"elementor-widget-container\">\n\t\t\t\t\t\t\t\t\t<p>CONTENTORES DE SUPERF\u00cdCIE<\/p>\t\t\t\t\t\t\t\t<\/div>\n\t\t\t\t<\/div>\n\t\t\t\t\t<\/div>\n\t\t<\/div>\n\t\t\t\t\t<\/div>\n\t\t<\/section>\n\t\t\t\t<section class=\"elementor-section elementor-top-section elementor-element elementor-element-bd6a0dc elementor-section-boxed elementor-section-height-default elementor-section-height-default\" data-id=\"bd6a0dc\" data-element_type=\"section\">\n\t\t\t\t\t\t<div class=\"elementor-container elementor-column-gap-default\">\n\t\t\t\t\t<div class=\"aux-parallax-section elementor-column elementor-col-100 elementor-top-column elementor-element elementor-element-a2f1528\" data-id=\"a2f1528\" data-element_type=\"column\">\n\t\t\t<div class=\"elementor-widget-wrap elementor-element-populated\">\n\t\t\t\t\t\t<div class=\"elementor-element elementor-element-6404b75 elementor-widget elementor-widget-accordion\" data-id=\"6404b75\" data-element_type=\"widget\" data-settings=\"{&quot;_animation&quot;:&quot;none&quot;}\" data-widget_type=\"accordion.default\">\n\t\t\t\t<div class=\"elementor-widget-container\">\n\t\t\t\t\t\t\t<div class=\"elementor-accordion\">\n\t\t\t\t\t\t\t<div class=\"elementor-accordion-item\">\n\t\t\t\t\t<div id=\"elementor-tab-title-1041\" class=\"elementor-tab-title\" data-tab=\"1\" role=\"button\" aria-controls=\"elementor-tab-content-1041\" aria-expanded=\"false\">\n\t\t\t\t\t\t\t\t\t\t\t\t\t<span class=\"elementor-accordion-icon elementor-accordion-icon-right\" aria-hidden=\"true\">\n\t\t\t\t\t\t\t\t\t\t\t\t\t\t\t<span class=\"elementor-accordion-icon-closed\"><i class=\"fas fa-angle-down\"><\/i><\/span>\n\t\t\t\t\t\t\t\t<span class=\"elementor-accordion-icon-opened\"><i class=\"fas fa-angle-up\"><\/i><\/span>\n\t\t\t\t\t\t\t\t\t\t\t\t\t\t<\/span>\n\t\t\t\t\t\t\t\t\t\t\t\t<a class=\"elementor-accordion-title\" tabindex=\"0\">CONTENTORES INDIVIDUAIS DE 120 L, 240 L E 360 L<\/a>\n\t\t\t\t\t<\/div>\n\t\t\t\t\t<div id=\"elementor-tab-content-1041\" class=\"elementor-tab-content elementor-clearfix\" data-tab=\"1\" role=\"region\" aria-labelledby=\"elementor-tab-title-1041\"><p style=\"color: #000000; margin-left: 35px; text-align: justify;\">Esta tipologia de equipamento \u00e9 geralmente utilizada em zonas com <span style=\"text-decoration: underline; color: #316cb5;\"><a style=\"color: #316cb5;\" href=\"\/index.php\/tipos-de-recolha\/\" target=\"_blank\" rel=\"noopener\"><strong>Recolha Porta-a-Porta<\/strong><\/a><\/span> (moradias, edif\u00edcios e estabelecimentos comerciais) e em escolas, para deposi\u00e7\u00e3o de res\u00edduos indiferenciados ou seletiva (trifluxo e biorres\u00edduos).<\/p><p><img fetchpriority=\"high\" decoding=\"async\" class=\"aligncenter wp-image-6412 size-full\" src=\"\/wp-content\/uploads\/2023\/09\/120-240-360-_-copiar.jpg\" alt=\"\" width=\"1248\" height=\"667\" \/><\/p><\/div>\n\t\t\t\t<\/div>\n\t\t\t\t\t\t\t\t<\/div>\n\t\t\t\t\t\t<\/div>\n\t\t\t\t<\/div>\n\t\t\t\t<div class=\"elementor-element elementor-element-a98cf74 elementor-widget elementor-widget-accordion\" data-id=\"a98cf74\" data-element_type=\"widget\" data-settings=\"{&quot;_animation&quot;:&quot;none&quot;}\" data-widget_type=\"accordion.default\">\n\t\t\t\t<div class=\"elementor-widget-container\">\n\t\t\t\t\t\t\t<div class=\"elementor-accordion\">\n\t\t\t\t\t\t\t<div class=\"elementor-accordion-item\">\n\t\t\t\t\t<div id=\"elementor-tab-title-1771\" class=\"elementor-tab-title\" data-tab=\"1\" role=\"button\" aria-controls=\"elementor-tab-content-1771\" aria-expanded=\"false\">\n\t\t\t\t\t\t\t\t\t\t\t\t\t<span class=\"elementor-accordion-icon elementor-accordion-icon-right\" aria-hidden=\"true\">\n\t\t\t\t\t\t\t\t\t\t\t\t\t\t\t<span class=\"elementor-accordion-icon-closed\"><i class=\"fas fa-angle-down\"><\/i><\/span>\n\t\t\t\t\t\t\t\t<span class=\"elementor-accordion-icon-opened\"><i class=\"fas fa-angle-up\"><\/i><\/span>\n\t\t\t\t\t\t\t\t\t\t\t\t\t\t<\/span>\n\t\t\t\t\t\t\t\t\t\t\t\t<a class=\"elementor-accordion-title\" tabindex=\"0\">CONTENTORES DE 1100 L<\/a>\n\t\t\t\t\t<\/div>\n\t\t\t\t\t<div id=\"elementor-tab-content-1771\" class=\"elementor-tab-content elementor-clearfix\" data-tab=\"1\" role=\"region\" aria-labelledby=\"elementor-tab-title-1771\"><p style=\"color: #000000; margin-left: 35px; text-align: justify;\">Equipamento, geralmente utilizado na <span style=\"text-decoration: underline; color: #316cb5;\"><a style=\"color: #316cb5;\" href=\"\/index.php\/tipos-de-recolha\/\" target=\"_blank\" rel=\"noopener\"><strong>Recolha por Proximidade<\/strong><\/a><\/span>, ou de uso coletivo, situado em via p\u00fablica, para deposi\u00e7\u00e3o de res\u00edduos indiferenciados ou seletiva (trifluxo). Maioritariamente, encontram-se colocados recorrendo a uma estrutura de reten\u00e7\u00e3o (parque) que limita a sua movimenta\u00e7\u00e3o.<\/p><p><img decoding=\"async\" class=\"aligncenter wp-image-6413 size-full\" src=\"\/wp-content\/uploads\/2023\/09\/1100l.jpg\" alt=\"\" width=\"1248\" height=\"667\" \/><\/p><\/div>\n\t\t\t\t<\/div>\n\t\t\t\t\t\t\t\t<\/div>\n\t\t\t\t\t\t<\/div>\n\t\t\t\t<\/div>\n\t\t\t\t<div class=\"elementor-element elementor-element-88c2808 elementor-widget elementor-widget-accordion\" data-id=\"88c2808\" data-element_type=\"widget\" data-settings=\"{&quot;_animation&quot;:&quot;none&quot;}\" data-widget_type=\"accordion.default\">\n\t\t\t\t<div class=\"elementor-widget-container\">\n\t\t\t\t\t\t\t<div class=\"elementor-accordion\">\n\t\t\t\t\t\t\t<div class=\"elementor-accordion-item\">\n\t\t\t\t\t<div id=\"elementor-tab-title-1431\" class=\"elementor-tab-title\" data-tab=\"1\" role=\"button\" aria-controls=\"elementor-tab-content-1431\" aria-expanded=\"false\">\n\t\t\t\t\t\t\t\t\t\t\t\t\t<span class=\"elementor-accordion-icon elementor-accordion-icon-right\" aria-hidden=\"true\">\n\t\t\t\t\t\t\t\t\t\t\t\t\t\t\t<span class=\"elementor-accordion-icon-closed\"><i class=\"fas fa-angle-down\"><\/i><\/span>\n\t\t\t\t\t\t\t\t<span class=\"elementor-accordion-icon-opened\"><i class=\"fas fa-angle-up\"><\/i><\/span>\n\t\t\t\t\t\t\t\t\t\t\t\t\t\t<\/span>\n\t\t\t\t\t\t\t\t\t\t\t\t<a class=\"elementor-accordion-title\" tabindex=\"0\">CONTENTORES DE 2400 L E 3200 L (CARGA LATERAL)<\/a>\n\t\t\t\t\t<\/div>\n\t\t\t\t\t<div id=\"elementor-tab-content-1431\" class=\"elementor-tab-content elementor-clearfix\" data-tab=\"1\" role=\"region\" aria-labelledby=\"elementor-tab-title-1431\"><p style=\"color: #000000; margin-left: 35px; text-align: justify;\">Equipamento utilizado na<span style=\"text-decoration: underline; color: #316cb5;\"><strong> <a style=\"color: #316cb5;\" href=\"\/index.php\/tipos-de-recolha\/\" target=\"_blank\" rel=\"noopener\">Recolha por Proximidade<\/a><\/strong><\/span>, ou de uso coletivo, situado em via p\u00fablica, para deposi\u00e7\u00e3o de res\u00edduos indiferenciados ou seletiva (trifluxo). S\u00e3o recolhidos de forma mecanizada, tendo, por isso, que estar localizados em paralelo com a via de circula\u00e7\u00e3o e o mais \u00e0 face desta poss\u00edvel. Tamb\u00e9m, por isso, n\u00e3o podem ter estrutura de reten\u00e7\u00e3o, uma vez que isso impediria a recolha.<\/p><p><img decoding=\"async\" class=\"aligncenter wp-image-6420 size-full\" src=\"\/wp-content\/uploads\/2023\/09\/2400-E-3200.jpg\" alt=\"\" width=\"1248\" height=\"667\" \/><\/p><div style=\"display: flex; justify-content: center; align-items: center;\"><p><div style=\"width: 720px;\" class=\"wp-video\"><!--[if lt IE 9]><script>document.createElement('video');<\/script><![endif]-->\n<video class=\"wp-video-shortcode\" id=\"video-4048-1\" width=\"720\" height=\"576\" preload=\"metadata\" controls=\"controls\"><source type=\"video\/mp4\" src=\"\/wp-content\/uploads\/2023\/10\/Residuos-Urbanos_1.mp4?_=1\" \/><a href=\"\/wp-content\/uploads\/2023\/10\/Residuos-Urbanos_1.mp4\">\/wp-content\/uploads\/2023\/10\/Residuos-Urbanos_1.mp4<\/a><\/video><\/div><\/p><\/div><\/div>\n\t\t\t\t<\/div>\n\t\t\t\t\t\t\t\t<\/div>\n\t\t\t\t\t\t<\/div>\n\t\t\t\t<\/div>\n\t\t\t\t<div class=\"elementor-element elementor-element-53398ee elementor-widget elementor-widget-accordion\" data-id=\"53398ee\" data-element_type=\"widget\" data-settings=\"{&quot;_animation&quot;:&quot;none&quot;}\" data-widget_type=\"accordion.default\">\n\t\t\t\t<div class=\"elementor-widget-container\">\n\t\t\t\t\t\t\t<div class=\"elementor-accordion\">\n\t\t\t\t\t\t\t<div class=\"elementor-accordion-item\">\n\t\t\t\t\t<div id=\"elementor-tab-title-8721\" class=\"elementor-tab-title\" data-tab=\"1\" role=\"button\" aria-controls=\"elementor-tab-content-8721\" aria-expanded=\"false\">\n\t\t\t\t\t\t\t\t\t\t\t\t\t<span class=\"elementor-accordion-icon elementor-accordion-icon-right\" aria-hidden=\"true\">\n\t\t\t\t\t\t\t\t\t\t\t\t\t\t\t<span class=\"elementor-accordion-icon-closed\"><i class=\"fas fa-angle-down\"><\/i><\/span>\n\t\t\t\t\t\t\t\t<span class=\"elementor-accordion-icon-opened\"><i class=\"fas fa-angle-up\"><\/i><\/span>\n\t\t\t\t\t\t\t\t\t\t\t\t\t\t<\/span>\n\t\t\t\t\t\t\t\t\t\t\t\t<a class=\"elementor-accordion-title\" tabindex=\"0\">ECOPONTO DE 2500 L<\/a>\n\t\t\t\t\t<\/div>\n\t\t\t\t\t<div id=\"elementor-tab-content-8721\" class=\"elementor-tab-content elementor-clearfix\" data-tab=\"1\" role=\"region\" aria-labelledby=\"elementor-tab-title-8721\"><p style=\"color: #000000; margin-left: 35px; text-align: justify;\">Equipamento utilizado na<span style=\"color: #316cb5;\"> <a style=\"color: #316cb5;\" href=\"\/index.php\/tipos-de-recolha\/\" target=\"_blank\" rel=\"noopener\"><strong><span style=\"text-decoration: underline;\">Recolha por Proximidade<\/span><\/strong><\/a><\/span>, ou de uso coletivo, situado em via p\u00fablica, para deposi\u00e7\u00e3o de papel\/cart\u00e3o, embalagens de pl\u00e1stico e embalagens de vidro (seletiva trifluxo).<img loading=\"lazy\" decoding=\"async\" class=\"aligncenter wp-image-11358 size-full\" src=\"\/wp-content\/uploads\/2023\/11\/2500l_.jpg\" alt=\"\" width=\"1248\" height=\"619\" \/><\/p><\/div>\n\t\t\t\t<\/div>\n\t\t\t\t\t\t\t\t<\/div>\n\t\t\t\t\t\t<\/div>\n\t\t\t\t<\/div>\n\t\t\t\t<div class=\"elementor-element elementor-element-140bff3 elementor-widget elementor-widget-accordion\" data-id=\"140bff3\" data-element_type=\"widget\" data-settings=\"{&quot;_animation&quot;:&quot;none&quot;}\" data-widget_type=\"accordion.default\">\n\t\t\t\t<div class=\"elementor-widget-container\">\n\t\t\t\t\t\t\t<div class=\"elementor-accordion\">\n\t\t\t\t\t\t\t<div class=\"elementor-accordion-item\">\n\t\t\t\t\t<div id=\"elementor-tab-title-2101\" class=\"elementor-tab-title\" data-tab=\"1\" role=\"button\" aria-controls=\"elementor-tab-content-2101\" aria-expanded=\"false\">\n\t\t\t\t\t\t\t\t\t\t\t\t\t<span class=\"elementor-accordion-icon elementor-accordion-icon-right\" aria-hidden=\"true\">\n\t\t\t\t\t\t\t\t\t\t\t\t\t\t\t<span class=\"elementor-accordion-icon-closed\"><i class=\"fas fa-angle-down\"><\/i><\/span>\n\t\t\t\t\t\t\t\t<span class=\"elementor-accordion-icon-opened\"><i class=\"fas fa-angle-up\"><\/i><\/span>\n\t\t\t\t\t\t\t\t\t\t\t\t\t\t<\/span>\n\t\t\t\t\t\t\t\t\t\t\t\t<a class=\"elementor-accordion-title\" tabindex=\"0\">ESTRUTURAS PARA CONTENTORES DE 240 L E 360 L<\/a>\n\t\t\t\t\t<\/div>\n\t\t\t\t\t<div id=\"elementor-tab-content-2101\" class=\"elementor-tab-content elementor-clearfix\" data-tab=\"1\" role=\"region\" aria-labelledby=\"elementor-tab-title-2101\"><p style=\"color: #000000; margin-left: 35px; text-align: justify;\">S\u00e3o o mais recente equipamento utilizado na <span style=\"text-decoration: underline; color: #316cb5;\"><a style=\"color: #316cb5;\" href=\"\/index.php\/tipos-de-recolha\/\" target=\"_blank\" rel=\"noopener\"><strong>Recolha por Proximidade<\/strong><\/a><\/span>, para deposi\u00e7\u00e3o de Biorres\u00edduos \u2013 res\u00edduos alimentares, no \u00e2mbito do projeto <a href=\"https:\/\/www.simar-louresodivelas.pt\/index.php\/valorizacao-biorresiduos\" target=\"_blank\" rel=\"noopener\"><span style=\"text-decoration: underline; color: #316cb5;\"><strong>Os Org\u00e2nicos Devolvemos \u00e0 Natureza<\/strong><\/span><\/a>. T\u00eam, no interior, um ou dois contentores individuais que s\u00e3o depois retirados aquando da recolha. Est\u00e3o equipados com sistema de abertura com controlo de acesso com fechadura eletr\u00f3nica para a identifica\u00e7\u00e3o dos utilizadores. Pretende-se com esta tecnologia reduzir a contamina\u00e7\u00e3o dos biorres\u00edduos atrav\u00e9s da responsabiliza\u00e7\u00e3o dos produtores e da limita\u00e7\u00e3o de acesso por parte de outros produtores n\u00e3o inclu\u00eddos no projeto.<\/p><p><img loading=\"lazy\" decoding=\"async\" class=\"aligncenter wp-image-6424 size-full\" src=\"\/wp-content\/uploads\/2023\/09\/ESTRUTURAS_.jpg\" alt=\"\" width=\"1248\" height=\"667\" \/><\/p><\/div>\n\t\t\t\t<\/div>\n\t\t\t\t\t\t\t\t<\/div>\n\t\t\t\t\t\t<\/div>\n\t\t\t\t<\/div>\n\t\t\t\t\t<\/div>\n\t\t<\/div>\n\t\t\t\t\t<\/div>\n\t\t<\/section>\n\t\t\t\t<section class=\"elementor-section elementor-top-section elementor-element elementor-element-450c82f elementor-section-boxed elementor-section-height-default elementor-section-height-default\" data-id=\"450c82f\" data-element_type=\"section\">\n\t\t\t\t\t\t<div class=\"elementor-container elementor-column-gap-default\">\n\t\t\t\t\t<div class=\"aux-parallax-section elementor-column elementor-col-100 elementor-top-column elementor-element elementor-element-59a477d\" data-id=\"59a477d\" data-element_type=\"column\">\n\t\t\t<div class=\"elementor-widget-wrap elementor-element-populated\">\n\t\t\t\t\t\t<div class=\"elementor-element elementor-element-fab8bc4 elementor-widget elementor-widget-text-editor\" data-id=\"fab8bc4\" data-element_type=\"widget\" data-widget_type=\"text-editor.default\">\n\t\t\t\t<div class=\"elementor-widget-container\">\n\t\t\t\t\t\t\t\t\t<p>CONTENTORES ENTERRADOS OU SEMIENTERRADOS<\/p>\t\t\t\t\t\t\t\t<\/div>\n\t\t\t\t<\/div>\n\t\t\t\t\t<\/div>\n\t\t<\/div>\n\t\t\t\t\t<\/div>\n\t\t<\/section>\n\t\t\t\t<section class=\"elementor-section elementor-top-section elementor-element elementor-element-8d47248 elementor-section-boxed elementor-section-height-default elementor-section-height-default\" data-id=\"8d47248\" data-element_type=\"section\">\n\t\t\t\t\t\t<div class=\"elementor-container elementor-column-gap-default\">\n\t\t\t\t\t<div class=\"aux-parallax-section elementor-column elementor-col-100 elementor-top-column elementor-element elementor-element-93ff4db\" data-id=\"93ff4db\" data-element_type=\"column\">\n\t\t\t<div class=\"elementor-widget-wrap elementor-element-populated\">\n\t\t\t\t\t\t<div class=\"elementor-element elementor-element-bda453e elementor-widget elementor-widget-accordion\" data-id=\"bda453e\" data-element_type=\"widget\" data-widget_type=\"accordion.default\">\n\t\t\t\t<div class=\"elementor-widget-container\">\n\t\t\t\t\t\t\t<div class=\"elementor-accordion\">\n\t\t\t\t\t\t\t<div class=\"elementor-accordion-item\">\n\t\t\t\t\t<div id=\"elementor-tab-title-1981\" class=\"elementor-tab-title\" data-tab=\"1\" role=\"button\" aria-controls=\"elementor-tab-content-1981\" aria-expanded=\"false\">\n\t\t\t\t\t\t\t\t\t\t\t\t\t<span class=\"elementor-accordion-icon elementor-accordion-icon-right\" aria-hidden=\"true\">\n\t\t\t\t\t\t\t\t\t\t\t\t\t\t\t<span class=\"elementor-accordion-icon-closed\"><i class=\"fas fa-angle-down\"><\/i><\/span>\n\t\t\t\t\t\t\t\t<span class=\"elementor-accordion-icon-opened\"><i class=\"fas fa-angle-up\"><\/i><\/span>\n\t\t\t\t\t\t\t\t\t\t\t\t\t\t<\/span>\n\t\t\t\t\t\t\t\t\t\t\t\t<a class=\"elementor-accordion-title\" tabindex=\"0\">CONTENTORES SEMIENTERRADOS DE 3 E 5m3<\/a>\n\t\t\t\t\t<\/div>\n\t\t\t\t\t<div id=\"elementor-tab-content-1981\" class=\"elementor-tab-content elementor-clearfix\" data-tab=\"1\" role=\"region\" aria-labelledby=\"elementor-tab-title-1981\"><p style=\"color: #000000; margin-left: 35px; text-align: justify;\">Equipamento de grande capacidade utilizado na <a href=\"\/index.php\/tipos-de-recolha\/\" target=\"_blank\" rel=\"noopener\"><span style=\"color: #326da8;\"><strong><span style=\"text-decoration: underline; color: #316cb5;\">Recolha por Proximidade<\/span><\/strong><\/span><\/a>, ou de uso coletivo, situado em via p\u00fablica, para deposi\u00e7\u00e3o de res\u00edduos indiferenciados ou seletiva (trifluxo). S\u00e3o contentores em que parte da capacidade do equipamento est\u00e1 \u00e0 superf\u00edcie. S\u00e3o est\u00e1ticos n\u00e3o permitindo a sua relocaliza\u00e7\u00e3o no espa\u00e7o p\u00fablico sem obra de constru\u00e7\u00e3o civil.<\/p><p><img loading=\"lazy\" decoding=\"async\" class=\"aligncenter wp-image-9060 size-full\" src=\"\/wp-content\/uploads\/2023\/10\/molok.jpg\" alt=\"\" width=\"491\" height=\"454\" \/><\/p><\/div>\n\t\t\t\t<\/div>\n\t\t\t\t\t\t\t\t<\/div>\n\t\t\t\t\t\t<\/div>\n\t\t\t\t<\/div>\n\t\t\t\t<div class=\"elementor-element elementor-element-082a274 elementor-widget elementor-widget-accordion\" data-id=\"082a274\" data-element_type=\"widget\" data-widget_type=\"accordion.default\">\n\t\t\t\t<div class=\"elementor-widget-container\">\n\t\t\t\t\t\t\t<div class=\"elementor-accordion\">\n\t\t\t\t\t\t\t<div class=\"elementor-accordion-item\">\n\t\t\t\t\t<div id=\"elementor-tab-title-8561\" class=\"elementor-tab-title\" data-tab=\"1\" role=\"button\" aria-controls=\"elementor-tab-content-8561\" aria-expanded=\"false\">\n\t\t\t\t\t\t\t\t\t\t\t\t\t<span class=\"elementor-accordion-icon elementor-accordion-icon-right\" aria-hidden=\"true\">\n\t\t\t\t\t\t\t\t\t\t\t\t\t\t\t<span class=\"elementor-accordion-icon-closed\"><i class=\"fas fa-angle-down\"><\/i><\/span>\n\t\t\t\t\t\t\t\t<span class=\"elementor-accordion-icon-opened\"><i class=\"fas fa-angle-up\"><\/i><\/span>\n\t\t\t\t\t\t\t\t\t\t\t\t\t\t<\/span>\n\t\t\t\t\t\t\t\t\t\t\t\t<a class=\"elementor-accordion-title\" tabindex=\"0\">CONTENTORES ENTERRADOS DE 3 E 5m3<\/a>\n\t\t\t\t\t<\/div>\n\t\t\t\t\t<div id=\"elementor-tab-content-8561\" class=\"elementor-tab-content elementor-clearfix\" data-tab=\"1\" role=\"region\" aria-labelledby=\"elementor-tab-title-8561\"><p style=\"color: #000000; margin-left: 35px; text-align: justify;\">Equipamento de grande capacidade utilizado na <span style=\"text-decoration: underline; color: #316cb5;\"><a style=\"color: #316cb5;\" href=\"\/index.php\/tipos-de-recolha\/\" target=\"_blank\" rel=\"noopener\"><strong>Recolha por Proximidade<\/strong><\/a><\/span>, ou de uso coletivo, situado em via p\u00fablica, para deposi\u00e7\u00e3o de res\u00edduos indiferenciados ou seletiva (trifluxo). S\u00e3o contentores que est\u00e3o totalmente enterrados, ficando \u00e0 superf\u00edcie apenas o marco para utiliza\u00e7\u00e3o do mesmo. S\u00e3o est\u00e1ticos n\u00e3o permitindo a sua relocaliza\u00e7\u00e3o no espa\u00e7o p\u00fablico sem obra de constru\u00e7\u00e3o civil.<\/p><p><img loading=\"lazy\" decoding=\"async\" class=\"aligncenter wp-image-9066 size-full\" src=\"\/wp-content\/uploads\/2023\/10\/enterrados_2.jpg\" alt=\"\" width=\"1333\" height=\"430\" \/><\/p><\/div>\n\t\t\t\t<\/div>\n\t\t\t\t\t\t\t\t<\/div>\n\t\t\t\t\t\t<\/div>\n\t\t\t\t<\/div>\n\t\t\t\t\t<\/div>\n\t\t<\/div>\n\t\t\t\t\t<\/div>\n\t\t<\/section>\n\t\t\t\t<section class=\"elementor-section elementor-top-section elementor-element elementor-element-9a6b198 elementor-section-boxed elementor-section-height-default elementor-section-height-default\" data-id=\"9a6b198\" data-element_type=\"section\">\n\t\t\t\t\t\t<div class=\"elementor-container elementor-column-gap-default\">\n\t\t\t\t\t<div class=\"aux-parallax-section elementor-column elementor-col-100 elementor-top-column elementor-element elementor-element-e15c86e\" data-id=\"e15c86e\" data-element_type=\"column\">\n\t\t\t<div class=\"elementor-widget-wrap elementor-element-populated\">\n\t\t\t\t\t\t<div class=\"elementor-element elementor-element-f5ea366 elementor-widget elementor-widget-html\" data-id=\"f5ea366\" data-element_type=\"widget\" data-widget_type=\"html.default\">\n\t\t\t\t<div class=\"elementor-widget-container\">\n\t\t\t\t\t<script src=\"data:text\/javascript;base64,alF1ZXJ5KGRvY3VtZW50KS5yZWFkeShmdW5jdGlvbigkKXt2YXIgZGVsYXk9MTAwO3NldFRpbWVvdXQoZnVuY3Rpb24oKXskKCcuZWxlbWVudG9yLXRhYi10aXRsZScpLnJlbW92ZUNsYXNzKCdlbGVtZW50b3ItYWN0aXZlJyk7JCgnLmVsZW1lbnRvci10YWItY29udGVudCcpLmNzcygnZGlzcGxheScsJ25vbmUnKX0sZGVsYXkpfSk=\" defer><\/script>\n\t\t\t\t<\/div>\n\t\t\t\t<\/div>\n\t\t\t\t\t<\/div>\n\t\t<\/div>\n\t\t\t\t\t<\/div>\n\t\t<\/section>\n\t\t\t\t<\/div>\n\t\t","protected":false},"excerpt":{"rendered":"<p>CONTENTORES DE SUPERF\u00cdCIE CONTENTORES INDIVIDUAIS DE 120 L, 240 L E 360 L Esta tipologia de equipamento \u00e9 geralmente utilizada em zonas com Recolha Porta-a-Porta (moradias, edif\u00edcios e estabelecimentos comerciais) e em escolas, para deposi\u00e7\u00e3o de res\u00edduos indiferenciados ou seletiva (trifluxo e biorres\u00edduos). CONTENTORES DE 1100 L Equipamento, geralmente utilizado na Recolha por Proximidade, ou [&hellip;]<\/p>\n","protected":false},"author":1,"featured_media":0,"parent":0,"menu_order":0,"comment_status":"closed","ping_status":"closed","template":"","meta":{"_monsterinsights_skip_tracking":false,"_monsterinsights_sitenote_active":false,"_monsterinsights_sitenote_note":"","_monsterinsights_sitenote_category":0,"_uf_show_specific_survey":0,"_uf_disable_surveys":false,"footnotes":""},"class_list":["post-4048","page","type-page","status-publish","hentry"],"aioseo_notices":[],"_links":{"self":[{"href":"https:\/\/www.simar-louresodivelas.pt\/index.php\/wp-json\/wp\/v2\/pages\/4048","targetHints":{"allow":["GET"]}}],"collection":[{"href":"https:\/\/www.simar-louresodivelas.pt\/index.php\/wp-json\/wp\/v2\/pages"}],"about":[{"href":"https:\/\/www.simar-louresodivelas.pt\/index.php\/wp-json\/wp\/v2\/types\/page"}],"author":[{"embeddable":true,"href":"https:\/\/www.simar-louresodivelas.pt\/index.php\/wp-json\/wp\/v2\/users\/1"}],"replies":[{"embeddable":true,"href":"https:\/\/www.simar-louresodivelas.pt\/index.php\/wp-json\/wp\/v2\/comments?post=4048"}],"version-history":[{"count":175,"href":"https:\/\/www.simar-louresodivelas.pt\/index.php\/wp-json\/wp\/v2\/pages\/4048\/revisions"}],"predecessor-version":[{"id":25484,"href":"https:\/\/www.simar-louresodivelas.pt\/index.php\/wp-json\/wp\/v2\/pages\/4048\/revisions\/25484"}],"wp:attachment":[{"href":"https:\/\/www.simar-louresodivelas.pt\/index.php\/wp-json\/wp\/v2\/media?parent=4048"}],"curies":[{"name":"wp","href":"https:\/\/api.w.org\/{rel}","templated":true}]}}