{"id":4045,"date":"2023-07-19T14:00:44","date_gmt":"2023-07-19T14:00:44","guid":{"rendered":"http:\/\/websimar01\/simar\/?page_id=4045"},"modified":"2026-01-29T16:13:30","modified_gmt":"2026-01-29T16:13:30","slug":"tipos-de-recolha","status":"publish","type":"page","link":"https:\/\/www.simar-louresodivelas.pt\/index.php\/tipos-de-recolha","title":{"rendered":"Tipos de Recolha"},"content":{"rendered":"\t\t<div data-elementor-type=\"wp-page\" data-elementor-id=\"4045\" class=\"elementor elementor-4045\">\n\t\t\t\t\t\t<section class=\"elementor-section elementor-top-section elementor-element elementor-element-5657722 elementor-section-full_width elementor-section-stretched elementor-section-height-default elementor-section-height-default\" data-id=\"5657722\" data-element_type=\"section\" data-settings=\"{&quot;stretch_section&quot;:&quot;section-stretched&quot;,&quot;background_background&quot;:&quot;classic&quot;}\">\n\t\t\t\t\t\t<div class=\"elementor-container elementor-column-gap-default\">\n\t\t\t\t\t<div class=\"aux-parallax-section elementor-column elementor-col-100 elementor-top-column elementor-element elementor-element-5cac113\" data-id=\"5cac113\" data-element_type=\"column\">\n\t\t\t<div class=\"elementor-widget-wrap elementor-element-populated\">\n\t\t\t\t\t\t<div class=\"elementor-element elementor-element-2c05524 elementor-widget elementor-widget-image\" data-id=\"2c05524\" data-element_type=\"widget\" data-widget_type=\"image.default\">\n\t\t\t\t<div class=\"elementor-widget-container\">\n\t\t\t\t\t\t\t\t\t\t\t\t\t\t\t<img decoding=\"async\" src=\"https:\/\/www.simar-louresodivelas.pt\/wp-content\/uploads\/2023\/09\/TIPOS-DE-RECOLHA.jpg\" title=\"TIPOS DE RECOLHA\" alt=\"TIPOS DE RECOLHA\" loading=\"lazy\" \/>\t\t\t\t\t\t\t\t\t\t\t\t\t\t\t<\/div>\n\t\t\t\t<\/div>\n\t\t\t\t\t<\/div>\n\t\t<\/div>\n\t\t\t\t\t<\/div>\n\t\t<\/section>\n\t\t\t\t<section class=\"elementor-section elementor-top-section elementor-element elementor-element-be51cb0 elementor-section-boxed elementor-section-height-default elementor-section-height-default\" data-id=\"be51cb0\" data-element_type=\"section\">\n\t\t\t\t\t\t<div class=\"elementor-container elementor-column-gap-default\">\n\t\t\t\t\t<div class=\"aux-parallax-section elementor-column elementor-col-100 elementor-top-column elementor-element elementor-element-917c371\" data-id=\"917c371\" data-element_type=\"column\">\n\t\t\t<div class=\"elementor-widget-wrap elementor-element-populated\">\n\t\t\t\t\t\t<div class=\"elementor-element elementor-element-3f37142 elementor-widget-divider--view-line_icon elementor-view-default elementor-widget-divider--element-align-center elementor-widget elementor-widget-divider\" data-id=\"3f37142\" data-element_type=\"widget\" data-widget_type=\"divider.default\">\n\t\t\t\t<div class=\"elementor-widget-container\">\n\t\t\t\t\t\t\t<div class=\"elementor-divider\">\n\t\t\t<span class=\"elementor-divider-separator\">\n\t\t\t\t\t\t\t<div class=\"elementor-icon elementor-divider__element\">\n\t\t\t\t\t<i aria-hidden=\"true\" class=\"fas fa-truck-moving\"><\/i><\/div>\n\t\t\t\t\t\t<\/span>\n\t\t<\/div>\n\t\t\t\t\t\t<\/div>\n\t\t\t\t<\/div>\n\t\t\t\t\t<\/div>\n\t\t<\/div>\n\t\t\t\t\t<\/div>\n\t\t<\/section>\n\t\t\t\t<section class=\"elementor-section elementor-top-section elementor-element elementor-element-105ef90 elementor-section-boxed elementor-section-height-default elementor-section-height-default\" data-id=\"105ef90\" data-element_type=\"section\">\n\t\t\t\t\t\t<div class=\"elementor-container elementor-column-gap-default\">\n\t\t\t\t\t<div class=\"aux-parallax-section elementor-column elementor-col-100 elementor-top-column elementor-element elementor-element-e229248\" data-id=\"e229248\" data-element_type=\"column\">\n\t\t\t<div class=\"elementor-widget-wrap elementor-element-populated\">\n\t\t\t\t\t\t<div class=\"elementor-element elementor-element-b1b5148 elementor-widget elementor-widget-accordion\" data-id=\"b1b5148\" data-element_type=\"widget\" data-widget_type=\"accordion.default\">\n\t\t\t\t<div class=\"elementor-widget-container\">\n\t\t\t\t\t\t\t<div class=\"elementor-accordion\">\n\t\t\t\t\t\t\t<div class=\"elementor-accordion-item\">\n\t\t\t\t\t<div id=\"elementor-tab-title-1861\" class=\"elementor-tab-title\" data-tab=\"1\" role=\"button\" aria-controls=\"elementor-tab-content-1861\" aria-expanded=\"false\">\n\t\t\t\t\t\t\t\t\t\t\t\t\t<span class=\"elementor-accordion-icon elementor-accordion-icon-right\" aria-hidden=\"true\">\n\t\t\t\t\t\t\t\t\t\t\t\t\t\t\t<span class=\"elementor-accordion-icon-closed\"><i class=\"fas fa-angle-down\"><\/i><\/span>\n\t\t\t\t\t\t\t\t<span class=\"elementor-accordion-icon-opened\"><i class=\"fas fa-angle-up\"><\/i><\/span>\n\t\t\t\t\t\t\t\t\t\t\t\t\t\t<\/span>\n\t\t\t\t\t\t\t\t\t\t\t\t<a class=\"elementor-accordion-title\" tabindex=\"0\">SISTEMA PORTA-A-PORTA<\/a>\n\t\t\t\t\t<\/div>\n\t\t\t\t\t<div id=\"elementor-tab-content-1861\" class=\"elementor-tab-content elementor-clearfix\" data-tab=\"1\" role=\"region\" aria-labelledby=\"elementor-tab-title-1861\"><p>Sistema que utiliza <span style=\"text-decoration: underline; color: #316cb5;\"><a style=\"color: #316cb5; text-decoration: underline;\" href=\"\/index.php\/tipos-de-equipamentos\/\" target=\"_blank\" rel=\"noopener\">contentores individuais<\/a><\/span> que s\u00e3o atribu\u00eddos a moradias, edif\u00edcios e estabelecimentos comerciais, em zonas espec\u00edficas dos concelhos de Loures e Odivelas, para a recolha indiferenciada e seletiva (trifluxo e biorres\u00edduos):<\/p><ul><li>Recolha indiferenciada e seletiva trifluxo na Uni\u00e3o de Freguesias da Bobadela, Santa Iria de Az\u00f3ia e S\u00e3o Jo\u00e3o da Talha;<\/li><li>Recolha indiferenciada, seletiva trifluxo e de Biorres\u00edduos na Urbaniza\u00e7\u00e3o da Portela e Quinta do Almirante (Santo Ant\u00f3nio do Cavaleiros);<\/li><li>Recolha de Biorres\u00edduos nos estabelecimentos Horeca;<\/li><li>Recolha de Biorres\u00edduos nas zonas abrangidas pelo projeto<span style=\"color: #326da8;\"><a href=\"https:\/\/www.simar-louresodivelas.pt\/index.php\/valorizacao-biorresiduos\" target=\"_blank\" rel=\"noopener\"><span style=\"text-decoration: underline;\"><span style=\"color: #316cb5;\"> <strong><span style=\"color: #316cb5; text-decoration: underline;\">Os Org\u00e2nicos Devolvemos \u00e0 Natureza<\/span><\/strong><\/span><\/span><\/a><span style=\"color: #000000;\">.<\/span><\/span><\/li><\/ul><p>No sistema porta a porta os contentores devem permanecer no interior das instala\u00e7\u00f5es fora do hor\u00e1rio de recolha.<\/p><p>A responsabilidade pela conserva\u00e7\u00e3o e limpeza \u00e9 dos utilizadores.<\/p><\/div>\n\t\t\t\t<\/div>\n\t\t\t\t\t\t\t<div class=\"elementor-accordion-item\">\n\t\t\t\t\t<div id=\"elementor-tab-title-1862\" class=\"elementor-tab-title\" data-tab=\"2\" role=\"button\" aria-controls=\"elementor-tab-content-1862\" aria-expanded=\"false\">\n\t\t\t\t\t\t\t\t\t\t\t\t\t<span class=\"elementor-accordion-icon elementor-accordion-icon-right\" aria-hidden=\"true\">\n\t\t\t\t\t\t\t\t\t\t\t\t\t\t\t<span class=\"elementor-accordion-icon-closed\"><i class=\"fas fa-angle-down\"><\/i><\/span>\n\t\t\t\t\t\t\t\t<span class=\"elementor-accordion-icon-opened\"><i class=\"fas fa-angle-up\"><\/i><\/span>\n\t\t\t\t\t\t\t\t\t\t\t\t\t\t<\/span>\n\t\t\t\t\t\t\t\t\t\t\t\t<a class=\"elementor-accordion-title\" tabindex=\"0\">SISTEMA DE PROXIMIDADE<\/a>\n\t\t\t\t\t<\/div>\n\t\t\t\t\t<div id=\"elementor-tab-content-1862\" class=\"elementor-tab-content elementor-clearfix\" data-tab=\"2\" role=\"region\" aria-labelledby=\"elementor-tab-title-1862\"><p>Sistema que utiliza equipamentos de maior capacidade de utiliza\u00e7\u00e3o coletiva na via p\u00fablica, para a recolha indiferenciada e seletiva (trifluxo e biorres\u00edduos).<\/p><p>Este tipo de sistema existe no restante territ\u00f3rio dos concelhos de Loures e Odivelas, sendo que a recolha \u00e9 efetuada por circuitos pr\u00e9-definidos, distribu\u00eddos por: <strong>tr\u00eas turnos (6h-13h, 13h-20h e 23h-6h) e pelos 7 dias da semana<\/strong>.<\/p><p>A lavagem e manuten\u00e7\u00e3o do equipamento \u00e9 da responsabilidade dos SIMAR.<\/p><\/div>\n\t\t\t\t<\/div>\n\t\t\t\t\t\t\t<div class=\"elementor-accordion-item\">\n\t\t\t\t\t<div id=\"elementor-tab-title-1863\" class=\"elementor-tab-title\" data-tab=\"3\" role=\"button\" aria-controls=\"elementor-tab-content-1863\" aria-expanded=\"false\">\n\t\t\t\t\t\t\t\t\t\t\t\t\t<span class=\"elementor-accordion-icon elementor-accordion-icon-right\" aria-hidden=\"true\">\n\t\t\t\t\t\t\t\t\t\t\t\t\t\t\t<span class=\"elementor-accordion-icon-closed\"><i class=\"fas fa-angle-down\"><\/i><\/span>\n\t\t\t\t\t\t\t\t<span class=\"elementor-accordion-icon-opened\"><i class=\"fas fa-angle-up\"><\/i><\/span>\n\t\t\t\t\t\t\t\t\t\t\t\t\t\t<\/span>\n\t\t\t\t\t\t\t\t\t\t\t\t<a class=\"elementor-accordion-title\" tabindex=\"0\">SISTEMA SELETIVA PONTUAL<\/a>\n\t\t\t\t\t<\/div>\n\t\t\t\t\t<div id=\"elementor-tab-content-1863\" class=\"elementor-tab-content elementor-clearfix\" data-tab=\"3\" role=\"region\" aria-labelledby=\"elementor-tab-title-1863\"><p>Para recolha de <span style=\"color: #ff9900;\"><a href=\"https:\/\/www.simar-louresodivelas.pt\/index.php\/biorresiduos\" target=\"_blank\" rel=\"noopener\"><span style=\"text-decoration: underline; color: #316cb5;\">Res\u00edduos Verdes<\/span><\/a><span style=\"color: #000000;\">, <\/span><\/span><span style=\"text-decoration: underline; color: #316cb5;\"><a style=\"color: #316cb5;\" href=\"\/index.php\/residuos-volumosos\/\" target=\"_blank\" rel=\"noopener\"><span style=\"text-decoration: underline;\"><span style=\"text-decoration: underline;\">Res\u00edduos Volumosos<\/span><\/span><\/a>,<\/span><span style=\"color: #326da8;\">\u00a0<a style=\"color: #326da8;\" href=\"\/index.php\/residuos-de-construcao-e-demolicao-2\/\" target=\"_blank\" rel=\"noopener\"><span style=\"text-decoration: underline;\">Res\u00edduos de Constru\u00e7\u00e3o e Demoli\u00e7\u00e3o (<\/span><\/a><\/span><span style=\"color: #000000;\">resultantes de pequenas repara\u00e7\u00f5es e obras de bricolage em habita\u00e7\u00f5es) e <a href=\"https:\/\/www.simar-louresodivelas.pt\/index.php\/residuos-de-equipamentos-de-eletricos-e-eletronicos\" target=\"_blank\" rel=\"noopener\"><span style=\"text-decoration: underline;\"><span style=\"color: #316cb5; text-decoration: underline;\">Res\u00edduos de Equipamentos El\u00e9tricos e Eletr\u00f3nicos<\/span><\/span><\/a>.<\/span><\/p><\/div>\n\t\t\t\t<\/div>\n\t\t\t\t\t\t\t<div class=\"elementor-accordion-item\">\n\t\t\t\t\t<div id=\"elementor-tab-title-1864\" class=\"elementor-tab-title\" data-tab=\"4\" role=\"button\" aria-controls=\"elementor-tab-content-1864\" aria-expanded=\"false\">\n\t\t\t\t\t\t\t\t\t\t\t\t\t<span class=\"elementor-accordion-icon elementor-accordion-icon-right\" aria-hidden=\"true\">\n\t\t\t\t\t\t\t\t\t\t\t\t\t\t\t<span class=\"elementor-accordion-icon-closed\"><i class=\"fas fa-angle-down\"><\/i><\/span>\n\t\t\t\t\t\t\t\t<span class=\"elementor-accordion-icon-opened\"><i class=\"fas fa-angle-up\"><\/i><\/span>\n\t\t\t\t\t\t\t\t\t\t\t\t\t\t<\/span>\n\t\t\t\t\t\t\t\t\t\t\t\t<a class=\"elementor-accordion-title\" tabindex=\"0\">ECOCENTROS M\u00d3VEIS<\/a>\n\t\t\t\t\t<\/div>\n\t\t\t\t\t<div id=\"elementor-tab-content-1864\" class=\"elementor-tab-content elementor-clearfix\" data-tab=\"4\" role=\"region\" aria-labelledby=\"elementor-tab-title-1864\"><p><strong><img decoding=\"async\" class=\"aligncenter\" src=\"https:\/\/www.simar-louresodivelas.pt\/wp-content\/uploads\/2025\/11\/ECOCENTRO-MOVEL.png\" alt=\"\" width=\"250\" height=\"56\" \/><\/strong><\/p><p>Os SIMAR de Loures e Odivelas disp\u00f5em, de 2 Ecocentros m\u00f3veis compartimentados, que permitem a deposi\u00e7\u00e3o de 9 fluxos de res\u00edduos que acabariam nos res\u00edduos indiferenciados.<\/p><p>O Ecocentro m\u00f3vel nasce com uma miss\u00e3o: <strong>aproximar o servi\u00e7o da popula\u00e7\u00e3o.\u00a0<\/strong><\/p><p>Este equipamento pretende melhorar os servi\u00e7os prestados \u00e0 popula\u00e7\u00e3o, a valoriza\u00e7\u00e3o dos res\u00edduos enquanto recursos, o aumento da recolha seletiva e a diminui\u00e7\u00e3o dos res\u00edduos para incinera\u00e7\u00e3o.<\/p><p><img fetchpriority=\"high\" decoding=\"async\" class=\"wp-image-37134 alignleft\" src=\"https:\/\/www.simar-louresodivelas.pt\/wp-content\/uploads\/2025\/11\/IMG20251020111559-300x300.jpg\" alt=\"\" width=\"400\" height=\"301\" srcset=\"https:\/\/www.simar-louresodivelas.pt\/wp-content\/uploads\/2025\/11\/IMG20251020111559-1536x1157.jpg 1536w, https:\/\/www.simar-louresodivelas.pt\/wp-content\/uploads\/2025\/11\/IMG20251020111559-2048x1542.jpg 2048w\" sizes=\"(max-width: 400px) 100vw, 400px\" \/> <img decoding=\"async\" class=\"wp-image-37133 alignnone\" src=\"https:\/\/www.simar-louresodivelas.pt\/wp-content\/uploads\/2025\/11\/IMG20251020111551-300x300.jpg\" alt=\"\" width=\"400\" height=\"301\" srcset=\"https:\/\/www.simar-louresodivelas.pt\/wp-content\/uploads\/2025\/11\/IMG20251020111551-1536x1157.jpg 1536w, https:\/\/www.simar-louresodivelas.pt\/wp-content\/uploads\/2025\/11\/IMG20251020111551-2048x1542.jpg 2048w\" sizes=\"(max-width: 400px) 100vw, 400px\" \/><\/p><p><strong>O que posso depositar no Ecocentro M\u00f3vel?<\/strong><\/p><p>C\u00e1psulas de Caf\u00e9; CD`s e DVD`s Embalagens contaminadas; L\u00e2mpadas (normais e tubulares); Pilhas e acumuladores port\u00e1teis; REEE | Pequenos eletrodom\u00e9sticos; Rolhas de corti\u00e7a; Talheres, tachos e frigideiras; Tinteiros e Toners.<\/p><div><p><div style=\"width: 1400px;\" class=\"wp-video\"><!--[if lt IE 9]><script>document.createElement('video');<\/script><![endif]-->\n<video class=\"wp-video-shortcode\" id=\"video-4045-1\" width=\"1400\" height=\"500\" autoplay=\"1\" preload=\"metadata\" controls=\"controls\"><source type=\"video\/mp4\" src=\"https:\/\/www.simar-louresodivelas.pt\/wp-content\/uploads\/2025\/11\/ecocentrto-movel_video.mp4?_=1\" \/><a href=\"https:\/\/www.simar-louresodivelas.pt\/wp-content\/uploads\/2025\/11\/ecocentrto-movel_video.mp4\">https:\/\/www.simar-louresodivelas.pt\/wp-content\/uploads\/2025\/11\/ecocentrto-movel_video.mp4<\/a><\/video><\/div><\/p><\/div><\/div>\n\t\t\t\t<\/div>\n\t\t\t\t\t\t\t\t<\/div>\n\t\t\t\t\t\t<\/div>\n\t\t\t\t<\/div>\n\t\t\t\t\t<\/div>\n\t\t<\/div>\n\t\t\t\t\t<\/div>\n\t\t<\/section>\n\t\t\t\t<section class=\"elementor-section elementor-top-section elementor-element elementor-element-a782a19 elementor-section-boxed elementor-section-height-default elementor-section-height-default\" data-id=\"a782a19\" data-element_type=\"section\">\n\t\t\t\t\t\t<div class=\"elementor-container elementor-column-gap-default\">\n\t\t\t\t\t<div class=\"aux-parallax-section elementor-column elementor-col-100 elementor-top-column elementor-element elementor-element-3f917fe\" data-id=\"3f917fe\" data-element_type=\"column\">\n\t\t\t<div class=\"elementor-widget-wrap elementor-element-populated\">\n\t\t\t\t\t\t<div class=\"elementor-element elementor-element-1dac940 elementor-widget elementor-widget-text-editor\" data-id=\"1dac940\" data-element_type=\"widget\" data-widget_type=\"text-editor.default\">\n\t\t\t\t<div class=\"elementor-widget-container\">\n\t\t\t\t\t\t\t\t\t<p><strong>\u00a0<\/strong><strong>Onde posso encontrar o Ecocentro M\u00f3vel?<\/strong><\/p>\t\t\t\t\t\t\t\t<\/div>\n\t\t\t\t<\/div>\n\t\t\t\t\t<\/div>\n\t\t<\/div>\n\t\t\t\t\t<\/div>\n\t\t<\/section>\n\t\t\t\t<section class=\"elementor-section elementor-top-section elementor-element elementor-element-6cc9337 elementor-section-boxed elementor-section-height-default elementor-section-height-default\" data-id=\"6cc9337\" data-element_type=\"section\">\n\t\t\t\t\t\t<div class=\"elementor-container elementor-column-gap-default\">\n\t\t\t\t\t<div class=\"aux-parallax-section elementor-column elementor-col-100 elementor-top-column elementor-element elementor-element-dc12743\" data-id=\"dc12743\" data-element_type=\"column\">\n\t\t\t<div class=\"elementor-widget-wrap\">\n\t\t\t\t\t\t\t<\/div>\n\t\t<\/div>\n\t\t\t\t\t<\/div>\n\t\t<\/section>\n\t\t\t\t<section class=\"elementor-section elementor-top-section elementor-element elementor-element-aafc3fe elementor-section-boxed elementor-section-height-default elementor-section-height-default\" data-id=\"aafc3fe\" data-element_type=\"section\">\n\t\t\t\t\t\t<div class=\"elementor-container elementor-column-gap-default\">\n\t\t\t\t\t<div class=\"aux-parallax-section elementor-column elementor-col-100 elementor-top-column elementor-element elementor-element-9f72e6f\" data-id=\"9f72e6f\" data-element_type=\"column\">\n\t\t\t<div class=\"elementor-widget-wrap elementor-element-populated\">\n\t\t\t\t\t\t<div class=\"elementor-element elementor-element-5e9d779 elementor-widget elementor-widget-image\" data-id=\"5e9d779\" data-element_type=\"widget\" data-widget_type=\"image.default\">\n\t\t\t\t<div class=\"elementor-widget-container\">\n\t\t\t\t\t\t\t\t\t\t\t\t\t\t\t\t<a href=\"\/wp-content\/uploads\/2026\/01\/2026_loures-2-scaled.jpg\">\n\t\t\t\t\t\t\t<img loading=\"lazy\" decoding=\"async\" width=\"2560\" height=\"2056\" src=\"https:\/\/www.simar-louresodivelas.pt\/wp-content\/uploads\/2026\/01\/2026_loures-2-scaled.jpg\" class=\"attachment-full size-full wp-image-39378\" alt=\"\" srcset=\"https:\/\/www.simar-louresodivelas.pt\/wp-content\/uploads\/2026\/01\/2026_loures-2-scaled.jpg 2560w, https:\/\/www.simar-louresodivelas.pt\/wp-content\/uploads\/2026\/01\/2026_loures-2-1536x1233.jpg 1536w, https:\/\/www.simar-louresodivelas.pt\/wp-content\/uploads\/2026\/01\/2026_loures-2-2048x1645.jpg 2048w\" sizes=\"(max-width: 2560px) 100vw, 2560px\" \/>\t\t\t\t\t\t\t\t<\/a>\n\t\t\t\t\t\t\t\t\t\t\t\t\t\t\t<\/div>\n\t\t\t\t<\/div>\n\t\t\t\t\t<\/div>\n\t\t<\/div>\n\t\t\t\t\t<\/div>\n\t\t<\/section>\n\t\t\t\t<section class=\"elementor-section elementor-top-section elementor-element elementor-element-9a8df81 elementor-section-boxed elementor-section-height-default elementor-section-height-default\" data-id=\"9a8df81\" data-element_type=\"section\">\n\t\t\t\t\t\t<div class=\"elementor-container elementor-column-gap-default\">\n\t\t\t\t\t<div class=\"aux-parallax-section elementor-column elementor-col-100 elementor-top-column elementor-element elementor-element-0aa4375\" data-id=\"0aa4375\" data-element_type=\"column\">\n\t\t\t<div class=\"elementor-widget-wrap elementor-element-populated\">\n\t\t\t\t\t\t<div class=\"elementor-element elementor-element-fa99ad3 elementor-widget elementor-widget-image\" data-id=\"fa99ad3\" data-element_type=\"widget\" data-widget_type=\"image.default\">\n\t\t\t\t<div class=\"elementor-widget-container\">\n\t\t\t\t\t\t\t\t\t\t\t\t\t\t\t\t<a href=\"\/wp-content\/uploads\/2026\/01\/2026_odivelas-scaled.jpg\">\n\t\t\t\t\t\t\t<img loading=\"lazy\" decoding=\"async\" width=\"2560\" height=\"1780\" src=\"https:\/\/www.simar-louresodivelas.pt\/wp-content\/uploads\/2026\/01\/2026_odivelas-scaled.jpg\" class=\"attachment-full size-full wp-image-39379\" alt=\"\" srcset=\"https:\/\/www.simar-louresodivelas.pt\/wp-content\/uploads\/2026\/01\/2026_odivelas-scaled.jpg 2560w, https:\/\/www.simar-louresodivelas.pt\/wp-content\/uploads\/2026\/01\/2026_odivelas-1536x1068.jpg 1536w, https:\/\/www.simar-louresodivelas.pt\/wp-content\/uploads\/2026\/01\/2026_odivelas-2048x1424.jpg 2048w\" sizes=\"(max-width: 2560px) 100vw, 2560px\" \/>\t\t\t\t\t\t\t\t<\/a>\n\t\t\t\t\t\t\t\t\t\t\t\t\t\t\t<\/div>\n\t\t\t\t<\/div>\n\t\t\t\t\t<\/div>\n\t\t<\/div>\n\t\t\t\t\t<\/div>\n\t\t<\/section>\n\t\t\t\t<section class=\"elementor-section elementor-top-section elementor-element elementor-element-b1c6e80 elementor-section-boxed elementor-section-height-default elementor-section-height-default\" data-id=\"b1c6e80\" data-element_type=\"section\">\n\t\t\t\t\t\t<div class=\"elementor-container elementor-column-gap-default\">\n\t\t\t\t\t<div class=\"aux-parallax-section elementor-column elementor-col-100 elementor-top-column elementor-element elementor-element-d4a16a0\" data-id=\"d4a16a0\" data-element_type=\"column\">\n\t\t\t<div class=\"elementor-widget-wrap elementor-element-populated\">\n\t\t\t\t\t\t<div class=\"elementor-element elementor-element-430d604 elementor-widget elementor-widget-html\" data-id=\"430d604\" data-element_type=\"widget\" data-widget_type=\"html.default\">\n\t\t\t\t<div class=\"elementor-widget-container\">\n\t\t\t\t\t<script src=\"data:text\/javascript;base64,alF1ZXJ5KGRvY3VtZW50KS5yZWFkeShmdW5jdGlvbigkKXt2YXIgZGVsYXk9MTAwO3NldFRpbWVvdXQoZnVuY3Rpb24oKXskKCcuZWxlbWVudG9yLXRhYi10aXRsZScpLnJlbW92ZUNsYXNzKCdlbGVtZW50b3ItYWN0aXZlJyk7JCgnLmVsZW1lbnRvci10YWItY29udGVudCcpLmNzcygnZGlzcGxheScsJ25vbmUnKX0sZGVsYXkpfSk=\" defer><\/script>\n\t\t\t\t<\/div>\n\t\t\t\t<\/div>\n\t\t\t\t\t<\/div>\n\t\t<\/div>\n\t\t\t\t\t<\/div>\n\t\t<\/section>\n\t\t\t\t<\/div>\n\t\t","protected":false},"excerpt":{"rendered":"<p>SISTEMA PORTA-A-PORTA Sistema que utiliza contentores individuais que s\u00e3o atribu\u00eddos a moradias, edif\u00edcios e estabelecimentos comerciais, em zonas espec\u00edficas dos concelhos de Loures e Odivelas, para a recolha indiferenciada e seletiva (trifluxo e biorres\u00edduos): Recolha indiferenciada e seletiva trifluxo na Uni\u00e3o de Freguesias da Bobadela, Santa Iria de Az\u00f3ia e S\u00e3o Jo\u00e3o da Talha; Recolha [&hellip;]<\/p>\n","protected":false},"author":1,"featured_media":0,"parent":0,"menu_order":0,"comment_status":"closed","ping_status":"closed","template":"","meta":{"_monsterinsights_skip_tracking":false,"_monsterinsights_sitenote_active":false,"_monsterinsights_sitenote_note":"","_monsterinsights_sitenote_category":0,"_uf_show_specific_survey":0,"_uf_disable_surveys":false,"footnotes":""},"class_list":["post-4045","page","type-page","status-publish","hentry"],"aioseo_notices":[],"_links":{"self":[{"href":"https:\/\/www.simar-louresodivelas.pt\/index.php\/wp-json\/wp\/v2\/pages\/4045","targetHints":{"allow":["GET"]}}],"collection":[{"href":"https:\/\/www.simar-louresodivelas.pt\/index.php\/wp-json\/wp\/v2\/pages"}],"about":[{"href":"https:\/\/www.simar-louresodivelas.pt\/index.php\/wp-json\/wp\/v2\/types\/page"}],"author":[{"embeddable":true,"href":"https:\/\/www.simar-louresodivelas.pt\/index.php\/wp-json\/wp\/v2\/users\/1"}],"replies":[{"embeddable":true,"href":"https:\/\/www.simar-louresodivelas.pt\/index.php\/wp-json\/wp\/v2\/comments?post=4045"}],"version-history":[{"count":208,"href":"https:\/\/www.simar-louresodivelas.pt\/index.php\/wp-json\/wp\/v2\/pages\/4045\/revisions"}],"predecessor-version":[{"id":39385,"href":"https:\/\/www.simar-louresodivelas.pt\/index.php\/wp-json\/wp\/v2\/pages\/4045\/revisions\/39385"}],"wp:attachment":[{"href":"https:\/\/www.simar-louresodivelas.pt\/index.php\/wp-json\/wp\/v2\/media?parent=4045"}],"curies":[{"name":"wp","href":"https:\/\/api.w.org\/{rel}","templated":true}]}}