{"id":4035,"date":"2023-07-19T11:44:03","date_gmt":"2023-07-19T11:44:03","guid":{"rendered":"http:\/\/websimar01\/simar\/?page_id=4035"},"modified":"2024-12-30T16:16:36","modified_gmt":"2024-12-30T16:16:36","slug":"residuos-de-equipamentos-de-eletricos-e-eletronicos","status":"publish","type":"page","link":"https:\/\/www.simar-louresodivelas.pt\/index.php\/residuos-de-equipamentos-de-eletricos-e-eletronicos","title":{"rendered":"Res\u00edduos de equipamentos de el\u00e9tricos e eletr\u00f3nicos"},"content":{"rendered":"\t\t<div data-elementor-type=\"wp-page\" data-elementor-id=\"4035\" class=\"elementor elementor-4035\">\n\t\t\t\t\t\t<section class=\"elementor-section elementor-top-section elementor-element elementor-element-3023f70 elementor-section-full_width elementor-section-stretched elementor-section-height-default elementor-section-height-default\" data-id=\"3023f70\" data-element_type=\"section\" data-settings=\"{&quot;stretch_section&quot;:&quot;section-stretched&quot;,&quot;background_background&quot;:&quot;classic&quot;}\">\n\t\t\t\t\t\t<div class=\"elementor-container elementor-column-gap-default\">\n\t\t\t\t\t<div class=\"aux-parallax-section elementor-column elementor-col-100 elementor-top-column elementor-element elementor-element-457fd8f\" data-id=\"457fd8f\" data-element_type=\"column\">\n\t\t\t<div class=\"elementor-widget-wrap elementor-element-populated\">\n\t\t\t\t\t\t<div class=\"elementor-element elementor-element-ed8acf3 elementor-widget elementor-widget-image\" data-id=\"ed8acf3\" data-element_type=\"widget\" data-widget_type=\"image.default\">\n\t\t\t\t<div class=\"elementor-widget-container\">\n\t\t\t\t\t\t\t\t\t\t\t\t\t\t\t<img decoding=\"async\" src=\"https:\/\/www.simar-louresodivelas.pt\/wp-content\/uploads\/2023\/09\/residuos-ELETRICOS.jpg\" title=\"res\u00edduos ELETRICOS\" alt=\"res\u00edduos ELETRICOS\" loading=\"lazy\" \/>\t\t\t\t\t\t\t\t\t\t\t\t\t\t\t<\/div>\n\t\t\t\t<\/div>\n\t\t\t\t\t<\/div>\n\t\t<\/div>\n\t\t\t\t\t<\/div>\n\t\t<\/section>\n\t\t\t\t<section class=\"elementor-section elementor-top-section elementor-element elementor-element-9337bdc elementor-section-boxed elementor-section-height-default elementor-section-height-default\" data-id=\"9337bdc\" data-element_type=\"section\">\n\t\t\t\t\t\t<div class=\"elementor-container elementor-column-gap-default\">\n\t\t\t\t\t<div class=\"aux-parallax-section elementor-column elementor-col-100 elementor-top-column elementor-element elementor-element-cb7e373\" data-id=\"cb7e373\" data-element_type=\"column\">\n\t\t\t<div class=\"elementor-widget-wrap elementor-element-populated\">\n\t\t\t\t\t\t<div class=\"elementor-element elementor-element-0f1f8ca elementor-widget-divider--view-line_icon elementor-view-default elementor-widget-divider--element-align-center elementor-widget elementor-widget-divider\" data-id=\"0f1f8ca\" data-element_type=\"widget\" data-widget_type=\"divider.default\">\n\t\t\t\t<div class=\"elementor-widget-container\">\n\t\t\t\t\t\t\t<div class=\"elementor-divider\">\n\t\t\t<span class=\"elementor-divider-separator\">\n\t\t\t\t\t\t\t<div class=\"elementor-icon elementor-divider__element\">\n\t\t\t\t\t<i aria-hidden=\"true\" class=\"fas fa-trash\"><\/i><\/div>\n\t\t\t\t\t\t<\/span>\n\t\t<\/div>\n\t\t\t\t\t\t<\/div>\n\t\t\t\t<\/div>\n\t\t\t\t\t<\/div>\n\t\t<\/div>\n\t\t\t\t\t<\/div>\n\t\t<\/section>\n\t\t\t\t<section class=\"elementor-section elementor-top-section elementor-element elementor-element-4dfd653 elementor-section-boxed elementor-section-height-default elementor-section-height-default\" data-id=\"4dfd653\" data-element_type=\"section\">\n\t\t\t\t\t\t<div class=\"elementor-container elementor-column-gap-default\">\n\t\t\t\t\t<div class=\"aux-parallax-section elementor-column elementor-col-100 elementor-top-column elementor-element elementor-element-bbfc9df\" data-id=\"bbfc9df\" data-element_type=\"column\">\n\t\t\t<div class=\"elementor-widget-wrap elementor-element-populated\">\n\t\t\t\t\t\t<div class=\"elementor-element elementor-element-7f42c02 elementor-widget elementor-widget-image\" data-id=\"7f42c02\" data-element_type=\"widget\" data-widget_type=\"image.default\">\n\t\t\t\t<div class=\"elementor-widget-container\">\n\t\t\t\t\t\t\t\t\t\t\t\t\t\t\t<img fetchpriority=\"high\" decoding=\"async\" width=\"1606\" height=\"440\" src=\"https:\/\/www.simar-louresodivelas.pt\/wp-content\/uploads\/2024\/05\/PaP-LouresOdivelas-banners770x211.jpg\" class=\"attachment-2048x2048 size-2048x2048 wp-image-17081\" alt=\"\" srcset=\"https:\/\/www.simar-louresodivelas.pt\/wp-content\/uploads\/2024\/05\/PaP-LouresOdivelas-banners770x211.jpg 1606w, https:\/\/www.simar-louresodivelas.pt\/wp-content\/uploads\/2024\/05\/PaP-LouresOdivelas-banners770x211-1536x421.jpg 1536w\" sizes=\"(max-width: 1606px) 100vw, 1606px\" \/>\t\t\t\t\t\t\t\t\t\t\t\t\t\t\t<\/div>\n\t\t\t\t<\/div>\n\t\t\t\t\t<\/div>\n\t\t<\/div>\n\t\t\t\t\t<\/div>\n\t\t<\/section>\n\t\t\t\t<section class=\"elementor-section elementor-top-section elementor-element elementor-element-c0c4f78 elementor-section-boxed elementor-section-height-default elementor-section-height-default\" data-id=\"c0c4f78\" data-element_type=\"section\">\n\t\t\t\t\t\t<div class=\"elementor-container elementor-column-gap-default\">\n\t\t\t\t\t<div class=\"aux-parallax-section elementor-column elementor-col-100 elementor-top-column elementor-element elementor-element-e21cb78\" data-id=\"e21cb78\" data-element_type=\"column\">\n\t\t\t<div class=\"elementor-widget-wrap elementor-element-populated\">\n\t\t\t\t\t\t<div class=\"elementor-element elementor-element-09df375 elementor-widget elementor-widget-text-editor\" data-id=\"09df375\" data-element_type=\"widget\" data-widget_type=\"text-editor.default\">\n\t\t\t\t<div class=\"elementor-widget-container\">\n\t\t\t\t\t\t\t\t\t<p>Os SIMAR de Loures e Odivelas estabeleceram uma parceria com <strong>O Eletr\u00e3o \u2013 Associa\u00e7\u00e3o de Gest\u00e3o de Res\u00edduos<\/strong> para a recolha e encaminhamento de res\u00edduos de equipamentos el\u00e9tricos e eletr\u00f3nicos.<\/p><p>Este projeto pretende testar um servi\u00e7o de proximidade ao cidad\u00e3o para recolha de res\u00edduos, que ser\u00e1 um complemento aos servi\u00e7os j\u00e1 disponibilizados pelos SIMAR de Loures e Odivelas, garantindo, atrav\u00e9s dos pr\u00f3prios meios, a movimenta\u00e7\u00e3o dos equipamentos el\u00e9tricos volumosos desde o interior da habita\u00e7\u00e3o.<\/p><p>Uma iniciativa gratuita que permite uma maior proximidade na recolha de res\u00edduos volumosos e, consequentemente, uma melhoria da qualidade dos materiais encaminhados para destino final, bem como, a recupera\u00e7\u00e3o dos equipamentos, que eventualmente estejam em estado de aproveitamento, incrementando as taxas de reutiliza\u00e7\u00e3o e a economia circular de produtos.<\/p><p>O projeto abrange todas as freguesias dos concelhos de Loures e Odivelas.<\/p><p>As <strong>recolhas s\u00e3o gratuitas<\/strong> e devem ser agendadas atrav\u00e9s do n\u00famero <strong>800 262 333<\/strong>. A equipa de recolha assegura a movimenta\u00e7\u00e3o do equipamento entre a casa, arrecada\u00e7\u00e3o ou garagem, at\u00e9 ao ve\u00edculo de transporte encaminhando, posteriormente, para reciclagem.<\/p><p>Para solicitar o servi\u00e7o os clientes devem ter pelo menos um eletrodom\u00e9stico volumoso para encaminhar para reciclagem, como uma m\u00e1quina de lavar ou um frigor\u00edfico, mas na altura da recolha poder\u00e3o aproveitar para entregar outros pequenos equipamentos el\u00e9tricos fora de uso, l\u00e2mpadas e ainda pilhas usadas.<\/p><p>O servi\u00e7o est\u00e1 dispon\u00edvel em<strong> dias \u00fateis, entre as 09h30 e as 17h<\/strong>.<\/p>\t\t\t\t\t\t\t\t<\/div>\n\t\t\t\t<\/div>\n\t\t\t\t\t<\/div>\n\t\t<\/div>\n\t\t\t\t\t<\/div>\n\t\t<\/section>\n\t\t\t\t<section class=\"elementor-section elementor-top-section elementor-element elementor-element-68629d5 elementor-section-boxed elementor-section-height-default elementor-section-height-default\" data-id=\"68629d5\" data-element_type=\"section\">\n\t\t\t\t\t\t<div class=\"elementor-container elementor-column-gap-default\">\n\t\t\t\t\t<div class=\"aux-parallax-section elementor-column elementor-col-100 elementor-top-column elementor-element elementor-element-105ed4a\" data-id=\"105ed4a\" data-element_type=\"column\">\n\t\t\t<div class=\"elementor-widget-wrap elementor-element-populated\">\n\t\t\t\t\t\t<div class=\"elementor-element elementor-element-172ff2d elementor-widget elementor-widget-accordion\" data-id=\"172ff2d\" data-element_type=\"widget\" data-widget_type=\"accordion.default\">\n\t\t\t\t<div class=\"elementor-widget-container\">\n\t\t\t\t\t\t\t<div class=\"elementor-accordion\">\n\t\t\t\t\t\t\t<div class=\"elementor-accordion-item\">\n\t\t\t\t\t<div id=\"elementor-tab-title-2431\" class=\"elementor-tab-title\" data-tab=\"1\" role=\"button\" aria-controls=\"elementor-tab-content-2431\" aria-expanded=\"false\">\n\t\t\t\t\t\t\t\t\t\t\t\t\t<span class=\"elementor-accordion-icon elementor-accordion-icon-right\" aria-hidden=\"true\">\n\t\t\t\t\t\t\t\t\t\t\t\t\t\t\t<span class=\"elementor-accordion-icon-closed\"><i class=\"fas fa-angle-down\"><\/i><\/span>\n\t\t\t\t\t\t\t\t<span class=\"elementor-accordion-icon-opened\"><i class=\"fas fa-angle-up\"><\/i><\/span>\n\t\t\t\t\t\t\t\t\t\t\t\t\t\t<\/span>\n\t\t\t\t\t\t\t\t\t\t\t\t<a class=\"elementor-accordion-title\" tabindex=\"0\">PERGUNTAS FREQUENTES<\/a>\n\t\t\t\t\t<\/div>\n\t\t\t\t\t<div id=\"elementor-tab-content-2431\" class=\"elementor-tab-content elementor-clearfix\" data-tab=\"1\" role=\"region\" aria-labelledby=\"elementor-tab-title-2431\"><ol><li><strong>Quais as freguesias abrangidas por este projeto?<\/strong><\/li><\/ol><p>Este projeto abrange, neste momento, todas as freguesias dos concelhos de Loures e Odivelas.<\/p><p><strong>2. Para que n\u00famero devo ligar a agendar a recolha?<\/strong><\/p><p>Deve ligar para o n\u00famero 800262333 e solicitar o agendamento da recolha do equipamento el\u00e9trico.<\/p><p><strong>3. Qual \u00e9 o hor\u00e1rio de recolha?<\/strong><\/p><p>As recolhas s\u00e3o realizadas ao domic\u00edlio, nos dias \u00fateis, entre as 09h30 e as 17h00.<\/p><p><strong>4. A recolha, ao domic\u00edlio, tem algum custo associado?<\/strong><\/p><p>N\u00e3o. A recolha, ao domic\u00edlio, \u00e9 gratuita.<\/p><p><strong>5. Tenho que colocar o meu eletrodom\u00e9stico na entrada da habita\u00e7\u00e3o ou na via p\u00fablica?<\/strong><\/p><p>N\u00e3o. A recolha \u00e9 feita ao domic\u00edlio seja na habita\u00e7\u00e3o, arrecada\u00e7\u00e3o, etc.<\/p><p><strong>6. Posso aproveitar a recolha para entregar pequenos eletrodom\u00e9sticos ou pilhas?<\/strong><\/p><p>A desloca\u00e7\u00e3o apenas \u00e9 efetuada para a recolha de um grande eletrodom\u00e9stico, como uma m\u00e1quina de lavar ou frigor\u00edfico. No entanto, pode aproveitar para entregar outros pequenos equipamentos el\u00e9tricos fora de uso, l\u00e2mpadas e ainda pilhas usadas.<\/p><p><strong>7. Qual o destino do meu equipamento el\u00e9trico?<\/strong><\/p><p>O equipamento el\u00e9trico recolhido \u00e9 triado para separa\u00e7\u00e3o dos equipamentos pass\u00edveis de recupera\u00e7\u00e3o e reutiliza\u00e7\u00e3o, com encaminhamento para institui\u00e7\u00f5es de solidariedade social para repara\u00e7\u00e3o e valoriza\u00e7\u00e3o. Os equipamentos que n\u00e3o s\u00e3o pass\u00edveis de recupera\u00e7\u00e3o s\u00e3o encaminhados para reciclagem<\/p><\/div>\n\t\t\t\t<\/div>\n\t\t\t\t\t\t\t\t<\/div>\n\t\t\t\t\t\t<\/div>\n\t\t\t\t<\/div>\n\t\t\t\t\t<\/div>\n\t\t<\/div>\n\t\t\t\t\t<\/div>\n\t\t<\/section>\n\t\t\t\t<section class=\"elementor-section elementor-top-section elementor-element elementor-element-1ffcc0a elementor-section-boxed elementor-section-height-default elementor-section-height-default\" data-id=\"1ffcc0a\" data-element_type=\"section\" data-settings=\"{&quot;background_background&quot;:&quot;gradient&quot;}\">\n\t\t\t\t\t\t<div class=\"elementor-container elementor-column-gap-default\">\n\t\t\t\t\t<div class=\"aux-parallax-section elementor-column elementor-col-100 elementor-top-column elementor-element elementor-element-09ec2dc\" data-id=\"09ec2dc\" data-element_type=\"column\" data-settings=\"{&quot;background_background&quot;:&quot;classic&quot;}\">\n\t\t\t<div class=\"elementor-widget-wrap elementor-element-populated\">\n\t\t\t\t\t\t<div class=\"elementor-element elementor-element-33566e4 elementor-widget elementor-widget-text-editor\" data-id=\"33566e4\" data-element_type=\"widget\" data-widget_type=\"text-editor.default\">\n\t\t\t\t<div class=\"elementor-widget-container\">\n\t\t\t\t\t\t\t\t\t<p>Os <strong>Equipamentos El\u00e9tricos e Eletr\u00f3nicos (EEE)<\/strong> s\u00e3o aqueles que precisam de corrente el\u00e9trica, pilhas ou baterias para funcionar. Quando deixam de fazer a sua fun\u00e7\u00e3o convertem-se em <strong>Res\u00edduos de Equipamentos El\u00e9tricos e Eletr\u00f3nicos (REEE)<\/strong>. Praticamente, todos podem ser reciclados, exemplos:<\/p><ul><li>Equipamentos de frio (frigor\u00edficos, arcas congeladoras) e de regula\u00e7\u00e3o de temperatura (ar condicionado);<\/li><li>Grandes e pequenos eletrodom\u00e9sticos (m\u00e1quinas de lavar, torradeiras, aspiradores, etc.);<\/li><li>Equipamentos inform\u00e1ticos e de telecomunica\u00e7\u00f5es;<\/li><li>L\u00e2mpadas;<\/li><li>Incluem, tamb\u00e9m, todos os componentes, subconjuntos e materiais consum\u00edveis que fazem parte do equipamento.<\/li><\/ul><p><strong>N\u00c3O ABANDONE ESTES RES\u00cdDUOS!<\/strong> O correto encaminhamento dos Res\u00edduos de Equipamentos El\u00e9tricos e Eletr\u00f3nicos permite o correto tratamento das subst\u00e2ncias nocivas presentes em alguns equipamentos el\u00e9tricos e eletr\u00f3nicos e evita a contamina\u00e7\u00e3o dos solos, \u00e1gua e dos ecossistemas.<\/p>\t\t\t\t\t\t\t\t<\/div>\n\t\t\t\t<\/div>\n\t\t\t\t\t<\/div>\n\t\t<\/div>\n\t\t\t\t\t<\/div>\n\t\t<\/section>\n\t\t\t\t<section class=\"elementor-section elementor-top-section elementor-element elementor-element-ae814d5 elementor-section-boxed elementor-section-height-default elementor-section-height-default\" data-id=\"ae814d5\" data-element_type=\"section\">\n\t\t\t\t\t\t<div class=\"elementor-container elementor-column-gap-default\">\n\t\t\t\t\t<div class=\"aux-parallax-section elementor-column elementor-col-100 elementor-top-column elementor-element elementor-element-806ec1f\" data-id=\"806ec1f\" data-element_type=\"column\">\n\t\t\t<div class=\"elementor-widget-wrap elementor-element-populated\">\n\t\t\t\t\t\t<div class=\"elementor-element elementor-element-fcfe9ba elementor-widget elementor-widget-accordion\" data-id=\"fcfe9ba\" data-element_type=\"widget\" data-widget_type=\"accordion.default\">\n\t\t\t\t<div class=\"elementor-widget-container\">\n\t\t\t\t\t\t\t<div class=\"elementor-accordion\">\n\t\t\t\t\t\t\t<div class=\"elementor-accordion-item\">\n\t\t\t\t\t<div id=\"elementor-tab-title-2651\" class=\"elementor-tab-title\" data-tab=\"1\" role=\"button\" aria-controls=\"elementor-tab-content-2651\" aria-expanded=\"false\">\n\t\t\t\t\t\t\t\t\t\t\t\t\t<span class=\"elementor-accordion-icon elementor-accordion-icon-right\" aria-hidden=\"true\">\n\t\t\t\t\t\t\t\t\t\t\t\t\t\t\t<span class=\"elementor-accordion-icon-closed\"><i class=\"fas fa-angle-down\"><\/i><\/span>\n\t\t\t\t\t\t\t\t<span class=\"elementor-accordion-icon-opened\"><i class=\"fas fa-angle-up\"><\/i><\/span>\n\t\t\t\t\t\t\t\t\t\t\t\t\t\t<\/span>\n\t\t\t\t\t\t\t\t\t\t\t\t<a class=\"elementor-accordion-title\" tabindex=\"0\">A SABER...<\/a>\n\t\t\t\t\t<\/div>\n\t\t\t\t\t<div id=\"elementor-tab-content-2651\" class=\"elementor-tab-content elementor-clearfix\" data-tab=\"1\" role=\"region\" aria-labelledby=\"elementor-tab-title-2651\"><ul><li>Sempre que adquirir um novo equipamento pode entregar o seu equipamento desde que com a mesma fun\u00e7\u00e3o. Mesmo que a compra seja efetuada online, pode e deve pedir a recolha do seu velho equipamento correspondente sem qualquer custo.<\/li><li>As lojas com superf\u00edcies comerciais de venda de EEE superiores a 400 m2 t\u00eam a obriga\u00e7\u00e3o de aceitar, gratuitamente, equipamentos de pequenas dimens\u00f5es (n\u00e3o superiores a 25 cm), mesmo que n\u00e3o adquira um novo equipamento.<\/li><\/ul><p>Solicite a sua recolha aos SIMAR pelo n\u00famero <strong>219\u00a0848\u00a0500 <\/strong>ou envie email para: <span style=\"text-decoration: underline; color: #316cb5;\"><a style=\"color: #316cb5; text-decoration: underline;\" href=\"mailto:geral@simar-louresodivelas.pt\">geral@simar-louresodivelas.pt<\/a>\u00a0\u00a0<\/span><br \/>Esta recolha \u00e9 gratuita e ser\u00e1 efetuada em data e local a acordar.<\/p><p>Devem ser cumpridas as <span style=\"text-decoration: underline;\"><span style=\"color: #326da8; text-decoration: underline;\"><a style=\"color: #326da8; text-decoration: underline;\" href=\"\/index.php\/residuos-urbanos-sensibilizacao\/\" target=\"_blank\" rel=\"noopener\">Regras de Deposi\u00e7\u00e3o\/Separa\u00e7\u00e3o<\/a><\/span><span style=\"color: #316cb5; text-decoration: underline;\">.<\/span><\/span><\/p><p>Para al\u00e9m disso, pode sempre entregar os seus REEE no <span style=\"text-decoration: underline; color: #316cb5;\"><a style=\"color: #316cb5; text-decoration: underline;\" href=\"https:\/\/www.valorsul.pt\/pt\/areas-de-negocio\/recolha-seletiva\/ecocentros\/\" target=\"_blank\" rel=\"noopener\">Ecocentro da Valorsul<\/a>.<\/span><\/p><p>Os REEE s\u00e3o transportados para as instala\u00e7\u00f5es da Valorsul ou outra infraestrutura sob responsabilidade de um operador licenciado, para reutiliza\u00e7\u00e3o ou destino final adequado.<\/p><\/div>\n\t\t\t\t<\/div>\n\t\t\t\t\t\t\t\t<\/div>\n\t\t\t\t\t\t<\/div>\n\t\t\t\t<\/div>\n\t\t\t\t\t<\/div>\n\t\t<\/div>\n\t\t\t\t\t<\/div>\n\t\t<\/section>\n\t\t\t\t<section class=\"elementor-section elementor-top-section elementor-element elementor-element-3e3a46b elementor-section-boxed elementor-section-height-default elementor-section-height-default\" data-id=\"3e3a46b\" data-element_type=\"section\">\n\t\t\t\t\t\t<div class=\"elementor-container elementor-column-gap-default\">\n\t\t\t\t\t<div class=\"aux-parallax-section elementor-column elementor-col-100 elementor-top-column elementor-element elementor-element-c803693\" data-id=\"c803693\" data-element_type=\"column\">\n\t\t\t<div class=\"elementor-widget-wrap elementor-element-populated\">\n\t\t\t\t\t\t<div class=\"elementor-element elementor-element-5523394 elementor-widget elementor-widget-html\" data-id=\"5523394\" data-element_type=\"widget\" data-widget_type=\"html.default\">\n\t\t\t\t<div class=\"elementor-widget-container\">\n\t\t\t\t\t<script src=\"data:text\/javascript;base64,alF1ZXJ5KGRvY3VtZW50KS5yZWFkeShmdW5jdGlvbigkKXt2YXIgZGVsYXk9MTAwO3NldFRpbWVvdXQoZnVuY3Rpb24oKXskKCcuZWxlbWVudG9yLXRhYi10aXRsZScpLnJlbW92ZUNsYXNzKCdlbGVtZW50b3ItYWN0aXZlJyk7JCgnLmVsZW1lbnRvci10YWItY29udGVudCcpLmNzcygnZGlzcGxheScsJ25vbmUnKX0sZGVsYXkpfSk=\" defer><\/script>\n\t\t\t\t<\/div>\n\t\t\t\t<\/div>\n\t\t\t\t\t<\/div>\n\t\t<\/div>\n\t\t\t\t\t<\/div>\n\t\t<\/section>\n\t\t\t\t<\/div>\n\t\t","protected":false},"excerpt":{"rendered":"<p>Os SIMAR de Loures e Odivelas estabeleceram uma parceria com O Eletr\u00e3o \u2013 Associa\u00e7\u00e3o de Gest\u00e3o de Res\u00edduos para a recolha e encaminhamento de res\u00edduos de equipamentos el\u00e9tricos e eletr\u00f3nicos. Este projeto pretende testar um servi\u00e7o de proximidade ao cidad\u00e3o para recolha de res\u00edduos, que ser\u00e1 um complemento aos servi\u00e7os j\u00e1 disponibilizados pelos SIMAR de [&hellip;]<\/p>\n","protected":false},"author":1,"featured_media":0,"parent":0,"menu_order":0,"comment_status":"closed","ping_status":"closed","template":"","meta":{"_monsterinsights_skip_tracking":false,"_monsterinsights_sitenote_active":false,"_monsterinsights_sitenote_note":"","_monsterinsights_sitenote_category":0,"_uf_show_specific_survey":0,"_uf_disable_surveys":false,"footnotes":""},"class_list":["post-4035","page","type-page","status-publish","hentry"],"aioseo_notices":[],"_links":{"self":[{"href":"https:\/\/www.simar-louresodivelas.pt\/index.php\/wp-json\/wp\/v2\/pages\/4035","targetHints":{"allow":["GET"]}}],"collection":[{"href":"https:\/\/www.simar-louresodivelas.pt\/index.php\/wp-json\/wp\/v2\/pages"}],"about":[{"href":"https:\/\/www.simar-louresodivelas.pt\/index.php\/wp-json\/wp\/v2\/types\/page"}],"author":[{"embeddable":true,"href":"https:\/\/www.simar-louresodivelas.pt\/index.php\/wp-json\/wp\/v2\/users\/1"}],"replies":[{"embeddable":true,"href":"https:\/\/www.simar-louresodivelas.pt\/index.php\/wp-json\/wp\/v2\/comments?post=4035"}],"version-history":[{"count":103,"href":"https:\/\/www.simar-louresodivelas.pt\/index.php\/wp-json\/wp\/v2\/pages\/4035\/revisions"}],"predecessor-version":[{"id":25340,"href":"https:\/\/www.simar-louresodivelas.pt\/index.php\/wp-json\/wp\/v2\/pages\/4035\/revisions\/25340"}],"wp:attachment":[{"href":"https:\/\/www.simar-louresodivelas.pt\/index.php\/wp-json\/wp\/v2\/media?parent=4035"}],"curies":[{"name":"wp","href":"https:\/\/api.w.org\/{rel}","templated":true}]}}