{"id":4017,"date":"2023-07-19T09:45:32","date_gmt":"2023-07-19T09:45:32","guid":{"rendered":"http:\/\/websimar01\/simar\/?page_id=4017"},"modified":"2025-01-27T15:14:27","modified_gmt":"2025-01-27T15:14:27","slug":"residuos-urbanos","status":"publish","type":"page","link":"https:\/\/www.simar-louresodivelas.pt\/index.php\/residuos-urbanos","title":{"rendered":"Res\u00edduos Urbanos"},"content":{"rendered":"\t\t<div data-elementor-type=\"wp-page\" data-elementor-id=\"4017\" class=\"elementor elementor-4017\">\n\t\t\t\t\t\t<section class=\"elementor-section elementor-top-section elementor-element elementor-element-451cf61 elementor-section-full_width elementor-section-stretched elementor-section-height-default elementor-section-height-default\" data-id=\"451cf61\" data-element_type=\"section\" data-settings=\"{&quot;stretch_section&quot;:&quot;section-stretched&quot;,&quot;background_background&quot;:&quot;classic&quot;}\">\n\t\t\t\t\t\t<div class=\"elementor-container elementor-column-gap-default\">\n\t\t\t\t\t<div class=\"aux-parallax-section elementor-column elementor-col-100 elementor-top-column elementor-element elementor-element-1ecc4b4\" data-id=\"1ecc4b4\" data-element_type=\"column\">\n\t\t\t<div class=\"elementor-widget-wrap elementor-element-populated\">\n\t\t\t\t\t\t<div class=\"elementor-element elementor-element-a6fdb9f elementor-widget elementor-widget-image\" data-id=\"a6fdb9f\" data-element_type=\"widget\" data-widget_type=\"image.default\">\n\t\t\t\t<div class=\"elementor-widget-container\">\n\t\t\t\t\t\t\t\t\t\t\t\t\t\t\t<img decoding=\"async\" src=\"https:\/\/www.simar-louresodivelas.pt\/wp-content\/uploads\/2023\/09\/residuos-urbanos-1.jpg\" title=\"residuos urbanos\" alt=\"residuos urbanos\" loading=\"lazy\" \/>\t\t\t\t\t\t\t\t\t\t\t\t\t\t\t<\/div>\n\t\t\t\t<\/div>\n\t\t\t\t\t<\/div>\n\t\t<\/div>\n\t\t\t\t\t<\/div>\n\t\t<\/section>\n\t\t\t\t<section class=\"elementor-section elementor-top-section elementor-element elementor-element-e00680d elementor-section-boxed elementor-section-height-default elementor-section-height-default\" data-id=\"e00680d\" data-element_type=\"section\">\n\t\t\t\t\t\t<div class=\"elementor-container elementor-column-gap-default\">\n\t\t\t\t\t<div class=\"aux-parallax-section elementor-column elementor-col-100 elementor-top-column elementor-element elementor-element-345c10b\" data-id=\"345c10b\" data-element_type=\"column\">\n\t\t\t<div class=\"elementor-widget-wrap elementor-element-populated\">\n\t\t\t\t\t\t<div class=\"elementor-element elementor-element-6e64a97 elementor-widget-divider--view-line_icon elementor-view-default elementor-widget-divider--element-align-center elementor-widget elementor-widget-divider\" data-id=\"6e64a97\" data-element_type=\"widget\" data-widget_type=\"divider.default\">\n\t\t\t\t<div class=\"elementor-widget-container\">\n\t\t\t\t\t\t\t<div class=\"elementor-divider\">\n\t\t\t<span class=\"elementor-divider-separator\">\n\t\t\t\t\t\t\t<div class=\"elementor-icon elementor-divider__element\">\n\t\t\t\t\t<i aria-hidden=\"true\" class=\"fas fa-trash\"><\/i><\/div>\n\t\t\t\t\t\t<\/span>\n\t\t<\/div>\n\t\t\t\t\t\t<\/div>\n\t\t\t\t<\/div>\n\t\t\t\t\t<\/div>\n\t\t<\/div>\n\t\t\t\t\t<\/div>\n\t\t<\/section>\n\t\t\t\t<section class=\"elementor-section elementor-top-section elementor-element elementor-element-9d456a5 elementor-section-boxed elementor-section-height-default elementor-section-height-default\" data-id=\"9d456a5\" data-element_type=\"section\">\n\t\t\t\t\t\t<div class=\"elementor-container elementor-column-gap-default\">\n\t\t\t\t\t<div class=\"aux-parallax-section elementor-column elementor-col-100 elementor-top-column elementor-element elementor-element-b5fc8af\" data-id=\"b5fc8af\" data-element_type=\"column\" data-settings=\"{&quot;background_background&quot;:&quot;classic&quot;}\">\n\t\t\t<div class=\"elementor-widget-wrap elementor-element-populated\">\n\t\t\t\t\t\t<div class=\"elementor-element elementor-element-378f5e3 elementor-widget elementor-widget-text-editor\" data-id=\"378f5e3\" data-element_type=\"widget\" data-widget_type=\"text-editor.default\">\n\t\t\t\t<div class=\"elementor-widget-container\">\n\t\t\t\t\t\t\t\t\t<p>Os SIMAR de Loures e Odivelas s\u00e3o respons\u00e1veis pela gest\u00e3o dos <strong>res\u00edduos urbanos<\/strong> dos munic\u00edpios de Loures e Odivelas, bem como, de outros res\u00edduos cuja gest\u00e3o lhes esteja atribu\u00edda por lei.<\/p>\t\t\t\t\t\t\t\t<\/div>\n\t\t\t\t<\/div>\n\t\t\t\t\t<\/div>\n\t\t<\/div>\n\t\t\t\t\t<\/div>\n\t\t<\/section>\n\t\t\t\t<section class=\"elementor-section elementor-top-section elementor-element elementor-element-46c662b elementor-section-boxed elementor-section-height-default elementor-section-height-default\" data-id=\"46c662b\" data-element_type=\"section\">\n\t\t\t\t\t\t<div class=\"elementor-container elementor-column-gap-default\">\n\t\t\t\t\t<div class=\"aux-parallax-section elementor-column elementor-col-100 elementor-top-column elementor-element elementor-element-5127ae8\" data-id=\"5127ae8\" data-element_type=\"column\">\n\t\t\t<div class=\"elementor-widget-wrap elementor-element-populated\">\n\t\t\t\t\t\t<div class=\"elementor-element elementor-element-ae689f7 elementor-widget elementor-widget-accordion\" data-id=\"ae689f7\" data-element_type=\"widget\" data-widget_type=\"accordion.default\">\n\t\t\t\t<div class=\"elementor-widget-container\">\n\t\t\t\t\t\t\t<div class=\"elementor-accordion\">\n\t\t\t\t\t\t\t<div class=\"elementor-accordion-item\">\n\t\t\t\t\t<div id=\"elementor-tab-title-1821\" class=\"elementor-tab-title\" data-tab=\"1\" role=\"button\" aria-controls=\"elementor-tab-content-1821\" aria-expanded=\"false\">\n\t\t\t\t\t\t\t\t\t\t\t\t\t<span class=\"elementor-accordion-icon elementor-accordion-icon-right\" aria-hidden=\"true\">\n\t\t\t\t\t\t\t\t\t\t\t\t\t\t\t<span class=\"elementor-accordion-icon-closed\"><i class=\"fas fa-angle-down\"><\/i><\/span>\n\t\t\t\t\t\t\t\t<span class=\"elementor-accordion-icon-opened\"><i class=\"fas fa-angle-up\"><\/i><\/span>\n\t\t\t\t\t\t\t\t\t\t\t\t\t\t<\/span>\n\t\t\t\t\t\t\t\t\t\t\t\t<a class=\"elementor-accordion-title\" tabindex=\"0\">ENTENDE-SE POR RES\u00cdDUOS URBANOS:<\/a>\n\t\t\t\t\t<\/div>\n\t\t\t\t\t<div id=\"elementor-tab-content-1821\" class=\"elementor-tab-content elementor-clearfix\" data-tab=\"1\" role=\"region\" aria-labelledby=\"elementor-tab-title-1821\"><ol><li>Os res\u00edduos de recolha indiferenciada e de recolha seletiva trifluxo e de outras fra\u00e7\u00f5es espec\u00edficas das habita\u00e7\u00f5es;<\/li><li>Os res\u00edduos de recolha indiferenciada e de recolha seletiva provenientes de outras origens (estabelecimentos de com\u00e9rcio a retalho, servi\u00e7os e restaura\u00e7\u00e3o, estabelecimentos escolares, unidades de presta\u00e7\u00e3o de cuidados de sa\u00fade, empreendimentos tur\u00edsticos, ou outras), desde que os res\u00edduos sejam semelhantes em termos de natureza e composi\u00e7\u00e3o aos das habita\u00e7\u00f5es, e sejam provenientes de um \u00fanico estabelecimento que produza menos de 1100 L de res\u00edduos por dia.<\/li><\/ol><\/div>\n\t\t\t\t<\/div>\n\t\t\t\t\t\t\t\t<\/div>\n\t\t\t\t\t\t<\/div>\n\t\t\t\t<\/div>\n\t\t\t\t\t<\/div>\n\t\t<\/div>\n\t\t\t\t\t<\/div>\n\t\t<\/section>\n\t\t\t\t<section class=\"elementor-section elementor-top-section elementor-element elementor-element-001b5ff elementor-section-boxed elementor-section-height-default elementor-section-height-default\" data-id=\"001b5ff\" data-element_type=\"section\">\n\t\t\t\t\t\t<div class=\"elementor-container elementor-column-gap-default\">\n\t\t\t\t\t<div class=\"aux-parallax-section elementor-column elementor-col-100 elementor-top-column elementor-element elementor-element-8483009\" data-id=\"8483009\" data-element_type=\"column\" data-settings=\"{&quot;background_background&quot;:&quot;classic&quot;}\">\n\t\t\t<div class=\"elementor-widget-wrap elementor-element-populated\">\n\t\t\t\t\t\t<div class=\"elementor-element elementor-element-6e9437d elementor-widget elementor-widget-text-editor\" data-id=\"6e9437d\" data-element_type=\"widget\" data-widget_type=\"text-editor.default\">\n\t\t\t\t<div class=\"elementor-widget-container\">\n\t\t\t\t\t\t\t\t\t<p>Os produtores de res\u00edduos urbanos de estabelecimentos que produzam res\u00edduos urbanos em quantidades di\u00e1rias iguais ou superiores a 1.100 L est\u00e3o obrigados a enviar os res\u00edduos para operador autorizado. Para o efeito, poder\u00e3o consultar a lista de operadores licenciados no <em>site<\/em> da<span style=\"color: #316cb5;\"> <span style=\"text-decoration: underline;\"><span style=\"text-decoration: underline;\"><a style=\"color: #316cb5; text-decoration: underline;\" href=\"https:\/\/silogr.apambiente.pt\/pages\/publico\/index.php\" target=\"_blank\" rel=\"noopener\">Ag\u00eancia Portuguesa do Ambiente<\/a><\/span><\/span>.<\/span><\/p><p>Na aus\u00eancia de operadores que possam fazer esta recolha e, desde que os res\u00edduos sejam adequados em qualidade e quantidade para transporte ou tratamento no sistema de gest\u00e3o dos res\u00edduos existente, os SIMAR poder\u00e3o faz\u00ea-lo, mediante autoriza\u00e7\u00e3o da <span style=\"text-decoration: underline;\"><span style=\"color: #316cb5; text-decoration: underline;\"><a style=\"color: #316cb5; text-decoration: underline;\" href=\"https:\/\/apambiente.pt\/\" target=\"_blank\" rel=\"noopener\">Ag\u00eancia Portuguesa do Ambiente<\/a><\/span><\/span>.<\/p><p>Em caso de d\u00favida, relativamente \u00e0 produ\u00e7\u00e3o de res\u00edduos, preencha o <span style=\"text-decoration: underline;\"><span style=\"color: #316cb5; text-decoration: underline;\"><a style=\"color: #316cb5; text-decoration: underline;\" href=\"https:\/\/www.simar-louresodivelas.pt\/wp-content\/uploads\/2024\/11\/Mapa-producao-Residuos-SIMAR_2024.pdf\" target=\"_blank\" rel=\"noopener\">Mapa de Produ\u00e7\u00e3o de Res\u00edduos<\/a><\/span><\/span> e envie-nos atrav\u00e9s do endere\u00e7o eletr\u00f3nico <span style=\"text-decoration: underline;\"><span style=\"color: #316cb5; text-decoration: underline;\"><a style=\"color: #316cb5; text-decoration: underline;\" href=\"mailto:geral@simar-louresodivelas.pt\" target=\"_blank\" rel=\"noopener\">g<\/a><a style=\"color: #316cb5; text-decoration: underline;\" href=\"mailto:geral@simar-louresodivelas.pt\" target=\"_blank\" rel=\"noopener\">eral@simar-louresodivelas.pt<\/a><\/span><\/span><\/p>\t\t\t\t\t\t\t\t<\/div>\n\t\t\t\t<\/div>\n\t\t\t\t\t<\/div>\n\t\t<\/div>\n\t\t\t\t\t<\/div>\n\t\t<\/section>\n\t\t\t\t<section class=\"elementor-section elementor-top-section elementor-element elementor-element-b870818 elementor-section-boxed elementor-section-height-default elementor-section-height-default\" data-id=\"b870818\" data-element_type=\"section\">\n\t\t\t\t\t\t<div class=\"elementor-container elementor-column-gap-default\">\n\t\t\t\t\t<div class=\"aux-parallax-section elementor-column elementor-col-100 elementor-top-column elementor-element elementor-element-a95ef60\" data-id=\"a95ef60\" data-element_type=\"column\">\n\t\t\t<div class=\"elementor-widget-wrap elementor-element-populated\">\n\t\t\t\t\t\t<div class=\"elementor-element elementor-element-5c1e4e9 elementor-widget elementor-widget-accordion\" data-id=\"5c1e4e9\" data-element_type=\"widget\" data-widget_type=\"accordion.default\">\n\t\t\t\t<div class=\"elementor-widget-container\">\n\t\t\t\t\t\t\t<div class=\"elementor-accordion\">\n\t\t\t\t\t\t\t<div class=\"elementor-accordion-item\">\n\t\t\t\t\t<div id=\"elementor-tab-title-9651\" class=\"elementor-tab-title\" data-tab=\"1\" role=\"button\" aria-controls=\"elementor-tab-content-9651\" aria-expanded=\"false\">\n\t\t\t\t\t\t\t\t\t\t\t\t\t<span class=\"elementor-accordion-icon elementor-accordion-icon-right\" aria-hidden=\"true\">\n\t\t\t\t\t\t\t\t\t\t\t\t\t\t\t<span class=\"elementor-accordion-icon-closed\"><i class=\"fas fa-angle-down\"><\/i><\/span>\n\t\t\t\t\t\t\t\t<span class=\"elementor-accordion-icon-opened\"><i class=\"fas fa-angle-up\"><\/i><\/span>\n\t\t\t\t\t\t\t\t\t\t\t\t\t\t<\/span>\n\t\t\t\t\t\t\t\t\t\t\t\t<a class=\"elementor-accordion-title\" tabindex=\"0\">REGULAMENTO DE SERVI\u00c7O DE RES\u00cdDUOS URBANOS<\/a>\n\t\t\t\t\t<\/div>\n\t\t\t\t\t<div id=\"elementor-tab-content-9651\" class=\"elementor-tab-content elementor-clearfix\" data-tab=\"1\" role=\"region\" aria-labelledby=\"elementor-tab-title-9651\"><p>Conhe\u00e7a os regulamentos:<\/p><p><span style=\"color: #326da8;\"><strong><a href=\"https:\/\/www.simar-louresodivelas.pt\/simar_pag\/anexos\/inform_gestao\/PPRCIC_2019.pdf\" target=\"_blank\" rel=\"noopener\"><span style=\"color: #000000;\">\ud83d\udd17 <\/span><\/a><\/strong><\/span><span style=\"text-decoration: underline; color: #316cb5;\"><a style=\"color: #316cb5;\" href=\"\/wp-content\/uploads\/2023\/11\/4_regulamento_de_res_c3_adduos_s_c3_b3lidos_e_limpeza_p_c3_bablica_do_munic_c3_adpio_de_loures_1_.pdf\" target=\"_blank\" rel=\"noopener\"><strong>Regulamento de Res\u00edduos S\u00f3lidos e Limpeza P\u00fablica do Munic\u00edpio de Loures<\/strong><\/a><\/span><\/p><p><span style=\"color: #326da8;\"><strong><a href=\"https:\/\/www.simar-louresodivelas.pt\/simar_pag\/anexos\/inform_gestao\/PPRCIC_2019.pdf\" target=\"_blank\" rel=\"noopener\"><span style=\"color: #000000;\">\ud83d\udd17 <\/span><\/a><\/strong><\/span><strong><a style=\"color: #326da8; text-decoration: underline;\" href=\"http:\/\/websimar01\/simar\/wp-content\/uploads\/2023\/05\/REGULA1-1.pdf\" target=\"_blank\" rel=\"noopener\">Regulamento<\/a><\/strong><strong><a style=\"color: #326da8; text-decoration: underline;\" href=\"\/wp-content\/uploads\/2023\/05\/REGULA1-1.pdf\" target=\"_blank\" rel=\"noopener\"> de Res\u00edduos e da Higiene e Limpeza de Espa\u00e7os P\u00fablicos do Munic\u00edpio de Odivelas<\/a><\/strong><\/p><\/div>\n\t\t\t\t<\/div>\n\t\t\t\t\t\t\t<div class=\"elementor-accordion-item\">\n\t\t\t\t\t<div id=\"elementor-tab-title-9652\" class=\"elementor-tab-title\" data-tab=\"2\" role=\"button\" aria-controls=\"elementor-tab-content-9652\" aria-expanded=\"false\">\n\t\t\t\t\t\t\t\t\t\t\t\t\t<span class=\"elementor-accordion-icon elementor-accordion-icon-right\" aria-hidden=\"true\">\n\t\t\t\t\t\t\t\t\t\t\t\t\t\t\t<span class=\"elementor-accordion-icon-closed\"><i class=\"fas fa-angle-down\"><\/i><\/span>\n\t\t\t\t\t\t\t\t<span class=\"elementor-accordion-icon-opened\"><i class=\"fas fa-angle-up\"><\/i><\/span>\n\t\t\t\t\t\t\t\t\t\t\t\t\t\t<\/span>\n\t\t\t\t\t\t\t\t\t\t\t\t<a class=\"elementor-accordion-title\" tabindex=\"0\">TARIF\u00c1RIO DE RES\u00cdDUOS <\/a>\n\t\t\t\t\t<\/div>\n\t\t\t\t\t<div id=\"elementor-tab-content-9652\" class=\"elementor-tab-content elementor-clearfix\" data-tab=\"2\" role=\"region\" aria-labelledby=\"elementor-tab-title-9652\"><p>Os utilizadores dos servi\u00e7os de gest\u00e3o de res\u00edduos urbanos ficam sujeitos \u00e0 tarifa de res\u00edduos, cobrada pelo servi\u00e7o de gest\u00e3o de res\u00edduos urbanos prestado de forma a cobrir os respetivos custos, incluindo os de tratamento dos res\u00edduos urbanos.<\/p><p>Consulte o <span style=\"color: #326da8;\"><strong data-wp-editing=\"1\"><span style=\"color: #ffffff;\"><span style=\"color: #000000;\"><img decoding=\"async\" class=\"emoji\" role=\"img\" draggable=\"false\" src=\"https:\/\/s.w.org\/images\/core\/emoji\/14.0.0\/svg\/1f517.svg\" alt=\"\ud83d\udd17\" \/><\/span><\/span><\/strong><\/span><span style=\"color: #316cb5;\"><a style=\"color: #316cb5;\" href=\"\/index.php\/tarifario\/\" target=\"_blank\" rel=\"noopener\"><span style=\"text-decoration: underline;\">Tarif\u00e1rio de Res\u00edduos<\/span><\/a><\/span>.<\/p><\/div>\n\t\t\t\t<\/div>\n\t\t\t\t\t\t\t\t<\/div>\n\t\t\t\t\t\t<\/div>\n\t\t\t\t<\/div>\n\t\t\t\t\t<\/div>\n\t\t<\/div>\n\t\t\t\t\t<\/div>\n\t\t<\/section>\n\t\t\t\t<section class=\"elementor-section elementor-top-section elementor-element elementor-element-3a251c3 elementor-section-boxed elementor-section-height-default elementor-section-height-default\" data-id=\"3a251c3\" data-element_type=\"section\">\n\t\t\t\t\t\t<div class=\"elementor-container elementor-column-gap-default\">\n\t\t\t\t\t<div class=\"aux-parallax-section elementor-column elementor-col-100 elementor-top-column elementor-element elementor-element-3953427\" data-id=\"3953427\" data-element_type=\"column\">\n\t\t\t<div class=\"elementor-widget-wrap elementor-element-populated\">\n\t\t\t\t\t\t<div class=\"elementor-element elementor-element-3823c78 elementor-widget elementor-widget-html\" data-id=\"3823c78\" data-element_type=\"widget\" data-widget_type=\"html.default\">\n\t\t\t\t<div class=\"elementor-widget-container\">\n\t\t\t\t\t<script src=\"data:text\/javascript;base64,alF1ZXJ5KGRvY3VtZW50KS5yZWFkeShmdW5jdGlvbigkKXt2YXIgZGVsYXk9MTAwO3NldFRpbWVvdXQoZnVuY3Rpb24oKXskKCcuZWxlbWVudG9yLXRhYi10aXRsZScpLnJlbW92ZUNsYXNzKCdlbGVtZW50b3ItYWN0aXZlJyk7JCgnLmVsZW1lbnRvci10YWItY29udGVudCcpLmNzcygnZGlzcGxheScsJ25vbmUnKX0sZGVsYXkpfSk=\" defer><\/script>\n\t\t\t\t<\/div>\n\t\t\t\t<\/div>\n\t\t\t\t\t<\/div>\n\t\t<\/div>\n\t\t\t\t\t<\/div>\n\t\t<\/section>\n\t\t\t\t<\/div>\n\t\t","protected":false},"excerpt":{"rendered":"<p>Os SIMAR de Loures e Odivelas s\u00e3o respons\u00e1veis pela gest\u00e3o dos res\u00edduos urbanos dos munic\u00edpios de Loures e Odivelas, bem como, de outros res\u00edduos cuja gest\u00e3o lhes esteja atribu\u00edda por lei. ENTENDE-SE POR RES\u00cdDUOS URBANOS: Os res\u00edduos de recolha indiferenciada e de recolha seletiva trifluxo e de outras fra\u00e7\u00f5es espec\u00edficas das habita\u00e7\u00f5es; Os res\u00edduos de [&hellip;]<\/p>\n","protected":false},"author":1,"featured_media":0,"parent":0,"menu_order":0,"comment_status":"closed","ping_status":"closed","template":"","meta":{"_monsterinsights_skip_tracking":false,"_monsterinsights_sitenote_active":false,"_monsterinsights_sitenote_note":"","_monsterinsights_sitenote_category":0,"_uf_show_specific_survey":0,"_uf_disable_surveys":false,"footnotes":""},"class_list":["post-4017","page","type-page","status-publish","hentry"],"aioseo_notices":[],"_links":{"self":[{"href":"https:\/\/www.simar-louresodivelas.pt\/index.php\/wp-json\/wp\/v2\/pages\/4017","targetHints":{"allow":["GET"]}}],"collection":[{"href":"https:\/\/www.simar-louresodivelas.pt\/index.php\/wp-json\/wp\/v2\/pages"}],"about":[{"href":"https:\/\/www.simar-louresodivelas.pt\/index.php\/wp-json\/wp\/v2\/types\/page"}],"author":[{"embeddable":true,"href":"https:\/\/www.simar-louresodivelas.pt\/index.php\/wp-json\/wp\/v2\/users\/1"}],"replies":[{"embeddable":true,"href":"https:\/\/www.simar-louresodivelas.pt\/index.php\/wp-json\/wp\/v2\/comments?post=4017"}],"version-history":[{"count":130,"href":"https:\/\/www.simar-louresodivelas.pt\/index.php\/wp-json\/wp\/v2\/pages\/4017\/revisions"}],"predecessor-version":[{"id":26689,"href":"https:\/\/www.simar-louresodivelas.pt\/index.php\/wp-json\/wp\/v2\/pages\/4017\/revisions\/26689"}],"wp:attachment":[{"href":"https:\/\/www.simar-louresodivelas.pt\/index.php\/wp-json\/wp\/v2\/media?parent=4017"}],"curies":[{"name":"wp","href":"https:\/\/api.w.org\/{rel}","templated":true}]}}