{"id":4008,"date":"2023-07-19T09:38:11","date_gmt":"2023-07-19T09:38:11","guid":{"rendered":"http:\/\/websimar01\/simar\/?page_id=4008"},"modified":"2026-03-06T16:48:04","modified_gmt":"2026-03-06T16:48:04","slug":"controlo-da-qualidade-da-agua","status":"publish","type":"page","link":"https:\/\/www.simar-louresodivelas.pt\/index.php\/controlo-da-qualidade-da-agua","title":{"rendered":"Controlo da Qualidade da \u00c1gua"},"content":{"rendered":"\t\t<div data-elementor-type=\"wp-page\" data-elementor-id=\"4008\" class=\"elementor elementor-4008\">\n\t\t\t\t\t\t<section class=\"elementor-section elementor-top-section elementor-element elementor-element-46b5674 elementor-section-full_width elementor-section-stretched elementor-section-height-default elementor-section-height-default\" data-id=\"46b5674\" data-element_type=\"section\" data-settings=\"{&quot;stretch_section&quot;:&quot;section-stretched&quot;,&quot;background_background&quot;:&quot;classic&quot;}\">\n\t\t\t\t\t\t<div class=\"elementor-container elementor-column-gap-default\">\n\t\t\t\t\t<div class=\"aux-parallax-section elementor-column elementor-col-100 elementor-top-column elementor-element elementor-element-97fb67b\" data-id=\"97fb67b\" data-element_type=\"column\">\n\t\t\t<div class=\"elementor-widget-wrap elementor-element-populated\">\n\t\t\t\t\t\t<div class=\"elementor-element elementor-element-2d3a95f elementor-widget elementor-widget-image\" data-id=\"2d3a95f\" data-element_type=\"widget\" data-widget_type=\"image.default\">\n\t\t\t\t<div class=\"elementor-widget-container\">\n\t\t\t\t\t\t\t\t\t\t\t\t\t\t\t<img decoding=\"async\" src=\"https:\/\/www.simar-louresodivelas.pt\/wp-content\/uploads\/2023\/09\/controlo-da-qualidade-da-agua_.jpg\" title=\"controlo da qualidade da \u00e1gua_\" alt=\"controlo da qualidade da \u00e1gua_\" loading=\"lazy\" \/>\t\t\t\t\t\t\t\t\t\t\t\t\t\t\t<\/div>\n\t\t\t\t<\/div>\n\t\t\t\t\t<\/div>\n\t\t<\/div>\n\t\t\t\t\t<\/div>\n\t\t<\/section>\n\t\t\t\t<section class=\"elementor-section elementor-top-section elementor-element elementor-element-86e86d6 elementor-section-boxed elementor-section-height-default elementor-section-height-default\" data-id=\"86e86d6\" data-element_type=\"section\">\n\t\t\t\t\t\t<div class=\"elementor-container elementor-column-gap-default\">\n\t\t\t\t\t<div class=\"aux-parallax-section elementor-column elementor-col-100 elementor-top-column elementor-element elementor-element-fbe47d9\" data-id=\"fbe47d9\" data-element_type=\"column\">\n\t\t\t<div class=\"elementor-widget-wrap elementor-element-populated\">\n\t\t\t\t\t\t<div class=\"elementor-element elementor-element-6bce002 elementor-widget-divider--view-line_icon elementor-view-default elementor-widget-divider--element-align-center elementor-widget elementor-widget-divider\" data-id=\"6bce002\" data-element_type=\"widget\" data-widget_type=\"divider.default\">\n\t\t\t\t<div class=\"elementor-widget-container\">\n\t\t\t\t\t\t\t<div class=\"elementor-divider\">\n\t\t\t<span class=\"elementor-divider-separator\">\n\t\t\t\t\t\t\t<div class=\"elementor-icon elementor-divider__element\">\n\t\t\t\t\t<i aria-hidden=\"true\" class=\"fas fa-vial\"><\/i><\/div>\n\t\t\t\t\t\t<\/span>\n\t\t<\/div>\n\t\t\t\t\t\t<\/div>\n\t\t\t\t<\/div>\n\t\t\t\t\t<\/div>\n\t\t<\/div>\n\t\t\t\t\t<\/div>\n\t\t<\/section>\n\t\t\t\t<section class=\"elementor-section elementor-top-section elementor-element elementor-element-26d2e1a elementor-section-boxed elementor-section-height-default elementor-section-height-default\" data-id=\"26d2e1a\" data-element_type=\"section\">\n\t\t\t\t\t\t<div class=\"elementor-container elementor-column-gap-default\">\n\t\t\t\t\t<div class=\"aux-parallax-section elementor-column elementor-col-100 elementor-top-column elementor-element elementor-element-2b64f93\" data-id=\"2b64f93\" data-element_type=\"column\">\n\t\t\t<div class=\"elementor-widget-wrap elementor-element-populated\">\n\t\t\t\t\t\t<div class=\"elementor-element elementor-element-26b9865 elementor-widget elementor-widget-accordion\" data-id=\"26b9865\" data-element_type=\"widget\" data-widget_type=\"accordion.default\">\n\t\t\t\t<div class=\"elementor-widget-container\">\n\t\t\t\t\t\t\t<div class=\"elementor-accordion\">\n\t\t\t\t\t\t\t<div class=\"elementor-accordion-item\">\n\t\t\t\t\t<div id=\"elementor-tab-title-4061\" class=\"elementor-tab-title\" data-tab=\"1\" role=\"button\" aria-controls=\"elementor-tab-content-4061\" aria-expanded=\"false\">\n\t\t\t\t\t\t\t\t\t\t\t\t\t<span class=\"elementor-accordion-icon elementor-accordion-icon-right\" aria-hidden=\"true\">\n\t\t\t\t\t\t\t\t\t\t\t\t\t\t\t<span class=\"elementor-accordion-icon-closed\"><i class=\"fas fa-angle-down\"><\/i><\/span>\n\t\t\t\t\t\t\t\t<span class=\"elementor-accordion-icon-opened\"><i class=\"fas fa-angle-up\"><\/i><\/span>\n\t\t\t\t\t\t\t\t\t\t\t\t\t\t<\/span>\n\t\t\t\t\t\t\t\t\t\t\t\t<a class=\"elementor-accordion-title\" tabindex=\"0\">Programa de Controlo da Qualidade da \u00c1gua (PCQA) - Verifica\u00e7\u00e3o da Qualidade da \u00c1gua Tratada Fornecida ao Consumidor<\/a>\n\t\t\t\t\t<\/div>\n\t\t\t\t\t<div id=\"elementor-tab-content-4061\" class=\"elementor-tab-content elementor-clearfix\" data-tab=\"1\" role=\"region\" aria-labelledby=\"elementor-tab-title-4061\"><p>O <strong>PCQA<\/strong> \u00e9 um programa de colheitas regulares no sistema de abastecimento de \u00e1gua em Loures e Odivelas e determina\u00e7\u00f5es de par\u00e2metros anal\u00edticos de acordo com o disposto na lei.<\/p><p>Este programa \u00e9 aprovado pela <strong>Entidade Reguladora dos Servi\u00e7os de \u00c1guas e Res\u00edduos <\/strong><span style=\"color: #316cb5;\">(<span style=\"text-decoration: underline;\"><a style=\"color: #316cb5; text-decoration: underline;\" href=\"https:\/\/www.ersar.pt\/pt\" target=\"_blank\" rel=\"noopener\">ERSAR<\/a><\/span>)<\/span> e dele \u00e9 dado conhecimento \u00e0 Autoridade de Sa\u00fade.<\/p><p>Os pontos de amostragem s\u00e3o pontos estrat\u00e9gicos do sistema de abastecimento de \u00e1gua e pontos sens\u00edveis dos munic\u00edpios de Loures e Odivelas, como Hospitais, Cl\u00ednicas de Di\u00e1lise, Cl\u00ednicas M\u00e9dicas, Lares, Casas de Repouso, Centros de Dia, Escolas, Infant\u00e1rios e Ind\u00fastrias.\u00a0 S\u00e3o, tamb\u00e9m, realizadas colheitas em Restaurantes, Caf\u00e9s e Pastelarias, locais onde existe consumo humano de \u00e1gua da torneira. As colheitas s\u00e3o realizadas por t\u00e9cnicos de amostragem acreditados, devidamente identificados.<\/p><p>O <strong>PCQA<\/strong> tem especificado na legisla\u00e7\u00e3o o grupo de par\u00e2metros que constituem os Controlos de Rotina 1 e 2 e o Controlo de Inspe\u00e7\u00e3o, bem como as frequ\u00eancias m\u00ednimas de amostragem, assim:<\/p><p><strong>CR1 <\/strong>\u2013 O Controlo de Rotina 1 s\u00e3o os controlos de maior frequ\u00eancia, dizendo respeito \u00e0 microbiologia b\u00e1sica e desinfetante residual.<\/p><p><strong>CR2 <\/strong>\u2013 O Controlo de Rotina 2 s\u00e3o os controlos de frequ\u00eancia interm\u00e9dia, fornecendo informa\u00e7\u00e3o sobre a qualidade organol\u00e9tica e par\u00e2metros espec\u00edficos relacionados com as condi\u00e7\u00f5es de abastecimento, quer seja na distribui\u00e7\u00e3o, quer seja na torneira do consumidor.<\/p><p><strong>CI <\/strong>\u2013 O Controlo de Inspe\u00e7\u00e3o refere todos os par\u00e2metros dispostos nas <strong>CR1<\/strong> e <strong>CR2<\/strong>, bem como par\u00e2metros que apenas t\u00eam altera\u00e7\u00f5es em per\u00edodos longos de tempo, sendo a frequ\u00eancia de amostragem menor.<\/p><p><img fetchpriority=\"high\" decoding=\"async\" class=\"aligncenter wp-image-40452 size-full\" src=\"https:\/\/www.simar-louresodivelas.pt\/wp-content\/uploads\/2026\/03\/lista-parametros-scaled.jpg\" alt=\"\" width=\"2560\" height=\"1810\" srcset=\"https:\/\/www.simar-louresodivelas.pt\/wp-content\/uploads\/2026\/03\/lista-parametros-scaled.jpg 2560w, https:\/\/www.simar-louresodivelas.pt\/wp-content\/uploads\/2026\/03\/lista-parametros-1536x1086.jpg 1536w, https:\/\/www.simar-louresodivelas.pt\/wp-content\/uploads\/2026\/03\/lista-parametros-2048x1448.jpg 2048w\" sizes=\"(max-width: 2560px) 100vw, 2560px\" \/><\/p><p>No \u00e2mbito do cumprimento da legisla\u00e7\u00e3o vigente e tendo em conta a conformidade dos resultados obtidos, a\u00a0<span style=\"color: #316cb5;\"><a style=\"color: #316cb5;\" href=\"https:\/\/www.ersar.pt\/pt\" target=\"_blank\" rel=\"noopener\"><span style=\"text-decoration-line: underline;\">ERSAR<\/span><\/a><\/span> atribui o selo de qualidade exemplar da \u00e1gua para consumo humano \u00e0s Entidades Gestoras de Abastecimento de \u00e1guas em baixa desde 2017. Os SIMAR de Loures e Odivelas foram agraciados com esta distin\u00e7\u00e3o nos anos de 2017, 2018, 2021, 2022, 2023 e 2024.<\/p><\/div>\n\t\t\t\t<\/div>\n\t\t\t\t\t\t\t<div class=\"elementor-accordion-item\">\n\t\t\t\t\t<div id=\"elementor-tab-title-4062\" class=\"elementor-tab-title\" data-tab=\"2\" role=\"button\" aria-controls=\"elementor-tab-content-4062\" aria-expanded=\"false\">\n\t\t\t\t\t\t\t\t\t\t\t\t\t<span class=\"elementor-accordion-icon elementor-accordion-icon-right\" aria-hidden=\"true\">\n\t\t\t\t\t\t\t\t\t\t\t\t\t\t\t<span class=\"elementor-accordion-icon-closed\"><i class=\"fas fa-angle-down\"><\/i><\/span>\n\t\t\t\t\t\t\t\t<span class=\"elementor-accordion-icon-opened\"><i class=\"fas fa-angle-up\"><\/i><\/span>\n\t\t\t\t\t\t\t\t\t\t\t\t\t\t<\/span>\n\t\t\t\t\t\t\t\t\t\t\t\t<a class=\"elementor-accordion-title\" tabindex=\"0\">Programa de Controlo Operacional (PCO) - Monitoriza\u00e7\u00e3o da Qualidade da \u00c1gua nos \u00d3rg\u00e3os da Rede de Abastecimento<\/a>\n\t\t\t\t\t<\/div>\n\t\t\t\t\t<div id=\"elementor-tab-content-4062\" class=\"elementor-tab-content elementor-clearfix\" data-tab=\"2\" role=\"region\" aria-labelledby=\"elementor-tab-title-4062\"><p>O <strong>PCO<\/strong> \u00e9 um programa de monitoriza\u00e7\u00e3o dos \u00f3rg\u00e3os da rede de distribui\u00e7\u00e3o, realizado pela recolha de amostras de \u00e1gua, em diversos \u00f3rg\u00e3os da rede, nomeadamente, Reservat\u00f3rios, Condutas Adutoras, Hidropressores, Perdas de Carga, Redutores e Caixas de Colheita. Neste \u00e2mbito, tamb\u00e9m \u00e9 controlada a concentra\u00e7\u00e3o de cloro residual livre, a condutividade e o PH em cont\u00ednuo em v\u00e1rios \u00f3rg\u00e3os da rede de abastecimento.<\/p><\/div>\n\t\t\t\t<\/div>\n\t\t\t\t\t\t\t<div class=\"elementor-accordion-item\">\n\t\t\t\t\t<div id=\"elementor-tab-title-4063\" class=\"elementor-tab-title\" data-tab=\"3\" role=\"button\" aria-controls=\"elementor-tab-content-4063\" aria-expanded=\"false\">\n\t\t\t\t\t\t\t\t\t\t\t\t\t<span class=\"elementor-accordion-icon elementor-accordion-icon-right\" aria-hidden=\"true\">\n\t\t\t\t\t\t\t\t\t\t\t\t\t\t\t<span class=\"elementor-accordion-icon-closed\"><i class=\"fas fa-angle-down\"><\/i><\/span>\n\t\t\t\t\t\t\t\t<span class=\"elementor-accordion-icon-opened\"><i class=\"fas fa-angle-up\"><\/i><\/span>\n\t\t\t\t\t\t\t\t\t\t\t\t\t\t<\/span>\n\t\t\t\t\t\t\t\t\t\t\t\t<a class=\"elementor-accordion-title\" tabindex=\"0\">Programa de Controlo Complementar (PCC) - Avalia\u00e7\u00e3o da Qualidade da \u00c1gua Correspondente a Reclama\u00e7\u00f5es, Pontos Cr\u00edticos da Rede e Vigil\u00e2ncia Sanit\u00e1ria por parte da Autoridade de Sa\u00fade<\/a>\n\t\t\t\t\t<\/div>\n\t\t\t\t\t<div id=\"elementor-tab-content-4063\" class=\"elementor-tab-content elementor-clearfix\" data-tab=\"3\" role=\"region\" aria-labelledby=\"elementor-tab-title-4063\"><p>O <strong>PCC<\/strong> \u00e9 um programa realizado, ocasionalmente, sempre que seja necess\u00e1ria a realiza\u00e7\u00e3o de colheitas para an\u00e1lise ou em situa\u00e7\u00f5es em que \u00e9 necess\u00e1rio confirmar valores de determinados par\u00e2metros. Este plano \u00e9 colocado em funcionamento quando existem reclama\u00e7\u00f5es que assim o exijam ou quando a Autoridade de Sa\u00fade, no \u00e2mbito das suas fun\u00e7\u00f5es de vigil\u00e2ncia sanit\u00e1ria, solicita a confirma\u00e7\u00e3o de resultados ou o controlo de um ponto de amostragem espec\u00edfico na torneira do consumidor.<\/p><\/div>\n\t\t\t\t<\/div>\n\t\t\t\t\t\t\t\t<\/div>\n\t\t\t\t\t\t<\/div>\n\t\t\t\t<\/div>\n\t\t\t\t\t<\/div>\n\t\t<\/div>\n\t\t\t\t\t<\/div>\n\t\t<\/section>\n\t\t\t\t<section class=\"elementor-section elementor-top-section elementor-element elementor-element-6bb7b1b elementor-section-boxed elementor-section-height-default elementor-section-height-default\" data-id=\"6bb7b1b\" data-element_type=\"section\">\n\t\t\t\t\t\t<div class=\"elementor-container elementor-column-gap-default\">\n\t\t\t\t\t<div class=\"aux-parallax-section elementor-column elementor-col-100 elementor-top-column elementor-element elementor-element-4673bf4\" data-id=\"4673bf4\" data-element_type=\"column\">\n\t\t\t<div class=\"elementor-widget-wrap elementor-element-populated\">\n\t\t\t\t\t\t<div class=\"elementor-element elementor-element-5d86c47 elementor-widget elementor-widget-html\" data-id=\"5d86c47\" data-element_type=\"widget\" data-widget_type=\"html.default\">\n\t\t\t\t<div class=\"elementor-widget-container\">\n\t\t\t\t\t<script src=\"data:text\/javascript;base64,alF1ZXJ5KGRvY3VtZW50KS5yZWFkeShmdW5jdGlvbigkKXt2YXIgZGVsYXk9MTAwO3NldFRpbWVvdXQoZnVuY3Rpb24oKXskKCcuZWxlbWVudG9yLXRhYi10aXRsZScpLnJlbW92ZUNsYXNzKCdlbGVtZW50b3ItYWN0aXZlJyk7JCgnLmVsZW1lbnRvci10YWItY29udGVudCcpLmNzcygnZGlzcGxheScsJ25vbmUnKX0sZGVsYXkpfSk=\" defer><\/script>\n\t\t\t\t<\/div>\n\t\t\t\t<\/div>\n\t\t\t\t\t<\/div>\n\t\t<\/div>\n\t\t\t\t\t<\/div>\n\t\t<\/section>\n\t\t\t\t<\/div>\n\t\t","protected":false},"excerpt":{"rendered":"<p>Programa de Controlo da Qualidade da \u00c1gua (PCQA) &#8211; Verifica\u00e7\u00e3o da Qualidade da \u00c1gua Tratada Fornecida ao Consumidor O PCQA \u00e9 um programa de colheitas regulares no sistema de abastecimento de \u00e1gua em Loures e Odivelas e determina\u00e7\u00f5es de par\u00e2metros anal\u00edticos de acordo com o disposto na lei. Este programa \u00e9 aprovado pela Entidade Reguladora [&hellip;]<\/p>\n","protected":false},"author":1,"featured_media":0,"parent":0,"menu_order":0,"comment_status":"closed","ping_status":"closed","template":"","meta":{"_monsterinsights_skip_tracking":false,"_monsterinsights_sitenote_active":false,"_monsterinsights_sitenote_note":"","_monsterinsights_sitenote_category":0,"_uf_show_specific_survey":0,"_uf_disable_surveys":false,"footnotes":""},"class_list":["post-4008","page","type-page","status-publish","hentry"],"aioseo_notices":[],"_links":{"self":[{"href":"https:\/\/www.simar-louresodivelas.pt\/index.php\/wp-json\/wp\/v2\/pages\/4008","targetHints":{"allow":["GET"]}}],"collection":[{"href":"https:\/\/www.simar-louresodivelas.pt\/index.php\/wp-json\/wp\/v2\/pages"}],"about":[{"href":"https:\/\/www.simar-louresodivelas.pt\/index.php\/wp-json\/wp\/v2\/types\/page"}],"author":[{"embeddable":true,"href":"https:\/\/www.simar-louresodivelas.pt\/index.php\/wp-json\/wp\/v2\/users\/1"}],"replies":[{"embeddable":true,"href":"https:\/\/www.simar-louresodivelas.pt\/index.php\/wp-json\/wp\/v2\/comments?post=4008"}],"version-history":[{"count":133,"href":"https:\/\/www.simar-louresodivelas.pt\/index.php\/wp-json\/wp\/v2\/pages\/4008\/revisions"}],"predecessor-version":[{"id":40461,"href":"https:\/\/www.simar-louresodivelas.pt\/index.php\/wp-json\/wp\/v2\/pages\/4008\/revisions\/40461"}],"wp:attachment":[{"href":"https:\/\/www.simar-louresodivelas.pt\/index.php\/wp-json\/wp\/v2\/media?parent=4008"}],"curies":[{"name":"wp","href":"https:\/\/api.w.org\/{rel}","templated":true}]}}