{"id":40066,"date":"2026-02-24T15:34:42","date_gmt":"2026-02-24T15:34:42","guid":{"rendered":"https:\/\/www.simar-louresodivelas.pt\/?page_id=40066"},"modified":"2026-02-24T15:38:47","modified_gmt":"2026-02-24T15:38:47","slug":"plantas-de-cadastro_teste","status":"publish","type":"page","link":"https:\/\/www.simar-louresodivelas.pt\/index.php\/plantas-de-cadastro_teste","title":{"rendered":"Plantas de Cadastro_teste"},"content":{"rendered":"\t\t<div data-elementor-type=\"wp-page\" data-elementor-id=\"40066\" class=\"elementor elementor-40066\">\n\t\t\t\t\t\t<section class=\"elementor-section elementor-top-section elementor-element elementor-element-c3a1d12 elementor-section-full_width elementor-section-stretched elementor-section-height-default elementor-section-height-default\" data-id=\"c3a1d12\" data-element_type=\"section\" data-settings=\"{&quot;stretch_section&quot;:&quot;section-stretched&quot;,&quot;background_background&quot;:&quot;classic&quot;}\">\n\t\t\t\t\t\t<div class=\"elementor-container elementor-column-gap-default\">\n\t\t\t\t\t<div class=\"aux-parallax-section elementor-column elementor-col-100 elementor-top-column elementor-element elementor-element-b30bf31\" data-id=\"b30bf31\" data-element_type=\"column\">\n\t\t\t<div class=\"elementor-widget-wrap elementor-element-populated\">\n\t\t\t\t\t\t<div class=\"elementor-element elementor-element-d9f4f75 elementor-widget elementor-widget-image\" data-id=\"d9f4f75\" data-element_type=\"widget\" data-widget_type=\"image.default\">\n\t\t\t\t<div class=\"elementor-widget-container\">\n\t\t\t\t\t\t\t\t\t\t\t\t\t\t\t<img decoding=\"async\" src=\"https:\/\/www.simar-louresodivelas.pt\/wp-content\/uploads\/2023\/09\/plantas-Cadastro.jpg\" title=\"plantas Cadastro\" alt=\"plantas Cadastro\" loading=\"lazy\" \/>\t\t\t\t\t\t\t\t\t\t\t\t\t\t\t<\/div>\n\t\t\t\t<\/div>\n\t\t\t\t\t<\/div>\n\t\t<\/div>\n\t\t\t\t\t<\/div>\n\t\t<\/section>\n\t\t\t\t<section class=\"elementor-section elementor-top-section elementor-element elementor-element-be06719 elementor-section-boxed elementor-section-height-default elementor-section-height-default\" data-id=\"be06719\" data-element_type=\"section\">\n\t\t\t\t\t\t<div class=\"elementor-container elementor-column-gap-default\">\n\t\t\t\t\t<div class=\"aux-parallax-section elementor-column elementor-col-100 elementor-top-column elementor-element elementor-element-3e676d5\" data-id=\"3e676d5\" data-element_type=\"column\">\n\t\t\t<div class=\"elementor-widget-wrap elementor-element-populated\">\n\t\t\t\t\t\t<div class=\"elementor-element elementor-element-cbd17e9 elementor-widget-divider--view-line_icon elementor-view-default elementor-widget-divider--element-align-center elementor-widget elementor-widget-divider\" data-id=\"cbd17e9\" data-element_type=\"widget\" data-widget_type=\"divider.default\">\n\t\t\t\t<div class=\"elementor-widget-container\">\n\t\t\t\t\t\t\t<div class=\"elementor-divider\">\n\t\t\t<span class=\"elementor-divider-separator\">\n\t\t\t\t\t\t\t<div class=\"elementor-icon elementor-divider__element\">\n\t\t\t\t\t<i aria-hidden=\"true\" class=\"fas fa-map\"><\/i><\/div>\n\t\t\t\t\t\t<\/span>\n\t\t<\/div>\n\t\t\t\t\t\t<\/div>\n\t\t\t\t<\/div>\n\t\t\t\t\t<\/div>\n\t\t<\/div>\n\t\t\t\t\t<\/div>\n\t\t<\/section>\n\t\t\t\t<section class=\"elementor-section elementor-top-section elementor-element elementor-element-3fb1f89 elementor-section-boxed elementor-section-height-default elementor-section-height-default\" data-id=\"3fb1f89\" data-element_type=\"section\">\n\t\t\t\t\t\t<div class=\"elementor-container elementor-column-gap-default\">\n\t\t\t\t\t<div class=\"aux-parallax-section elementor-column elementor-col-100 elementor-top-column elementor-element elementor-element-2781dda\" data-id=\"2781dda\" data-element_type=\"column\" data-settings=\"{&quot;background_background&quot;:&quot;classic&quot;}\">\n\t\t\t<div class=\"elementor-widget-wrap elementor-element-populated\">\n\t\t\t\t\t\t<div class=\"elementor-element elementor-element-5a939e8 elementor-widget elementor-widget-text-editor\" data-id=\"5a939e8\" data-element_type=\"widget\" data-widget_type=\"text-editor.default\">\n\t\t\t\t<div class=\"elementor-widget-container\">\n\t\t\t\t\t\t\t\t\t<p><span style=\"color: #000000;\">O primeiro passo a dar, independentemente do tipo de projeto, \u00e9 pedir aos SIMAR uma planta com informa\u00e7\u00e3o sobre as infraestruturas existentes no local da obra.<\/span><\/p><p><span style=\"color: #000000;\">Para isso, preencha o seguinte formul\u00e1rio <em>on-line<\/em>:<\/span><\/p><p><span style=\"color: #316cb5;\"><strong>Pedido de Informa\u00e7\u00e3o Cadastral das Redes de Abastecimento de \u00c1gua e Drenagem de \u00c1guas Residuais dos SIMAR Loures e Odivelas\u00a0 \u00a0<\/strong><\/span><\/p>\t\t\t\t\t\t\t\t<\/div>\n\t\t\t\t<\/div>\n\t\t\t\t\t<\/div>\n\t\t<\/div>\n\t\t\t\t\t<\/div>\n\t\t<\/section>\n\t\t\t\t<section class=\"elementor-section elementor-top-section elementor-element elementor-element-b9ed1ea elementor-section-boxed elementor-section-height-default elementor-section-height-default\" data-id=\"b9ed1ea\" data-element_type=\"section\" data-settings=\"{&quot;background_background&quot;:&quot;classic&quot;}\">\n\t\t\t\t\t\t<div class=\"elementor-container elementor-column-gap-default\">\n\t\t\t\t\t<div class=\"aux-parallax-section elementor-column elementor-col-100 elementor-top-column elementor-element elementor-element-5104865\" data-id=\"5104865\" data-element_type=\"column\" data-settings=\"{&quot;background_background&quot;:&quot;classic&quot;}\">\n\t\t\t<div class=\"elementor-widget-wrap elementor-element-populated\">\n\t\t\t\t\t\t<div class=\"elementor-element elementor-element-f978364 elementor-widget elementor-widget-htmega-contactform-addons\" data-id=\"f978364\" data-element_type=\"widget\" data-widget_type=\"htmega-contactform-addons.default\">\n\t\t\t\t<div class=\"elementor-widget-container\">\n\t\t\t\t\t            <div class=\"htmega-form-wrapper sidf978364 htmega-form-style-6\" >\n                \n<div class=\"wpcf7 no-js\" id=\"wpcf7-f40065-o1\" lang=\"pt-PT\" dir=\"ltr\" data-wpcf7-id=\"40065\">\n<div class=\"screen-reader-response\"><p role=\"status\" aria-live=\"polite\" aria-atomic=\"true\"><\/p> <ul><\/ul><\/div>\n<form action=\"\/index.php\/wp-json\/wp\/v2\/pages\/40066#wpcf7-f40065-o1\" method=\"post\" class=\"wpcf7-form init\" aria-label=\"Formul\u00e1rio de contacto\" enctype=\"multipart\/form-data\" novalidate=\"novalidate\" data-status=\"init\">\n<div style=\"display: none;\">\n<input type=\"hidden\" name=\"_wpcf7\" value=\"40065\" \/>\n<input type=\"hidden\" name=\"_wpcf7_version\" value=\"6.0.6\" \/>\n<input type=\"hidden\" name=\"_wpcf7_locale\" value=\"pt_PT\" \/>\n<input type=\"hidden\" name=\"_wpcf7_unit_tag\" value=\"wpcf7-f40065-o1\" \/>\n<input type=\"hidden\" name=\"_wpcf7_container_post\" value=\"0\" \/>\n<input type=\"hidden\" name=\"_wpcf7_posted_data_hash\" value=\"\" \/>\n<input type=\"hidden\" name=\"_wpcf7cf_hidden_group_fields\" value=\"[]\" \/>\n<input type=\"hidden\" name=\"_wpcf7cf_hidden_groups\" value=\"[]\" \/>\n<input type=\"hidden\" name=\"_wpcf7cf_visible_groups\" value=\"[]\" \/>\n<input type=\"hidden\" name=\"_wpcf7cf_repeaters\" value=\"[]\" \/>\n<input type=\"hidden\" name=\"_wpcf7cf_steps\" value=\"{}\" \/>\n<input type=\"hidden\" name=\"_wpcf7cf_options\" value=\"{&quot;form_id&quot;:40065,&quot;conditions&quot;:[],&quot;settings&quot;:{&quot;animation&quot;:&quot;yes&quot;,&quot;animation_intime&quot;:200,&quot;animation_outtime&quot;:200,&quot;conditions_ui&quot;:&quot;normal&quot;,&quot;notice_dismissed&quot;:false,&quot;notice_dismissed_rollback-cf7-5.8&quot;:true}}\" \/>\n<\/div>\n<div id=\"responsive-form\" class=\"clearfix\" style=\"text-align: left\">\n\t<div class=\"form-row\">\n\t\t<div class=\"column-half\">\n\t\t\t<p>Nome do Requerente <span class=\"wpcf7-form-control-wrap\" data-name=\"nome\"><input size=\"40\" maxlength=\"400\" class=\"wpcf7-form-control wpcf7-text wpcf7-validates-as-required\" aria-required=\"true\" aria-invalid=\"false\" value=\"\" type=\"text\" name=\"nome\" \/><\/span>\n\t\t\t<\/p>\n\t\t<\/div>\n\t\t<div class=\"column-half\">\n\t\t\t<p>N\u00famero de Identifica\u00e7\u00e3o Fiscal <span class=\"wpcf7-form-control-wrap\" data-name=\"nif\"><input size=\"40\" maxlength=\"400\" class=\"wpcf7-form-control wpcf7-text wpcf7-validates-as-required\" aria-required=\"true\" aria-invalid=\"false\" value=\"\" type=\"text\" name=\"nif\" \/><\/span>\n\t\t\t<\/p>\n\t\t<\/div>\n\t<\/div>\n\t<div class=\"form-row\">\n\t\t<div class=\"column-half\">\n\t\t\t<p>Telem\u00f3vel ou Telefone <span class=\"wpcf7-form-control-wrap\" data-name=\"contatotelefonico\"><input size=\"40\" maxlength=\"400\" class=\"wpcf7-form-control wpcf7-text wpcf7-validates-as-required\" aria-required=\"true\" aria-invalid=\"false\" value=\"\" type=\"text\" name=\"contatotelefonico\" \/><\/span>\n\t\t\t<\/p>\n\t\t<\/div>\n\t\t<div class=\"column-half\">\n\t\t\t<p>E-mail <span class=\"wpcf7-form-control-wrap\" data-name=\"email\"><input size=\"40\" maxlength=\"400\" class=\"wpcf7-form-control wpcf7-text wpcf7-validates-as-required\" aria-required=\"true\" aria-invalid=\"false\" value=\"\" type=\"text\" name=\"email\" \/><\/span>\n\t\t\t<\/p>\n\t\t<\/div>\n\t<\/div>\n\t<div class=\"form-row\">\n\t\t<div class=\"column-full\">\n\t\t\t<p>Morada Completa<span class=\"wpcf7-form-control-wrap\" data-name=\"morada\"><input size=\"40\" maxlength=\"400\" class=\"wpcf7-form-control wpcf7-text wpcf7-validates-as-required\" aria-required=\"true\" aria-invalid=\"false\" value=\"\" type=\"text\" name=\"morada\" \/><\/span>\n\t\t\t<\/p>\n\t\t<\/div>\n\t<\/div>\n\t<div class=\"form-row\">\n\t\t<div class=\"column-half\">\n\t\t\t<p>C\u00f3digo Postal<span class=\"wpcf7-form-control-wrap\" data-name=\"cp\"><input size=\"40\" maxlength=\"400\" class=\"wpcf7-form-control wpcf7-text wpcf7-validates-as-required\" aria-required=\"true\" aria-invalid=\"false\" value=\"\" type=\"text\" name=\"cp\" \/><\/span>\n\t\t\t<\/p>\n\t\t<\/div>\n\t\t<div class=\"column-half\">\n\t\t\t<p>Localidade<span class=\"wpcf7-form-control-wrap\" data-name=\"localidade\"><input size=\"40\" maxlength=\"400\" class=\"wpcf7-form-control wpcf7-text wpcf7-validates-as-required\" aria-required=\"true\" aria-invalid=\"false\" value=\"\" type=\"text\" name=\"localidade\" \/><\/span>\n\t\t\t<\/p>\n\t\t<\/div>\n\t<\/div>\n\t<div class=\"form-row\">\n\t\t<div class=\"column-full\">\n\t\t\t<p>\u25bc Selecione o tipo de servi\u00e7o pretendido:<br \/>\n<span class=\"wpcf7-form-control-wrap\" data-name=\"tipo_planta\"><select class=\"wpcf7-form-control wpcf7-select wpcf7-validates-as-required\" aria-required=\"true\" aria-invalid=\"false\" name=\"tipo_planta\"><option value=\"\">Selecione uma op\u00e7\u00e3o \u25bc<\/option><option value=\"Planta de cadastro da rede de abastecimento de \u00e1gua e drenagem de \u00e1guas residuais com indica\u00e7\u00e3o de valor de press\u00e3o na rede\">Planta de cadastro da rede de abastecimento de \u00e1gua e drenagem de \u00e1guas residuais com indica\u00e7\u00e3o de valor de press\u00e3o na rede<\/option><option value=\"Planta de cadastro da rede de abastecimento de \u00e1gua e drenagem de \u00e1guas residuais sem indica\u00e7\u00e3o de valor press\u00e3o na rede\">Planta de cadastro da rede de abastecimento de \u00e1gua e drenagem de \u00e1guas residuais sem indica\u00e7\u00e3o de valor press\u00e3o na rede<\/option><option value=\"Valor de press\u00e3o da rede de abastecimento de \u00e1gua\">Valor de press\u00e3o da rede de abastecimento de \u00e1gua<\/option><\/select><\/span>\n\t\t\t<\/p>\n\t\t<\/div>\n\t<\/div>\n\t<div class=\"form-row\">\n\t\t<div class=\"column-full\" style=\"text-align: center; background-color: #C3D8ED\">\n\t\t\t<p>Dados para fatura\u00e7\u00e3o, caso sejam diferentes do Requerente:\n\t\t\t<\/p>\n\t\t<\/div>\n\t<\/div>\n\t<div class=\"form-row\">\n\t\t<div class=\"column-half\">\n\t\t\t<p>Nome <span class=\"wpcf7-form-control-wrap\" data-name=\"nomefat\"><input size=\"40\" maxlength=\"400\" class=\"wpcf7-form-control wpcf7-text wpcf7-validates-as-required\" aria-required=\"true\" aria-invalid=\"false\" value=\"\" type=\"text\" name=\"nomefat\" \/><\/span>\n\t\t\t<\/p>\n\t\t<\/div>\n\t\t<div class=\"column-half\">\n\t\t\t<p>N\u00famero de Identifica\u00e7\u00e3o Fiscal <span class=\"wpcf7-form-control-wrap\" data-name=\"niffat\"><input size=\"40\" maxlength=\"400\" class=\"wpcf7-form-control wpcf7-text wpcf7-validates-as-required\" aria-required=\"true\" aria-invalid=\"false\" value=\"\" type=\"text\" name=\"niffat\" \/><\/span>\n\t\t\t<\/p>\n\t\t<\/div>\n\t<\/div>\n\t<div class=\"form-row\">\n\t\t<div class=\"column-full\">\n\t\t\t<p>Morada<span class=\"wpcf7-form-control-wrap\" data-name=\"moradafat\"><input size=\"40\" maxlength=\"400\" class=\"wpcf7-form-control wpcf7-text wpcf7-validates-as-required\" aria-required=\"true\" aria-invalid=\"false\" value=\"\" type=\"text\" name=\"moradafat\" \/><\/span>\n\t\t\t<\/p>\n\t\t<\/div>\n\t<\/div>\n\t<div class=\"form-row\">\n\t\t<div class=\"column-half\">\n\t\t\t<p>N\u00ba e Andar<span class=\"wpcf7-form-control-wrap\" data-name=\"numerofat\"><input size=\"40\" maxlength=\"400\" class=\"wpcf7-form-control wpcf7-text wpcf7-validates-as-required\" aria-required=\"true\" aria-invalid=\"false\" value=\"\" type=\"text\" name=\"numerofat\" \/><\/span>\n\t\t\t<\/p>\n\t\t<\/div>\n\t\t<div class=\"column-half\">\n\t\t\t<p>C\u00f3digo Postal<span class=\"wpcf7-form-control-wrap\" data-name=\"cpfat\"><input size=\"40\" maxlength=\"400\" class=\"wpcf7-form-control wpcf7-text wpcf7-validates-as-required\" aria-required=\"true\" aria-invalid=\"false\" value=\"\" type=\"text\" name=\"cpfat\" \/><\/span>\n\t\t\t<\/p>\n\t\t<\/div>\n\t<\/div>\n\t<div class=\"form-row\">\n\t\t<div class=\"column-full\">\n\t\t\t<p>Localidade<span class=\"wpcf7-form-control-wrap\" data-name=\"localidadefat\"><input size=\"40\" maxlength=\"400\" class=\"wpcf7-form-control wpcf7-text wpcf7-validates-as-required\" aria-required=\"true\" aria-invalid=\"false\" value=\"\" type=\"text\" name=\"localidadefat\" \/><\/span>\n\t\t\t<\/p>\n\t\t<\/div>\n\t<\/div>\n\t<div class=\"form-row\">\n\t\t<div class=\"column-full\" style=\"text-align: center; background-color: #C3D8ED\">\n\t\t\t<p>Identifica\u00e7\u00e3o do Local (da pretens\u00e3o)\n\t\t\t<\/p>\n\t\t<\/div>\n\t<\/div>\n\t<div class=\"form-row\">\n\t\t<div class=\"column-full\">\n\t\t\t<p>Morada<span class=\"wpcf7-form-control-wrap\" data-name=\"moradalocal\"><input size=\"40\" maxlength=\"400\" class=\"wpcf7-form-control wpcf7-text wpcf7-validates-as-required\" aria-required=\"true\" aria-invalid=\"false\" value=\"\" type=\"text\" name=\"moradalocal\" \/><\/span>\n\t\t\t<\/p>\n\t\t<\/div>\n\t<\/div>\n\t<div class=\"form-row\">\n\t\t<div class=\"column-half\">\n\t\t\t<p>Lote<span class=\"wpcf7-form-control-wrap\" data-name=\"lote\"><input size=\"40\" maxlength=\"400\" class=\"wpcf7-form-control wpcf7-text wpcf7-validates-as-required\" aria-required=\"true\" aria-invalid=\"false\" value=\"\" type=\"text\" name=\"lote\" \/><\/span>\n\t\t\t<\/p>\n\t\t<\/div>\n\t\t<div class=\"column-half\">\n\t\t\t<p>localidade<span class=\"wpcf7-form-control-wrap\" data-name=\"localidadelocal\"><input size=\"40\" maxlength=\"400\" class=\"wpcf7-form-control wpcf7-text wpcf7-validates-as-required\" aria-required=\"true\" aria-invalid=\"false\" value=\"\" type=\"text\" name=\"localidadelocal\" \/><\/span>\n\t\t\t<\/p>\n\t\t<\/div>\n\t<\/div>\n\t<div class=\"form-row\">\n\t\t<div class=\"column-half\">\n\t\t\t<p>Freguesia<span class=\"wpcf7-form-control-wrap\" data-name=\"Freguesialocal\"><input size=\"40\" maxlength=\"400\" class=\"wpcf7-form-control wpcf7-text wpcf7-validates-as-required\" aria-required=\"true\" aria-invalid=\"false\" value=\"\" type=\"text\" name=\"Freguesialocal\" \/><\/span>\n\t\t\t<\/p>\n\t\t<\/div>\n\t\t<div class=\"column-half\">\n\t\t\t<p>cp<span class=\"wpcf7-form-control-wrap\" data-name=\"cplocal\"><input size=\"40\" maxlength=\"400\" class=\"wpcf7-form-control wpcf7-text wpcf7-validates-as-required\" aria-required=\"true\" aria-invalid=\"false\" value=\"\" type=\"text\" name=\"cplocal\" \/><\/span>\n\t\t\t<\/p>\n\t\t<\/div>\n\t<\/div>\n\t<div class=\"form-row\">\n\t\t<div class=\"column-full\">\n\t\t\t<p>Observa\u00e7\u00f5es<span class=\"wpcf7-form-control-wrap\" data-name=\"observacoes\"><input size=\"40\" maxlength=\"400\" class=\"wpcf7-form-control wpcf7-text wpcf7-validates-as-required\" aria-required=\"true\" aria-invalid=\"false\" value=\"\" type=\"text\" name=\"observacoes\" \/><\/span>\n\t\t\t<\/p>\n\t\t<\/div>\n\t<\/div>\n\t<div class=\"form-row\">\n\t\t<div class=\"column-full\">\n\t\t\t<p>Planta de localiza\u00e7\u00e3o do lote, emitida pela C\u00e2mara Municipal de Loures (atrav\u00e9s do Mapa Interativo) ou C\u00e2mara Municipal de Odivelas (atrav\u00e9s do Mapa interativo) devendo representar a delimita\u00e7\u00e3o da propriedade atrav\u00e9s de um pol\u00edgono na planta de localiza\u00e7\u00e3o <span class=\"wpcf7-form-control-wrap\" data-name=\"planta_localizacao\"><input size=\"40\" class=\"wpcf7-form-control wpcf7-file\" accept=\".pdf,.docx,.jpeg,.jpg\" aria-invalid=\"false\" type=\"file\" name=\"planta_localizacao\" \/><\/span>\n\t\t\t<\/p>\n\t\t<\/div>\n\t<\/div>\n<\/div>\n<div style=\"text-align: left; font-size:12px;\">\n\t<p><label><strong>Nota:<\/strong> A fatura e as plantas com Informa\u00e7\u00e3o Cadastral ser\u00e3o enviadas para o email do requerente.<\/label>\n\t<\/p>\n\t<p><label> <span class=\"wpcf7-form-control-wrap\" data-name=\"acceptance-489\"><span class=\"wpcf7-form-control wpcf7-acceptance\"><span class=\"wpcf7-list-item\"><input type=\"checkbox\" name=\"acceptance-489\" value=\"1\" aria-invalid=\"false\" \/><\/span><\/span><\/span> Tomei conhecimento da informa\u00e7\u00e3o sobre a prote\u00e7\u00e3o de dados pessoais<\/label>\n\t<\/p>\n<\/div>\n<p><label style=\"text-align: center\"><strong>Pol\u00edtica de Privacidade<\/strong><\/label>\n<\/p>\n<div id=\"scroll\" style=\"overflow-y:scroll; height: 180px; text-align: justify; font-size:12px;\">\n\t<p>Os Servi\u00e7os Intermunicipalizados de \u00c1gua e Res\u00edduos dos Munic\u00edpios de Loures e Odivelas (adiante designado por SIMAR) s\u00e3o um servi\u00e7o p\u00fablico n\u00e3o personalizado, de interesse local, dotado de autonomia t\u00e9cnica, administrativa e financeira e geridos sob a forma empresarial, no quadro da organiza\u00e7\u00e3o intermunicipal, inscrevendo-se na administra\u00e7\u00e3o direta dos respetivos munic\u00edpios.\n\t<\/p>\n\t<p>Os munic\u00edpios, como qualquer entidade p\u00fablica ou privada que proceda ao tratamento de dados pessoais, encontram-se abrangidos pelo Regulamento Geral sobre a Prote\u00e7\u00e3o de Dados.\n\t<\/p>\n\t<p>A Pol\u00edtica de Privacidade dos SIMAR rege-se pelos princ\u00edpios de prote\u00e7\u00e3o de dados enunciados no Regulamento Geral sobre a Prote\u00e7\u00e3o de Dados (doravante RGPD ou Regulamento ou regulamento, 2016\/679 do Parlamento Europeu e do Conselho de 27 de abril de 2016, relativo \u00e0 prote\u00e7\u00e3o das pessoas singulares no que diz respeito ao tratamento de dados pessoais e \u00e0 livre circula\u00e7\u00e3o desses dados.\n\t<\/p>\n\t<p>Consideram-se \u201cdados pessoais\u201d nos termos legais, todos e quaisquer dados relativos a pessoas singulares identificadas ou identific\u00e1veis.\n\t<\/p>\n\t<p>Os SIMAR poder\u00e3o alterar esta pol\u00edtica sempre que tal se justifique, e de modo a garantir o alinhamento com as leis, regulamentos e boas pr\u00e1ticas de neg\u00f3cio aplic\u00e1veis. Em caso de altera\u00e7\u00e3o da pol\u00edtica, os titulares de dados ser\u00e3o informados.\n\t<\/p>\n\t<p><strong>1. \u00c2mbito:<\/strong> Esta pol\u00edtica aplica-se a todo e qualquer tratamento de dados pessoais pelos SIMAR.\n\t<\/p>\n\t<p><strong>2. Respons\u00e1vel pelo tratamento de dados:<\/strong> A entidade respons\u00e1vel pelo tratamento dos dados pessoais s\u00e3o os SIMAR que assegura que o tratamento dos seus Dados Pessoais \u00e9 efetuado no \u00e2mbito da finalidade para os quais os mesmos foram recolhidos ou para finalidades compat\u00edveis com o prop\u00f3sito inicial para que foram recolhidos;\n\t<\/p>\n\t<p>Os titulares dos dados poder\u00e3o apresentar quest\u00f5es relativas aos mesmos, por escrito, para a morada R.Ilha da Madeira, n\u00ba2, 2674-504 Loures ou atrav\u00e9s do endere\u00e7o eletr\u00f3nico epd@simar-louresodivelas.pt\n\t<\/p>\n\t<p><strong>3. Recolha e Tratamento de dados Pessoais: <\/strong>Os dados pessoais recolhidos no \u00e2mbito do presente contrato destinam-se \u00e0 gest\u00e3o da rela\u00e7\u00e3o contratual, a a\u00e7\u00f5es de informa\u00e7\u00e3o e \u00e0 presta\u00e7\u00e3o dos servi\u00e7os contratados, sendo o seu tratamento realizado de acordo com o RGPD.\n\t<\/p>\n\t<p>Caso n\u00e3o se enquadre no par\u00e1grafo anterior, o tratamento dos dados pessoais s\u00f3 poder\u00e1 ser realizado ap\u00f3s a obten\u00e7\u00e3o do consentimento expl\u00edcito do titular dos dados para a finalidade expressamente comunicada ao mesmo.\n\t<\/p>\n\t<p>A tipologia de dados pessoais tratados pelos SIMAR inclui: dados de identifica\u00e7\u00e3o pessoal, dados financeiros\/pagamento, contactos e dados sens\u00edveis. A recolha destes dados \u00e9 realizada presencialmente, via email, por telefone e\/ou via website. Os dados pessoais fornecidos destinam-se ao uso exclusivo dos Servi\u00e7os Intermunicipalizados de \u00c1guas e Res\u00edduos de Loures e Odivelas ou de empresas subcontratadas no estrito \u00e2mbito da execu\u00e7\u00e3o de contratos, assegurando-se a confidencialidade dos dados. Os dados poder\u00e3o ser fornecidos a autoridades judiciais ou administrativas, nos casos previstos na lei.\n\t<\/p>\n\t<p><strong>4. Encarregado da Prote\u00e7\u00e3o de Dados: <\/strong> Nos termos da al\u00ednea a) do n.\u00ba 1 do artigo 37.\u00ba do Regulamento Geral sobre a Prote\u00e7\u00e3o de Dados Pessoais, foi designado um Encarregado da Prote\u00e7\u00e3o de Dados, podendo os titulares desses dados apresentar as quest\u00f5es relativas aos mesmos, por escrito, para os seguintes contactos: epd@simar-louresodivelas.pt.\n\t<\/p>\n\t<p><strong>5. Princ\u00edpios observados no tratamento dos Dados Pessoais: <\/strong> No tratamento de dados a que os SIMAR procedem, observam os princ\u00edpios da licitude, lealdade e transpar\u00eancia, limita\u00e7\u00e3o das finalidades, minimiza\u00e7\u00e3o dos dados, exatid\u00e3o, limita\u00e7\u00e3o da conserva\u00e7\u00e3o; integridade, confidencialidade e responsabilidade\n\t<\/p>\n\t<p><strong>6. Seguran\u00e7a de Dados Pessoais: <\/strong> Os SIMAR assumem o compromisso de garantir a prote\u00e7\u00e3o e seguran\u00e7a dos dados pessoais atrav\u00e9s da utiliza\u00e7\u00e3o de um conjunto de tecnologias e procedimentos de seguran\u00e7a adequados para proteger os seus Dados Pessoais do acesso, uso ou divulga\u00e7\u00e3o n\u00e3o autorizados, como cifragem dos dados, controlo de acessos e monitoriza\u00e7\u00e3o das bases de dados e sistemas de informa\u00e7\u00e3o, que garante uma completa auditoria e responsabiliza\u00e7\u00e3o dos acessos.\n\t<\/p>\n\t<p><strong>7.Direitos do titular dos Dados : <\/strong> Os SIMAR garantem aos titulares dos dados os direitos ao acesso, a retifica\u00e7\u00e3o, a limita\u00e7\u00e3o de tratamento e ainda o apagamento dos Dados Pessoais.\n\t<\/p>\n\t<p><strong>8. Subcontratantes: <\/strong> Os SIMAR recorrem a entidades subcontratadas para a presta\u00e7\u00e3o de servi\u00e7os que podem envolver o tratamento de dados pessoais. Os SIMAR tomam as medidas exig\u00edveis de modo a assegurar que as entidades subcontratantes cumpram as disposi\u00e7\u00f5es do RPGD.\n\t<\/p>\n\t<p><strong>9. Confidencialidade: <\/strong> Os SIMAR comprometem-se a assegurar a confidencialidade dos dados pessoais. O princ\u00edpio do m\u00ednimo acesso \u00e9 aplicado, garantindo que os colaboradores dos SIMAR s\u00f3 t\u00eam acesso aos dados necess\u00e1rios para o correto desempenho das suas fun\u00e7\u00f5es.\n\t<\/p>\n\t<p>A obriga\u00e7\u00e3o de confidencialidade dos trabalhadores dos SIMAR face aos dados recolhidos pela organiza\u00e7\u00e3o resulta da celebra\u00e7\u00e3o do contrato de trabalho e mant\u00e9m-se ap\u00f3s cessadas as suas fun\u00e7\u00f5es. Qualquer recolha, tratamento ou uso n\u00e3o autorizado de dados \u00e9 estritamente proibido e alvo de processo disciplinar\n\t<\/p>\n\t<p><strong>10. Prazo de conserva\u00e7\u00e3o dos dados: <\/strong> Os SIMAR v\u00e3o tratar e manter os dados pessoais pelo per\u00edodo durante o qual se mantiver a rela\u00e7\u00e3o contratual, tratando e armazenando os seus dados pessoais na medida do necess\u00e1rio para o cumprimento das aplic\u00e1veis previs\u00f5es contratuais e legais. Os Dados Pessoais poder\u00e3o ser mantidos pelos SIMAR de acordo com as exig\u00eancias legais inerentes \u00e0s finalidades do tratamento para que foram recolhidos.\n\t<\/p>\n<\/div>\n<div id=\"responsive-form\" class=\"clearfix\">\n\t<div class=\"form-row\">\n\t\t<div class=\"column-full\">\n\t\t\t<p><input class=\"wpcf7-form-control wpcf7-submit has-spinner\" type=\"submit\" value=\"Enviar\" \/>\n\t\t\t<\/p>\n\t\t<\/div>\n\t<\/div>\n<\/div><div class=\"wpcf7-response-output\" aria-hidden=\"true\"><\/div>\n<\/form>\n<\/div>\n            <\/div>\n\n\n        \t\t\t\t<\/div>\n\t\t\t\t<\/div>\n\t\t\t\t\t<\/div>\n\t\t<\/div>\n\t\t\t\t\t<\/div>\n\t\t<\/section>\n\t\t\t\t<\/div>\n\t\t","protected":false},"excerpt":{"rendered":"<p>O primeiro passo a dar, independentemente do tipo de projeto, \u00e9 pedir aos SIMAR uma planta com informa\u00e7\u00e3o sobre as infraestruturas existentes no local da obra. Para isso, preencha o seguinte formul\u00e1rio on-line: Pedido de Informa\u00e7\u00e3o Cadastral das Redes de Abastecimento de \u00c1gua e Drenagem de \u00c1guas Residuais dos SIMAR Loures e Odivelas\u00a0 \u00a0 Nome [&hellip;]<\/p>\n","protected":false},"author":1,"featured_media":0,"parent":0,"menu_order":0,"comment_status":"closed","ping_status":"closed","template":"","meta":{"_monsterinsights_skip_tracking":false,"_monsterinsights_sitenote_active":false,"_monsterinsights_sitenote_note":"","_monsterinsights_sitenote_category":0,"_uf_show_specific_survey":0,"_uf_disable_surveys":false,"footnotes":""},"class_list":["post-40066","page","type-page","status-publish","hentry"],"aioseo_notices":[],"_links":{"self":[{"href":"https:\/\/www.simar-louresodivelas.pt\/index.php\/wp-json\/wp\/v2\/pages\/40066","targetHints":{"allow":["GET"]}}],"collection":[{"href":"https:\/\/www.simar-louresodivelas.pt\/index.php\/wp-json\/wp\/v2\/pages"}],"about":[{"href":"https:\/\/www.simar-louresodivelas.pt\/index.php\/wp-json\/wp\/v2\/types\/page"}],"author":[{"embeddable":true,"href":"https:\/\/www.simar-louresodivelas.pt\/index.php\/wp-json\/wp\/v2\/users\/1"}],"replies":[{"embeddable":true,"href":"https:\/\/www.simar-louresodivelas.pt\/index.php\/wp-json\/wp\/v2\/comments?post=40066"}],"version-history":[{"count":4,"href":"https:\/\/www.simar-louresodivelas.pt\/index.php\/wp-json\/wp\/v2\/pages\/40066\/revisions"}],"predecessor-version":[{"id":40071,"href":"https:\/\/www.simar-louresodivelas.pt\/index.php\/wp-json\/wp\/v2\/pages\/40066\/revisions\/40071"}],"wp:attachment":[{"href":"https:\/\/www.simar-louresodivelas.pt\/index.php\/wp-json\/wp\/v2\/media?parent=40066"}],"curies":[{"name":"wp","href":"https:\/\/api.w.org\/{rel}","templated":true}]}}