{"id":3861,"date":"2023-07-10T14:41:50","date_gmt":"2023-07-10T14:41:50","guid":{"rendered":"http:\/\/websimar01\/simar\/?page_id=3861"},"modified":"2023-10-01T23:04:14","modified_gmt":"2023-10-01T23:04:14","slug":"historia-do-laboratorio","status":"publish","type":"page","link":"https:\/\/www.simar-louresodivelas.pt\/index.php\/historia-do-laboratorio","title":{"rendered":"Hist\u00f3ria do Laborat\u00f3rio"},"content":{"rendered":"\t\t<div data-elementor-type=\"wp-page\" data-elementor-id=\"3861\" class=\"elementor elementor-3861\">\n\t\t\t\t\t\t<section class=\"elementor-section elementor-top-section elementor-element elementor-element-adc7804 elementor-section-full_width elementor-section-stretched elementor-section-height-default elementor-section-height-default\" data-id=\"adc7804\" data-element_type=\"section\" data-settings=\"{&quot;stretch_section&quot;:&quot;section-stretched&quot;,&quot;background_background&quot;:&quot;classic&quot;}\">\n\t\t\t\t\t\t<div class=\"elementor-container elementor-column-gap-default\">\n\t\t\t\t\t<div class=\"aux-parallax-section elementor-column elementor-col-100 elementor-top-column elementor-element elementor-element-442b8e9\" data-id=\"442b8e9\" data-element_type=\"column\">\n\t\t\t<div class=\"elementor-widget-wrap elementor-element-populated\">\n\t\t\t\t\t\t<div class=\"elementor-element elementor-element-219b459 elementor-widget elementor-widget-image\" data-id=\"219b459\" data-element_type=\"widget\" data-widget_type=\"image.default\">\n\t\t\t\t<div class=\"elementor-widget-container\">\n\t\t\t\t\t\t\t\t\t\t\t\t\t\t\t<img decoding=\"async\" src=\"https:\/\/www.simar-louresodivelas.pt\/wp-content\/uploads\/2023\/09\/historia-do-laboratorio.jpg\" title=\"hist\u00f3ria do laborat\u00f3rio\" alt=\"hist\u00f3ria do laborat\u00f3rio\" loading=\"lazy\" \/>\t\t\t\t\t\t\t\t\t\t\t\t\t\t\t<\/div>\n\t\t\t\t<\/div>\n\t\t\t\t\t<\/div>\n\t\t<\/div>\n\t\t\t\t\t<\/div>\n\t\t<\/section>\n\t\t\t\t<section class=\"elementor-section elementor-top-section elementor-element elementor-element-9132ed4 elementor-section-boxed elementor-section-height-default elementor-section-height-default\" data-id=\"9132ed4\" data-element_type=\"section\">\n\t\t\t\t\t\t<div class=\"elementor-container elementor-column-gap-default\">\n\t\t\t\t\t<div class=\"aux-parallax-section elementor-column elementor-col-100 elementor-top-column elementor-element elementor-element-87c93f2\" data-id=\"87c93f2\" data-element_type=\"column\">\n\t\t\t<div class=\"elementor-widget-wrap elementor-element-populated\">\n\t\t\t\t\t\t<div class=\"elementor-element elementor-element-523e0c8 elementor-widget-divider--view-line_icon elementor-view-default elementor-widget-divider--element-align-center elementor-widget elementor-widget-divider\" data-id=\"523e0c8\" data-element_type=\"widget\" data-widget_type=\"divider.default\">\n\t\t\t\t<div class=\"elementor-widget-container\">\n\t\t\t\t\t\t\t<div class=\"elementor-divider\">\n\t\t\t<span class=\"elementor-divider-separator\">\n\t\t\t\t\t\t\t<div class=\"elementor-icon elementor-divider__element\">\n\t\t\t\t\t<i aria-hidden=\"true\" class=\"fas fa-flask\"><\/i><\/div>\n\t\t\t\t\t\t<\/span>\n\t\t<\/div>\n\t\t\t\t\t\t<\/div>\n\t\t\t\t<\/div>\n\t\t\t\t\t<\/div>\n\t\t<\/div>\n\t\t\t\t\t<\/div>\n\t\t<\/section>\n\t\t\t\t<section class=\"elementor-section elementor-top-section elementor-element elementor-element-8b015a0 elementor-section-boxed elementor-section-height-default elementor-section-height-default\" data-id=\"8b015a0\" data-element_type=\"section\">\n\t\t\t\t\t\t<div class=\"elementor-container elementor-column-gap-default\">\n\t\t\t\t\t<div class=\"aux-parallax-section elementor-column elementor-col-100 elementor-top-column elementor-element elementor-element-f244d52\" data-id=\"f244d52\" data-element_type=\"column\" data-settings=\"{&quot;background_background&quot;:&quot;classic&quot;}\">\n\t\t\t<div class=\"elementor-widget-wrap elementor-element-populated\">\n\t\t\t\t\t\t<div class=\"elementor-element elementor-element-a4f80bb elementor-widget elementor-widget-text-editor\" data-id=\"a4f80bb\" data-element_type=\"widget\" data-widget_type=\"text-editor.default\">\n\t\t\t\t<div class=\"elementor-widget-container\">\n\t\t\t\t\t\t\t\t\t<p>O <strong>Laborat\u00f3rio de \u00c1guas<\/strong> (LA) foi criado em 1974 (com o nome de Laborat\u00f3rio de \u00c1guas Pot\u00e1veis) como resposta \u00e0 crescente necessidade de avaliar e promover o controlo da qualidade da \u00e1gua distribu\u00edda no concelho de Loures.<\/p><p>A vantagem da exist\u00eancia de um laborat\u00f3rio pr\u00f3prio era e, continua a ser, a rapidez da resposta entre a realiza\u00e7\u00e3o de an\u00e1lises de controlo da qualidade da \u00e1gua de consumo humano distribu\u00edda pelos SIMAR, a identifica\u00e7\u00e3o (ou suspeita) de um problema, possibilitando o desenvolvimento por parte dos SIMAR de a\u00e7\u00f5es indispens\u00e1veis para assegurar uma boa qualidade da \u00e1gua de abastecimento adequada a consumo humano.<\/p><p>Os pressupostos que levaram \u00e0 cria\u00e7\u00e3o do LA (necessidade de avaliar e promover o controlo da qualidade da \u00e1gua distribu\u00edda, ainda antes da exist\u00eancia dessa obrigatoriedade legal), mantiveram-se at\u00e9 aos nossos dias, sendo os mesmos refor\u00e7ados pela atual legisla\u00e7\u00e3o.<\/p><p>Reconhecendo as capacidades t\u00e9cnicas do LA foi alargada a presta\u00e7\u00e3o da realiza\u00e7\u00e3o de servi\u00e7os anal\u00edticos a clientes.<\/p><p>Em 2002, o LA alargou o seu \u00e2mbito de atividade \u00e0 realiza\u00e7\u00e3o de an\u00e1lises a \u00e1guas residuais dom\u00e9sticas e industriais, segundo os requisitos da legisla\u00e7\u00e3o vigente e os requisitos estabelecidos para descargas de \u00e1guas residuais industriais na rede de coletores municipais.<\/p><p>Da mesma forma, o LA disponibilizou este novo servi\u00e7o a clientes.<\/p><p>Assim, a principal atividade do LA \u00e9 a realiza\u00e7\u00e3o de an\u00e1lises para consumo humano, em cumprimento da legisla\u00e7\u00e3o em vigor, no entanto tamb\u00e9m realiza an\u00e1lises de \u00e1guas de piscinas; \u00e1guas superficiais ou subterr\u00e2neas e \u00e1guas residuais (dom\u00e9sticas e industriais).<\/p><p>Face a esta nova realidade, a designa\u00e7\u00e3o do laborat\u00f3rio foi alterada de Laborat\u00f3rio de \u00c1guas Pot\u00e1veis para o Laborat\u00f3rio de \u00c1guas.<\/p>\t\t\t\t\t\t\t\t<\/div>\n\t\t\t\t<\/div>\n\t\t\t\t\t<\/div>\n\t\t<\/div>\n\t\t\t\t\t<\/div>\n\t\t<\/section>\n\t\t\t\t<section class=\"elementor-section elementor-top-section elementor-element elementor-element-5097eb3 elementor-section-boxed elementor-section-height-default elementor-section-height-default\" data-id=\"5097eb3\" data-element_type=\"section\">\n\t\t\t\t\t\t<div class=\"elementor-container elementor-column-gap-default\">\n\t\t\t\t\t<div class=\"aux-parallax-section elementor-column elementor-col-100 elementor-top-column elementor-element elementor-element-9233153\" data-id=\"9233153\" data-element_type=\"column\">\n\t\t\t<div class=\"elementor-widget-wrap elementor-element-populated\">\n\t\t\t\t\t\t<div class=\"elementor-element elementor-element-fab9786 elementor-widget elementor-widget-image\" data-id=\"fab9786\" data-element_type=\"widget\" data-widget_type=\"image.default\">\n\t\t\t\t<div class=\"elementor-widget-container\">\n\t\t\t\t\t\t\t\t\t\t\t\t\t\t\t<img fetchpriority=\"high\" decoding=\"async\" width=\"1008\" height=\"716\" src=\"https:\/\/www.simar-louresodivelas.pt\/wp-content\/uploads\/2023\/07\/Imagem-Historia-Laboratorio.jpg\" class=\"attachment-full size-full wp-image-4140\" alt=\"\" \/>\t\t\t\t\t\t\t\t\t\t\t\t\t\t\t<\/div>\n\t\t\t\t<\/div>\n\t\t\t\t\t<\/div>\n\t\t<\/div>\n\t\t\t\t\t<\/div>\n\t\t<\/section>\n\t\t\t\t<\/div>\n\t\t","protected":false},"excerpt":{"rendered":"<p>O Laborat\u00f3rio de \u00c1guas (LA) foi criado em 1974 (com o nome de Laborat\u00f3rio de \u00c1guas Pot\u00e1veis) como resposta \u00e0 crescente necessidade de avaliar e promover o controlo da qualidade da \u00e1gua distribu\u00edda no concelho de Loures. A vantagem da exist\u00eancia de um laborat\u00f3rio pr\u00f3prio era e, continua a ser, a rapidez da resposta entre [&hellip;]<\/p>\n","protected":false},"author":1,"featured_media":0,"parent":0,"menu_order":0,"comment_status":"closed","ping_status":"closed","template":"","meta":{"_monsterinsights_skip_tracking":false,"_monsterinsights_sitenote_active":false,"_monsterinsights_sitenote_note":"","_monsterinsights_sitenote_category":0,"_uf_show_specific_survey":0,"_uf_disable_surveys":false,"footnotes":""},"class_list":["post-3861","page","type-page","status-publish","hentry"],"aioseo_notices":[],"_links":{"self":[{"href":"https:\/\/www.simar-louresodivelas.pt\/index.php\/wp-json\/wp\/v2\/pages\/3861","targetHints":{"allow":["GET"]}}],"collection":[{"href":"https:\/\/www.simar-louresodivelas.pt\/index.php\/wp-json\/wp\/v2\/pages"}],"about":[{"href":"https:\/\/www.simar-louresodivelas.pt\/index.php\/wp-json\/wp\/v2\/types\/page"}],"author":[{"embeddable":true,"href":"https:\/\/www.simar-louresodivelas.pt\/index.php\/wp-json\/wp\/v2\/users\/1"}],"replies":[{"embeddable":true,"href":"https:\/\/www.simar-louresodivelas.pt\/index.php\/wp-json\/wp\/v2\/comments?post=3861"}],"version-history":[{"count":56,"href":"https:\/\/www.simar-louresodivelas.pt\/index.php\/wp-json\/wp\/v2\/pages\/3861\/revisions"}],"predecessor-version":[{"id":8982,"href":"https:\/\/www.simar-louresodivelas.pt\/index.php\/wp-json\/wp\/v2\/pages\/3861\/revisions\/8982"}],"wp:attachment":[{"href":"https:\/\/www.simar-louresodivelas.pt\/index.php\/wp-json\/wp\/v2\/media?parent=3861"}],"curies":[{"name":"wp","href":"https:\/\/api.w.org\/{rel}","templated":true}]}}