{"id":320,"date":"2023-05-10T14:54:33","date_gmt":"2023-05-10T14:54:33","guid":{"rendered":"http:\/\/websimar01\/simar\/?page_id=320"},"modified":"2023-06-26T16:45:34","modified_gmt":"2023-06-26T16:45:34","slug":"locais-e-horarios-de-atendimento-2","status":"publish","type":"page","link":"https:\/\/www.simar-louresodivelas.pt\/index.php\/locais-e-horarios-de-atendimento-2","title":{"rendered":"Locais e hor\u00e1rios de atendimento"},"content":{"rendered":"\t\t<div data-elementor-type=\"wp-page\" data-elementor-id=\"320\" class=\"elementor elementor-320\">\n\t\t\t\t\t\t<section class=\"elementor-section elementor-top-section elementor-element elementor-element-c09049b elementor-section-full_width elementor-section-stretched elementor-section-height-default elementor-section-height-default\" data-id=\"c09049b\" data-element_type=\"section\" data-settings=\"{&quot;stretch_section&quot;:&quot;section-stretched&quot;,&quot;background_background&quot;:&quot;classic&quot;}\">\n\t\t\t\t\t\t<div class=\"elementor-container elementor-column-gap-default\">\n\t\t\t\t\t<div class=\"aux-parallax-section elementor-column elementor-col-100 elementor-top-column elementor-element elementor-element-edfbc25\" data-id=\"edfbc25\" data-element_type=\"column\">\n\t\t\t<div class=\"elementor-widget-wrap elementor-element-populated\">\n\t\t\t\t\t\t<div class=\"elementor-element elementor-element-ad6ac46 elementor-widget elementor-widget-heading\" data-id=\"ad6ac46\" data-element_type=\"widget\" data-widget_type=\"heading.default\">\n\t\t\t\t<div class=\"elementor-widget-container\">\n\t\t\t\t\t<h2 class=\"elementor-heading-title elementor-size-default\">LOCAIS E HOR\u00c1RIOS DE ATENDIMENTO<\/h2>\t\t\t\t<\/div>\n\t\t\t\t<\/div>\n\t\t\t\t\t<\/div>\n\t\t<\/div>\n\t\t\t\t\t<\/div>\n\t\t<\/section>\n\t\t\t\t<section class=\"elementor-section elementor-top-section elementor-element elementor-element-23cbf0f1 elementor-section-boxed elementor-section-height-default elementor-section-height-default\" data-id=\"23cbf0f1\" data-element_type=\"section\">\n\t\t\t\t\t\t<div class=\"elementor-container elementor-column-gap-default\">\n\t\t\t\t\t<div class=\"aux-parallax-section elementor-column elementor-col-100 elementor-top-column elementor-element elementor-element-42b62b7e\" data-id=\"42b62b7e\" data-element_type=\"column\">\n\t\t\t<div class=\"elementor-widget-wrap elementor-element-populated\">\n\t\t\t\t\t\t<div class=\"elementor-element elementor-element-7aa8bd07 elementor-widget elementor-widget-text-editor\" data-id=\"7aa8bd07\" data-element_type=\"widget\" data-widget_type=\"text-editor.default\">\n\t\t\t\t<div class=\"elementor-widget-container\">\n\t\t\t\t\t\t\t\t\t\n<p>Os SIMAR disp\u00f5em de v\u00e1rias instala\u00e7\u00f5es, dispersas pelos Concelhos de Loures e Odivelas, onde prestam atendimento ao cliente.<\/p>\n\n\n\n<p>&nbsp;<strong>EM LOURES<\/strong><strong><\/strong><\/p>\n\n\n\n<p><strong>Edif\u00edcio Sede &#8211; <\/strong>Rua Ilha da Madeira, N\u00ba 2 &#8211; 2674-504 Loures<\/p>\n\n\n\n<p><strong>Balc\u00e3o de Atendimento Comercial <\/strong><strong><\/strong><\/p>\n\n\n\n<p>Segunda a Sexta-feira das 9:00 \u00e0s 16:00 (Sem interrup\u00e7\u00e3o para almo\u00e7o)<\/p>\n\n\n\n<p>Tel: 219 848 500<\/p>\n\n\n\n<p>e-mail: <a href=\"mailto:geral@simar-louresodivelas.pt\">geral@simar-louresodivelas.pt<\/a><\/p>\n\n\n\n<p><strong>EM MOSCAVIDE<\/strong><\/p>\n\n\n\n<p>&nbsp;Avenida de Moscavide n\u00ba65 (Antigas Instala\u00e7\u00f5es da PSP) &#8211; 1885-066 Moscavide<\/p>\n\n\n\n<p>&nbsp;<strong>Balc\u00e3o de Atendimento Comercial<\/strong><\/p>\n\n\n\n<p>Segunda a Sexta das 9:00 \u00e0s 16:00 (Sem interrup\u00e7\u00e3o para almo\u00e7o)<\/p>\n\n\n\n<p><strong>EM ODIVELAS<\/strong><\/p>\n\n\n\n<p>Loja do Cidad\u00e3o de Odivelas<\/p>\n\n\n\n<p>Strada Outlet, loja 2048<\/p>\n\n\n\n<p>Estrada da Pai\u00e3, Casal do Troca &#8211; 2675-626 Odivelas<\/p>\n\n\n\n<p><strong>Balc\u00e3o de Atendimento Comercial <\/strong><strong><\/strong><\/p>\n\n\n\n<p>Segunda a Sexta das 8:30 \u00e0s 19:30<\/p>\n\n\n\n<p>S\u00e1bado das 9:30 \u00e0s 15:00<\/p>\n\t\t\t\t\t\t\t\t<\/div>\n\t\t\t\t<\/div>\n\t\t\t\t\t<\/div>\n\t\t<\/div>\n\t\t\t\t\t<\/div>\n\t\t<\/section>\n\t\t\t\t<\/div>\n\t\t","protected":false},"excerpt":{"rendered":"<p>LOCAIS E HOR\u00c1RIOS DE ATENDIMENTO Os SIMAR disp\u00f5em de v\u00e1rias instala\u00e7\u00f5es, dispersas pelos Concelhos de Loures e Odivelas, onde prestam atendimento ao cliente. &nbsp;EM LOURES Edif\u00edcio Sede &#8211; Rua Ilha da Madeira, N\u00ba 2 &#8211; 2674-504 Loures Balc\u00e3o de Atendimento Comercial Segunda a Sexta-feira das 9:00 \u00e0s 16:00 (Sem interrup\u00e7\u00e3o para almo\u00e7o) Tel: 219 848 [&hellip;]<\/p>\n","protected":false},"author":1,"featured_media":0,"parent":0,"menu_order":0,"comment_status":"closed","ping_status":"closed","template":"","meta":{"_monsterinsights_skip_tracking":false,"_monsterinsights_sitenote_active":false,"_monsterinsights_sitenote_note":"","_monsterinsights_sitenote_category":0,"_uf_show_specific_survey":0,"_uf_disable_surveys":false,"footnotes":""},"class_list":["post-320","page","type-page","status-publish","hentry"],"aioseo_notices":[],"_links":{"self":[{"href":"https:\/\/www.simar-louresodivelas.pt\/index.php\/wp-json\/wp\/v2\/pages\/320","targetHints":{"allow":["GET"]}}],"collection":[{"href":"https:\/\/www.simar-louresodivelas.pt\/index.php\/wp-json\/wp\/v2\/pages"}],"about":[{"href":"https:\/\/www.simar-louresodivelas.pt\/index.php\/wp-json\/wp\/v2\/types\/page"}],"author":[{"embeddable":true,"href":"https:\/\/www.simar-louresodivelas.pt\/index.php\/wp-json\/wp\/v2\/users\/1"}],"replies":[{"embeddable":true,"href":"https:\/\/www.simar-louresodivelas.pt\/index.php\/wp-json\/wp\/v2\/comments?post=320"}],"version-history":[{"count":8,"href":"https:\/\/www.simar-louresodivelas.pt\/index.php\/wp-json\/wp\/v2\/pages\/320\/revisions"}],"predecessor-version":[{"id":3368,"href":"https:\/\/www.simar-louresodivelas.pt\/index.php\/wp-json\/wp\/v2\/pages\/320\/revisions\/3368"}],"wp:attachment":[{"href":"https:\/\/www.simar-louresodivelas.pt\/index.php\/wp-json\/wp\/v2\/media?parent=320"}],"curies":[{"name":"wp","href":"https:\/\/api.w.org\/{rel}","templated":true}]}}