{"id":314,"date":"2023-05-10T14:51:30","date_gmt":"2023-05-10T14:51:30","guid":{"rendered":"http:\/\/websimar01\/simar\/?page_id=314"},"modified":"2025-01-06T14:01:11","modified_gmt":"2025-01-06T14:01:11","slug":"fatura-bimestral","status":"publish","type":"page","link":"https:\/\/www.simar-louresodivelas.pt\/index.php\/fatura-bimestral","title":{"rendered":"Fatura Bimestral"},"content":{"rendered":"\t\t<div data-elementor-type=\"wp-page\" data-elementor-id=\"314\" class=\"elementor elementor-314\">\n\t\t\t\t\t\t<section class=\"elementor-section elementor-top-section elementor-element elementor-element-9dece1e elementor-section-full_width elementor-section-stretched elementor-section-height-default elementor-section-height-default\" data-id=\"9dece1e\" data-element_type=\"section\" data-settings=\"{&quot;stretch_section&quot;:&quot;section-stretched&quot;,&quot;background_background&quot;:&quot;classic&quot;}\">\n\t\t\t\t\t\t<div class=\"elementor-container elementor-column-gap-default\">\n\t\t\t\t\t<div class=\"aux-parallax-section elementor-column elementor-col-100 elementor-top-column elementor-element elementor-element-b664497\" data-id=\"b664497\" data-element_type=\"column\">\n\t\t\t<div class=\"elementor-widget-wrap elementor-element-populated\">\n\t\t\t\t\t\t<div class=\"elementor-element elementor-element-b699893 elementor-widget elementor-widget-image\" data-id=\"b699893\" data-element_type=\"widget\" data-widget_type=\"image.default\">\n\t\t\t\t<div class=\"elementor-widget-container\">\n\t\t\t\t\t\t\t\t\t\t\t\t\t\t\t<img decoding=\"async\" src=\"https:\/\/www.simar-louresodivelas.pt\/wp-content\/uploads\/2023\/09\/FATURA-BIMESTRAL.jpg\" title=\"FATURA BIMESTRAL\" alt=\"FATURA BIMESTRAL\" loading=\"lazy\" \/>\t\t\t\t\t\t\t\t\t\t\t\t\t\t\t<\/div>\n\t\t\t\t<\/div>\n\t\t\t\t\t<\/div>\n\t\t<\/div>\n\t\t\t\t\t<\/div>\n\t\t<\/section>\n\t\t\t\t<section class=\"elementor-section elementor-top-section elementor-element elementor-element-9a1012b elementor-section-boxed elementor-section-height-default elementor-section-height-default\" data-id=\"9a1012b\" data-element_type=\"section\">\n\t\t\t\t\t\t<div class=\"elementor-container elementor-column-gap-default\">\n\t\t\t\t\t<div class=\"aux-parallax-section elementor-column elementor-col-100 elementor-top-column elementor-element elementor-element-5e2e81c\" data-id=\"5e2e81c\" data-element_type=\"column\" data-settings=\"{&quot;background_background&quot;:&quot;classic&quot;}\">\n\t\t\t<div class=\"elementor-widget-wrap elementor-element-populated\">\n\t\t\t\t\t\t<div class=\"elementor-element elementor-element-b214cce elementor-widget elementor-widget-text-editor\" data-id=\"b214cce\" data-element_type=\"widget\" data-widget_type=\"text-editor.default\">\n\t\t\t\t<div class=\"elementor-widget-container\">\n\t\t\t\t\t\t\t\t\t<p>Ao aderir, est\u00e1 a contribuir para reduzir a pegada ambiental e a reduzir para metade o papel utilizado na emiss\u00e3o das suas faturas.<\/p>\n<p><!-- \/wp:paragraph --><!-- wp:paragraph --><\/p>\n<p style=\"padding-left: 40px;\"><strong>COMO PODE REQUERER:\u00a0<\/strong><\/p>\n<p style=\"padding-left: 40px;\">&#8211; por e-mail para: <span style=\"color: #316cb5;\"><strong><a style=\"color: #316cb5;\" href=\"mailto:geral@simar-louresodivelas.pt\"><span style=\"text-decoration: underline;\">geral@simar-louresodivelas.pt<\/span><\/a><\/strong><\/span> a solicitar a ades\u00e3o.<\/p>\n<p style=\"padding-left: 40px;\">&#8211; presencialmente: dirigindo-se a um dos<strong><span style=\"color: #316cb5;\"> <a style=\"color: #316cb5;\" href=\"\/index.php\/locais-e-horarios-de-atendimento\/\" data-wplink-url-error=\"true\"><span style=\"text-decoration: underline;\"><span style=\"color: #316cb5; text-decoration: underline;\">Locais de Atendimento<\/span><\/span><\/a><\/span><\/strong> dos SIMAR.<\/p>\n<p style=\"padding-left: 40px;\">&#8211; atrav\u00e9s do <span style=\"color: #316cb5;\"><a style=\"color: #316cb5;\" href=\"https:\/\/www.aquamatrix.pt\/SIMARnet\/Account\/Login?ReturnUrl=%2fSIMARnet\" target=\"_blank\" rel=\"noopener\"><strong><span style=\"text-decoration: underline;\">Balc\u00e3o Digital<\/span><\/strong><\/a><\/span><\/p>\n<p><strong><!-- \/wp:paragraph --><!-- wp:paragraph --><\/strong><\/p>\n<p><!-- \/wp:paragraph --><!-- wp:paragraph --><\/p>\n<p><!-- \/wp:paragraph --><!-- wp:paragraph --><\/p>\n<p><!-- \/wp:paragraph --><!-- wp:paragraph --><\/p>\n<p><!-- \/wp:paragraph --><!-- wp:paragraph --><\/p>\t\t\t\t\t\t\t\t<\/div>\n\t\t\t\t<\/div>\n\t\t\t\t\t<\/div>\n\t\t<\/div>\n\t\t\t\t\t<\/div>\n\t\t<\/section>\n\t\t\t\t<\/div>\n\t\t","protected":false},"excerpt":{"rendered":"<p>Ao aderir, est\u00e1 a contribuir para reduzir a pegada ambiental e a reduzir para metade o papel utilizado na emiss\u00e3o das suas faturas. COMO PODE REQUERER:\u00a0 &#8211; por e-mail para: geral@simar-louresodivelas.pt a solicitar a ades\u00e3o. &#8211; presencialmente: dirigindo-se a um dos Locais de Atendimento dos SIMAR. &#8211; atrav\u00e9s do Balc\u00e3o Digital<\/p>\n","protected":false},"author":1,"featured_media":0,"parent":0,"menu_order":0,"comment_status":"closed","ping_status":"closed","template":"","meta":{"_monsterinsights_skip_tracking":false,"_monsterinsights_sitenote_active":false,"_monsterinsights_sitenote_note":"","_monsterinsights_sitenote_category":0,"_uf_show_specific_survey":0,"_uf_disable_surveys":false,"footnotes":""},"class_list":["post-314","page","type-page","status-publish","hentry"],"aioseo_notices":[],"_links":{"self":[{"href":"https:\/\/www.simar-louresodivelas.pt\/index.php\/wp-json\/wp\/v2\/pages\/314","targetHints":{"allow":["GET"]}}],"collection":[{"href":"https:\/\/www.simar-louresodivelas.pt\/index.php\/wp-json\/wp\/v2\/pages"}],"about":[{"href":"https:\/\/www.simar-louresodivelas.pt\/index.php\/wp-json\/wp\/v2\/types\/page"}],"author":[{"embeddable":true,"href":"https:\/\/www.simar-louresodivelas.pt\/index.php\/wp-json\/wp\/v2\/users\/1"}],"replies":[{"embeddable":true,"href":"https:\/\/www.simar-louresodivelas.pt\/index.php\/wp-json\/wp\/v2\/comments?post=314"}],"version-history":[{"count":32,"href":"https:\/\/www.simar-louresodivelas.pt\/index.php\/wp-json\/wp\/v2\/pages\/314\/revisions"}],"predecessor-version":[{"id":25726,"href":"https:\/\/www.simar-louresodivelas.pt\/index.php\/wp-json\/wp\/v2\/pages\/314\/revisions\/25726"}],"wp:attachment":[{"href":"https:\/\/www.simar-louresodivelas.pt\/index.php\/wp-json\/wp\/v2\/media?parent=314"}],"curies":[{"name":"wp","href":"https:\/\/api.w.org\/{rel}","templated":true}]}}