{"id":31169,"date":"2025-06-23T10:25:30","date_gmt":"2025-06-23T10:25:30","guid":{"rendered":"https:\/\/www.simar-louresodivelas.pt\/?page_id=31169"},"modified":"2026-03-02T16:43:43","modified_gmt":"2026-03-02T16:43:43","slug":"capsulas-de-cafe","status":"publish","type":"page","link":"https:\/\/www.simar-louresodivelas.pt\/index.php\/capsulas-de-cafe","title":{"rendered":"C\u00e1psulas de Caf\u00e9"},"content":{"rendered":"\t\t<div data-elementor-type=\"wp-page\" data-elementor-id=\"31169\" class=\"elementor elementor-31169\">\n\t\t\t\t\t\t<section class=\"elementor-section elementor-top-section elementor-element elementor-element-a3c615d elementor-section-full_width elementor-section-stretched elementor-section-height-default elementor-section-height-default\" data-id=\"a3c615d\" data-element_type=\"section\" data-settings=\"{&quot;stretch_section&quot;:&quot;section-stretched&quot;,&quot;background_background&quot;:&quot;classic&quot;}\">\n\t\t\t\t\t\t<div class=\"elementor-container elementor-column-gap-default\">\n\t\t\t\t\t<div class=\"aux-parallax-section elementor-column elementor-col-100 elementor-top-column elementor-element elementor-element-feb0209\" data-id=\"feb0209\" data-element_type=\"column\">\n\t\t\t<div class=\"elementor-widget-wrap elementor-element-populated\">\n\t\t\t\t\t\t<div class=\"elementor-element elementor-element-7b6b724 elementor-widget elementor-widget-image\" data-id=\"7b6b724\" data-element_type=\"widget\" data-widget_type=\"image.default\">\n\t\t\t\t<div class=\"elementor-widget-container\">\n\t\t\t\t\t\t\t\t\t\t\t\t\t\t\t<img decoding=\"async\" src=\"https:\/\/www.simar-louresodivelas.pt\/wp-content\/uploads\/2025\/06\/CAPSULAS-DE-CAFE-002.jpg\" title=\"C\u00c1PSULAS-DE-CAF\u00c9 (002)\" alt=\"C\u00c1PSULAS-DE-CAF\u00c9 (002)\" loading=\"lazy\" \/>\t\t\t\t\t\t\t\t\t\t\t\t\t\t\t<\/div>\n\t\t\t\t<\/div>\n\t\t\t\t\t<\/div>\n\t\t<\/div>\n\t\t\t\t\t<\/div>\n\t\t<\/section>\n\t\t\t\t<section class=\"elementor-section elementor-top-section elementor-element elementor-element-5a0ec4d elementor-section-boxed elementor-section-height-default elementor-section-height-default\" data-id=\"5a0ec4d\" data-element_type=\"section\">\n\t\t\t\t\t\t<div class=\"elementor-container elementor-column-gap-default\">\n\t\t\t\t\t<div class=\"aux-parallax-section elementor-column elementor-col-100 elementor-top-column elementor-element elementor-element-256a232\" data-id=\"256a232\" data-element_type=\"column\">\n\t\t\t<div class=\"elementor-widget-wrap elementor-element-populated\">\n\t\t\t\t\t\t<div class=\"elementor-element elementor-element-2e2406a elementor-widget-divider--view-line_icon elementor-view-default elementor-widget-divider--element-align-center elementor-widget elementor-widget-divider\" data-id=\"2e2406a\" data-element_type=\"widget\" data-widget_type=\"divider.default\">\n\t\t\t\t<div class=\"elementor-widget-container\">\n\t\t\t\t\t\t\t<div class=\"elementor-divider\">\n\t\t\t<span class=\"elementor-divider-separator\">\n\t\t\t\t\t\t\t<div class=\"elementor-icon elementor-divider__element\">\n\t\t\t\t\t<i aria-hidden=\"true\" class=\"auxicon auxicon-cofee-cup-2\"><\/i><\/div>\n\t\t\t\t\t\t<\/span>\n\t\t<\/div>\n\t\t\t\t\t\t<\/div>\n\t\t\t\t<\/div>\n\t\t\t\t\t<\/div>\n\t\t<\/div>\n\t\t\t\t\t<\/div>\n\t\t<\/section>\n\t\t\t\t<section class=\"elementor-section elementor-top-section elementor-element elementor-element-d409563 elementor-section-boxed elementor-section-height-default elementor-section-height-default\" data-id=\"d409563\" data-element_type=\"section\">\n\t\t\t\t\t\t<div class=\"elementor-container elementor-column-gap-default\">\n\t\t\t\t\t<div class=\"aux-parallax-section elementor-column elementor-col-100 elementor-top-column elementor-element elementor-element-98a4b3f\" data-id=\"98a4b3f\" data-element_type=\"column\">\n\t\t\t<div class=\"elementor-widget-wrap elementor-element-populated\">\n\t\t\t\t\t\t<div class=\"elementor-element elementor-element-237e9fc elementor-widget elementor-widget-text-editor\" data-id=\"237e9fc\" data-element_type=\"widget\" data-widget_type=\"text-editor.default\">\n\t\t\t\t<div class=\"elementor-widget-container\">\n\t\t\t\t\t\t\t\t\t<p>No mundo s\u00e3o produzidas por minuto cerca de 39 mil c\u00e1psulas de caf\u00e9. Na grande maioria, depois de usadas, as c\u00e1psulas v\u00e3o para os res\u00edduos indiferenciados.<\/p><p>Sabias que uma c\u00e1psula leva mais de 300 anos a decompor-se, com todas as consequ\u00eancias ambientais que da\u00ed adv\u00eam?<\/p><p><strong>Agora, em Loures e Odivelas j\u00e1 podes reciclar as tuas c\u00e1psulas de caf\u00e9!<\/strong><\/p><p>Numa parceria estabelecida entre os SIMAR de Loures e Odivelas e a <a href=\"https:\/\/recaps.pt\/\">RECAPS, Lda.<\/a> <strong>qualquer pessoa pode depositar as suas c\u00e1psulas usadas<\/strong>, <strong>independentemente das marcas <\/strong>ou dos materiais de que sejam feitas (pl\u00e1stico ou alum\u00ednio) para que sejam totalmente recicladas.<\/p><p>Numa 1\u00aa fase, este projeto est\u00e1 implementado nas freguesias de Loures e Odivelas. Contudo, em data a anunciar, ser\u00e1 alargado a todas as freguesias dos dois concelhos.<\/p>\t\t\t\t\t\t\t\t<\/div>\n\t\t\t\t<\/div>\n\t\t\t\t\t<\/div>\n\t\t<\/div>\n\t\t\t\t\t<\/div>\n\t\t<\/section>\n\t\t\t\t<section class=\"elementor-section elementor-top-section elementor-element elementor-element-cef1853 elementor-section-boxed elementor-section-height-default elementor-section-height-default\" data-id=\"cef1853\" data-element_type=\"section\">\n\t\t\t\t\t\t<div class=\"elementor-container elementor-column-gap-default\">\n\t\t\t\t\t<div class=\"aux-parallax-section elementor-column elementor-col-100 elementor-top-column elementor-element elementor-element-1469305\" data-id=\"1469305\" data-element_type=\"column\">\n\t\t\t<div class=\"elementor-widget-wrap elementor-element-populated\">\n\t\t\t\t\t\t<div class=\"elementor-element elementor-element-81708cb elementor-widget__width-initial elementor-widget elementor-widget-accordion\" data-id=\"81708cb\" data-element_type=\"widget\" data-widget_type=\"accordion.default\">\n\t\t\t\t<div class=\"elementor-widget-container\">\n\t\t\t\t\t\t\t<div class=\"elementor-accordion\">\n\t\t\t\t\t\t\t<div class=\"elementor-accordion-item\">\n\t\t\t\t\t<div id=\"elementor-tab-title-1351\" class=\"elementor-tab-title\" data-tab=\"1\" role=\"button\" aria-controls=\"elementor-tab-content-1351\" aria-expanded=\"false\">\n\t\t\t\t\t\t\t\t\t\t\t\t\t<span class=\"elementor-accordion-icon elementor-accordion-icon-right\" aria-hidden=\"true\">\n\t\t\t\t\t\t\t\t\t\t\t\t\t\t\t<span class=\"elementor-accordion-icon-closed\"><i class=\"fas fa-angle-down\"><\/i><\/span>\n\t\t\t\t\t\t\t\t<span class=\"elementor-accordion-icon-opened\"><i class=\"fas fa-angle-up\"><\/i><\/span>\n\t\t\t\t\t\t\t\t\t\t\t\t\t\t<\/span>\n\t\t\t\t\t\t\t\t\t\t\t\t<a class=\"elementor-accordion-title\" tabindex=\"0\">CONSULTE AQUI OS PONTOS DE RECOLHA<\/a>\n\t\t\t\t\t<\/div>\n\t\t\t\t\t<div id=\"elementor-tab-content-1351\" class=\"elementor-tab-content elementor-clearfix\" data-tab=\"1\" role=\"region\" aria-labelledby=\"elementor-tab-title-1351\"><p><strong>\u00a0<\/strong><\/p><p><strong>Freguesia de Loures:<\/strong><\/p><ul><li>Associa\u00e7\u00e3o Paulo J. Bento \u2013 Rua da Rep\u00fablica, n\u00ba 11, Loures<\/li><li>Atendimento dos SIMAR de Loures e Odivelas \u2013 Rua Ilha da Madeira n\u00ba 2, Loures<\/li><li>Biblioteca Jos\u00e9 Saramago \u2013 Rua de 4 outubro, n\u00ba 19, Loures<\/li><li>Junta de Freguesia de Loures &#8211; R. Manuel Francisco Soromenho 50, Loures<\/li><li>Museu Municipal de Loures &#8211; Quinta do Conventinho, Loures<\/li><li>Pal\u00e1cio Marqueses da Praia \u2013 Parque da Cidade, Loures<\/li><li>Pavilh\u00e3o Desportivo Jo\u00e3o Villaret \u2013 Avenida das Descobertas, Infantado<\/li><li>Pavilh\u00e3o Ant\u00f3nio Feliciano Bastos &#8211; Rua 25 de Abril, Loures<\/li><li>Pavilh\u00e3o Paz e Amizade \u2013 Rua da Rep\u00fablica, Loures<\/li><li>Piscinas Municipais de Loures \u2013 Rua Jacinto Duarte, Loures<\/li><li>Pavilh\u00e3o Paz e Amizade \u2013 Rua da Rep\u00fablica, Loures<\/li><\/ul><p><strong style=\"font-size: 16.0016px;\">Freguesia de Odivelas:<\/strong><\/p><ul><li>Casa da Juventude &#8211; Largo da Mem\u00f3ria 1<\/li><li>Centro Exposi\u00e7\u00f5es &#8211; Rua Fern\u00e3o Lopes 11, Odivelas<\/li><li>Edif\u00edcio da Sede da Junta de Freguesia de Odivelas &#8211; Alameda Poder Local 4, Odivelas<\/li><li>Escola Fixa de Tr\u00e2nsito (Codivel) &#8211; Rua Bernardim Ribeiro cruzamento Rua Ricardo Reis, Odivelas<\/li><li>Mercado de Odivelas &#8211; Rua Gil Eanes, Odivelas<\/li><li>Parque 3 de Abril &#8211; Alameda Infante Dom Henrique \u2013 2, Odivelas<\/li><li><span style=\"font-size: 16.0016px;\">Pavilh\u00e3o Multiusos de Odivelas &#8211; Alameda do Porto Pinheiro<\/span><\/li><li>Pavilh\u00e3o Polivalente \u2013 Rua Aquilino Ribeiro, Odivelas<\/li><li>Piscinas de Odivelas &#8211; Avenida Professor Doutor Augusto Abreu Lopes, Odivelas\u00a0<\/li><li>Sal\u00e3o Azul\/Sala da Fiscaliza\u00e7\u00e3o \u2013 Parque Urbano do Silvado, Odivelas<\/li><\/ul><\/div>\n\t\t\t\t<\/div>\n\t\t\t\t\t\t\t<div class=\"elementor-accordion-item\">\n\t\t\t\t\t<div id=\"elementor-tab-title-1352\" class=\"elementor-tab-title\" data-tab=\"2\" role=\"button\" aria-controls=\"elementor-tab-content-1352\" aria-expanded=\"false\">\n\t\t\t\t\t\t\t\t\t\t\t\t\t<span class=\"elementor-accordion-icon elementor-accordion-icon-right\" aria-hidden=\"true\">\n\t\t\t\t\t\t\t\t\t\t\t\t\t\t\t<span class=\"elementor-accordion-icon-closed\"><i class=\"fas fa-angle-down\"><\/i><\/span>\n\t\t\t\t\t\t\t\t<span class=\"elementor-accordion-icon-opened\"><i class=\"fas fa-angle-up\"><\/i><\/span>\n\t\t\t\t\t\t\t\t\t\t\t\t\t\t<\/span>\n\t\t\t\t\t\t\t\t\t\t\t\t<a class=\"elementor-accordion-title\" tabindex=\"0\">ESCOLAS ADERENTES COM PONTO DE RECOLHA<\/a>\n\t\t\t\t\t<\/div>\n\t\t\t\t\t<div id=\"elementor-tab-content-1352\" class=\"elementor-tab-content elementor-clearfix\" data-tab=\"2\" role=\"region\" aria-labelledby=\"elementor-tab-title-1352\"><p><strong>Escolas Loures:<\/strong><\/p><ul><li>IPTrans \u2013 Rua Carolina Michaelis de Vasconcelos, Loures<\/li><li>Escola Dr. Ant\u00f3nio Carvalho Figueiredo \u2013 Rua 25 de abril, Loures<\/li><li>Escola Lu\u00eds de Sttau Monteiro \u2013 Rua Guilherme Henrique Soromenho, Loures<\/li><li>Escola Fanqueiro \u2013 Rua Anselmo Braamcamp Freire, Fanqueiro<\/li><li>Escola do Tojalinho \u2013 Rua Jos\u00e9 Valadares, Tojalinho<\/li><li>Escola EB1 de Loures \u2013 Rua Maria Lamas, Urbaniza\u00e7\u00e3o das Urmeiras<\/li><li>Escola da Fonte Santa \u2013 Rua Nossa Senhora da Assun\u00e7\u00e3o, Fonte Santa<\/li><li>Escola Jo\u00e3o Villaret &#8211; Avenida Descobertas, Infantado<\/li><li>Escola B\u00e1sica da Murteira &#8211; Rua Jos\u00e9 Lopes Casquilho, Murteira<\/li><li>Escola B\u00e1sica A-dos-C\u00e3os &#8211; Rua Isaura Cunha Sousa, \u00c0-dos-C\u00e3os<\/li><li>Escola B\u00e1sica n\u00ba 2 de Loures &#8211; Rua Michel Giacometti, Mealhada<\/li><li><p>Escola B\u00e1sica de Montemor &#8211; Rua Escola Prim\u00e1ria, Montemor<\/p><\/li><\/ul><p><strong>Escolas Odivelas:<\/strong><\/p><ul><li>Ant\u00f3nio Gede\u00e3o \u2013 Rua Fernando Namora<\/li><li>Escola B\u00e1sica D. Dinis &#8211; Rua do Lobito, Pombais<\/li><li>Escola B\u00e1sica Maria Lamas &#8211; Rua Dr. Manuel Sim\u00f5es Gomes Coelho<\/li><li>\u00a0Escola B\u00e1sica Rainha Santa &#8211; Rua Antero de Quental, Patameiras<\/li><li>Escola B\u00e1sica do Mosteiro &#8211; Avenida Reinaldo dos Santos, Colinas do Cruzeiro<\/li><li>Escola B\u00e1sica Moinhos da Arroja &#8211; Rua Fernando Lopes Gra\u00e7a, Arroja<\/li><li>Escola B\u00e1sica Manuel Coco &#8211; Praceta Irene Lisboa, Arroja<\/li><li>Escola B\u00e1sica Porto Pinheiro &#8211; Rua Fernando Lopes Gra\u00e7a, Arroja<\/li><li>JI Dr. Jo\u00e3o dos Santos &#8211; Rua Dr. Jo\u00e3o dos Santos, Arroja<\/li><li>Escola B\u00e1sica Avelar Brotero &#8211; Rua Guilherme Gomes Fernandes, Odivelas<\/li><li>Escola Secund\u00e1ria Adelaide Cabete \u2013 Rua Professora Eduarda Barros, Odivelas<\/li><\/ul><\/div>\n\t\t\t\t<\/div>\n\t\t\t\t\t\t\t\t<\/div>\n\t\t\t\t\t\t<\/div>\n\t\t\t\t<\/div>\n\t\t\t\t\t<\/div>\n\t\t<\/div>\n\t\t\t\t\t<\/div>\n\t\t<\/section>\n\t\t\t\t<section class=\"elementor-section elementor-top-section elementor-element elementor-element-d048b71 elementor-section-boxed elementor-section-height-default elementor-section-height-default\" data-id=\"d048b71\" data-element_type=\"section\">\n\t\t\t\t\t\t<div class=\"elementor-container elementor-column-gap-default\">\n\t\t\t\t\t<div class=\"aux-parallax-section elementor-column elementor-col-100 elementor-top-column elementor-element elementor-element-263c72e\" data-id=\"263c72e\" data-element_type=\"column\">\n\t\t\t<div class=\"elementor-widget-wrap elementor-element-populated\">\n\t\t\t\t\t\t<div class=\"elementor-element elementor-element-a964216 elementor-widget elementor-widget-text-editor\" data-id=\"a964216\" data-element_type=\"widget\" data-widget_type=\"text-editor.default\">\n\t\t\t\t<div class=\"elementor-widget-container\">\n\t\t\t\t\t\t\t\t\t<p><strong>O que acontece \u00e0s minhas c\u00e1psulas de caf\u00e9?<\/strong><\/p><p><img fetchpriority=\"high\" decoding=\"async\" class=\"alignleft size-full wp-image-31230\" src=\"https:\/\/www.simar-louresodivelas.pt\/wp-content\/uploads\/2025\/06\/ciclo_transformacao.jpg\" alt=\"\" width=\"1629\" height=\"1079\" srcset=\"https:\/\/www.simar-louresodivelas.pt\/wp-content\/uploads\/2025\/06\/ciclo_transformacao.jpg 1629w, https:\/\/www.simar-louresodivelas.pt\/wp-content\/uploads\/2025\/06\/ciclo_transformacao-1536x1017.jpg 1536w\" sizes=\"(max-width: 1629px) 100vw, 1629px\" \/><\/p><p><img decoding=\"async\" class=\"alignleft size-full wp-image-31176\" src=\"https:\/\/www.simar-louresodivelas.pt\/wp-content\/uploads\/2025\/06\/marcacapsulas.jpg\" alt=\"\" width=\"1402\" height=\"231\" \/><\/p>\t\t\t\t\t\t\t\t<\/div>\n\t\t\t\t<\/div>\n\t\t\t\t\t<\/div>\n\t\t<\/div>\n\t\t\t\t\t<\/div>\n\t\t<\/section>\n\t\t\t\t<section class=\"elementor-section elementor-top-section elementor-element elementor-element-cdc0d56 elementor-section-boxed elementor-section-height-default elementor-section-height-default\" data-id=\"cdc0d56\" data-element_type=\"section\">\n\t\t\t\t\t\t<div class=\"elementor-container elementor-column-gap-default\">\n\t\t\t\t\t<div class=\"aux-parallax-section elementor-column elementor-col-100 elementor-top-column elementor-element elementor-element-59d9add\" data-id=\"59d9add\" data-element_type=\"column\">\n\t\t\t<div class=\"elementor-widget-wrap elementor-element-populated\">\n\t\t\t\t\t\t<div class=\"elementor-element elementor-element-85f4ca2 elementor-widget elementor-widget-html\" data-id=\"85f4ca2\" data-element_type=\"widget\" data-widget_type=\"html.default\">\n\t\t\t\t<div class=\"elementor-widget-container\">\n\t\t\t\t\t<script src=\"data:text\/javascript;base64,alF1ZXJ5KGRvY3VtZW50KS5yZWFkeShmdW5jdGlvbigkKXt2YXIgZGVsYXk9MTAwO3NldFRpbWVvdXQoZnVuY3Rpb24oKXskKCcuZWxlbWVudG9yLXRhYi10aXRsZScpLnJlbW92ZUNsYXNzKCdlbGVtZW50b3ItYWN0aXZlJyk7JCgnLmVsZW1lbnRvci10YWItY29udGVudCcpLmNzcygnZGlzcGxheScsJ25vbmUnKX0sZGVsYXkpfSk=\" defer><\/script>\n\t\t\t\t<\/div>\n\t\t\t\t<\/div>\n\t\t\t\t\t<\/div>\n\t\t<\/div>\n\t\t\t\t\t<\/div>\n\t\t<\/section>\n\t\t\t\t<\/div>\n\t\t","protected":false},"excerpt":{"rendered":"<p>No mundo s\u00e3o produzidas por minuto cerca de 39 mil c\u00e1psulas de caf\u00e9. Na grande maioria, depois de usadas, as c\u00e1psulas v\u00e3o para os res\u00edduos indiferenciados. Sabias que uma c\u00e1psula leva mais de 300 anos a decompor-se, com todas as consequ\u00eancias ambientais que da\u00ed adv\u00eam? Agora, em Loures e Odivelas j\u00e1 podes reciclar as tuas [&hellip;]<\/p>\n","protected":false},"author":1,"featured_media":0,"parent":0,"menu_order":0,"comment_status":"closed","ping_status":"closed","template":"","meta":{"_monsterinsights_skip_tracking":false,"_monsterinsights_sitenote_active":false,"_monsterinsights_sitenote_note":"","_monsterinsights_sitenote_category":0,"_uf_show_specific_survey":0,"_uf_disable_surveys":false,"footnotes":""},"class_list":["post-31169","page","type-page","status-publish","hentry"],"aioseo_notices":[],"_links":{"self":[{"href":"https:\/\/www.simar-louresodivelas.pt\/index.php\/wp-json\/wp\/v2\/pages\/31169","targetHints":{"allow":["GET"]}}],"collection":[{"href":"https:\/\/www.simar-louresodivelas.pt\/index.php\/wp-json\/wp\/v2\/pages"}],"about":[{"href":"https:\/\/www.simar-louresodivelas.pt\/index.php\/wp-json\/wp\/v2\/types\/page"}],"author":[{"embeddable":true,"href":"https:\/\/www.simar-louresodivelas.pt\/index.php\/wp-json\/wp\/v2\/users\/1"}],"replies":[{"embeddable":true,"href":"https:\/\/www.simar-louresodivelas.pt\/index.php\/wp-json\/wp\/v2\/comments?post=31169"}],"version-history":[{"count":76,"href":"https:\/\/www.simar-louresodivelas.pt\/index.php\/wp-json\/wp\/v2\/pages\/31169\/revisions"}],"predecessor-version":[{"id":40262,"href":"https:\/\/www.simar-louresodivelas.pt\/index.php\/wp-json\/wp\/v2\/pages\/31169\/revisions\/40262"}],"wp:attachment":[{"href":"https:\/\/www.simar-louresodivelas.pt\/index.php\/wp-json\/wp\/v2\/media?parent=31169"}],"curies":[{"name":"wp","href":"https:\/\/api.w.org\/{rel}","templated":true}]}}