{"id":305,"date":"2023-05-10T14:50:35","date_gmt":"2023-05-10T14:50:35","guid":{"rendered":"http:\/\/websimar01\/simar\/?page_id=305"},"modified":"2025-01-06T12:25:07","modified_gmt":"2025-01-06T12:25:07","slug":"tarifario-familiar","status":"publish","type":"page","link":"https:\/\/www.simar-louresodivelas.pt\/index.php\/tarifario-familiar","title":{"rendered":"Tarif\u00e1rio Familiar"},"content":{"rendered":"\t\t<div data-elementor-type=\"wp-page\" data-elementor-id=\"305\" class=\"elementor elementor-305\">\n\t\t\t\t\t\t<section class=\"elementor-section elementor-top-section elementor-element elementor-element-dfa39b4 elementor-section-full_width elementor-section-stretched elementor-section-height-default elementor-section-height-default\" data-id=\"dfa39b4\" data-element_type=\"section\" data-settings=\"{&quot;stretch_section&quot;:&quot;section-stretched&quot;,&quot;background_background&quot;:&quot;classic&quot;}\">\n\t\t\t\t\t\t<div class=\"elementor-container elementor-column-gap-default\">\n\t\t\t\t\t<div class=\"aux-parallax-section elementor-column elementor-col-100 elementor-top-column elementor-element elementor-element-4880935\" data-id=\"4880935\" data-element_type=\"column\">\n\t\t\t<div class=\"elementor-widget-wrap elementor-element-populated\">\n\t\t\t\t\t\t<div class=\"elementor-element elementor-element-820eb22 elementor-widget elementor-widget-image\" data-id=\"820eb22\" data-element_type=\"widget\" data-widget_type=\"image.default\">\n\t\t\t\t<div class=\"elementor-widget-container\">\n\t\t\t\t\t\t\t\t\t\t\t\t\t\t\t<img decoding=\"async\" src=\"https:\/\/www.simar-louresodivelas.pt\/wp-content\/uploads\/2023\/09\/TARIFARIO-FAMILIAR.jpg\" title=\"TARIF\u00c1RIO FAMILIAR\" alt=\"TARIF\u00c1RIO FAMILIAR\" loading=\"lazy\" \/>\t\t\t\t\t\t\t\t\t\t\t\t\t\t\t<\/div>\n\t\t\t\t<\/div>\n\t\t\t\t\t<\/div>\n\t\t<\/div>\n\t\t\t\t\t<\/div>\n\t\t<\/section>\n\t\t\t\t<section class=\"elementor-section elementor-top-section elementor-element elementor-element-3108cc8 elementor-section-boxed elementor-section-height-default elementor-section-height-default\" data-id=\"3108cc8\" data-element_type=\"section\">\n\t\t\t\t\t\t<div class=\"elementor-container elementor-column-gap-default\">\n\t\t\t\t\t<div class=\"aux-parallax-section elementor-column elementor-col-100 elementor-top-column elementor-element elementor-element-9934ce6\" data-id=\"9934ce6\" data-element_type=\"column\">\n\t\t\t<div class=\"elementor-widget-wrap elementor-element-populated\">\n\t\t\t\t\t\t<div class=\"elementor-element elementor-element-70c6efb elementor-widget-divider--view-line_icon elementor-view-default elementor-widget-divider--element-align-center elementor-widget elementor-widget-divider\" data-id=\"70c6efb\" data-element_type=\"widget\" data-widget_type=\"divider.default\">\n\t\t\t\t<div class=\"elementor-widget-container\">\n\t\t\t\t\t\t\t<div class=\"elementor-divider\">\n\t\t\t<span class=\"elementor-divider-separator\">\n\t\t\t\t\t\t\t<div class=\"elementor-icon elementor-divider__element\">\n\t\t\t\t\t<i aria-hidden=\"true\" class=\"fas fa-euro-sign\"><\/i><\/div>\n\t\t\t\t\t\t<\/span>\n\t\t<\/div>\n\t\t\t\t\t\t<\/div>\n\t\t\t\t<\/div>\n\t\t\t\t\t<\/div>\n\t\t<\/div>\n\t\t\t\t\t<\/div>\n\t\t<\/section>\n\t\t\t\t<section class=\"elementor-section elementor-top-section elementor-element elementor-element-d83d8b9 elementor-section-boxed elementor-section-height-default elementor-section-height-default\" data-id=\"d83d8b9\" data-element_type=\"section\">\n\t\t\t\t\t\t<div class=\"elementor-container elementor-column-gap-default\">\n\t\t\t\t\t<div class=\"aux-parallax-section elementor-column elementor-col-100 elementor-top-column elementor-element elementor-element-e59f82c\" data-id=\"e59f82c\" data-element_type=\"column\" data-settings=\"{&quot;background_background&quot;:&quot;classic&quot;}\">\n\t\t\t<div class=\"elementor-widget-wrap elementor-element-populated\">\n\t\t\t\t\t\t<div class=\"elementor-element elementor-element-e0a161b elementor-widget elementor-widget-text-editor\" data-id=\"e0a161b\" data-element_type=\"widget\" data-widget_type=\"text-editor.default\">\n\t\t\t\t<div class=\"elementor-widget-container\">\n\t\t\t\t\t\t\t\t\t<p>Os SIMAR disponibilizam um <span style=\"color: #000000;\"><strong>tarif\u00e1rio destinado \u00e0s fam\u00edlias numerosas<\/strong><\/span>, permitindo que agregados familiares com 5 ou mais elementos tenham acesso a maior quantidade de \u00e1gua, pelo valor do 1.\u00ba escal\u00e3o de consumo.<\/p>\t\t\t\t\t\t\t\t<\/div>\n\t\t\t\t<\/div>\n\t\t\t\t\t<\/div>\n\t\t<\/div>\n\t\t\t\t\t<\/div>\n\t\t<\/section>\n\t\t\t\t<section class=\"elementor-section elementor-top-section elementor-element elementor-element-3ca82b2 elementor-section-boxed elementor-section-height-default elementor-section-height-default\" data-id=\"3ca82b2\" data-element_type=\"section\">\n\t\t\t\t\t\t<div class=\"elementor-container elementor-column-gap-default\">\n\t\t\t\t\t<div class=\"aux-parallax-section elementor-column elementor-col-100 elementor-top-column elementor-element elementor-element-dca0b06\" data-id=\"dca0b06\" data-element_type=\"column\">\n\t\t\t<div class=\"elementor-widget-wrap elementor-element-populated\">\n\t\t\t\t\t\t<div class=\"elementor-element elementor-element-8b9866d elementor-widget elementor-widget-accordion\" data-id=\"8b9866d\" data-element_type=\"widget\" data-widget_type=\"accordion.default\">\n\t\t\t\t<div class=\"elementor-widget-container\">\n\t\t\t\t\t\t\t<div class=\"elementor-accordion\">\n\t\t\t\t\t\t\t<div class=\"elementor-accordion-item\">\n\t\t\t\t\t<div id=\"elementor-tab-title-1461\" class=\"elementor-tab-title\" data-tab=\"1\" role=\"button\" aria-controls=\"elementor-tab-content-1461\" aria-expanded=\"false\">\n\t\t\t\t\t\t\t\t\t\t\t\t\t<span class=\"elementor-accordion-icon elementor-accordion-icon-right\" aria-hidden=\"true\">\n\t\t\t\t\t\t\t\t\t\t\t\t\t\t\t<span class=\"elementor-accordion-icon-closed\"><i class=\"fas fa-angle-down\"><\/i><\/span>\n\t\t\t\t\t\t\t\t<span class=\"elementor-accordion-icon-opened\"><i class=\"fas fa-angle-up\"><\/i><\/span>\n\t\t\t\t\t\t\t\t\t\t\t\t\t\t<\/span>\n\t\t\t\t\t\t\t\t\t\t\t\t<a class=\"elementor-accordion-title\" tabindex=\"0\">CONDI\u00c7\u00d5ES CUMULATIVAS PARA REQUERER<\/a>\n\t\t\t\t\t<\/div>\n\t\t\t\t\t<div id=\"elementor-tab-content-1461\" class=\"elementor-tab-content elementor-clearfix\" data-tab=\"1\" role=\"region\" aria-labelledby=\"elementor-tab-title-1461\"><ul>\n<li>Ser titular do contrato de abastecimento de consumo dom\u00e9stico;<\/li>\n<li>Ter um agregado familiar composto por cinco ou mais elementos;<\/li>\n<li>O requerente n\u00e3o ser devedor aos SIMAR;<\/li>\n<li>Fazer prova de que re\u00fane as condi\u00e7\u00f5es anteriores.<br \/><br \/><strong>Preencha o seguinte documento:<br \/><\/strong><strong><span style=\"color: #326da8;\"><span style=\"color: #000000;\">\ud83d\udd17<\/span><\/span><\/strong><span style=\"text-decoration: underline;\"><span style=\"color: #326da8;\"><strong><a style=\"color: #326da8; text-decoration: underline;\" href=\"https:\/\/www.simar-louresodivelas.pt\/wp-content\/uploads\/2024\/11\/requerimentotarifa_familiar-2_2024.pdf\" target=\"_blank\" rel=\"noopener\" data-wplink-url-error=\"true\"><span style=\"color: #316cb5; text-decoration: underline;\">Requerimento para Atribui\u00e7\u00e3o\/Renova\u00e7\u00e3o da Tarifa Familiar<\/span><\/a><br \/><br \/><\/strong><\/span><\/span><strong>Apresente:<br \/><\/strong>Comprovativo do agregado familiar emitido pela AT (confirmado); ou Comprovativo de entrega da Declara\u00e7\u00e3o de rendimentos do IRS, do \u00faltimo ano fiscal; ou Nota de Liquida\u00e7\u00e3o do IRS ou comprovativo de morada fiscal da AT.<\/li>\n<\/ul><\/div>\n\t\t\t\t<\/div>\n\t\t\t\t\t\t\t<div class=\"elementor-accordion-item\">\n\t\t\t\t\t<div id=\"elementor-tab-title-1462\" class=\"elementor-tab-title\" data-tab=\"2\" role=\"button\" aria-controls=\"elementor-tab-content-1462\" aria-expanded=\"false\">\n\t\t\t\t\t\t\t\t\t\t\t\t\t<span class=\"elementor-accordion-icon elementor-accordion-icon-right\" aria-hidden=\"true\">\n\t\t\t\t\t\t\t\t\t\t\t\t\t\t\t<span class=\"elementor-accordion-icon-closed\"><i class=\"fas fa-angle-down\"><\/i><\/span>\n\t\t\t\t\t\t\t\t<span class=\"elementor-accordion-icon-opened\"><i class=\"fas fa-angle-up\"><\/i><\/span>\n\t\t\t\t\t\t\t\t\t\t\t\t\t\t<\/span>\n\t\t\t\t\t\t\t\t\t\t\t\t<a class=\"elementor-accordion-title\" tabindex=\"0\">CONFIRMA\u00c7\u00c3O\/ALTERA\u00c7\u00c3O DA COMPOSI\u00c7\u00c3O DO AGREGADO FAMILIAR<\/a>\n\t\t\t\t\t<\/div>\n\t\t\t\t\t<div id=\"elementor-tab-content-1462\" class=\"elementor-tab-content elementor-clearfix\" data-tab=\"2\" role=\"region\" aria-labelledby=\"elementor-tab-title-1462\"><p>O cliente dever\u00e1 apresentar anualmente (de 1 a 30 de setembro) a documenta\u00e7\u00e3o exigida no ato do requerimento.<\/p><\/div>\n\t\t\t\t<\/div>\n\t\t\t\t\t\t\t<div class=\"elementor-accordion-item\">\n\t\t\t\t\t<div id=\"elementor-tab-title-1463\" class=\"elementor-tab-title\" data-tab=\"3\" role=\"button\" aria-controls=\"elementor-tab-content-1463\" aria-expanded=\"false\">\n\t\t\t\t\t\t\t\t\t\t\t\t\t<span class=\"elementor-accordion-icon elementor-accordion-icon-right\" aria-hidden=\"true\">\n\t\t\t\t\t\t\t\t\t\t\t\t\t\t\t<span class=\"elementor-accordion-icon-closed\"><i class=\"fas fa-angle-down\"><\/i><\/span>\n\t\t\t\t\t\t\t\t<span class=\"elementor-accordion-icon-opened\"><i class=\"fas fa-angle-up\"><\/i><\/span>\n\t\t\t\t\t\t\t\t\t\t\t\t\t\t<\/span>\n\t\t\t\t\t\t\t\t\t\t\t\t<a class=\"elementor-accordion-title\" tabindex=\"0\">ANULA\u00c7\u00c3O DA ATRIBUI\u00c7\u00c3O<\/a>\n\t\t\t\t\t<\/div>\n\t\t\t\t\t<div id=\"elementor-tab-content-1463\" class=\"elementor-tab-content elementor-clearfix\" data-tab=\"3\" role=\"region\" aria-labelledby=\"elementor-tab-title-1463\"><p>Os SIMAR podem anular a atribui\u00e7\u00e3o da tarifa social, n\u00e3o havendo lugar a reembolso de valores, entretanto pagos, sempre que o titular do contrato n\u00e3o fa\u00e7a prova anual para renova\u00e7\u00e3o e ou o agregado familiar deixar de ser constitu\u00eddo pelo n\u00famero m\u00ednimo exigido de elementos.<\/p><\/div>\n\t\t\t\t<\/div>\n\t\t\t\t\t\t\t<div class=\"elementor-accordion-item\">\n\t\t\t\t\t<div id=\"elementor-tab-title-1464\" class=\"elementor-tab-title\" data-tab=\"4\" role=\"button\" aria-controls=\"elementor-tab-content-1464\" aria-expanded=\"false\">\n\t\t\t\t\t\t\t\t\t\t\t\t\t<span class=\"elementor-accordion-icon elementor-accordion-icon-right\" aria-hidden=\"true\">\n\t\t\t\t\t\t\t\t\t\t\t\t\t\t\t<span class=\"elementor-accordion-icon-closed\"><i class=\"fas fa-angle-down\"><\/i><\/span>\n\t\t\t\t\t\t\t\t<span class=\"elementor-accordion-icon-opened\"><i class=\"fas fa-angle-up\"><\/i><\/span>\n\t\t\t\t\t\t\t\t\t\t\t\t\t\t<\/span>\n\t\t\t\t\t\t\t\t\t\t\t\t<a class=\"elementor-accordion-title\" tabindex=\"0\">ONDE REQUERER<\/a>\n\t\t\t\t\t<\/div>\n\t\t\t\t\t<div id=\"elementor-tab-content-1464\" class=\"elementor-tab-content elementor-clearfix\" data-tab=\"4\" role=\"region\" aria-labelledby=\"elementor-tab-title-1464\"><p><strong>Por e-mail:<br \/><\/strong>&#8211; enviando formul\u00e1rio preenchido e assinado para <span style=\"text-decoration: underline; color: #316cb5;\"><a style=\"color: #316cb5; text-decoration: underline;\" href=\"mailto:geral@simar-louresodivelas.pt\">geral@simar-louresodivelas.pt<\/a><\/span>, e juntando c\u00f3pia dos documentos indicados (sem preju\u00edzo de poder ser exigida a exibi\u00e7\u00e3o do original).\u00a0<br \/><br \/><strong>OU<\/strong><br \/><br \/><b>Presencialmente:<br \/><\/b>&#8211; dirigindo-se a um dos<strong><span style=\"color: #316cb5;\"> <a style=\"color: #316cb5;\" href=\"\/index.php\/locais-e-horarios-de-atendimento\/\" data-wplink-url-error=\"true\"><span style=\"text-decoration: underline;\">Locais de Atendimento<\/span><\/a> <\/span><\/strong>dos SIMAR.<\/p>\n<p><!-- \/wp:paragraph --><\/p>\n<p><!-- wp:paragraph --><\/p>\n<p><!-- \/wp:paragraph --><\/p>\n<p><!-- wp:paragraph --><\/p>\n<p><!-- \/wp:paragraph --><\/p>\n<p><!-- wp:paragraph --><\/p><\/div>\n\t\t\t\t<\/div>\n\t\t\t\t\t\t\t\t<\/div>\n\t\t\t\t\t\t<\/div>\n\t\t\t\t<\/div>\n\t\t\t\t\t<\/div>\n\t\t<\/div>\n\t\t\t\t\t<\/div>\n\t\t<\/section>\n\t\t\t\t<section class=\"elementor-section elementor-top-section elementor-element elementor-element-c1c0841 elementor-section-boxed elementor-section-height-default elementor-section-height-default\" data-id=\"c1c0841\" data-element_type=\"section\">\n\t\t\t\t\t\t<div class=\"elementor-container elementor-column-gap-default\">\n\t\t\t\t\t<div class=\"aux-parallax-section elementor-column elementor-col-100 elementor-top-column elementor-element elementor-element-5fdc92a\" data-id=\"5fdc92a\" data-element_type=\"column\">\n\t\t\t<div class=\"elementor-widget-wrap elementor-element-populated\">\n\t\t\t\t\t\t<div class=\"elementor-element elementor-element-e19be7f elementor-widget elementor-widget-html\" data-id=\"e19be7f\" data-element_type=\"widget\" data-widget_type=\"html.default\">\n\t\t\t\t<div class=\"elementor-widget-container\">\n\t\t\t\t\t<script src=\"data:text\/javascript;base64,alF1ZXJ5KGRvY3VtZW50KS5yZWFkeShmdW5jdGlvbigkKXt2YXIgZGVsYXk9MTAwO3NldFRpbWVvdXQoZnVuY3Rpb24oKXskKCcuZWxlbWVudG9yLXRhYi10aXRsZScpLnJlbW92ZUNsYXNzKCdlbGVtZW50b3ItYWN0aXZlJyk7JCgnLmVsZW1lbnRvci10YWItY29udGVudCcpLmNzcygnZGlzcGxheScsJ25vbmUnKX0sZGVsYXkpfSk=\" defer><\/script>\n\t\t\t\t<\/div>\n\t\t\t\t<\/div>\n\t\t\t\t\t<\/div>\n\t\t<\/div>\n\t\t\t\t\t<\/div>\n\t\t<\/section>\n\t\t\t\t<\/div>\n\t\t","protected":false},"excerpt":{"rendered":"<p>Os SIMAR disponibilizam um tarif\u00e1rio destinado \u00e0s fam\u00edlias numerosas, permitindo que agregados familiares com 5 ou mais elementos tenham acesso a maior quantidade de \u00e1gua, pelo valor do 1.\u00ba escal\u00e3o de consumo. CONDI\u00c7\u00d5ES CUMULATIVAS PARA REQUERER Ser titular do contrato de abastecimento de consumo dom\u00e9stico; Ter um agregado familiar composto por cinco ou mais elementos; [&hellip;]<\/p>\n","protected":false},"author":1,"featured_media":0,"parent":0,"menu_order":0,"comment_status":"closed","ping_status":"closed","template":"","meta":{"_monsterinsights_skip_tracking":false,"_monsterinsights_sitenote_active":false,"_monsterinsights_sitenote_note":"","_monsterinsights_sitenote_category":0,"_uf_show_specific_survey":0,"_uf_disable_surveys":false,"footnotes":""},"class_list":["post-305","page","type-page","status-publish","hentry"],"aioseo_notices":[],"_links":{"self":[{"href":"https:\/\/www.simar-louresodivelas.pt\/index.php\/wp-json\/wp\/v2\/pages\/305","targetHints":{"allow":["GET"]}}],"collection":[{"href":"https:\/\/www.simar-louresodivelas.pt\/index.php\/wp-json\/wp\/v2\/pages"}],"about":[{"href":"https:\/\/www.simar-louresodivelas.pt\/index.php\/wp-json\/wp\/v2\/types\/page"}],"author":[{"embeddable":true,"href":"https:\/\/www.simar-louresodivelas.pt\/index.php\/wp-json\/wp\/v2\/users\/1"}],"replies":[{"embeddable":true,"href":"https:\/\/www.simar-louresodivelas.pt\/index.php\/wp-json\/wp\/v2\/comments?post=305"}],"version-history":[{"count":118,"href":"https:\/\/www.simar-louresodivelas.pt\/index.php\/wp-json\/wp\/v2\/pages\/305\/revisions"}],"predecessor-version":[{"id":25715,"href":"https:\/\/www.simar-louresodivelas.pt\/index.php\/wp-json\/wp\/v2\/pages\/305\/revisions\/25715"}],"wp:attachment":[{"href":"https:\/\/www.simar-louresodivelas.pt\/index.php\/wp-json\/wp\/v2\/media?parent=305"}],"curies":[{"name":"wp","href":"https:\/\/api.w.org\/{rel}","templated":true}]}}