{"id":27348,"date":"2025-02-14T10:53:18","date_gmt":"2025-02-14T10:53:18","guid":{"rendered":"https:\/\/www.simar-louresodivelas.pt\/?page_id=27348"},"modified":"2025-02-19T16:15:10","modified_gmt":"2025-02-19T16:15:10","slug":"teste-grid","status":"publish","type":"page","link":"https:\/\/www.simar-louresodivelas.pt\/index.php\/teste-grid","title":{"rendered":"teste grid"},"content":{"rendered":"\t\t<div data-elementor-type=\"wp-page\" data-elementor-id=\"27348\" class=\"elementor elementor-27348\">\n\t\t\t\t\t\t<section class=\"elementor-section elementor-top-section elementor-element elementor-element-b1e4e58 elementor-section-boxed elementor-section-height-default elementor-section-height-default\" data-id=\"b1e4e58\" data-element_type=\"section\">\n\t\t\t\t\t\t<div class=\"elementor-container elementor-column-gap-default\">\n\t\t\t\t\t<div class=\"aux-parallax-section elementor-column elementor-col-100 elementor-top-column elementor-element elementor-element-b69600e\" data-id=\"b69600e\" data-element_type=\"column\">\n\t\t\t<div class=\"elementor-widget-wrap\">\n\t\t\t\t\t\t\t<\/div>\n\t\t<\/div>\n\t\t\t\t\t<\/div>\n\t\t<\/section>\n\t\t\t\t<section class=\"elementor-section elementor-top-section elementor-element elementor-element-a1bac8a elementor-section-boxed elementor-section-height-default elementor-section-height-default\" data-id=\"a1bac8a\" data-element_type=\"section\">\n\t\t\t\t\t\t<div class=\"elementor-container elementor-column-gap-default\">\n\t\t\t\t\t<div class=\"aux-parallax-section elementor-column elementor-col-100 elementor-top-column elementor-element elementor-element-24660de\" data-id=\"24660de\" data-element_type=\"column\">\n\t\t\t<div class=\"elementor-widget-wrap elementor-element-populated\">\n\t\t\t\t\t\t<div class=\"elementor-element elementor-element-bcf7d32 elementor-hidden-tablet elementor-hidden-mobile elementor-widget elementor-widget-htmega-postcarousel-addons\" data-id=\"bcf7d32\" data-element_type=\"widget\" data-settings=\"{&quot;carousel_post_type&quot;:&quot;post&quot;}\" data-widget_type=\"htmega-postcarousel-addons.default\">\n\t\t\t\t<div class=\"elementor-widget-container\">\n\t\t\t\t\t            <div class=\"post-carousel-wrapper htmega-postcarousel-layout-2  sidbcf7d32\">\n                <div dir=\"ltr\" class=\"htmega-carousel-activation\" data-settings=\"{&quot;sectionid&quot;:&quot;sidbcf7d32&quot;,&quot;arrows&quot;:false,&quot;arrow_prev_txt&quot;:&quot;&quot;,&quot;arrow_next_txt&quot;:&quot;&quot;,&quot;dots&quot;:false,&quot;autoplay&quot;:true,&quot;autoplay_speed&quot;:4000,&quot;animation_speed&quot;:400,&quot;slloop&quot;:true,&quot;pause_on_hover&quot;:true,&quot;center_mode&quot;:false,&quot;center_padding&quot;:0,&quot;equal_height_column&quot;:true,&quot;equal_height_column_class&quot;:&quot;.post-inner&quot;,&quot;display_columns&quot;:4,&quot;scroll_columns&quot;:1,&quot;tablet_width&quot;:400,&quot;tablet_display_columns&quot;:1,&quot;tablet_scroll_columns&quot;:1,&quot;mobile_width&quot;:480,&quot;mobile_display_columns&quot;:1,&quot;mobile_scroll_columns&quot;:1}\" style=\"display:none;\">\n\n                    \n                                                    <div class=\"htmega-single-post-slide htmega-postslider-layout-2\" >\n                                <div class=\"thumb\">\n                                    <a href=\"https:\/\/www.simar-louresodivelas.pt\/index.php\/arquivo\/40994\"><img fetchpriority=\"high\" decoding=\"async\" width=\"1080\" height=\"1080\" src=\"https:\/\/www.simar-louresodivelas.pt\/wp-content\/uploads\/2026\/03\/Banner-site-dia-arvore.png\" class=\"attachment-custom size-custom wp-post-image\" alt=\"\" srcset=\"https:\/\/www.simar-louresodivelas.pt\/wp-content\/uploads\/2026\/03\/Banner-site-dia-arvore.png 1080w, https:\/\/www.simar-louresodivelas.pt\/wp-content\/uploads\/2026\/03\/Banner-site-dia-arvore-300x300.png 300w, https:\/\/www.simar-louresodivelas.pt\/wp-content\/uploads\/2026\/03\/Banner-site-dia-arvore-1024x1024.png 1024w, https:\/\/www.simar-louresodivelas.pt\/wp-content\/uploads\/2026\/03\/Banner-site-dia-arvore-150x150.png 150w, https:\/\/www.simar-louresodivelas.pt\/wp-content\/uploads\/2026\/03\/Banner-site-dia-arvore-768x768.png 768w\" sizes=\"(max-width: 1080px) 100vw, 1080px\" \/><\/a>\n                                <\/div>\n                                            <div class=\"content htmega-solid\">\n                <div class=\"post-inner\">\n                    \n                    \n                                                <h2><a href=\"https:\/\/www.simar-louresodivelas.pt\/index.php\/arquivo\/40994\">CELEBRA\u00c7\u00c3O DO DIA DA \u00c1RVORE E DO<\/a><\/h2>\n                        \n                    \n                    <p>A celebra\u00e7\u00e3o do Dia da \u00c1rvore e do Dia da \u00c1gua contou com a participa\u00e7\u00e3o dos SIMAR de Loures Odivelas, que dinamizaram algumas atividades educativas junto dos alunos da Escola<\/p>\n                                                <ul class=\"meta\">\n                                                                    <li><i class=\"fa fa-clock-o\"><\/i>21 Mar\u00e7o 2026<\/li>\n                                                            <\/ul>\n                                \n                    \n                    \n                <\/div>\n            <\/div>\n                                    <\/div>\n\n                        \n                        \n                                                    <div class=\"htmega-single-post-slide htmega-postslider-layout-2\" >\n                                <div class=\"thumb\">\n                                    <a href=\"https:\/\/www.simar-louresodivelas.pt\/index.php\/arquivo\/40869\"><img decoding=\"async\" width=\"1080\" height=\"1080\" src=\"https:\/\/www.simar-louresodivelas.pt\/wp-content\/uploads\/2026\/03\/Imagem_site_novos_contentores.jpg\" class=\"attachment-custom size-custom wp-post-image\" alt=\"\" srcset=\"https:\/\/www.simar-louresodivelas.pt\/wp-content\/uploads\/2026\/03\/Imagem_site_novos_contentores.jpg 1080w, https:\/\/www.simar-louresodivelas.pt\/wp-content\/uploads\/2026\/03\/Imagem_site_novos_contentores-300x300.jpg 300w, https:\/\/www.simar-louresodivelas.pt\/wp-content\/uploads\/2026\/03\/Imagem_site_novos_contentores-1024x1024.jpg 1024w, https:\/\/www.simar-louresodivelas.pt\/wp-content\/uploads\/2026\/03\/Imagem_site_novos_contentores-150x150.jpg 150w, https:\/\/www.simar-louresodivelas.pt\/wp-content\/uploads\/2026\/03\/Imagem_site_novos_contentores-768x768.jpg 768w\" sizes=\"(max-width: 1080px) 100vw, 1080px\" \/><\/a>\n                                <\/div>\n                                            <div class=\"content htmega-solid\">\n                <div class=\"post-inner\">\n                    \n                    \n                                                <h2><a href=\"https:\/\/www.simar-louresodivelas.pt\/index.php\/arquivo\/40869\">2000 NOVOS CONTENTORES DE RES\u00cdDUOS URBANOS, NA<\/a><\/h2>\n                        \n                    \n                    <p>A Urbaniza\u00e7\u00e3o da Portela, em Loures, recebe a partir de 16 de mar\u00e7o, uma renova\u00e7\u00e3o profunda no seu sistema de gest\u00e3o de res\u00edduos. S\u00e3o cerca de 2000 novos equipamentos destinados<\/p>\n                                                <ul class=\"meta\">\n                                                                    <li><i class=\"fa fa-clock-o\"><\/i>16 Mar\u00e7o 2026<\/li>\n                                                            <\/ul>\n                                \n                    \n                    \n                <\/div>\n            <\/div>\n                                    <\/div>\n\n                        \n                        \n                                                    <div class=\"htmega-single-post-slide htmega-postslider-layout-2\" >\n                                <div class=\"thumb\">\n                                    <a href=\"https:\/\/www.simar-louresodivelas.pt\/index.php\/arquivo\/40668\"><img decoding=\"async\" width=\"1080\" height=\"1080\" src=\"https:\/\/www.simar-louresodivelas.pt\/wp-content\/uploads\/2026\/03\/banner_noticia.jpeg\" class=\"attachment-custom size-custom wp-post-image\" alt=\"\" srcset=\"https:\/\/www.simar-louresodivelas.pt\/wp-content\/uploads\/2026\/03\/banner_noticia.jpeg 1080w, https:\/\/www.simar-louresodivelas.pt\/wp-content\/uploads\/2026\/03\/banner_noticia-300x300.jpeg 300w, https:\/\/www.simar-louresodivelas.pt\/wp-content\/uploads\/2026\/03\/banner_noticia-1024x1024.jpeg 1024w, https:\/\/www.simar-louresodivelas.pt\/wp-content\/uploads\/2026\/03\/banner_noticia-150x150.jpeg 150w, https:\/\/www.simar-louresodivelas.pt\/wp-content\/uploads\/2026\/03\/banner_noticia-768x768.jpeg 768w\" sizes=\"(max-width: 1080px) 100vw, 1080px\" \/><\/a>\n                                <\/div>\n                                            <div class=\"content htmega-solid\">\n                <div class=\"post-inner\">\n                    \n                    \n                                                <h2><a href=\"https:\/\/www.simar-louresodivelas.pt\/index.php\/arquivo\/40668\">OS ORG\u00c2NICOS J\u00c1 CHEGARAM AO CENTRO DE<\/a><\/h2>\n                        \n                    \n                    <p>Campanha \u201cOS ORG\u00c2NICOS DEVOLVEMOS \u00c0 NATUREZA\u201d Os restos de comida (res\u00edduos org\u00e2nicos) representam quase metade dos res\u00edduos dom\u00e9sticos produzidos nas nossas casas e traduzem-se, diariamente, em cerca de 40% do<\/p>\n                                                <ul class=\"meta\">\n                                                                    <li><i class=\"fa fa-clock-o\"><\/i>11 Mar\u00e7o 2026<\/li>\n                                                            <\/ul>\n                                \n                    \n                    \n                <\/div>\n            <\/div>\n                                    <\/div>\n\n                        \n                        \n                                                    <div class=\"htmega-single-post-slide htmega-postslider-layout-2\" >\n                                <div class=\"thumb\">\n                                    <a href=\"https:\/\/www.simar-louresodivelas.pt\/index.php\/arquivo\/40572\"><img loading=\"lazy\" decoding=\"async\" width=\"1080\" height=\"1350\" src=\"https:\/\/www.simar-louresodivelas.pt\/wp-content\/uploads\/2025\/02\/banner_Aplicacao-TRH-AA_AR-e-TGR_PROPOSTA-5-003.png\" class=\"attachment-custom size-custom wp-post-image\" alt=\"\" \/><\/a>\n                                <\/div>\n                                            <div class=\"content htmega-solid\">\n                <div class=\"post-inner\">\n                    \n                    \n                                                <h2><a href=\"https:\/\/www.simar-louresodivelas.pt\/index.php\/arquivo\/40572\">APLICA\u00c7\u00c3O DA TAXA DE RECURSOS H\u00cdDRICOS E<\/a><\/h2>\n                        \n                    \n                    <p>A taxa de recursos h\u00eddricos, segundo o decreto-lei n\u00ba 97\/2008 de 11 de junho, alterado e republicado pelo Decreto-Lei 46\/2017, de 03 de maio, visa compensar o benef\u00edcio que resulta<\/p>\n                                                <ul class=\"meta\">\n                                                                    <li><i class=\"fa fa-clock-o\"><\/i>10 Mar\u00e7o 2026<\/li>\n                                                            <\/ul>\n                                \n                    \n                    \n                <\/div>\n            <\/div>\n                                    <\/div>\n\n                        \n                        \n                <\/div>\n            <\/div>\n            \n            \n\n        \t\t\t\t<\/div>\n\t\t\t\t<\/div>\n\t\t\t\t\t<\/div>\n\t\t<\/div>\n\t\t\t\t\t<\/div>\n\t\t<\/section>\n\t\t\t\t<section class=\"elementor-section elementor-top-section elementor-element elementor-element-428044d elementor-section-boxed elementor-section-height-default elementor-section-height-default\" data-id=\"428044d\" data-element_type=\"section\">\n\t\t\t\t\t\t<div class=\"elementor-container elementor-column-gap-default\">\n\t\t\t\t\t<div class=\"aux-parallax-section elementor-column elementor-col-100 elementor-top-column elementor-element elementor-element-d055eea\" data-id=\"d055eea\" data-element_type=\"column\">\n\t\t\t<div class=\"elementor-widget-wrap\">\n\t\t\t\t\t\t\t<\/div>\n\t\t<\/div>\n\t\t\t\t\t<\/div>\n\t\t<\/section>\n\t\t\t\t<\/div>\n\t\t","protected":false},"excerpt":{"rendered":"<p>Obras na rede de saneamento na Rua Est\u00e3o a decorrer obras de substitui\u00e7\u00e3o da rede de saneamento na Rua Salvador Allende, entre o cruzamento da Rua Ant\u00f3nio Maria Pais e a Rua Ferreira da Silva, em Moscavide. 13 Fevereiro 2025 Aplica\u00e7\u00e3o da taxa de recursos h\u00eddricos e A taxa de recursos h\u00eddricos, segundo o decreto-lei [&hellip;]<\/p>\n","protected":false},"author":1,"featured_media":0,"parent":0,"menu_order":0,"comment_status":"closed","ping_status":"closed","template":"","meta":{"_monsterinsights_skip_tracking":false,"_monsterinsights_sitenote_active":false,"_monsterinsights_sitenote_note":"","_monsterinsights_sitenote_category":0,"_uf_show_specific_survey":0,"_uf_disable_surveys":false,"footnotes":""},"class_list":["post-27348","page","type-page","status-publish","hentry"],"aioseo_notices":[],"_links":{"self":[{"href":"https:\/\/www.simar-louresodivelas.pt\/index.php\/wp-json\/wp\/v2\/pages\/27348","targetHints":{"allow":["GET"]}}],"collection":[{"href":"https:\/\/www.simar-louresodivelas.pt\/index.php\/wp-json\/wp\/v2\/pages"}],"about":[{"href":"https:\/\/www.simar-louresodivelas.pt\/index.php\/wp-json\/wp\/v2\/types\/page"}],"author":[{"embeddable":true,"href":"https:\/\/www.simar-louresodivelas.pt\/index.php\/wp-json\/wp\/v2\/users\/1"}],"replies":[{"embeddable":true,"href":"https:\/\/www.simar-louresodivelas.pt\/index.php\/wp-json\/wp\/v2\/comments?post=27348"}],"version-history":[{"count":55,"href":"https:\/\/www.simar-louresodivelas.pt\/index.php\/wp-json\/wp\/v2\/pages\/27348\/revisions"}],"predecessor-version":[{"id":27516,"href":"https:\/\/www.simar-louresodivelas.pt\/index.php\/wp-json\/wp\/v2\/pages\/27348\/revisions\/27516"}],"wp:attachment":[{"href":"https:\/\/www.simar-louresodivelas.pt\/index.php\/wp-json\/wp\/v2\/media?parent=27348"}],"curies":[{"name":"wp","href":"https:\/\/api.w.org\/{rel}","templated":true}]}}