{"id":268,"date":"2023-05-10T14:36:59","date_gmt":"2023-05-10T14:36:59","guid":{"rendered":"http:\/\/websimar01\/simar\/?page_id=268"},"modified":"2024-12-19T16:20:26","modified_gmt":"2024-12-19T16:20:26","slug":"candidatura-espontanea","status":"publish","type":"page","link":"https:\/\/www.simar-louresodivelas.pt\/index.php\/candidatura-espontanea","title":{"rendered":"Candidatura Espont\u00e2nea"},"content":{"rendered":"\t\t<div data-elementor-type=\"wp-page\" data-elementor-id=\"268\" class=\"elementor elementor-268\">\n\t\t\t\t\t\t<section class=\"elementor-section elementor-top-section elementor-element elementor-element-fe19445 elementor-section-full_width elementor-section-stretched elementor-section-height-default elementor-section-height-default\" data-id=\"fe19445\" data-element_type=\"section\" data-settings=\"{&quot;stretch_section&quot;:&quot;section-stretched&quot;,&quot;background_background&quot;:&quot;classic&quot;}\">\n\t\t\t\t\t\t<div class=\"elementor-container elementor-column-gap-default\">\n\t\t\t\t\t<div class=\"aux-parallax-section elementor-column elementor-col-100 elementor-top-column elementor-element elementor-element-ff7b042\" data-id=\"ff7b042\" data-element_type=\"column\">\n\t\t\t<div class=\"elementor-widget-wrap elementor-element-populated\">\n\t\t\t\t\t\t<div class=\"elementor-element elementor-element-324d766 elementor-widget elementor-widget-image\" data-id=\"324d766\" data-element_type=\"widget\" data-widget_type=\"image.default\">\n\t\t\t\t<div class=\"elementor-widget-container\">\n\t\t\t\t\t\t\t\t\t\t\t\t\t\t\t<img decoding=\"async\" src=\"https:\/\/www.simar-louresodivelas.pt\/wp-content\/uploads\/2023\/09\/CANDIDATURA-ESPONT.jpg\" title=\"CANDIDATURA ESPONT\" alt=\"CANDIDATURA ESPONT\" loading=\"lazy\" \/>\t\t\t\t\t\t\t\t\t\t\t\t\t\t\t<\/div>\n\t\t\t\t<\/div>\n\t\t\t\t\t<\/div>\n\t\t<\/div>\n\t\t\t\t\t<\/div>\n\t\t<\/section>\n\t\t\t\t<section class=\"elementor-section elementor-top-section elementor-element elementor-element-e591b44 elementor-section-boxed elementor-section-height-default elementor-section-height-default\" data-id=\"e591b44\" data-element_type=\"section\">\n\t\t\t\t\t\t<div class=\"elementor-container elementor-column-gap-default\">\n\t\t\t\t\t<div class=\"aux-parallax-section elementor-column elementor-col-100 elementor-top-column elementor-element elementor-element-d3cf210\" data-id=\"d3cf210\" data-element_type=\"column\" data-settings=\"{&quot;background_background&quot;:&quot;classic&quot;}\">\n\t\t\t<div class=\"elementor-widget-wrap elementor-element-populated\">\n\t\t\t\t\t\t<div class=\"elementor-element elementor-element-696df8b elementor-widget elementor-widget-text-editor\" data-id=\"696df8b\" data-element_type=\"widget\" data-widget_type=\"text-editor.default\">\n\t\t\t\t<div class=\"elementor-widget-container\">\n\t\t\t\t\t\t\t\t\t<p class=\"auto-style47\"><span style=\"font-size: 16.0016px;\">O recrutamento para a administra\u00e7\u00e3o p\u00fablica efetua-se mediante procedimento concursal, o qual implica sempre a oferta p\u00fablica de emprego e, posteriormente a sele\u00e7\u00e3o dos candidatos, ficando assim vedada a afeta\u00e7\u00e3o direta de candidatos.<\/span><\/p><p class=\"auto-style47\">A referida oferta p\u00fablica de emprego \u00e9 publicitada pelos seguintes meios: <em>Di\u00e1rio da Rep\u00fablica<\/em> &#8211; DRE; Bolsa de Emprego P\u00fablico &#8211; BEP; p\u00e1gina eletr\u00f3nica da respetiva entidade e, eventualmente em jornais de expans\u00e3o nacional, pelo que dever\u00e1 estar atento\/a aos avisos ali publicados, conforme o disposto no art.\u00ba 11.\u00ba da Portaria n.\u00ba 233\/2022 de 09\/09, que regulamenta a tramita\u00e7\u00e3o dos procedimentos concursais.<\/p><p class=\"auto-style47\">Nestes termos os interessados dever\u00e3o apresentar a sua candidatura apenas no momento da publicita\u00e7\u00e3o de lugares que julgue compat\u00edveis com o seu curr\u00edculo e habilita\u00e7\u00f5es.<\/p>\t\t\t\t\t\t\t\t<\/div>\n\t\t\t\t<\/div>\n\t\t\t\t\t<\/div>\n\t\t<\/div>\n\t\t\t\t\t<\/div>\n\t\t<\/section>\n\t\t\t\t<\/div>\n\t\t","protected":false},"excerpt":{"rendered":"<p>O recrutamento para a administra\u00e7\u00e3o p\u00fablica efetua-se mediante procedimento concursal, o qual implica sempre a oferta p\u00fablica de emprego e, posteriormente a sele\u00e7\u00e3o dos candidatos, ficando assim vedada a afeta\u00e7\u00e3o direta de candidatos. A referida oferta p\u00fablica de emprego \u00e9 publicitada pelos seguintes meios: Di\u00e1rio da Rep\u00fablica &#8211; DRE; Bolsa de Emprego P\u00fablico &#8211; BEP; [&hellip;]<\/p>\n","protected":false},"author":1,"featured_media":0,"parent":0,"menu_order":0,"comment_status":"closed","ping_status":"closed","template":"","meta":{"_monsterinsights_skip_tracking":false,"_monsterinsights_sitenote_active":false,"_monsterinsights_sitenote_note":"","_monsterinsights_sitenote_category":0,"_uf_show_specific_survey":0,"_uf_disable_surveys":false,"footnotes":""},"class_list":["post-268","page","type-page","status-publish","hentry"],"aioseo_notices":[],"_links":{"self":[{"href":"https:\/\/www.simar-louresodivelas.pt\/index.php\/wp-json\/wp\/v2\/pages\/268","targetHints":{"allow":["GET"]}}],"collection":[{"href":"https:\/\/www.simar-louresodivelas.pt\/index.php\/wp-json\/wp\/v2\/pages"}],"about":[{"href":"https:\/\/www.simar-louresodivelas.pt\/index.php\/wp-json\/wp\/v2\/types\/page"}],"author":[{"embeddable":true,"href":"https:\/\/www.simar-louresodivelas.pt\/index.php\/wp-json\/wp\/v2\/users\/1"}],"replies":[{"embeddable":true,"href":"https:\/\/www.simar-louresodivelas.pt\/index.php\/wp-json\/wp\/v2\/comments?post=268"}],"version-history":[{"count":119,"href":"https:\/\/www.simar-louresodivelas.pt\/index.php\/wp-json\/wp\/v2\/pages\/268\/revisions"}],"predecessor-version":[{"id":24791,"href":"https:\/\/www.simar-louresodivelas.pt\/index.php\/wp-json\/wp\/v2\/pages\/268\/revisions\/24791"}],"wp:attachment":[{"href":"https:\/\/www.simar-louresodivelas.pt\/index.php\/wp-json\/wp\/v2\/media?parent=268"}],"curies":[{"name":"wp","href":"https:\/\/api.w.org\/{rel}","templated":true}]}}