{"id":241,"date":"2023-05-10T14:33:39","date_gmt":"2023-05-10T14:33:39","guid":{"rendered":"http:\/\/websimar01\/simar\/?page_id=241"},"modified":"2026-05-08T09:56:14","modified_gmt":"2026-05-08T09:56:14","slug":"mensagem-do-presidente","status":"publish","type":"page","link":"https:\/\/www.simar-louresodivelas.pt\/index.php\/mensagem-do-presidente","title":{"rendered":"Mensagem do Presidente"},"content":{"rendered":"\t\t<div data-elementor-type=\"wp-page\" data-elementor-id=\"241\" class=\"elementor elementor-241\">\n\t\t\t\t\t\t<section class=\"elementor-section elementor-top-section elementor-element elementor-element-389ce10 elementor-section-full_width elementor-section-stretched elementor-section-height-default elementor-section-height-default\" data-id=\"389ce10\" data-element_type=\"section\" data-settings=\"{&quot;stretch_section&quot;:&quot;section-stretched&quot;,&quot;background_background&quot;:&quot;classic&quot;}\">\n\t\t\t\t\t\t<div class=\"elementor-container elementor-column-gap-default\">\n\t\t\t\t\t<div class=\"aux-parallax-section elementor-column elementor-col-100 elementor-top-column elementor-element elementor-element-fbf0730\" data-id=\"fbf0730\" data-element_type=\"column\">\n\t\t\t<div class=\"elementor-widget-wrap elementor-element-populated\">\n\t\t\t\t\t\t<div class=\"elementor-element elementor-element-24ac1b9 elementor-widget elementor-widget-image\" data-id=\"24ac1b9\" data-element_type=\"widget\" data-widget_type=\"image.default\">\n\t\t\t\t<div class=\"elementor-widget-container\">\n\t\t\t\t\t\t\t\t\t\t\t\t\t\t\t<img decoding=\"async\" src=\"https:\/\/www.simar-louresodivelas.pt\/wp-content\/uploads\/2023\/09\/barra-mensagem-3-1.jpg\" title=\"barra mensagem 3\" alt=\"barra mensagem 3\" loading=\"lazy\" \/>\t\t\t\t\t\t\t\t\t\t\t\t\t\t\t<\/div>\n\t\t\t\t<\/div>\n\t\t\t\t\t<\/div>\n\t\t<\/div>\n\t\t\t\t\t<\/div>\n\t\t<\/section>\n\t\t\t\t<section class=\"elementor-section elementor-top-section elementor-element elementor-element-91ea029 elementor-section-boxed elementor-section-height-default elementor-section-height-default\" data-id=\"91ea029\" data-element_type=\"section\">\n\t\t\t\t\t\t<div class=\"elementor-container elementor-column-gap-default\">\n\t\t\t\t\t<div class=\"aux-parallax-section elementor-column elementor-col-33 elementor-top-column elementor-element elementor-element-cf5e2bd\" data-id=\"cf5e2bd\" data-element_type=\"column\">\n\t\t\t<div class=\"elementor-widget-wrap elementor-element-populated\">\n\t\t\t\t\t\t<div class=\"elementor-element elementor-element-1b66173 elementor-widget elementor-widget-image\" data-id=\"1b66173\" data-element_type=\"widget\" data-widget_type=\"image.default\">\n\t\t\t\t<div class=\"elementor-widget-container\">\n\t\t\t\t\t\t\t\t\t\t\t\t\t\t\t<img fetchpriority=\"high\" decoding=\"async\" width=\"423\" height=\"567\" src=\"https:\/\/www.simar-louresodivelas.pt\/wp-content\/uploads\/2026\/05\/Presidente.jpg\" class=\"attachment-full size-full wp-image-42474\" alt=\"\" \/>\t\t\t\t\t\t\t\t\t\t\t\t\t\t\t<\/div>\n\t\t\t\t<\/div>\n\t\t\t\t\t<\/div>\n\t\t<\/div>\n\t\t\t\t<div class=\"aux-parallax-section elementor-column elementor-col-66 elementor-top-column elementor-element elementor-element-fa82819\" data-id=\"fa82819\" data-element_type=\"column\">\n\t\t\t<div class=\"elementor-widget-wrap elementor-element-populated\">\n\t\t\t\t\t\t<div class=\"elementor-element elementor-element-6f76987 elementor-widget elementor-widget-text-editor\" data-id=\"6f76987\" data-element_type=\"widget\" data-widget_type=\"text-editor.default\">\n\t\t\t\t<div class=\"elementor-widget-container\">\n\t\t\t\t\t\t\t\t\t<p>Estimados Clientes,<\/p>\n<p>Iniciamos um novo ciclo na gest\u00e3o dos SIMAR de Loures e Odivelas. \u00c9 com um elevado sentido de responsabilidade e compromisso que assumo a Presid\u00eancia deste Conselho de Administra\u00e7\u00e3o, sob a gest\u00e3o do Munic\u00edpio de Odivelas, acompanhado pela Dra. Cor\u00e1lia Rodrigues (Vogal pelo Concelho de Odivelas) e pelo Dr. Nuno Leit\u00e3o (Vogal pelo Concelho de Loures).<\/p>\n<p>Este novo cap\u00edtulo mant\u00e9m os desafios e objetivos de sempre: fazer mais e melhor por si. A nossa miss\u00e3o \u00e9 garantir que o servi\u00e7o p\u00fablico que prestamos \u2014 essencial ao seu quotidiano e \u00e0 sa\u00fade p\u00fablica \u2014 continue a evoluir em qualidade, efici\u00eancia e proximidade.<\/p>\n<p>O Nosso Compromisso Consigo:<\/p>\n<ul>\n<li>Excel\u00eancia no Abastecimento: Trabalhamos continuamente para reduzir as perdas de \u00e1gua e garantir a gest\u00e3o rigorosa de um recurso vital.<\/li>\n<li>Sustentabilidade e Futuro: Refor\u00e7amos a aposta na recolha seletiva de biorres\u00edduos e na moderniza\u00e7\u00e3o da frota, assegurando cidades mais limpas e preparadas para os desafios ambientais.<\/li>\n<li>Efic\u00e1cia Operacional: Estamos focados em otimizar os nossos processos para sermos mais c\u00e9leres na resposta \u00e0s suas necessidades.<\/li>\n<\/ul>\n<p>Sabemos que o nosso trabalho tem um impacto direto no seu bem-estar e na qualidade de vida da nossa comunidade. Por isso, assumimos perante todos os nossos clientes o compromisso de que ambicionamos o melhor para v\u00f3s.<\/p>\n<p>O nosso compromisso vai al\u00e9m da gest\u00e3o operacional; assumimos a miss\u00e3o de proteger o futuro ambiental de Loures e Odivelas, promovendo uma cultura de sustentabilidade e inova\u00e7\u00e3o que garanta a qualidade de vida das gera\u00e7\u00f5es vindouras.<\/p>\n<p>Continuaremos a trabalhar com transpar\u00eancia e dedica\u00e7\u00e3o para que os SIMAR sejam, cada vez mais, uma refer\u00eancia de confian\u00e7a e inova\u00e7\u00e3o no servi\u00e7o \u00e0s nossas popula\u00e7\u00f5es.<\/p>\n<p>Com os melhores cumprimentos,<\/p>\n<p>Edgar S. Valles<\/p>\n<p><em>Presidente do Conselho de Administra\u00e7\u00e3o dos SIMAR<\/em><\/p>\n<p>08 de maio 2026<\/p>\t\t\t\t\t\t\t\t<\/div>\n\t\t\t\t<\/div>\n\t\t\t\t\t<\/div>\n\t\t<\/div>\n\t\t\t\t\t<\/div>\n\t\t<\/section>\n\t\t\t\t<\/div>\n\t\t","protected":false},"excerpt":{"rendered":"<p>Estimados Clientes, Iniciamos um novo ciclo na gest\u00e3o dos SIMAR de Loures e Odivelas. \u00c9 com um elevado sentido de responsabilidade e compromisso que assumo a Presid\u00eancia deste Conselho de Administra\u00e7\u00e3o, sob a gest\u00e3o do Munic\u00edpio de Odivelas, acompanhado pela Dra. Cor\u00e1lia Rodrigues (Vogal pelo Concelho de Odivelas) e pelo Dr. Nuno Leit\u00e3o (Vogal pelo [&hellip;]<\/p>\n","protected":false},"author":1,"featured_media":0,"parent":0,"menu_order":0,"comment_status":"closed","ping_status":"closed","template":"","meta":{"_monsterinsights_skip_tracking":false,"_monsterinsights_sitenote_active":false,"_monsterinsights_sitenote_note":"","_monsterinsights_sitenote_category":0,"_uf_show_specific_survey":0,"_uf_disable_surveys":false,"footnotes":""},"class_list":["post-241","page","type-page","status-publish","hentry"],"aioseo_notices":[],"_links":{"self":[{"href":"https:\/\/www.simar-louresodivelas.pt\/index.php\/wp-json\/wp\/v2\/pages\/241","targetHints":{"allow":["GET"]}}],"collection":[{"href":"https:\/\/www.simar-louresodivelas.pt\/index.php\/wp-json\/wp\/v2\/pages"}],"about":[{"href":"https:\/\/www.simar-louresodivelas.pt\/index.php\/wp-json\/wp\/v2\/types\/page"}],"author":[{"embeddable":true,"href":"https:\/\/www.simar-louresodivelas.pt\/index.php\/wp-json\/wp\/v2\/users\/1"}],"replies":[{"embeddable":true,"href":"https:\/\/www.simar-louresodivelas.pt\/index.php\/wp-json\/wp\/v2\/comments?post=241"}],"version-history":[{"count":170,"href":"https:\/\/www.simar-louresodivelas.pt\/index.php\/wp-json\/wp\/v2\/pages\/241\/revisions"}],"predecessor-version":[{"id":42493,"href":"https:\/\/www.simar-louresodivelas.pt\/index.php\/wp-json\/wp\/v2\/pages\/241\/revisions\/42493"}],"wp:attachment":[{"href":"https:\/\/www.simar-louresodivelas.pt\/index.php\/wp-json\/wp\/v2\/media?parent=241"}],"curies":[{"name":"wp","href":"https:\/\/api.w.org\/{rel}","templated":true}]}}