{"id":225,"date":"2023-05-10T08:57:50","date_gmt":"2023-05-10T08:57:50","guid":{"rendered":"http:\/\/websimar01\/simar\/?page_id=225"},"modified":"2025-02-28T15:31:05","modified_gmt":"2025-02-28T15:31:05","slug":"leitura-do-contador","status":"publish","type":"page","link":"https:\/\/www.simar-louresodivelas.pt\/index.php\/leitura-do-contador","title":{"rendered":"Leitura do contador"},"content":{"rendered":"\t\t<div data-elementor-type=\"wp-page\" data-elementor-id=\"225\" class=\"elementor elementor-225\">\n\t\t\t\t\t\t<section class=\"elementor-section elementor-top-section elementor-element elementor-element-a46b7b6 elementor-section-full_width elementor-section-stretched elementor-section-height-default elementor-section-height-default\" data-id=\"a46b7b6\" data-element_type=\"section\" data-settings=\"{&quot;stretch_section&quot;:&quot;section-stretched&quot;,&quot;background_background&quot;:&quot;classic&quot;}\">\n\t\t\t\t\t\t<div class=\"elementor-container elementor-column-gap-default\">\n\t\t\t\t\t<div class=\"aux-parallax-section elementor-column elementor-col-100 elementor-top-column elementor-element elementor-element-0007994\" data-id=\"0007994\" data-element_type=\"column\">\n\t\t\t<div class=\"elementor-widget-wrap elementor-element-populated\">\n\t\t\t\t\t\t<div class=\"elementor-element elementor-element-2b71311 elementor-widget elementor-widget-image\" data-id=\"2b71311\" data-element_type=\"widget\" data-widget_type=\"image.default\">\n\t\t\t\t<div class=\"elementor-widget-container\">\n\t\t\t\t\t\t\t\t\t\t\t\t\t\t\t<img decoding=\"async\" src=\"https:\/\/www.simar-louresodivelas.pt\/wp-content\/uploads\/2023\/09\/LEITURA-DO-CONTADOR.jpg\" title=\"LEITURA DO CONTADOR\" alt=\"LEITURA DO CONTADOR\" loading=\"lazy\" \/>\t\t\t\t\t\t\t\t\t\t\t\t\t\t\t<\/div>\n\t\t\t\t<\/div>\n\t\t\t\t\t<\/div>\n\t\t<\/div>\n\t\t\t\t\t<\/div>\n\t\t<\/section>\n\t\t\t\t<section class=\"elementor-section elementor-top-section elementor-element elementor-element-283b357 elementor-section-boxed elementor-section-height-default elementor-section-height-default\" data-id=\"283b357\" data-element_type=\"section\">\n\t\t\t\t\t\t<div class=\"elementor-container elementor-column-gap-default\">\n\t\t\t\t\t<div class=\"aux-parallax-section elementor-column elementor-col-100 elementor-top-column elementor-element elementor-element-bd17f70\" data-id=\"bd17f70\" data-element_type=\"column\" data-settings=\"{&quot;background_background&quot;:&quot;classic&quot;}\">\n\t\t\t<div class=\"elementor-widget-wrap elementor-element-populated\">\n\t\t\t\t\t\t<div class=\"elementor-element elementor-element-7312ffc elementor-widget elementor-widget-text-editor\" data-id=\"7312ffc\" data-element_type=\"widget\" data-widget_type=\"text-editor.default\">\n\t\t\t\t<div class=\"elementor-widget-container\">\n\t\t\t\t\t\t\t\t\t<p><span style=\"font-size: 16.0016px;\">O per\u00edodo de fatura\u00e7\u00e3o \u00e9 mensal ou bimestral.&nbsp;<\/span><\/p>\n<p><span style=\"font-size: 16.0016px;\">O documento emitido pelos SIMAR de Loures e Odivelas resulta da fatura\u00e7\u00e3o dos consumos de \u00e1gua reais ou estimados, da fatura\u00e7\u00e3o dos servi\u00e7os de drenagem de \u00e1guas residuais, recolha de res\u00edduos urbanos e tarifas associadas.&nbsp;<\/span><\/p>\n<p><span style=\"font-size: 16.0016px;\">O consumo ser\u00e1 faturado por estimativa nos per\u00edodos em que n\u00e3o haja leitura do contador e \u00e9 calculada em face do hist\u00f3rico de consumos.&nbsp;<\/span><\/p>\n<p><span style=\"font-size: 16.0016px;\">Nos casos em que se obtenha a leitura do contador, a fatura\u00e7\u00e3o processa-se com base nos consumos reais (entre a leitura atual e a leitura anterior), deduzida do valor faturado por m\u00e9dia (per\u00edodo anterior).&nbsp;<\/span><\/p>\t\t\t\t\t\t\t\t<\/div>\n\t\t\t\t<\/div>\n\t\t\t\t\t<\/div>\n\t\t<\/div>\n\t\t\t\t\t<\/div>\n\t\t<\/section>\n\t\t\t\t<section class=\"elementor-section elementor-top-section elementor-element elementor-element-30c9237 elementor-section-boxed elementor-section-height-default elementor-section-height-default\" data-id=\"30c9237\" data-element_type=\"section\">\n\t\t\t\t\t\t<div class=\"elementor-container elementor-column-gap-default\">\n\t\t\t\t\t<div class=\"aux-parallax-section elementor-column elementor-col-100 elementor-top-column elementor-element elementor-element-1de7bd3\" data-id=\"1de7bd3\" data-element_type=\"column\" data-settings=\"{&quot;background_background&quot;:&quot;classic&quot;}\">\n\t\t\t<div class=\"elementor-widget-wrap elementor-element-populated\">\n\t\t\t\t\t\t<div class=\"elementor-element elementor-element-fb6805a elementor-widget elementor-widget-text-editor\" data-id=\"fb6805a\" data-element_type=\"widget\" data-widget_type=\"text-editor.default\">\n\t\t\t\t<div class=\"elementor-widget-container\">\n\t\t\t\t\t\t\t\t\t<p style=\"text-align: center;\"><strong><span style=\"font-size: 16.0016px;\">Para comunicar a leitura do contador utilize<\/span><\/strong><\/p>\t\t\t\t\t\t\t\t<\/div>\n\t\t\t\t<\/div>\n\t\t\t\t\t<\/div>\n\t\t<\/div>\n\t\t\t\t\t<\/div>\n\t\t<\/section>\n\t\t\t\t<section class=\"elementor-section elementor-top-section elementor-element elementor-element-676fa73 elementor-section-boxed elementor-section-height-default elementor-section-height-default\" data-id=\"676fa73\" data-element_type=\"section\" data-settings=\"{&quot;background_background&quot;:&quot;gradient&quot;}\">\n\t\t\t\t\t\t<div class=\"elementor-container elementor-column-gap-default\">\n\t\t\t\t\t<div class=\"aux-parallax-section elementor-column elementor-col-33 elementor-top-column elementor-element elementor-element-f011cec\" data-id=\"f011cec\" data-element_type=\"column\">\n\t\t\t<div class=\"elementor-widget-wrap elementor-element-populated\">\n\t\t\t\t\t\t<div class=\"elementor-element elementor-element-d0c93a5 elementor-widget elementor-widget-text-editor\" data-id=\"d0c93a5\" data-element_type=\"widget\" data-widget_type=\"text-editor.default\">\n\t\t\t\t<div class=\"elementor-widget-container\">\n\t\t\t\t\t\t\t\t\t<p style=\"text-align: center;\"><span style=\"color: #316cb5;\"><strong>Linha \u00danica de Atendimento &#8211; Op\u00e7\u00e3o &#8220;Servi\u00e7o de Leituras&#8221;<br \/><\/strong><\/span><span style=\"color: #316cb5;\"><strong>219 848 500 (todos os dias\/24h) <br \/><\/strong><\/span><\/p>\t\t\t\t\t\t\t\t<\/div>\n\t\t\t\t<\/div>\n\t\t\t\t\t<\/div>\n\t\t<\/div>\n\t\t\t\t<div class=\"aux-parallax-section elementor-column elementor-col-33 elementor-top-column elementor-element elementor-element-68abd8c\" data-id=\"68abd8c\" data-element_type=\"column\">\n\t\t\t<div class=\"elementor-widget-wrap elementor-element-populated\">\n\t\t\t\t\t\t<div class=\"elementor-element elementor-element-785ab31 elementor-widget elementor-widget-text-editor\" data-id=\"785ab31\" data-element_type=\"widget\" data-widget_type=\"text-editor.default\">\n\t\t\t\t<div class=\"elementor-widget-container\">\n\t\t\t\t\t\t\t\t\t<p>\u00a0<\/p><p style=\"text-align: center;\"><a href=\"https:\/\/play.google.com\/store\/apps\/details?id=com.epal.myaqua\" target=\"_blank\" rel=\"noopener\"><strong><span style=\"color: #326da8;\"><span style=\"color: #000000;\">\ud83d\udd17 <\/span><span style=\"text-decoration: underline;\">myAQUA\u00ae<\/span><\/span><\/strong><\/a><\/p><p>\u00a0<\/p>\t\t\t\t\t\t\t\t<\/div>\n\t\t\t\t<\/div>\n\t\t\t\t\t<\/div>\n\t\t<\/div>\n\t\t\t\t<div class=\"aux-parallax-section elementor-column elementor-col-33 elementor-top-column elementor-element elementor-element-34ff9a7\" data-id=\"34ff9a7\" data-element_type=\"column\" data-settings=\"{&quot;background_background&quot;:&quot;gradient&quot;}\">\n\t\t\t<div class=\"elementor-widget-wrap elementor-element-populated\">\n\t\t\t\t\t\t<div class=\"elementor-element elementor-element-07e0e20 elementor-widget elementor-widget-text-editor\" data-id=\"07e0e20\" data-element_type=\"widget\" data-widget_type=\"text-editor.default\">\n\t\t\t\t<div class=\"elementor-widget-container\">\n\t\t\t\t\t\t\t\t\t<p>\u00a0<\/p><p style=\"text-align: center;\"><a href=\"https:\/\/www.aquamatrix.pt\/SIMARnet\/Account\/Login?ReturnUrl=%2fSIMARnet\" target=\"_blank\" rel=\"noopener\"><span style=\"color: #326da8;\"><strong><span style=\"color: #000000;\">\ud83d\udd17 <\/span><span style=\"text-decoration: underline;\">Balc\u00e3o Digital<\/span><\/strong><\/span><\/a><\/p><p>\u00a0<\/p>\t\t\t\t\t\t\t\t<\/div>\n\t\t\t\t<\/div>\n\t\t\t\t\t<\/div>\n\t\t<\/div>\n\t\t\t\t\t<\/div>\n\t\t<\/section>\n\t\t\t\t<section class=\"elementor-section elementor-top-section elementor-element elementor-element-8bd82e7 elementor-section-boxed elementor-section-height-default elementor-section-height-default\" data-id=\"8bd82e7\" data-element_type=\"section\">\n\t\t\t\t\t\t<div class=\"elementor-container elementor-column-gap-default\">\n\t\t\t\t\t<div class=\"aux-parallax-section elementor-column elementor-col-100 elementor-top-column elementor-element elementor-element-a16e41f\" data-id=\"a16e41f\" data-element_type=\"column\">\n\t\t\t<div class=\"elementor-widget-wrap elementor-element-populated\">\n\t\t\t\t\t\t<div class=\"elementor-element elementor-element-3800cd6 elementor-widget elementor-widget-text-editor\" data-id=\"3800cd6\" data-element_type=\"widget\" data-widget_type=\"text-editor.default\">\n\t\t\t\t<div class=\"elementor-widget-container\">\n\t\t\t\t\t\t\t\t\t<p style=\"text-align: left;\">No mostrador do contador, os algarismos a preto representam a leitura que dever\u00e1 comunicar, devendo ignorar os que se encontram a vermelho.\u00a0<\/p>\t\t\t\t\t\t\t\t<\/div>\n\t\t\t\t<\/div>\n\t\t\t\t\t<\/div>\n\t\t<\/div>\n\t\t\t\t\t<\/div>\n\t\t<\/section>\n\t\t\t\t<section class=\"elementor-section elementor-top-section elementor-element elementor-element-298f5e0 elementor-section-boxed elementor-section-height-default elementor-section-height-default\" data-id=\"298f5e0\" data-element_type=\"section\">\n\t\t\t\t\t\t<div class=\"elementor-container elementor-column-gap-default\">\n\t\t\t\t\t<div class=\"aux-parallax-section elementor-column elementor-col-100 elementor-top-column elementor-element elementor-element-0218162\" data-id=\"0218162\" data-element_type=\"column\">\n\t\t\t<div class=\"elementor-widget-wrap elementor-element-populated\">\n\t\t\t\t\t\t<div class=\"elementor-element elementor-element-27fb44c elementor-widget elementor-widget-image\" data-id=\"27fb44c\" data-element_type=\"widget\" data-widget_type=\"image.default\">\n\t\t\t\t<div class=\"elementor-widget-container\">\n\t\t\t\t\t\t\t\t\t\t\t\t\t\t\t<img fetchpriority=\"high\" decoding=\"async\" width=\"1536\" height=\"1127\" src=\"https:\/\/www.simar-louresodivelas.pt\/wp-content\/uploads\/2023\/09\/Imagem_contador-1536x1127.jpg\" class=\"attachment-1536x1536 size-1536x1536 wp-image-4251\" alt=\"\" srcset=\"https:\/\/www.simar-louresodivelas.pt\/wp-content\/uploads\/2023\/09\/Imagem_contador-1536x1127.jpg 1536w, https:\/\/www.simar-louresodivelas.pt\/wp-content\/uploads\/2023\/09\/Imagem_contador.jpg 1539w\" sizes=\"(max-width: 1536px) 100vw, 1536px\" \/>\t\t\t\t\t\t\t\t\t\t\t\t\t\t\t<\/div>\n\t\t\t\t<\/div>\n\t\t\t\t\t<\/div>\n\t\t<\/div>\n\t\t\t\t\t<\/div>\n\t\t<\/section>\n\t\t\t\t<section class=\"elementor-section elementor-top-section elementor-element elementor-element-9d3b54a elementor-section-boxed elementor-section-height-default elementor-section-height-default\" data-id=\"9d3b54a\" data-element_type=\"section\">\n\t\t\t\t\t\t<div class=\"elementor-container elementor-column-gap-default\">\n\t\t\t\t\t<div class=\"aux-parallax-section elementor-column elementor-col-100 elementor-top-column elementor-element elementor-element-d15e192\" data-id=\"d15e192\" data-element_type=\"column\" data-settings=\"{&quot;background_background&quot;:&quot;classic&quot;}\">\n\t\t\t<div class=\"elementor-widget-wrap elementor-element-populated\">\n\t\t\t\t\t\t<div class=\"elementor-element elementor-element-d8a9dd2 elementor-widget elementor-widget-text-editor\" data-id=\"d8a9dd2\" data-element_type=\"widget\" data-widget_type=\"text-editor.default\">\n\t\t\t\t<div class=\"elementor-widget-container\">\n\t\t\t\t\t\t\t\t\t<p>As leituras s\u00e3o sequenciais e a unidade de medida \u00e9 o m3.<\/p><p>N\u00e3o deve fazer a diferen\u00e7a entre a leitura anterior e a atual, mas informar a totalidade do consumo, conforme indicado no contador.<\/p>\t\t\t\t\t\t\t\t<\/div>\n\t\t\t\t<\/div>\n\t\t\t\t\t<\/div>\n\t\t<\/div>\n\t\t\t\t\t<\/div>\n\t\t<\/section>\n\t\t\t\t<\/div>\n\t\t","protected":false},"excerpt":{"rendered":"<p>O per\u00edodo de fatura\u00e7\u00e3o \u00e9 mensal ou bimestral.&nbsp; O documento emitido pelos SIMAR de Loures e Odivelas resulta da fatura\u00e7\u00e3o dos consumos de \u00e1gua reais ou estimados, da fatura\u00e7\u00e3o dos servi\u00e7os de drenagem de \u00e1guas residuais, recolha de res\u00edduos urbanos e tarifas associadas.&nbsp; O consumo ser\u00e1 faturado por estimativa nos per\u00edodos em que n\u00e3o haja [&hellip;]<\/p>\n","protected":false},"author":1,"featured_media":0,"parent":0,"menu_order":0,"comment_status":"closed","ping_status":"closed","template":"","meta":{"_monsterinsights_skip_tracking":false,"_monsterinsights_sitenote_active":false,"_monsterinsights_sitenote_note":"","_monsterinsights_sitenote_category":0,"_uf_show_specific_survey":0,"_uf_disable_surveys":false,"footnotes":""},"class_list":["post-225","page","type-page","status-publish","hentry"],"aioseo_notices":[],"_links":{"self":[{"href":"https:\/\/www.simar-louresodivelas.pt\/index.php\/wp-json\/wp\/v2\/pages\/225","targetHints":{"allow":["GET"]}}],"collection":[{"href":"https:\/\/www.simar-louresodivelas.pt\/index.php\/wp-json\/wp\/v2\/pages"}],"about":[{"href":"https:\/\/www.simar-louresodivelas.pt\/index.php\/wp-json\/wp\/v2\/types\/page"}],"author":[{"embeddable":true,"href":"https:\/\/www.simar-louresodivelas.pt\/index.php\/wp-json\/wp\/v2\/users\/1"}],"replies":[{"embeddable":true,"href":"https:\/\/www.simar-louresodivelas.pt\/index.php\/wp-json\/wp\/v2\/comments?post=225"}],"version-history":[{"count":132,"href":"https:\/\/www.simar-louresodivelas.pt\/index.php\/wp-json\/wp\/v2\/pages\/225\/revisions"}],"predecessor-version":[{"id":27766,"href":"https:\/\/www.simar-louresodivelas.pt\/index.php\/wp-json\/wp\/v2\/pages\/225\/revisions\/27766"}],"wp:attachment":[{"href":"https:\/\/www.simar-louresodivelas.pt\/index.php\/wp-json\/wp\/v2\/media?parent=225"}],"curies":[{"name":"wp","href":"https:\/\/api.w.org\/{rel}","templated":true}]}}