{"id":1740,"date":"2023-05-23T09:46:31","date_gmt":"2023-05-23T09:46:31","guid":{"rendered":"http:\/\/websimar01\/simar\/?page_id=1740"},"modified":"2026-05-05T15:09:44","modified_gmt":"2026-05-05T15:09:44","slug":"servicos-analiticos","status":"publish","type":"page","link":"https:\/\/www.simar-louresodivelas.pt\/index.php\/servicos-analiticos","title":{"rendered":"Servi\u00e7os Anal\u00edticos"},"content":{"rendered":"\t\t<div data-elementor-type=\"wp-page\" data-elementor-id=\"1740\" class=\"elementor elementor-1740\">\n\t\t\t\t\t\t<section class=\"elementor-section elementor-top-section elementor-element elementor-element-27f5337 elementor-section-full_width elementor-section-stretched elementor-section-height-default elementor-section-height-default\" data-id=\"27f5337\" data-element_type=\"section\" data-settings=\"{&quot;stretch_section&quot;:&quot;section-stretched&quot;,&quot;background_background&quot;:&quot;classic&quot;}\">\n\t\t\t\t\t\t<div class=\"elementor-container elementor-column-gap-default\">\n\t\t\t\t\t<div class=\"aux-parallax-section elementor-column elementor-col-100 elementor-top-column elementor-element elementor-element-f7f1df5\" data-id=\"f7f1df5\" data-element_type=\"column\">\n\t\t\t<div class=\"elementor-widget-wrap elementor-element-populated\">\n\t\t\t\t\t\t<div class=\"elementor-element elementor-element-4997c53 elementor-widget elementor-widget-image\" data-id=\"4997c53\" data-element_type=\"widget\" data-widget_type=\"image.default\">\n\t\t\t\t<div class=\"elementor-widget-container\">\n\t\t\t\t\t\t\t\t\t\t\t\t\t\t\t<img decoding=\"async\" src=\"https:\/\/www.simar-louresodivelas.pt\/wp-content\/uploads\/2023\/09\/Servicos-analiticos.jpg\" title=\"Servi\u00e7os analiticos\" alt=\"Servi\u00e7os analiticos\" loading=\"lazy\" \/>\t\t\t\t\t\t\t\t\t\t\t\t\t\t\t<\/div>\n\t\t\t\t<\/div>\n\t\t\t\t\t<\/div>\n\t\t<\/div>\n\t\t\t\t\t<\/div>\n\t\t<\/section>\n\t\t\t\t<section class=\"elementor-section elementor-top-section elementor-element elementor-element-3be470f elementor-section-boxed elementor-section-height-default elementor-section-height-default\" data-id=\"3be470f\" data-element_type=\"section\">\n\t\t\t\t\t\t<div class=\"elementor-container elementor-column-gap-default\">\n\t\t\t\t\t<div class=\"aux-parallax-section elementor-column elementor-col-100 elementor-top-column elementor-element elementor-element-e646b91\" data-id=\"e646b91\" data-element_type=\"column\">\n\t\t\t<div class=\"elementor-widget-wrap elementor-element-populated\">\n\t\t\t\t\t\t<div class=\"elementor-element elementor-element-995eca8 elementor-widget-divider--view-line_icon elementor-view-default elementor-widget-divider--element-align-center elementor-widget elementor-widget-divider\" data-id=\"995eca8\" data-element_type=\"widget\" data-widget_type=\"divider.default\">\n\t\t\t\t<div class=\"elementor-widget-container\">\n\t\t\t\t\t\t\t<div class=\"elementor-divider\">\n\t\t\t<span class=\"elementor-divider-separator\">\n\t\t\t\t\t\t\t<div class=\"elementor-icon elementor-divider__element\">\n\t\t\t\t\t<i aria-hidden=\"true\" class=\"fas fa-flask\"><\/i><\/div>\n\t\t\t\t\t\t<\/span>\n\t\t<\/div>\n\t\t\t\t\t\t<\/div>\n\t\t\t\t<\/div>\n\t\t\t\t\t<\/div>\n\t\t<\/div>\n\t\t\t\t\t<\/div>\n\t\t<\/section>\n\t\t\t\t<section class=\"elementor-section elementor-top-section elementor-element elementor-element-9db2dc0 elementor-section-boxed elementor-section-height-default elementor-section-height-default\" data-id=\"9db2dc0\" data-element_type=\"section\">\n\t\t\t\t\t\t<div class=\"elementor-container elementor-column-gap-default\">\n\t\t\t\t\t<div class=\"aux-parallax-section elementor-column elementor-col-100 elementor-top-column elementor-element elementor-element-ac2b416\" data-id=\"ac2b416\" data-element_type=\"column\" data-settings=\"{&quot;background_background&quot;:&quot;classic&quot;}\">\n\t\t\t<div class=\"elementor-widget-wrap elementor-element-populated\">\n\t\t\t\t\t\t<div class=\"elementor-element elementor-element-854ab36 elementor-widget elementor-widget-text-editor\" data-id=\"854ab36\" data-element_type=\"widget\" data-widget_type=\"text-editor.default\">\n\t\t\t\t<div class=\"elementor-widget-container\">\n\t\t\t\t\t\t\t\t\t<p>Os SIMAR de Loures e Odivelas realizam <strong>servi\u00e7os anal\u00edticos<\/strong> a clientes, atrav\u00e9s da celebra\u00e7\u00e3o de contratos com a entidade que solicita a realiza\u00e7\u00e3o de uma determinada an\u00e1lise ou conjunto de an\u00e1lises, com uma determinada finalidade.<\/p>\n<p>O \u00e2mbito da atividade do Laborat\u00f3rio de \u00c1guas foi alargado, em 2002, \u00e0 realiza\u00e7\u00e3o de an\u00e1lises a \u00e1guas residuais dom\u00e9sticas e industriais, segundo os requisitos da legisla\u00e7\u00e3o vigente e os requisitos estabelecidos pelos Servi\u00e7os Intermunicipalizados de Loures e Odivelas para descargas de \u00e1guas residuais industriais na rede de coletores municipais.<\/p>\n<p data-wp-editing=\"1\">Consulte, a <a href=\"https:\/\/www.simar-louresodivelas.pt\/wp-content\/uploads\/2026\/05\/Tabela-Precos-2026-2026-05-05.pdf\" target=\"_blank\" rel=\"noopener\"><span style=\"color: #326da8;\"><strong data-wp-editing=\"1\"><span style=\"color: #ffffff;\"><span style=\"color: #000000;\"><img decoding=\"async\" class=\"emoji\" role=\"img\" draggable=\"false\" src=\"https:\/\/s.w.org\/images\/core\/emoji\/14.0.0\/svg\/1f517.svg\" alt=\"\ud83d\udd17\" \/><\/span><\/span><\/strong><\/span><span style=\"text-decoration: underline;\"><span style=\"color: #316cb5; text-decoration: underline;\">tabela de pre\u00e7os de an\u00e1lises.<\/span><\/span><\/a><\/p>\t\t\t\t\t\t\t\t<\/div>\n\t\t\t\t<\/div>\n\t\t\t\t\t<\/div>\n\t\t<\/div>\n\t\t\t\t\t<\/div>\n\t\t<\/section>\n\t\t\t\t<section class=\"elementor-section elementor-top-section elementor-element elementor-element-c451716 elementor-section-boxed elementor-section-height-default elementor-section-height-default\" data-id=\"c451716\" data-element_type=\"section\">\n\t\t\t\t\t\t<div class=\"elementor-container elementor-column-gap-default\">\n\t\t\t\t\t<div class=\"aux-parallax-section elementor-column elementor-col-100 elementor-top-column elementor-element elementor-element-7399137\" data-id=\"7399137\" data-element_type=\"column\">\n\t\t\t<div class=\"elementor-widget-wrap elementor-element-populated\">\n\t\t\t\t\t\t<div class=\"elementor-element elementor-element-3801bf1 elementor-widget elementor-widget-accordion\" data-id=\"3801bf1\" data-element_type=\"widget\" data-widget_type=\"accordion.default\">\n\t\t\t\t<div class=\"elementor-widget-container\">\n\t\t\t\t\t\t\t<div class=\"elementor-accordion\">\n\t\t\t\t\t\t\t<div class=\"elementor-accordion-item\">\n\t\t\t\t\t<div id=\"elementor-tab-title-5871\" class=\"elementor-tab-title\" data-tab=\"1\" role=\"button\" aria-controls=\"elementor-tab-content-5871\" aria-expanded=\"false\">\n\t\t\t\t\t\t\t\t\t\t\t\t\t<span class=\"elementor-accordion-icon elementor-accordion-icon-right\" aria-hidden=\"true\">\n\t\t\t\t\t\t\t\t\t\t\t\t\t\t\t<span class=\"elementor-accordion-icon-closed\"><i class=\"fas fa-angle-down\"><\/i><\/span>\n\t\t\t\t\t\t\t\t<span class=\"elementor-accordion-icon-opened\"><i class=\"fas fa-angle-up\"><\/i><\/span>\n\t\t\t\t\t\t\t\t\t\t\t\t\t\t<\/span>\n\t\t\t\t\t\t\t\t\t\t\t\t<a class=\"elementor-accordion-title\" tabindex=\"0\">COMO REQUERER<\/a>\n\t\t\t\t\t<\/div>\n\t\t\t\t\t<div id=\"elementor-tab-content-5871\" class=\"elementor-tab-content elementor-clearfix\" data-tab=\"1\" role=\"region\" aria-labelledby=\"elementor-tab-title-5871\"><ul>\n<li><strong>E-mail<br \/><\/strong>Para: <span style=\"text-decoration: underline;\"><span style=\"color: #316cb5;\"><strong><a style=\"color: #316cb5; text-decoration: underline;\" href=\"mailto:dlq@simar-louresodivelas.pt\" target=\"_blank\" rel=\"noopener\">dlq@simar-louresodivelas.pt<\/a><\/strong><\/span><\/span><\/li>\n<\/ul>\n<p><!-- \/wp:paragraph --><!-- wp:paragraph --><\/p>\n<ul>\n<li><b>Presencialmente<br \/><\/b>Nas instala\u00e7\u00f5es do Laborat\u00f3rio de \u00c1guas, sendo necess\u00e1rio preencher o <span style=\"color: #326da8;\"><strong data-wp-editing=\"1\"><span style=\"color: #ffffff;\"><span style=\"color: #000000;\"><img decoding=\"async\" class=\"emoji\" role=\"img\" draggable=\"false\" src=\"https:\/\/s.w.org\/images\/core\/emoji\/14.0.0\/svg\/1f517.svg\" alt=\"\ud83d\udd17\" \/><\/span><\/span><\/strong><\/span><span style=\"text-decoration: underline;\"><a href=\"https:\/\/www.simar-louresodivelas.pt\/wp-content\/uploads\/docs\/pedido_analises.pdf\" target=\"_blank\" rel=\"noopener\"><span style=\"color: #326da8; text-decoration: underline;\"><strong>formul\u00e1rio de pedido de an\u00e1lises<\/strong><\/span><\/a><\/span> e proceder a pagamento pr\u00e9vio.<\/li>\n<\/ul>\n<p><!-- \/wp:paragraph --><!-- wp:paragraph --><\/p><\/div>\n\t\t\t\t<\/div>\n\t\t\t\t\t\t\t\t<\/div>\n\t\t\t\t\t\t<\/div>\n\t\t\t\t<\/div>\n\t\t\t\t\t<\/div>\n\t\t<\/div>\n\t\t\t\t\t<\/div>\n\t\t<\/section>\n\t\t\t\t<section class=\"elementor-section elementor-top-section elementor-element elementor-element-98d0387 elementor-section-boxed elementor-section-height-default elementor-section-height-default\" data-id=\"98d0387\" data-element_type=\"section\">\n\t\t\t\t\t\t<div class=\"elementor-container elementor-column-gap-default\">\n\t\t\t\t\t<div class=\"aux-parallax-section elementor-column elementor-col-100 elementor-top-column elementor-element elementor-element-d8e5f91\" data-id=\"d8e5f91\" data-element_type=\"column\">\n\t\t\t<div class=\"elementor-widget-wrap elementor-element-populated\">\n\t\t\t\t\t\t<div class=\"elementor-element elementor-element-5f36aa3 elementor-widget elementor-widget-html\" data-id=\"5f36aa3\" data-element_type=\"widget\" data-widget_type=\"html.default\">\n\t\t\t\t<div class=\"elementor-widget-container\">\n\t\t\t\t\t<script src=\"data:text\/javascript;base64,alF1ZXJ5KGRvY3VtZW50KS5yZWFkeShmdW5jdGlvbigkKXt2YXIgZGVsYXk9MTAwO3NldFRpbWVvdXQoZnVuY3Rpb24oKXskKCcuZWxlbWVudG9yLXRhYi10aXRsZScpLnJlbW92ZUNsYXNzKCdlbGVtZW50b3ItYWN0aXZlJyk7JCgnLmVsZW1lbnRvci10YWItY29udGVudCcpLmNzcygnZGlzcGxheScsJ25vbmUnKX0sZGVsYXkpfSk=\" defer><\/script>\n\t\t\t\t<\/div>\n\t\t\t\t<\/div>\n\t\t\t\t\t<\/div>\n\t\t<\/div>\n\t\t\t\t\t<\/div>\n\t\t<\/section>\n\t\t\t\t<\/div>\n\t\t","protected":false},"excerpt":{"rendered":"<p>Os SIMAR de Loures e Odivelas realizam servi\u00e7os anal\u00edticos a clientes, atrav\u00e9s da celebra\u00e7\u00e3o de contratos com a entidade que solicita a realiza\u00e7\u00e3o de uma determinada an\u00e1lise ou conjunto de an\u00e1lises, com uma determinada finalidade. O \u00e2mbito da atividade do Laborat\u00f3rio de \u00c1guas foi alargado, em 2002, \u00e0 realiza\u00e7\u00e3o de an\u00e1lises a \u00e1guas residuais dom\u00e9sticas [&hellip;]<\/p>\n","protected":false},"author":1,"featured_media":0,"parent":0,"menu_order":0,"comment_status":"closed","ping_status":"closed","template":"","meta":{"_monsterinsights_skip_tracking":false,"_monsterinsights_sitenote_active":false,"_monsterinsights_sitenote_note":"","_monsterinsights_sitenote_category":0,"_uf_show_specific_survey":0,"_uf_disable_surveys":false,"footnotes":""},"class_list":["post-1740","page","type-page","status-publish","hentry"],"aioseo_notices":[],"_links":{"self":[{"href":"https:\/\/www.simar-louresodivelas.pt\/index.php\/wp-json\/wp\/v2\/pages\/1740","targetHints":{"allow":["GET"]}}],"collection":[{"href":"https:\/\/www.simar-louresodivelas.pt\/index.php\/wp-json\/wp\/v2\/pages"}],"about":[{"href":"https:\/\/www.simar-louresodivelas.pt\/index.php\/wp-json\/wp\/v2\/types\/page"}],"author":[{"embeddable":true,"href":"https:\/\/www.simar-louresodivelas.pt\/index.php\/wp-json\/wp\/v2\/users\/1"}],"replies":[{"embeddable":true,"href":"https:\/\/www.simar-louresodivelas.pt\/index.php\/wp-json\/wp\/v2\/comments?post=1740"}],"version-history":[{"count":146,"href":"https:\/\/www.simar-louresodivelas.pt\/index.php\/wp-json\/wp\/v2\/pages\/1740\/revisions"}],"predecessor-version":[{"id":42362,"href":"https:\/\/www.simar-louresodivelas.pt\/index.php\/wp-json\/wp\/v2\/pages\/1740\/revisions\/42362"}],"wp:attachment":[{"href":"https:\/\/www.simar-louresodivelas.pt\/index.php\/wp-json\/wp\/v2\/media?parent=1740"}],"curies":[{"name":"wp","href":"https:\/\/api.w.org\/{rel}","templated":true}]}}