{"id":1634,"date":"2023-05-22T10:44:55","date_gmt":"2023-05-22T10:44:55","guid":{"rendered":"http:\/\/websimar01\/simar\/?page_id=1634"},"modified":"2023-06-27T11:24:53","modified_gmt":"2023-06-27T11:24:53","slug":"residuos-de-construcao-e-demolicao-rcd","status":"publish","type":"page","link":"https:\/\/www.simar-louresodivelas.pt\/index.php\/residuos-de-construcao-e-demolicao-rcd","title":{"rendered":"Res\u00edduos de constru\u00e7\u00e3o e demoli\u00e7\u00e3o (RCD)"},"content":{"rendered":"\t\t<div data-elementor-type=\"wp-page\" data-elementor-id=\"1634\" class=\"elementor elementor-1634\">\n\t\t\t\t\t\t<section class=\"elementor-section elementor-top-section elementor-element elementor-element-69bea12 elementor-section-full_width elementor-section-stretched elementor-section-height-default elementor-section-height-default\" data-id=\"69bea12\" data-element_type=\"section\" data-settings=\"{&quot;stretch_section&quot;:&quot;section-stretched&quot;,&quot;background_background&quot;:&quot;classic&quot;}\">\n\t\t\t\t\t\t<div class=\"elementor-container elementor-column-gap-default\">\n\t\t\t\t\t<div class=\"aux-parallax-section elementor-column elementor-col-100 elementor-top-column elementor-element elementor-element-c1fdf84\" data-id=\"c1fdf84\" data-element_type=\"column\">\n\t\t\t<div class=\"elementor-widget-wrap elementor-element-populated\">\n\t\t\t\t\t\t<div class=\"elementor-element elementor-element-e3c1960 elementor-widget elementor-widget-heading\" data-id=\"e3c1960\" data-element_type=\"widget\" data-widget_type=\"heading.default\">\n\t\t\t\t<div class=\"elementor-widget-container\">\n\t\t\t\t\t<h2 class=\"elementor-heading-title elementor-size-default\">RES\u00cdDUOS DE CONSTRU\u00c7\u00c3O E DEMOLI\u00c7\u00c3O (RCD)<\/h2>\t\t\t\t<\/div>\n\t\t\t\t<\/div>\n\t\t\t\t\t<\/div>\n\t\t<\/div>\n\t\t\t\t\t<\/div>\n\t\t<\/section>\n\t\t\t\t<section class=\"elementor-section elementor-top-section elementor-element elementor-element-bf0b415 elementor-section-boxed elementor-section-height-default elementor-section-height-default\" data-id=\"bf0b415\" data-element_type=\"section\">\n\t\t\t\t\t\t<div class=\"elementor-container elementor-column-gap-default\">\n\t\t\t\t\t<div class=\"aux-parallax-section elementor-column elementor-col-100 elementor-top-column elementor-element elementor-element-db52702\" data-id=\"db52702\" data-element_type=\"column\">\n\t\t\t<div class=\"elementor-widget-wrap elementor-element-populated\">\n\t\t\t\t\t\t<div class=\"elementor-element elementor-element-6331bbe elementor-widget elementor-widget-text-editor\" data-id=\"6331bbe\" data-element_type=\"widget\" data-widget_type=\"text-editor.default\">\n\t\t\t\t<div class=\"elementor-widget-container\">\n\t\t\t\t\t\t\t\t\t<p class=\"auto-style47\">\u2022 Servi\u00e7o de recolha de RCD \u2013 trata-se de um servi\u00e7o gratuito para recolha de res\u00edduos de constru\u00e7\u00e3o e demoli\u00e7\u00e3o (RCD), provenientes de obras particulares isentas de licenciamento e n\u00e3o sujeitas a comunica\u00e7\u00e3o pr\u00e9via, nos termos do n.\u00ba 2, do artigo 3\u00ba, do DL 43\/ 2008 de 12 de mar\u00e7o e de acordo com o n.\u00ba 3, do artigo 49\u00ba, do DL 102-D\/2020 de 10 de dezembro.<\/p><p class=\"auto-style47\">\u00a0<\/p><p class=\"auto-style47\">\u2022 Requisitos \u2013 Este servi\u00e7o s\u00f3 est\u00e1 dispon\u00edvel aos clientes SIMAR, sendo que a capacidade m\u00e1xima de recolha estabelecida \u00e9 de 1m\u00b3, por cliente e por obra. S\u00f3 ser\u00e3o admitidos os seguintes res\u00edduos: bet\u00e3o, tijolos, ladrilhos, telhas, res\u00edduos cer\u00e2micos, gesso cartonado (pladur), fios el\u00e9tricos e pl\u00e1sticos mistos.<\/p><p class=\"auto-style47\">\u00a0<\/p><p class=\"auto-style47\">\u2022 Procedimento &#8211; Para efetuar a requisi\u00e7\u00e3o deste servi\u00e7o o cliente ter\u00e1 de entrar em contacto com os SIMAR para agendamento do mesmo, o qual poder\u00e1 ser efetuado atrav\u00e9s de:<\/p><p class=\"auto-style47\">\u00a0<\/p><p class=\"auto-style47\">\u00a0a) Preenchimento de formul\u00e1rio ( bot\u00e3o de envio por mail)<\/p><p class=\"auto-style47\">b) Envio de e-mail para:\u00a0<a href=\"mailto:geral@simar-louresodivelas.pt\">geral@simar-louresodivelas.pt<\/a>;<\/p><p class=\"auto-style47\">c) Atendimento telef\u00f3nico para o n.\u00ba 219 848 500.<\/p><p class=\"auto-style47\">\u00a0<\/p><p class=\"auto-style47\">Ap\u00f3s o agendamento, no hor\u00e1rio e local acordado com o requerente ser-lhe-\u00e1 entregue um Big Bag onde dever\u00e3o ser depositados os RCD. A recolha do Big Bag ocorrer\u00e1 uma semana ap\u00f3s a sua rece\u00e7\u00e3o e ser\u00e1 realizada pelos SIMAR.<\/p><p class=\"auto-style47\">\u00a0<\/p><p class=\"auto-style47\">O incorreto manuseamento ou a localiza\u00e7\u00e3o indevida do Big Bag, que inviabilize a sua remo\u00e7\u00e3o pelos meios normais e que implique a afeta\u00e7\u00e3o de meios mec\u00e2nicos complementares, quando imput\u00e1veis ao cliente, ser\u00e1 sancionado nos termos da legisla\u00e7\u00e3o e do regulamento em vigor.<\/p>\t\t\t\t\t\t\t\t<\/div>\n\t\t\t\t<\/div>\n\t\t\t\t\t<\/div>\n\t\t<\/div>\n\t\t\t\t\t<\/div>\n\t\t<\/section>\n\t\t\t\t<\/div>\n\t\t","protected":false},"excerpt":{"rendered":"<p>RES\u00cdDUOS DE CONSTRU\u00c7\u00c3O E DEMOLI\u00c7\u00c3O (RCD) \u2022 Servi\u00e7o de recolha de RCD \u2013 trata-se de um servi\u00e7o gratuito para recolha de res\u00edduos de constru\u00e7\u00e3o e demoli\u00e7\u00e3o (RCD), provenientes de obras particulares isentas de licenciamento e n\u00e3o sujeitas a comunica\u00e7\u00e3o pr\u00e9via, nos termos do n.\u00ba 2, do artigo 3\u00ba, do DL 43\/ 2008 de 12 de [&hellip;]<\/p>\n","protected":false},"author":1,"featured_media":0,"parent":0,"menu_order":0,"comment_status":"closed","ping_status":"closed","template":"","meta":{"_monsterinsights_skip_tracking":false,"_monsterinsights_sitenote_active":false,"_monsterinsights_sitenote_note":"","_monsterinsights_sitenote_category":0,"_uf_show_specific_survey":0,"_uf_disable_surveys":false,"footnotes":""},"class_list":["post-1634","page","type-page","status-publish","hentry"],"aioseo_notices":[],"_links":{"self":[{"href":"https:\/\/www.simar-louresodivelas.pt\/index.php\/wp-json\/wp\/v2\/pages\/1634","targetHints":{"allow":["GET"]}}],"collection":[{"href":"https:\/\/www.simar-louresodivelas.pt\/index.php\/wp-json\/wp\/v2\/pages"}],"about":[{"href":"https:\/\/www.simar-louresodivelas.pt\/index.php\/wp-json\/wp\/v2\/types\/page"}],"author":[{"embeddable":true,"href":"https:\/\/www.simar-louresodivelas.pt\/index.php\/wp-json\/wp\/v2\/users\/1"}],"replies":[{"embeddable":true,"href":"https:\/\/www.simar-louresodivelas.pt\/index.php\/wp-json\/wp\/v2\/comments?post=1634"}],"version-history":[{"count":11,"href":"https:\/\/www.simar-louresodivelas.pt\/index.php\/wp-json\/wp\/v2\/pages\/1634\/revisions"}],"predecessor-version":[{"id":3513,"href":"https:\/\/www.simar-louresodivelas.pt\/index.php\/wp-json\/wp\/v2\/pages\/1634\/revisions\/3513"}],"wp:attachment":[{"href":"https:\/\/www.simar-louresodivelas.pt\/index.php\/wp-json\/wp\/v2\/media?parent=1634"}],"curies":[{"name":"wp","href":"https:\/\/api.w.org\/{rel}","templated":true}]}}