{"id":1632,"date":"2023-05-22T10:44:21","date_gmt":"2023-05-22T10:44:21","guid":{"rendered":"http:\/\/websimar01\/simar\/?page_id=1632"},"modified":"2025-06-12T11:04:48","modified_gmt":"2025-06-12T11:04:48","slug":"residuos-verdes","status":"publish","type":"page","link":"https:\/\/www.simar-louresodivelas.pt\/index.php\/residuos-verdes","title":{"rendered":"Res\u00edduos Verdes"},"content":{"rendered":"\t\t<div data-elementor-type=\"wp-page\" data-elementor-id=\"1632\" class=\"elementor elementor-1632\">\n\t\t\t\t\t\t<section class=\"elementor-section elementor-top-section elementor-element elementor-element-05758c0 elementor-section-full_width elementor-section-stretched elementor-section-height-default elementor-section-height-default\" data-id=\"05758c0\" data-element_type=\"section\" data-settings=\"{&quot;stretch_section&quot;:&quot;section-stretched&quot;,&quot;background_background&quot;:&quot;classic&quot;}\">\n\t\t\t\t\t\t<div class=\"elementor-container elementor-column-gap-default\">\n\t\t\t\t\t<div class=\"aux-parallax-section elementor-column elementor-col-100 elementor-top-column elementor-element elementor-element-42cfd85\" data-id=\"42cfd85\" data-element_type=\"column\">\n\t\t\t<div class=\"elementor-widget-wrap elementor-element-populated\">\n\t\t\t\t\t\t<div class=\"elementor-element elementor-element-4480dc2 elementor-widget elementor-widget-heading\" data-id=\"4480dc2\" data-element_type=\"widget\" data-widget_type=\"heading.default\">\n\t\t\t\t<div class=\"elementor-widget-container\">\n\t\t\t\t\t<h2 class=\"elementor-heading-title elementor-size-default\">RES\u00cdDUOS VERDES<\/h2>\t\t\t\t<\/div>\n\t\t\t\t<\/div>\n\t\t\t\t\t<\/div>\n\t\t<\/div>\n\t\t\t\t\t<\/div>\n\t\t<\/section>\n\t\t\t\t<section class=\"elementor-section elementor-top-section elementor-element elementor-element-7d655c20 elementor-section-boxed elementor-section-height-default elementor-section-height-default\" data-id=\"7d655c20\" data-element_type=\"section\">\n\t\t\t\t\t\t<div class=\"elementor-container elementor-column-gap-default\">\n\t\t\t\t\t<div class=\"aux-parallax-section elementor-column elementor-col-100 elementor-top-column elementor-element elementor-element-5abec1bf\" data-id=\"5abec1bf\" data-element_type=\"column\">\n\t\t\t<div class=\"elementor-widget-wrap elementor-element-populated\">\n\t\t\t\t\t\t<div class=\"elementor-element elementor-element-15f31a4a elementor-widget elementor-widget-text-editor\" data-id=\"15f31a4a\" data-element_type=\"widget\" data-widget_type=\"text-editor.default\">\n\t\t\t\t<div class=\"elementor-widget-container\">\n\t\t\t\t\t\t\t\t\t\n<p>Os res\u00edduos verdes ou de jardins, s\u00e3o todos aqueles que resultam da limpeza e manuten\u00e7\u00e3o de jardins e outras \u00e1reas verdes. Por exemplo: aparas, troncos, ramos, relvas e ervas.<\/p>\n\n<p>\u00a0A recolha de res\u00edduos verdes urbanos processa-se por solicita\u00e7\u00e3o pr\u00e9via aos SIMAR, por escrito, por telefone ou pessoalmente, em hora, data e local a acordar com o mun\u00edcipe, e at\u00e9 ao limite de 1m<sup>3<\/sup>\/semana.<\/p>\n\n<p>Ap\u00f3s a solicita\u00e7\u00e3o da recolha, o prazo m\u00e1ximo de resposta n\u00e3o ultrapassa os 5 dias \u00fateis.<\/p>\n\n<p>Os troncos e ramos, depois de devidamente cortados em pequenos fragmentos e atados, devem ser colocados em local a indicar pelos SIMAR que poder\u00e1 ser junto aos contentores do &#8220;lixo&#8221; indiferenciado, ou no local onde coloca habitualmente o seu contentor, no dia previsto para a\u00a0<a href=\"\/index.php\/biorresiduos\" target=\"_blank\" rel=\"noopener\">Recolha de Monos<\/a>. Os restos de relva devem ser previamente ensacados.<\/p>\n\n<p>Quando forem muito volumosos ou se inclu\u00edrem troncos (demasiado pesados para uma recolha manual), ser\u00e1 efetuada previamente uma avalia\u00e7\u00e3o pela Divis\u00e3o de Res\u00edduos Urbanos.<\/p>\n\n<p>O destino final dos res\u00edduos de jardins \u00e9 preferencialmente a\u00a0<a href=\"http:\/\/www.valorsul.pt\/pt\/o-sistema\/valorizacao-organica\/etvo.aspx\" target=\"_blank\" rel=\"noreferrer noopener\">Esta\u00e7\u00e3o de Tratamento e Valoriza\u00e7\u00e3o Org\u00e2nica (ETVO) da Valorsul<\/a>, em fun\u00e7\u00e3o das suas caracter\u00edsticas podem ainda ser encaminhados para o\u00a0<a href=\"http:\/\/www.valorsul.pt\/pt\/ajude-nos-reciclar-mais-melhor\/encontrar-um-ecocentro\/artigo-1.aspx\" target=\"_blank\" rel=\"noreferrer noopener\">Ecocentro<\/a>\u00a0ou\u00a0<a href=\"http:\/\/www.valorsul.pt\/pt\/o-sistema\/deposicao-em-aterro.aspx\" target=\"_blank\" rel=\"noreferrer noopener\">Aterro Sanit\u00e1rio da Valorsul<\/a>, situado em Mato da Cruz, no Concelho de Vila Franca de Xira.<\/p>\n\t\t\t\t\t\t\t\t<\/div>\n\t\t\t\t<\/div>\n\t\t\t\t\t<\/div>\n\t\t<\/div>\n\t\t\t\t\t<\/div>\n\t\t<\/section>\n\t\t\t\t<\/div>\n\t\t","protected":false},"excerpt":{"rendered":"<p>RES\u00cdDUOS VERDES Os res\u00edduos verdes ou de jardins, s\u00e3o todos aqueles que resultam da limpeza e manuten\u00e7\u00e3o de jardins e outras \u00e1reas verdes. Por exemplo: aparas, troncos, ramos, relvas e ervas. \u00a0A recolha de res\u00edduos verdes urbanos processa-se por solicita\u00e7\u00e3o pr\u00e9via aos SIMAR, por escrito, por telefone ou pessoalmente, em hora, data e local a [&hellip;]<\/p>\n","protected":false},"author":1,"featured_media":0,"parent":0,"menu_order":0,"comment_status":"closed","ping_status":"closed","template":"","meta":{"_monsterinsights_skip_tracking":false,"_monsterinsights_sitenote_active":false,"_monsterinsights_sitenote_note":"","_monsterinsights_sitenote_category":0,"_uf_show_specific_survey":0,"_uf_disable_surveys":false,"footnotes":""},"class_list":["post-1632","page","type-page","status-publish","hentry"],"aioseo_notices":[],"_links":{"self":[{"href":"https:\/\/www.simar-louresodivelas.pt\/index.php\/wp-json\/wp\/v2\/pages\/1632","targetHints":{"allow":["GET"]}}],"collection":[{"href":"https:\/\/www.simar-louresodivelas.pt\/index.php\/wp-json\/wp\/v2\/pages"}],"about":[{"href":"https:\/\/www.simar-louresodivelas.pt\/index.php\/wp-json\/wp\/v2\/types\/page"}],"author":[{"embeddable":true,"href":"https:\/\/www.simar-louresodivelas.pt\/index.php\/wp-json\/wp\/v2\/users\/1"}],"replies":[{"embeddable":true,"href":"https:\/\/www.simar-louresodivelas.pt\/index.php\/wp-json\/wp\/v2\/comments?post=1632"}],"version-history":[{"count":17,"href":"https:\/\/www.simar-louresodivelas.pt\/index.php\/wp-json\/wp\/v2\/pages\/1632\/revisions"}],"predecessor-version":[{"id":30798,"href":"https:\/\/www.simar-louresodivelas.pt\/index.php\/wp-json\/wp\/v2\/pages\/1632\/revisions\/30798"}],"wp:attachment":[{"href":"https:\/\/www.simar-louresodivelas.pt\/index.php\/wp-json\/wp\/v2\/media?parent=1632"}],"curies":[{"name":"wp","href":"https:\/\/api.w.org\/{rel}","templated":true}]}}