{"id":1630,"date":"2023-05-22T10:44:02","date_gmt":"2023-05-22T10:44:02","guid":{"rendered":"http:\/\/websimar01\/simar\/?page_id=1630"},"modified":"2023-06-27T11:21:28","modified_gmt":"2023-06-27T11:21:28","slug":"monos","status":"publish","type":"page","link":"https:\/\/www.simar-louresodivelas.pt\/index.php\/monos","title":{"rendered":"Monos"},"content":{"rendered":"\t\t<div data-elementor-type=\"wp-page\" data-elementor-id=\"1630\" class=\"elementor elementor-1630\">\n\t\t\t\t\t\t<section class=\"elementor-section elementor-top-section elementor-element elementor-element-79d9bc5 elementor-section-full_width elementor-section-stretched elementor-section-height-default elementor-section-height-default\" data-id=\"79d9bc5\" data-element_type=\"section\" data-settings=\"{&quot;stretch_section&quot;:&quot;section-stretched&quot;,&quot;background_background&quot;:&quot;classic&quot;}\">\n\t\t\t\t\t\t<div class=\"elementor-container elementor-column-gap-default\">\n\t\t\t\t\t<div class=\"aux-parallax-section elementor-column elementor-col-100 elementor-top-column elementor-element elementor-element-2b1db37\" data-id=\"2b1db37\" data-element_type=\"column\">\n\t\t\t<div class=\"elementor-widget-wrap elementor-element-populated\">\n\t\t\t\t\t\t<div class=\"elementor-element elementor-element-d529318 elementor-widget elementor-widget-heading\" data-id=\"d529318\" data-element_type=\"widget\" data-widget_type=\"heading.default\">\n\t\t\t\t<div class=\"elementor-widget-container\">\n\t\t\t\t\t<h2 class=\"elementor-heading-title elementor-size-default\">MONOS<\/h2>\t\t\t\t<\/div>\n\t\t\t\t<\/div>\n\t\t\t\t\t<\/div>\n\t\t<\/div>\n\t\t\t\t\t<\/div>\n\t\t<\/section>\n\t\t\t\t<section class=\"elementor-section elementor-top-section elementor-element elementor-element-98d110d elementor-section-boxed elementor-section-height-default elementor-section-height-default\" data-id=\"98d110d\" data-element_type=\"section\">\n\t\t\t\t\t\t<div class=\"elementor-container elementor-column-gap-default\">\n\t\t\t\t\t<div class=\"aux-parallax-section elementor-column elementor-col-100 elementor-top-column elementor-element elementor-element-b12a92a\" data-id=\"b12a92a\" data-element_type=\"column\">\n\t\t\t<div class=\"elementor-widget-wrap elementor-element-populated\">\n\t\t\t\t\t\t<div class=\"elementor-element elementor-element-32910a8 elementor-widget elementor-widget-text-editor\" data-id=\"32910a8\" data-element_type=\"widget\" data-widget_type=\"text-editor.default\">\n\t\t\t\t<div class=\"elementor-widget-container\">\n\t\t\t\t\t\t\t\t\t<table class=\"jumbotron2\">\n<tbody>\n<tr>\n<td class=\"auto-style54\" rowspan=\"2\">\n<p class=\"auto-style47\">A recolha de&nbsp;<strong>monos ou monstros<\/strong>&nbsp;\u00e9 o servi\u00e7o de recolha de objetos provenientes das habita\u00e7\u00f5es que, pelo seu volume, forma, dimens\u00f5es, ou outras caracter\u00edsticas, n\u00e3o possam ser recolhidos pelos meios normais de remo\u00e7\u00e3o.<\/p>\n<p class=\"auto-style47\">Como exemplo deste tipo de res\u00edduos podemos referir, os&nbsp;<strong>eletrodom\u00e9sticos<\/strong>,&nbsp;<strong>m\u00f3veis<\/strong>,&nbsp;<strong>colch\u00f5es<\/strong>,&nbsp;<strong>sof\u00e1s,<\/strong>&nbsp;<strong>loi\u00e7as sanit\u00e1rias, entre outros.<\/strong><\/p>\n<p class=\"auto-style47\">A Recolha de Monos, efetuada pelos SIMAR em Santo Ant\u00f3nio dos Cavaleiros e Frielas \u00e9 efetuada nos seguintes dias:<\/p>\n<p class=\"auto-style47\"><strong>Frielas<\/strong>&nbsp;2\u00aa Feira e&nbsp;<strong>Santo Ant\u00f3nio dos Cavaleiros<\/strong>&nbsp;6\u00aa feira.<\/p>\n<p class=\"auto-style47\"><a href=\"http:\/\/websimar01\/simar\/wp-content\/uploads\/2023\/05\/monos-26_02_2020.pdf\" target=\"_blank\">Altera\u00e7\u00f5es no Servi\u00e7o de Recolha de Monos &#8211; Contactos<\/a><\/p>\n<p class=\"auto-style47\">Veja o calend\u00e1rio de recolhas pelos SIMAR:<\/p>\n<p class=\"auto-style47\"><a href=\"https:\/\/www.simar-louresodivelas.pt\/images\/Resi_urb_pag\/Monos\/monosLoures_altera%C3%A7%C3%A3o_2019.jpg\" target=\"_blank\" rel=\"noopener\">LOURES<\/a><\/p>\n<\/td>\n<\/tr>\n<\/tbody>\n<\/table>\t\t\t\t\t\t\t\t<\/div>\n\t\t\t\t<\/div>\n\t\t\t\t<div class=\"elementor-element elementor-element-baad1f8 elementor-widget elementor-widget-image\" data-id=\"baad1f8\" data-element_type=\"widget\" data-widget_type=\"image.default\">\n\t\t\t\t<div class=\"elementor-widget-container\">\n\t\t\t\t\t\t\t\t\t\t\t\t\t\t\t<img fetchpriority=\"high\" decoding=\"async\" width=\"709\" height=\"1024\" src=\"https:\/\/www.simar-louresodivelas.pt\/wp-content\/uploads\/2023\/05\/monosLoures_alteracao_2019-709x1024.jpg\" class=\"attachment-large size-large wp-image-1656\" alt=\"\" \/>\t\t\t\t\t\t\t\t\t\t\t\t\t\t\t<\/div>\n\t\t\t\t<\/div>\n\t\t\t\t\t<\/div>\n\t\t<\/div>\n\t\t\t\t\t<\/div>\n\t\t<\/section>\n\t\t\t\t<section class=\"elementor-section elementor-top-section elementor-element elementor-element-0f30ed9 elementor-section-boxed elementor-section-height-default elementor-section-height-default\" data-id=\"0f30ed9\" data-element_type=\"section\">\n\t\t\t\t\t\t<div class=\"elementor-container elementor-column-gap-default\">\n\t\t\t\t\t<div class=\"aux-parallax-section elementor-column elementor-col-100 elementor-top-column elementor-element elementor-element-85d3c3a\" data-id=\"85d3c3a\" data-element_type=\"column\">\n\t\t\t<div class=\"elementor-widget-wrap elementor-element-populated\">\n\t\t\t\t\t\t<div class=\"elementor-element elementor-element-de73fb4 elementor-widget elementor-widget-text-editor\" data-id=\"de73fb4\" data-element_type=\"widget\" data-widget_type=\"text-editor.default\">\n\t\t\t\t<div class=\"elementor-widget-container\">\n\t\t\t\t\t\t\t\t\t<p>Odivelas<\/p>\t\t\t\t\t\t\t\t<\/div>\n\t\t\t\t<\/div>\n\t\t\t\t\t<\/div>\n\t\t<\/div>\n\t\t\t\t\t<\/div>\n\t\t<\/section>\n\t\t\t\t<\/div>\n\t\t","protected":false},"excerpt":{"rendered":"<p>MONOS A recolha de&nbsp;monos ou monstros&nbsp;\u00e9 o servi\u00e7o de recolha de objetos provenientes das habita\u00e7\u00f5es que, pelo seu volume, forma, dimens\u00f5es, ou outras caracter\u00edsticas, n\u00e3o possam ser recolhidos pelos meios normais de remo\u00e7\u00e3o. Como exemplo deste tipo de res\u00edduos podemos referir, os&nbsp;eletrodom\u00e9sticos,&nbsp;m\u00f3veis,&nbsp;colch\u00f5es,&nbsp;sof\u00e1s,&nbsp;loi\u00e7as sanit\u00e1rias, entre outros. A Recolha de Monos, efetuada pelos SIMAR em Santo Ant\u00f3nio [&hellip;]<\/p>\n","protected":false},"author":1,"featured_media":0,"parent":0,"menu_order":0,"comment_status":"closed","ping_status":"closed","template":"","meta":{"_monsterinsights_skip_tracking":false,"_monsterinsights_sitenote_active":false,"_monsterinsights_sitenote_note":"","_monsterinsights_sitenote_category":0,"_uf_show_specific_survey":0,"_uf_disable_surveys":false,"footnotes":""},"class_list":["post-1630","page","type-page","status-publish","hentry"],"aioseo_notices":[],"_links":{"self":[{"href":"https:\/\/www.simar-louresodivelas.pt\/index.php\/wp-json\/wp\/v2\/pages\/1630","targetHints":{"allow":["GET"]}}],"collection":[{"href":"https:\/\/www.simar-louresodivelas.pt\/index.php\/wp-json\/wp\/v2\/pages"}],"about":[{"href":"https:\/\/www.simar-louresodivelas.pt\/index.php\/wp-json\/wp\/v2\/types\/page"}],"author":[{"embeddable":true,"href":"https:\/\/www.simar-louresodivelas.pt\/index.php\/wp-json\/wp\/v2\/users\/1"}],"replies":[{"embeddable":true,"href":"https:\/\/www.simar-louresodivelas.pt\/index.php\/wp-json\/wp\/v2\/comments?post=1630"}],"version-history":[{"count":14,"href":"https:\/\/www.simar-louresodivelas.pt\/index.php\/wp-json\/wp\/v2\/pages\/1630\/revisions"}],"predecessor-version":[{"id":3503,"href":"https:\/\/www.simar-louresodivelas.pt\/index.php\/wp-json\/wp\/v2\/pages\/1630\/revisions\/3503"}],"wp:attachment":[{"href":"https:\/\/www.simar-louresodivelas.pt\/index.php\/wp-json\/wp\/v2\/media?parent=1630"}],"curies":[{"name":"wp","href":"https:\/\/api.w.org\/{rel}","templated":true}]}}