{"id":1581,"date":"2023-05-22T10:08:25","date_gmt":"2023-05-22T10:08:25","guid":{"rendered":"http:\/\/websimar01\/simar\/?page_id=1581"},"modified":"2023-05-22T10:31:27","modified_gmt":"2023-05-22T10:31:27","slug":"rede-prediais","status":"publish","type":"page","link":"https:\/\/www.simar-louresodivelas.pt\/index.php\/rede-prediais","title":{"rendered":"Rede Prediais"},"content":{"rendered":"\t\t<div data-elementor-type=\"wp-page\" data-elementor-id=\"1581\" class=\"elementor elementor-1581\">\n\t\t\t\t\t\t<section class=\"elementor-section elementor-top-section elementor-element elementor-element-291e326 elementor-section-boxed elementor-section-height-default elementor-section-height-default\" data-id=\"291e326\" data-element_type=\"section\">\n\t\t\t\t\t\t<div class=\"elementor-container elementor-column-gap-default\">\n\t\t\t\t\t<div class=\"aux-parallax-section elementor-column elementor-col-100 elementor-top-column elementor-element elementor-element-4025bb0\" data-id=\"4025bb0\" data-element_type=\"column\">\n\t\t\t<div class=\"elementor-widget-wrap elementor-element-populated\">\n\t\t\t\t\t\t<div class=\"elementor-element elementor-element-a587fb1 elementor-widget elementor-widget-text-editor\" data-id=\"a587fb1\" data-element_type=\"widget\" data-widget_type=\"text-editor.default\">\n\t\t\t\t<div class=\"elementor-widget-container\">\n\t\t\t\t\t\t\t\t\t<p class=\"auto-style47\"><strong>Redes Prediais<\/strong><\/p>\n<p class=\"auto-style47\">\n<\/p><p class=\"auto-style47\">Esta p\u00e1gina tem como objetivo definir a forma como devem ser instru\u00eddos os projetos particulares de redes de abastecimento de \u00e1gua e de drenagem de \u00e1guas residuais.<\/p>\n<p class=\"auto-style47\">\n<\/p><p class=\"auto-style47\">Para instruir devidamente cada processo, dever\u00e1 incluir no processo os seguintes elementos, quer seja para a elabora\u00e7\u00e3o de Projetos da Rede Interna de \u00c1guas ou para a Rede Interna de \u00c1guas Residuais Dom\u00e9sticas e Pluviais:<\/p>\n<p class=\"auto-style47\">\u2022 Capa para Projetos da Rede Interna de \u00c1guas facultadas pelos SIMAR;<\/p>\n<p class=\"auto-style47\">\u2022 Termo de Responsabilidade do T\u00e9cnico Autor do Projeto;<\/p>\n<p class=\"auto-style47\">\u2022 Declara\u00e7\u00e3o de Habilita\u00e7\u00e3o de Elabora\u00e7\u00e3o de Projetos emitida pela respetiva Ordem;<\/p>\n<p class=\"auto-style47\">\u2022 Planta de Localiza\u00e7\u00e3o com Cadastro das Redes Municipais fornecida pelos SIMAR;<\/p>\n<p class=\"auto-style47\">\u2022 Mem\u00f3ria Descritiva e Justificativa, da qual constem a descri\u00e7\u00e3o da conce\u00e7\u00e3o do sistema, materiais e acess\u00f3rios e instala\u00e7\u00f5es complementares projetadas;<\/p>\n<p class=\"auto-style47\">\u2022 C\u00e1lculo hidr\u00e1ulico, do qual constem os crit\u00e9rios de dimensionamento da rede, mat\u00e9rias, equipamentos e instala\u00e7\u00f5es complementares projetadas;<\/p>\n<p class=\"auto-style47\">\u2022 Planta de Implanta\u00e7\u00e3o do Edif\u00edcio a Construir; \u2022 Planta de todos os pisos \u00e0 escala 1\/100 com tra\u00e7ado da rede;<\/p>\n<p class=\"auto-style47\">\u2022 Corte esquem\u00e1tico e\/ou Perspetiva Isom\u00e9trica da Rede;<\/p>\n<p class=\"auto-style47\">\u2022 Todos os elementos necess\u00e1rios para uma boa interpreta\u00e7\u00e3o dos do Projeto como seja C\u00e1lculo dos Grupos Elevat\u00f3rios e Bombagem para eleva\u00e7\u00e3o de Esgotos, Cat\u00e1logos, etc.<\/p>\n<p class=\"auto-style47\">\n<\/p><p class=\"auto-style47\">Todos os elementos dever\u00e3o ser entregues exclusivamente em formato digital por meio de pen drive ou atrav\u00e9s de e-mail para o: geral@simar-louresodivelas.pt<\/p>\n<p class=\"auto-style47\">\n<\/p><p class=\"auto-style47\">Poder\u00e1 obter as capas a partir das seguintes liga\u00e7\u00f5es:<\/p>\n<p class=\"auto-style47\"><a href=\"http:\/\/websimar01\/simar\/wp-content\/uploads\/2023\/05\/Capa-Aguas-REVISAO-2022.pdf\" target=\"_blank\">Rede Interna de \u00c1guas<\/a><\/p>\n<p class=\"auto-style47\"><a href=\"http:\/\/websimar01\/simar\/wp-content\/uploads\/2023\/05\/Capa-Aguas-Contadores-DN-maior-50-mm-REVISAO-2022-2.pdf\" target=\"_blank\">Rede Interna de \u00c1guas &#8211; contadores DN&gt; 50 mm<\/a><\/p>\n<p class=\"auto-style47\"><a href=\"http:\/\/websimar01\/simar\/wp-content\/uploads\/2023\/05\/Capa-Aguas-Residuais-Domesticas-e-Pluviais-REVISAO-2022.pdf\" target=\"_blank\">Rede Interna de \u00c1guas Residuais Dom\u00e9sticas e Pluviais<\/a><\/p>\n<p class=\"auto-style47\">\n<\/p><p class=\"auto-style47\">Para a elabora\u00e7\u00e3o dos projetos, dever\u00e3o ser consultados os seguintes regulamentos:<\/p>\n<p class=\"auto-style47\">\u2022 RGSPPADAR (Decreto Regulamentar 23\/95 de 23 de agosto);<\/p>\n<p class=\"auto-style47\">\u2022 Regulamento de Abastecimento de \u00c1gua dos SIMAR de Loures e Odivelas;<\/p>\n<p class=\"auto-style47\">\u2022 Regulamento de Drenagem de \u00c1guas Residuais dos SIMAR de Loures e Odivelas;<\/p>\n<p class=\"auto-style47\">\u2022 Regulamento de Descargas de \u00c1guas Residuais Industriais dos SIMAR de Loures e Odivelas;<\/p>\n<p class=\"auto-style47\">\u2022 Regulamento de Seguran\u00e7a Contra Inc\u00eandios (Decreto Lei 220\/ 2008 de 12 de novembro e Portaria 1532\/ 2008 de 29 de dezembro);<\/p>\n<p class=\"auto-style47\">\u2022 Normas Regulamentares.<\/p>\n<p class=\"auto-style47\">\n<\/p><p class=\"auto-style47\">Para entregar os projetos nos SIMAR dever\u00e1 utilizar o <a href=\"http:\/\/websimar01\/simar\/wp-content\/uploads\/2023\/05\/Mod-6-Requerimento-entrega-Projetos-Novos-e-Alteracoes-Marco2022.pdf\" target=\"_blank\">modelo 6<\/a>, quer seja para um processo novo ou altera\u00e7\u00f5es e o <a href=\"http:\/\/websimar01\/simar\/wp-content\/uploads\/2023\/05\/Mod-6A-Requerimento-entrega-Correcoes-ao-Projeto-Setembro2021.pdf\" target=\"_blank\">modelo 6a<\/a>, caso se trate de corre\u00e7\u00f5es solicitadas pelos SIMAR.<\/p>\n<p class=\"auto-style47\">A aprecia\u00e7\u00e3o do projeto \u00e9 sujeita a tarifa de aprecia\u00e7\u00e3o de processo predial, conforme o Tarif\u00e1rio em vigor nestes SIMAR.<\/p>\t\t\t\t\t\t\t\t<\/div>\n\t\t\t\t<\/div>\n\t\t\t\t\t<\/div>\n\t\t<\/div>\n\t\t\t\t\t<\/div>\n\t\t<\/section>\n\t\t\t\t<\/div>\n\t\t","protected":false},"excerpt":{"rendered":"<p>Redes Prediais Esta p\u00e1gina tem como objetivo definir a forma como devem ser instru\u00eddos os projetos particulares de redes de abastecimento de \u00e1gua e de drenagem de \u00e1guas residuais. Para instruir devidamente cada processo, dever\u00e1 incluir no processo os seguintes elementos, quer seja para a elabora\u00e7\u00e3o de Projetos da Rede Interna de \u00c1guas ou para [&hellip;]<\/p>\n","protected":false},"author":1,"featured_media":0,"parent":0,"menu_order":0,"comment_status":"closed","ping_status":"closed","template":"","meta":{"_monsterinsights_skip_tracking":false,"_monsterinsights_sitenote_active":false,"_monsterinsights_sitenote_note":"","_monsterinsights_sitenote_category":0,"_uf_show_specific_survey":0,"_uf_disable_surveys":false,"footnotes":""},"class_list":["post-1581","page","type-page","status-publish","hentry"],"aioseo_notices":[],"_links":{"self":[{"href":"https:\/\/www.simar-louresodivelas.pt\/index.php\/wp-json\/wp\/v2\/pages\/1581","targetHints":{"allow":["GET"]}}],"collection":[{"href":"https:\/\/www.simar-louresodivelas.pt\/index.php\/wp-json\/wp\/v2\/pages"}],"about":[{"href":"https:\/\/www.simar-louresodivelas.pt\/index.php\/wp-json\/wp\/v2\/types\/page"}],"author":[{"embeddable":true,"href":"https:\/\/www.simar-louresodivelas.pt\/index.php\/wp-json\/wp\/v2\/users\/1"}],"replies":[{"embeddable":true,"href":"https:\/\/www.simar-louresodivelas.pt\/index.php\/wp-json\/wp\/v2\/comments?post=1581"}],"version-history":[{"count":7,"href":"https:\/\/www.simar-louresodivelas.pt\/index.php\/wp-json\/wp\/v2\/pages\/1581\/revisions"}],"predecessor-version":[{"id":1622,"href":"https:\/\/www.simar-louresodivelas.pt\/index.php\/wp-json\/wp\/v2\/pages\/1581\/revisions\/1622"}],"wp:attachment":[{"href":"https:\/\/www.simar-louresodivelas.pt\/index.php\/wp-json\/wp\/v2\/media?parent=1581"}],"curies":[{"name":"wp","href":"https:\/\/api.w.org\/{rel}","templated":true}]}}