{"id":12969,"date":"2023-11-20T12:02:33","date_gmt":"2023-11-20T12:02:33","guid":{"rendered":"https:\/\/www.simar-louresodivelas.pt\/?page_id=12969"},"modified":"2025-08-12T15:16:46","modified_gmt":"2025-08-12T15:16:46","slug":"documentos-e-requerimentos","status":"publish","type":"page","link":"https:\/\/www.simar-louresodivelas.pt\/index.php\/documentos-e-requerimentos","title":{"rendered":"Documentos e Requerimentos"},"content":{"rendered":"\t\t<div data-elementor-type=\"wp-page\" data-elementor-id=\"12969\" class=\"elementor elementor-12969\">\n\t\t\t\t\t\t<section class=\"elementor-section elementor-top-section elementor-element elementor-element-c84ce45 elementor-section-full_width elementor-section-stretched elementor-section-height-default elementor-section-height-default\" data-id=\"c84ce45\" data-element_type=\"section\" data-settings=\"{&quot;stretch_section&quot;:&quot;section-stretched&quot;,&quot;background_background&quot;:&quot;classic&quot;}\">\n\t\t\t\t\t\t<div class=\"elementor-container elementor-column-gap-default\">\n\t\t\t\t\t<div class=\"aux-parallax-section elementor-column elementor-col-100 elementor-top-column elementor-element elementor-element-fb07650\" data-id=\"fb07650\" data-element_type=\"column\">\n\t\t\t<div class=\"elementor-widget-wrap elementor-element-populated\">\n\t\t\t\t\t\t<div class=\"elementor-element elementor-element-0be955e elementor-widget elementor-widget-image\" data-id=\"0be955e\" data-element_type=\"widget\" data-widget_type=\"image.default\">\n\t\t\t\t<div class=\"elementor-widget-container\">\n\t\t\t\t\t\t\t\t\t\t\t\t\t\t\t<img decoding=\"async\" src=\"https:\/\/www.simar-louresodivelas.pt\/wp-content\/uploads\/2023\/11\/documentos-e-requerimenos-copiar.jpg\" title=\"documentos e requerimenos copiar\" alt=\"documentos e requerimenos copiar\" loading=\"lazy\" \/>\t\t\t\t\t\t\t\t\t\t\t\t\t\t\t<\/div>\n\t\t\t\t<\/div>\n\t\t\t\t\t<\/div>\n\t\t<\/div>\n\t\t\t\t\t<\/div>\n\t\t<\/section>\n\t\t\t\t<section class=\"elementor-section elementor-top-section elementor-element elementor-element-31b536a elementor-section-boxed elementor-section-height-default elementor-section-height-default\" data-id=\"31b536a\" data-element_type=\"section\">\n\t\t\t\t\t\t<div class=\"elementor-container elementor-column-gap-default\">\n\t\t\t\t\t<div class=\"aux-parallax-section elementor-column elementor-col-100 elementor-top-column elementor-element elementor-element-3e2eb32\" data-id=\"3e2eb32\" data-element_type=\"column\">\n\t\t\t<div class=\"elementor-widget-wrap elementor-element-populated\">\n\t\t\t\t\t\t<div class=\"elementor-element elementor-element-877bd51 elementor-widget-divider--view-line_icon elementor-view-default elementor-widget-divider--element-align-center elementor-widget elementor-widget-divider\" data-id=\"877bd51\" data-element_type=\"widget\" data-widget_type=\"divider.default\">\n\t\t\t\t<div class=\"elementor-widget-container\">\n\t\t\t\t\t\t\t<div class=\"elementor-divider\">\n\t\t\t<span class=\"elementor-divider-separator\">\n\t\t\t\t\t\t\t<div class=\"elementor-icon elementor-divider__element\">\n\t\t\t\t\t<i aria-hidden=\"true\" class=\"fas fa-file-alt\"><\/i><\/div>\n\t\t\t\t\t\t<\/span>\n\t\t<\/div>\n\t\t\t\t\t\t<\/div>\n\t\t\t\t<\/div>\n\t\t\t\t\t<\/div>\n\t\t<\/div>\n\t\t\t\t\t<\/div>\n\t\t<\/section>\n\t\t\t\t<section class=\"elementor-section elementor-top-section elementor-element elementor-element-bff457e elementor-section-boxed elementor-section-height-default elementor-section-height-default\" data-id=\"bff457e\" data-element_type=\"section\">\n\t\t\t\t\t\t\t<div class=\"elementor-background-overlay\"><\/div>\n\t\t\t\t\t\t\t<div class=\"elementor-container elementor-column-gap-default\">\n\t\t\t\t\t<div class=\"aux-parallax-section elementor-column elementor-col-100 elementor-top-column elementor-element elementor-element-8e0f312\" data-id=\"8e0f312\" data-element_type=\"column\">\n\t\t\t<div class=\"elementor-widget-wrap elementor-element-populated\">\n\t\t\t\t\t\t<div class=\"elementor-element elementor-element-13593c4 elementor-widget elementor-widget-accordion\" data-id=\"13593c4\" data-element_type=\"widget\" data-widget_type=\"accordion.default\">\n\t\t\t\t<div class=\"elementor-widget-container\">\n\t\t\t\t\t\t\t<div class=\"elementor-accordion\">\n\t\t\t\t\t\t\t<div class=\"elementor-accordion-item\">\n\t\t\t\t\t<div id=\"elementor-tab-title-2021\" class=\"elementor-tab-title\" data-tab=\"1\" role=\"button\" aria-controls=\"elementor-tab-content-2021\" aria-expanded=\"false\">\n\t\t\t\t\t\t\t\t\t\t\t\t\t<span class=\"elementor-accordion-icon elementor-accordion-icon-right\" aria-hidden=\"true\">\n\t\t\t\t\t\t\t\t\t\t\t\t\t\t\t<span class=\"elementor-accordion-icon-closed\"><i class=\"fas fa-angle-down\"><\/i><\/span>\n\t\t\t\t\t\t\t\t<span class=\"elementor-accordion-icon-opened\"><i class=\"fas fa-angle-up\"><\/i><\/span>\n\t\t\t\t\t\t\t\t\t\t\t\t\t\t<\/span>\n\t\t\t\t\t\t\t\t\t\t\t\t<a class=\"elementor-accordion-title\" tabindex=\"0\">PEDIDO DE INDEMNIZA\u00c7\u00c3O<\/a>\n\t\t\t\t\t<\/div>\n\t\t\t\t\t<div id=\"elementor-tab-content-2021\" class=\"elementor-tab-content elementor-clearfix\" data-tab=\"1\" role=\"region\" aria-labelledby=\"elementor-tab-title-2021\"><p><strong>Responsabilidade Civil Extracontratual do Estado e Demais Entidades P\u00fablicas<\/strong><\/p><p>Preencha e assine o seguinte documento:<br \/><span style=\"color: #326da8;\"><strong><span style=\"color: #000000;\">\ud83d\udd17<\/span><\/strong><\/span><span style=\"text-decoration: underline; color: #316cb5;\"><a style=\"color: #316cb5;\" href=\"https:\/\/www.simar-louresodivelas.pt\/wp-content\/uploads\/docs\/pedido_de_indemnizacao_mod10.pdf\" target=\"_blank\" rel=\"noopener\"><strong>Requerimento para Pedido de Indemniza\u00e7\u00e3o<\/strong><\/a><\/span><\/p><p><strong>Apresente:<br \/><\/strong>&#8211; prova de legitimidade para efetuar o pedido (propriet\u00e1rio, inquilino, D.U.A., Ata do condom\u00ednio ou outro);<br \/>&#8211; c\u00f3pia do or\u00e7amento ou fatura da repara\u00e7\u00e3o dos preju\u00edzos sofridos;<br \/>&#8211; c\u00f3pia do documento de identifica\u00e7\u00e3o e NIF;<br \/>&#8211; c\u00f3pia do auto da participa\u00e7\u00e3o \u00e0 autoridade policial competente;<br \/>&#8211; fotografias ilustrativas da ocorr\u00eancia e eventuais danos.<\/p><p><strong>Observa\u00e7\u00f5es:<\/strong> declara\u00e7\u00e3o, se ativou algum seguro de danos pr\u00f3prios e se ao abrigo do mesmo, j\u00e1 tenho sido, de alguma forma indemnizado(a).<\/p><hr \/><p><strong>Como efetuar o pedido:<br \/><\/strong>\u00a0&#8211; por e-mail, enviando email para <span style=\"text-decoration: underline; color: #316cb5;\"><a style=\"color: #316cb5;\" href=\"mailto:geral@simar-louresodivelas.pt\">geral@simar-louresodivelas.pt<\/a><\/span>\u00a0 com todos os documentos obrigat\u00f3rios<br \/>ou<strong><br \/><\/strong>&#8211; presencialmente, dirigindo-se a um dos<span style=\"color: #326da8;\"><span style=\"color: #000000;\"><span style=\"color: #316cb5;\"> <a style=\"color: #316cb5;\" href=\"https:\/\/www.simar-louresodivelas.pt\/index.php\/locais-e-horarios-de-atendimento\" target=\"_blank\" rel=\"noopener\"><span style=\"text-decoration: underline;\">Locais de Atendimento<\/span><\/a><\/span> dos<\/span><\/span><span style=\"color: #000000;\"> SIMAR<\/span>.<\/p><\/div>\n\t\t\t\t<\/div>\n\t\t\t\t\t\t\t<div class=\"elementor-accordion-item\">\n\t\t\t\t\t<div id=\"elementor-tab-title-2022\" class=\"elementor-tab-title\" data-tab=\"2\" role=\"button\" aria-controls=\"elementor-tab-content-2022\" aria-expanded=\"false\">\n\t\t\t\t\t\t\t\t\t\t\t\t\t<span class=\"elementor-accordion-icon elementor-accordion-icon-right\" aria-hidden=\"true\">\n\t\t\t\t\t\t\t\t\t\t\t\t\t\t\t<span class=\"elementor-accordion-icon-closed\"><i class=\"fas fa-angle-down\"><\/i><\/span>\n\t\t\t\t\t\t\t\t<span class=\"elementor-accordion-icon-opened\"><i class=\"fas fa-angle-up\"><\/i><\/span>\n\t\t\t\t\t\t\t\t\t\t\t\t\t\t<\/span>\n\t\t\t\t\t\t\t\t\t\t\t\t<a class=\"elementor-accordion-title\" tabindex=\"0\">DECLARA\u00c7\u00c3O DE CONFORMIDADE COM AS NORMAS LEGAIS (REDES DE \u00c1GUA E DE DRENAGEM DE \u00c1GUAS RESIDUAIS DOM\u00c9STICAS E PLUVIAIS)<\/a>\n\t\t\t\t\t<\/div>\n\t\t\t\t\t<div id=\"elementor-tab-content-2022\" class=\"elementor-tab-content elementor-clearfix\" data-tab=\"2\" role=\"region\" aria-labelledby=\"elementor-tab-title-2022\"><p>Preencha e assine o seguinte documento:<br \/><strong>\ud83d\udd17<span style=\"text-decoration: underline; color: #316cb5;\"><a style=\"color: #316cb5;\" href=\"https:\/\/www.simar-louresodivelas.pt\/wp-content\/uploads\/docs\/pedido_emissao_declaracao_mod2.pdf\" target=\"_blank\" rel=\"noopener\"><span style=\"text-decoration: underline;\">Requerimento de Emiss\u00e3o de Declara\u00e7\u00e3o &#8211; Redes de \u00c1gua e de \u00c1guas Residuais Dom\u00e9sticas e Pluviais<\/span><\/a><\/span><\/strong><\/p><p><strong>Apresente:<br \/><\/strong>&#8211; Caderneta Predial atualizada;<br \/>&#8211; comprovativo do pagamento da Tarifa de Liga\u00e7\u00e3o de \u00c1guas Residuais.<\/p><hr \/><p><strong><br \/>Como efetuar o pedido:<br \/><\/strong>&#8211; por e-mail, enviando email para <span style=\"text-decoration: underline; color: #316cb5;\"><a style=\"color: #316cb5; text-decoration: underline;\" href=\"mailto:geral@simar-louresodivelas.pt\">geral@simar-louresodivelas.pt<\/a><\/span>\u00a0 com todos os documentos obrigat\u00f3rios<br \/>ou<br \/>&#8211; presencialmente, dirigindo-se a um dos <span style=\"text-decoration: underline;\"><a href=\"https:\/\/www.simar-louresodivelas.pt\/index.php\/locais-e-horarios-de-atendimento\"><span style=\"color: #326da8; text-decoration: underline;\">Locais de Atendimento<\/span><\/a> <\/span>dos SIMAR.<\/p><\/div>\n\t\t\t\t<\/div>\n\t\t\t\t\t\t\t\t<\/div>\n\t\t\t\t\t\t<\/div>\n\t\t\t\t<\/div>\n\t\t\t\t<div class=\"elementor-element elementor-element-3913bf0 elementor-widget elementor-widget-html\" data-id=\"3913bf0\" data-element_type=\"widget\" data-widget_type=\"html.default\">\n\t\t\t\t<div class=\"elementor-widget-container\">\n\t\t\t\t\t<script src=\"data:text\/javascript;base64,alF1ZXJ5KGRvY3VtZW50KS5yZWFkeShmdW5jdGlvbigkKXt2YXIgZGVsYXk9MTAwO3NldFRpbWVvdXQoZnVuY3Rpb24oKXskKCcuZWxlbWVudG9yLXRhYi10aXRsZScpLnJlbW92ZUNsYXNzKCdlbGVtZW50b3ItYWN0aXZlJyk7JCgnLmVsZW1lbnRvci10YWItY29udGVudCcpLmNzcygnZGlzcGxheScsJ25vbmUnKX0sZGVsYXkpfSk=\" defer><\/script>\n\t\t\t\t<\/div>\n\t\t\t\t<\/div>\n\t\t\t\t\t<\/div>\n\t\t<\/div>\n\t\t\t\t\t<\/div>\n\t\t<\/section>\n\t\t\t\t<\/div>\n\t\t","protected":false},"excerpt":{"rendered":"<p>PEDIDO DE INDEMNIZA\u00c7\u00c3O Responsabilidade Civil Extracontratual do Estado e Demais Entidades P\u00fablicas Preencha e assine o seguinte documento:\ud83d\udd17Requerimento para Pedido de Indemniza\u00e7\u00e3o Apresente:&#8211; prova de legitimidade para efetuar o pedido (propriet\u00e1rio, inquilino, D.U.A., Ata do condom\u00ednio ou outro);&#8211; c\u00f3pia do or\u00e7amento ou fatura da repara\u00e7\u00e3o dos preju\u00edzos sofridos;&#8211; c\u00f3pia do documento de identifica\u00e7\u00e3o e NIF;&#8211; [&hellip;]<\/p>\n","protected":false},"author":1,"featured_media":0,"parent":0,"menu_order":0,"comment_status":"closed","ping_status":"closed","template":"","meta":{"_monsterinsights_skip_tracking":false,"_monsterinsights_sitenote_active":false,"_monsterinsights_sitenote_note":"","_monsterinsights_sitenote_category":0,"_uf_show_specific_survey":0,"_uf_disable_surveys":false,"footnotes":""},"class_list":["post-12969","page","type-page","status-publish","hentry"],"aioseo_notices":[],"_links":{"self":[{"href":"https:\/\/www.simar-louresodivelas.pt\/index.php\/wp-json\/wp\/v2\/pages\/12969","targetHints":{"allow":["GET"]}}],"collection":[{"href":"https:\/\/www.simar-louresodivelas.pt\/index.php\/wp-json\/wp\/v2\/pages"}],"about":[{"href":"https:\/\/www.simar-louresodivelas.pt\/index.php\/wp-json\/wp\/v2\/types\/page"}],"author":[{"embeddable":true,"href":"https:\/\/www.simar-louresodivelas.pt\/index.php\/wp-json\/wp\/v2\/users\/1"}],"replies":[{"embeddable":true,"href":"https:\/\/www.simar-louresodivelas.pt\/index.php\/wp-json\/wp\/v2\/comments?post=12969"}],"version-history":[{"count":75,"href":"https:\/\/www.simar-louresodivelas.pt\/index.php\/wp-json\/wp\/v2\/pages\/12969\/revisions"}],"predecessor-version":[{"id":33506,"href":"https:\/\/www.simar-louresodivelas.pt\/index.php\/wp-json\/wp\/v2\/pages\/12969\/revisions\/33506"}],"wp:attachment":[{"href":"https:\/\/www.simar-louresodivelas.pt\/index.php\/wp-json\/wp\/v2\/media?parent=12969"}],"curies":[{"name":"wp","href":"https:\/\/api.w.org\/{rel}","templated":true}]}}